{"id":10459,"date":"2025-10-29T08:45:31","date_gmt":"2025-10-29T07:45:31","guid":{"rendered":"https:\/\/jacobins.toulouse.fr\/?page_id=10459"},"modified":"2026-03-27T15:59:27","modified_gmt":"2026-03-27T14:59:27","slug":"culture-etudiants-toulouse","status":"publish","type":"page","link":"https:\/\/jacobins.toulouse.fr\/fr\/culture-etudiants-toulouse\/","title":{"rendered":"Toulouse : la culture au c\u0153ur de la vie \u00e9tudiante"},"content":{"rendered":"<section class=\"section-group\"><div class=\"container\"><div class=\"pure-g\">\n<div class=\"wp-block-group is-layout-constrained wp-block-group-is-layout-constrained\">\n<p class=\"has-large-font-size\">Toulouse fait partie des villes fran\u00e7aises les plus pl\u00e9biscit\u00e9es par les jeunes : dynamique, \u00e9tudiante, accueillante. Avec ses quartiers anim\u00e9s et sa proximit\u00e9 avec les grand espaces, la Ville Rose conjugue cadre de vie agr\u00e9able et stimulation culturelle. En tant qu\u2019\u00e9tudiant, on y trouve un terrain d\u2019exploration permanente. Des biblioth\u00e8ques aux caf\u00e9s, mais aussi un patrimoine vivant qui change de l\u2019ordinaire.<\/p>\n\n\n\n<h2 class=\"wp-block-heading\" id=\"le-couvent-des-jacobins-un-lieu-culturel-d-exception-pense-pour-les-etudiants\">Le Couvent des Jacobins : un lieu culturel d\u2019exception pens\u00e9 pour les \u00e9tudiants<\/h2>\n\n\n\n<p class=\"has-medium-font-size\">Le Couvent des Jacobins est l&rsquo;un des sept monuments de Toulouse. A ce titre, il s&rsquo;inscrit dans une programmation globale qui se distingue par sa diversit\u00e9 et son ouverture. Plus qu\u2019un lieu \u00e0 visiter : c\u2019est un espace \u00e0 vivre et une occasion de m\u00ealer culture, d\u00e9tente et rencontre. Les \u00e9tudiants b\u00e9n\u00e9ficient de <strong>tarifs pr\u00e9f\u00e9rentiels sur pr\u00e9sentation d&rsquo;un justificatif <\/strong>tout au long de l\u2019ann\u00e9e universitaire. Noter que certaines activit\u00e9s proposent des tarifs uniques.<\/p>\n\n\n\n<div class=\"wp-block-buttons is-content-justification-center is-layout-flex wp-container-core-buttons-is-layout-16018d1d wp-block-buttons-is-layout-flex\">\n<div class=\"wp-block-button\"><a class=\"wp-block-button__link wp-element-button\" href=\"https:\/\/www.calameo.com\/toulouse\/read\/005971811607ef695f1de\" target=\"_blank\" rel=\"noreferrer noopener\">M\u00c9MO : LES HORAIRES DES 7 MONUMENTS<\/a><\/div>\n<\/div>\n<\/div>\n<\/div><\/div><\/section>\n\n<section class=\"section-group\"><div class=\"container\"><div class=\"pure-g\">\n<div class=\"wp-block-group is-layout-constrained wp-block-group-is-layout-constrained\">\n<div class=\"wp-block-media-text is-stacked-on-mobile\" style=\"grid-template-columns:39% auto\"><figure class=\"wp-block-media-text__media\"><img loading=\"lazy\" decoding=\"async\" width=\"722\" height=\"1024\" src=\"https:\/\/jacobins.toulouse.fr\/wp-content\/uploads\/sites\/12\/2025\/10\/Depliant-etudiant2025-COUV-722x1024.png\" alt=\"\" class=\"wp-image-10465 size-full\" srcset=\"https:\/\/jacobins.toulouse.fr\/wp-content\/uploads\/sites\/12\/2025\/10\/Depliant-etudiant2025-COUV-722x1024.png 722w, https:\/\/jacobins.toulouse.fr\/wp-content\/uploads\/sites\/12\/2025\/10\/Depliant-etudiant2025-COUV-211x300.png 211w, https:\/\/jacobins.toulouse.fr\/wp-content\/uploads\/sites\/12\/2025\/10\/Depliant-etudiant2025-COUV-768x1090.png 768w, https:\/\/jacobins.toulouse.fr\/wp-content\/uploads\/sites\/12\/2025\/10\/Depliant-etudiant2025-COUV-1083x1536.png 1083w, https:\/\/jacobins.toulouse.fr\/wp-content\/uploads\/sites\/12\/2025\/10\/Depliant-etudiant2025-COUV-1444x2048.png 1444w, https:\/\/jacobins.toulouse.fr\/wp-content\/uploads\/sites\/12\/2025\/10\/Depliant-etudiant2025-COUV-292x414.png 292w, https:\/\/jacobins.toulouse.fr\/wp-content\/uploads\/sites\/12\/2025\/10\/Depliant-etudiant2025-COUV.png 1748w\" sizes=\"(max-width: 722px) 100vw, 722px\" \/><\/figure><div class=\"wp-block-media-text__content\">\n<p class=\"has-medium-font-size\">\u00c0 Toulouse, la culture est \u00e0 port\u00e9e de main pour tous les \u00e9tudiants. La programmation foisonnante, entre initiatives \u00e9tudiantes et grands rendez-vous culturels, offre \u00e0 chacun la possibilit\u00e9 de d\u00e9couvrir et de partager des moments uniques. Entre patrimoine, innovation et cr\u00e9ation, Toulouse cultive une diversit\u00e9 qui fait de chaque sortie une exp\u00e9rience \u00e0 part enti\u00e8re.<\/p>\n\n\n\n<div class=\"wp-block-buttons is-layout-flex wp-block-buttons-is-layout-flex\">\n<div class=\"wp-block-button\"><a class=\"wp-block-button__link wp-element-button\" href=\"https:\/\/www.calameo.com\/toulouse\/read\/0059718119f73f517c0d5\" target=\"_blank\" rel=\"noreferrer noopener\">T\u00c9L\u00c9CHARGER LE GUIDE POUR LA SAISON 2025\/2026<\/a><\/div>\n<\/div>\n<\/div><\/div>\n<\/div>\n<\/div><\/div><\/section>\n\n<section class=\"section-group\"><div class=\"container\"><div class=\"pure-g\">\n<div class=\"wp-block-group is-layout-constrained wp-block-group-is-layout-constrained\">\n<h2 class=\"wp-block-heading\" id=\"deux-espaces-en-ligne-pour-explorer-toute-la-vie-culturelle\">Deux espaces en ligne pour explorer toute la vie culturelle<\/h2>\n\n\n\n<p class=\"has-medium-font-size\">Pour ne rien manquer de la programmation, deux supports compl\u00e9mentaires existent. D\u2019une part, le site officiel du Couvent des Jacobins (vous y \u00eates!) d\u00e9di\u00e9 \u00e0 tous les \u00e9v\u00e9nements qu\u2019il accueille. D\u2019autre part, celui des <a href=\"https:\/\/monuments.toulouse.fr\/\">Monuments de Toulouse<\/a> : une plateforme centrale qui recoupe les rendez-vous culturels de la ville dans l&rsquo;ensemble de ses sites.<\/p>\n\n\n\n<div class=\"wp-block-buttons is-content-justification-center is-layout-flex wp-container-core-buttons-is-layout-16018d1d wp-block-buttons-is-layout-flex\">\n<div class=\"wp-block-button\"><a class=\"wp-block-button__link wp-element-button\" href=\"https:\/\/jacobins.toulouse.fr\/fr\/agenda\/\">AGENDA CULTUREL DU COUVENT DES JACOBINS<\/a><\/div>\n\n\n\n<div class=\"wp-block-button\"><a class=\"wp-block-button__link wp-element-button\" href=\"https:\/\/monuments.toulouse.fr\/agenda\/\" target=\"_blank\" rel=\"noreferrer noopener\">AGENDA CULTUREL DES AUTRES MONUMENTS<\/a><\/div>\n<\/div>\n<\/div>\n<\/div><\/div><\/section>","protected":false},"excerpt":{"rendered":"<p>Toulouse fait partie des villes fran\u00e7aises les plus pl\u00e9biscit\u00e9es par les jeunes : dynamique, \u00e9tudiante, accueillante. Avec ses quartiers anim\u00e9s et sa proximit\u00e9 avec les grand espaces, la Ville Rose conjugue cadre de vie agr\u00e9able&hellip;<\/p>\n","protected":false},"author":93,"featured_media":0,"parent":0,"menu_order":0,"comment_status":"closed","ping_status":"closed","template":"","meta":{"_acf_changed":false,"footnotes":""},"class_list":["post-10459","page","type-page","status-publish","hentry"],"acf":[],"yoast_head":"<!-- This site is optimized with the Yoast SEO plugin v27.0 - https:\/\/yoast.com\/product\/yoast-seo-wordpress\/ -->\n<title>Toulouse : la culture au c\u0153ur de la vie \u00e9tudiante - Couvent des Jacobins<\/title>\n<meta name=\"description\" content=\"Toulouse place la culture au c\u0153ur de la vie \u00e9tudiante. Une programmation riche accessible aux \u00e9tudiants \u00e0 d\u00e9couvrir au Couvent des Jacobins.\" \/>\n<meta name=\"robots\" content=\"index, follow, max-snippet:-1, max-image-preview:large, max-video-preview:-1\" \/>\n<link rel=\"canonical\" href=\"https:\/\/jacobins.toulouse.fr\/fr\/culture-etudiants-toulouse\/\" \/>\n<meta property=\"og:locale\" content=\"fr_FR\" \/>\n<meta property=\"og:type\" content=\"article\" \/>\n<meta property=\"og:title\" content=\"Toulouse : la culture au c\u0153ur de la vie \u00e9tudiante - Couvent des Jacobins\" \/>\n<meta property=\"og:description\" content=\"Toulouse place la culture au c\u0153ur de la vie \u00e9tudiante. Une programmation riche accessible aux \u00e9tudiants \u00e0 d\u00e9couvrir au Couvent des Jacobins.\" \/>\n<meta property=\"og:url\" content=\"https:\/\/jacobins.toulouse.fr\/fr\/culture-etudiants-toulouse\/\" \/>\n<meta property=\"og:site_name\" content=\"Couvent des Jacobins\" \/>\n<meta property=\"article:modified_time\" content=\"2026-03-27T14:59:27+00:00\" \/>\n<meta property=\"og:image\" content=\"https:\/\/jacobins.toulouse.fr\/wp-content\/uploads\/sites\/12\/2025\/10\/Depliant-etudiant2025-COUV-722x1024.png\" \/>\n\t<meta property=\"og:image:width\" content=\"722\" \/>\n\t<meta property=\"og:image:height\" content=\"1024\" \/>\n\t<meta property=\"og:image:type\" content=\"image\/png\" \/>\n<meta name=\"twitter:card\" content=\"summary_large_image\" \/>\n<meta name=\"twitter:label1\" content=\"Dur\u00e9e de lecture estim\u00e9e\" \/>\n\t<meta name=\"twitter:data1\" content=\"2 minutes\" \/>\n<script type=\"application\/ld+json\" class=\"yoast-schema-graph\">{\"@context\":\"https:\/\/schema.org\",\"@graph\":[{\"@type\":\"WebPage\",\"@id\":\"https:\/\/jacobins.toulouse.fr\/fr\/culture-etudiants-toulouse\/\",\"url\":\"https:\/\/jacobins.toulouse.fr\/fr\/culture-etudiants-toulouse\/\",\"name\":\"Toulouse : la culture au c\u0153ur de la vie \u00e9tudiante - Couvent des Jacobins\",\"isPartOf\":{\"@id\":\"https:\/\/jacobins.toulouse.fr\/fr\/#website\"},\"primaryImageOfPage\":{\"@id\":\"https:\/\/jacobins.toulouse.fr\/fr\/culture-etudiants-toulouse\/#primaryimage\"},\"image\":{\"@id\":\"https:\/\/jacobins.toulouse.fr\/fr\/culture-etudiants-toulouse\/#primaryimage\"},\"thumbnailUrl\":\"https:\/\/jacobins.toulouse.fr\/wp-content\/uploads\/sites\/12\/2025\/10\/Depliant-etudiant2025-COUV-722x1024.png\",\"datePublished\":\"2025-10-29T07:45:31+00:00\",\"dateModified\":\"2026-03-27T14:59:27+00:00\",\"description\":\"Toulouse place la culture au c\u0153ur de la vie \u00e9tudiante. Une programmation riche accessible aux \u00e9tudiants \u00e0 d\u00e9couvrir au Couvent des Jacobins.\",\"breadcrumb\":{\"@id\":\"https:\/\/jacobins.toulouse.fr\/fr\/culture-etudiants-toulouse\/#breadcrumb\"},\"inLanguage\":\"fr-FR\",\"potentialAction\":[{\"@type\":\"ReadAction\",\"target\":[\"https:\/\/jacobins.toulouse.fr\/fr\/culture-etudiants-toulouse\/\"]}]},{\"@type\":\"ImageObject\",\"inLanguage\":\"fr-FR\",\"@id\":\"https:\/\/jacobins.toulouse.fr\/fr\/culture-etudiants-toulouse\/#primaryimage\",\"url\":\"https:\/\/jacobins.toulouse.fr\/wp-content\/uploads\/sites\/12\/2025\/10\/Depliant-etudiant2025-COUV-722x1024.png\",\"contentUrl\":\"https:\/\/jacobins.toulouse.fr\/wp-content\/uploads\/sites\/12\/2025\/10\/Depliant-etudiant2025-COUV-722x1024.png\"},{\"@type\":\"BreadcrumbList\",\"@id\":\"https:\/\/jacobins.toulouse.fr\/fr\/culture-etudiants-toulouse\/#breadcrumb\",\"itemListElement\":[{\"@type\":\"ListItem\",\"position\":1,\"name\":\"Accueil\",\"item\":\"https:\/\/jacobins.toulouse.fr\/fr\/\"},{\"@type\":\"ListItem\",\"position\":2,\"name\":\"Toulouse : la culture au c\u0153ur de la vie \u00e9tudiante\"}]},{\"@type\":\"WebSite\",\"@id\":\"https:\/\/jacobins.toulouse.fr\/fr\/#website\",\"url\":\"https:\/\/jacobins.toulouse.fr\/fr\/\",\"name\":\"Couvent des Jacobins\",\"description\":\"\",\"publisher\":{\"@id\":\"https:\/\/jacobins.toulouse.fr\/fr\/#organization\"},\"potentialAction\":[{\"@type\":\"SearchAction\",\"target\":{\"@type\":\"EntryPoint\",\"urlTemplate\":\"https:\/\/jacobins.toulouse.fr\/fr\/search\/{search_term_string}\"},\"query-input\":{\"@type\":\"PropertyValueSpecification\",\"valueRequired\":true,\"valueName\":\"search_term_string\"}}],\"inLanguage\":\"fr-FR\"},{\"@type\":\"Organization\",\"@id\":\"https:\/\/jacobins.toulouse.fr\/fr\/#organization\",\"name\":\"Couvent des Jacobins\",\"url\":\"https:\/\/jacobins.toulouse.fr\/fr\/\",\"logo\":{\"@type\":\"ImageObject\",\"inLanguage\":\"fr-FR\",\"@id\":\"https:\/\/jacobins.toulouse.fr\/fr\/#\/schema\/logo\/image\/\",\"url\":\"https:\/\/jacobins.toulouse.fr\/wp-content\/uploads\/sites\/12\/2023\/08\/cropped-cropped-Logo-Jacobins.png\",\"contentUrl\":\"https:\/\/jacobins.toulouse.fr\/wp-content\/uploads\/sites\/12\/2023\/08\/cropped-cropped-Logo-Jacobins.png\",\"width\":254,\"height\":150,\"caption\":\"Couvent des Jacobins\"},\"image\":{\"@id\":\"https:\/\/jacobins.toulouse.fr\/fr\/#\/schema\/logo\/image\/\"}}]}<\/script>\n<!-- \/ Yoast SEO plugin. -->","yoast_head_json":{"title":"Toulouse : la culture au c\u0153ur de la vie \u00e9tudiante - Couvent des Jacobins","description":"Toulouse place la culture au c\u0153ur de la vie \u00e9tudiante. Une programmation riche accessible aux \u00e9tudiants \u00e0 d\u00e9couvrir au Couvent des Jacobins.","robots":{"index":"index","follow":"follow","max-snippet":"max-snippet:-1","max-image-preview":"max-image-preview:large","max-video-preview":"max-video-preview:-1"},"canonical":"https:\/\/jacobins.toulouse.fr\/fr\/culture-etudiants-toulouse\/","og_locale":"fr_FR","og_type":"article","og_title":"Toulouse : la culture au c\u0153ur de la vie \u00e9tudiante - Couvent des Jacobins","og_description":"Toulouse place la culture au c\u0153ur de la vie \u00e9tudiante. Une programmation riche accessible aux \u00e9tudiants \u00e0 d\u00e9couvrir au Couvent des Jacobins.","og_url":"https:\/\/jacobins.toulouse.fr\/fr\/culture-etudiants-toulouse\/","og_site_name":"Couvent des Jacobins","article_modified_time":"2026-03-27T14:59:27+00:00","og_image":[{"width":722,"height":1024,"url":"https:\/\/jacobins.toulouse.fr\/wp-content\/uploads\/sites\/12\/2025\/10\/Depliant-etudiant2025-COUV-722x1024.png","type":"image\/png"}],"twitter_card":"summary_large_image","twitter_misc":{"Dur\u00e9e de lecture estim\u00e9e":"2 minutes"},"schema":{"@context":"https:\/\/schema.org","@graph":[{"@type":"WebPage","@id":"https:\/\/jacobins.toulouse.fr\/fr\/culture-etudiants-toulouse\/","url":"https:\/\/jacobins.toulouse.fr\/fr\/culture-etudiants-toulouse\/","name":"Toulouse : la culture au c\u0153ur de la vie \u00e9tudiante - Couvent des Jacobins","isPartOf":{"@id":"https:\/\/jacobins.toulouse.fr\/fr\/#website"},"primaryImageOfPage":{"@id":"https:\/\/jacobins.toulouse.fr\/fr\/culture-etudiants-toulouse\/#primaryimage"},"image":{"@id":"https:\/\/jacobins.toulouse.fr\/fr\/culture-etudiants-toulouse\/#primaryimage"},"thumbnailUrl":"https:\/\/jacobins.toulouse.fr\/wp-content\/uploads\/sites\/12\/2025\/10\/Depliant-etudiant2025-COUV-722x1024.png","datePublished":"2025-10-29T07:45:31+00:00","dateModified":"2026-03-27T14:59:27+00:00","description":"Toulouse place la culture au c\u0153ur de la vie \u00e9tudiante. Une programmation riche accessible aux \u00e9tudiants \u00e0 d\u00e9couvrir au Couvent des Jacobins.","breadcrumb":{"@id":"https:\/\/jacobins.toulouse.fr\/fr\/culture-etudiants-toulouse\/#breadcrumb"},"inLanguage":"fr-FR","potentialAction":[{"@type":"ReadAction","target":["https:\/\/jacobins.toulouse.fr\/fr\/culture-etudiants-toulouse\/"]}]},{"@type":"ImageObject","inLanguage":"fr-FR","@id":"https:\/\/jacobins.toulouse.fr\/fr\/culture-etudiants-toulouse\/#primaryimage","url":"https:\/\/jacobins.toulouse.fr\/wp-content\/uploads\/sites\/12\/2025\/10\/Depliant-etudiant2025-COUV-722x1024.png","contentUrl":"https:\/\/jacobins.toulouse.fr\/wp-content\/uploads\/sites\/12\/2025\/10\/Depliant-etudiant2025-COUV-722x1024.png"},{"@type":"BreadcrumbList","@id":"https:\/\/jacobins.toulouse.fr\/fr\/culture-etudiants-toulouse\/#breadcrumb","itemListElement":[{"@type":"ListItem","position":1,"name":"Accueil","item":"https:\/\/jacobins.toulouse.fr\/fr\/"},{"@type":"ListItem","position":2,"name":"Toulouse : la culture au c\u0153ur de la vie \u00e9tudiante"}]},{"@type":"WebSite","@id":"https:\/\/jacobins.toulouse.fr\/fr\/#website","url":"https:\/\/jacobins.toulouse.fr\/fr\/","name":"Couvent des Jacobins","description":"","publisher":{"@id":"https:\/\/jacobins.toulouse.fr\/fr\/#organization"},"potentialAction":[{"@type":"SearchAction","target":{"@type":"EntryPoint","urlTemplate":"https:\/\/jacobins.toulouse.fr\/fr\/search\/{search_term_string}"},"query-input":{"@type":"PropertyValueSpecification","valueRequired":true,"valueName":"search_term_string"}}],"inLanguage":"fr-FR"},{"@type":"Organization","@id":"https:\/\/jacobins.toulouse.fr\/fr\/#organization","name":"Couvent des Jacobins","url":"https:\/\/jacobins.toulouse.fr\/fr\/","logo":{"@type":"ImageObject","inLanguage":"fr-FR","@id":"https:\/\/jacobins.toulouse.fr\/fr\/#\/schema\/logo\/image\/","url":"https:\/\/jacobins.toulouse.fr\/wp-content\/uploads\/sites\/12\/2023\/08\/cropped-cropped-Logo-Jacobins.png","contentUrl":"https:\/\/jacobins.toulouse.fr\/wp-content\/uploads\/sites\/12\/2023\/08\/cropped-cropped-Logo-Jacobins.png","width":254,"height":150,"caption":"Couvent des Jacobins"},"image":{"@id":"https:\/\/jacobins.toulouse.fr\/fr\/#\/schema\/logo\/image\/"}}]}},"_links":{"self":[{"href":"https:\/\/jacobins.toulouse.fr\/fr\/wp-json\/wp\/v2\/pages\/10459","targetHints":{"allow":["GET"]}}],"collection":[{"href":"https:\/\/jacobins.toulouse.fr\/fr\/wp-json\/wp\/v2\/pages"}],"about":[{"href":"https:\/\/jacobins.toulouse.fr\/fr\/wp-json\/wp\/v2\/types\/page"}],"author":[{"embeddable":true,"href":"https:\/\/jacobins.toulouse.fr\/fr\/wp-json\/wp\/v2\/users\/93"}],"replies":[{"embeddable":true,"href":"https:\/\/jacobins.toulouse.fr\/fr\/wp-json\/wp\/v2\/comments?post=10459"}],"version-history":[{"count":9,"href":"https:\/\/jacobins.toulouse.fr\/fr\/wp-json\/wp\/v2\/pages\/10459\/revisions"}],"predecessor-version":[{"id":10471,"href":"https:\/\/jacobins.toulouse.fr\/fr\/wp-json\/wp\/v2\/pages\/10459\/revisions\/10471"}],"wp:attachment":[{"href":"https:\/\/jacobins.toulouse.fr\/fr\/wp-json\/wp\/v2\/media?parent=10459"}],"curies":[{"name":"wp","href":"https:\/\/api.w.org\/{rel}","templated":true}]}}