{"id":1153,"date":"2023-09-21T11:26:40","date_gmt":"2023-09-21T09:26:40","guid":{"rendered":"https:\/\/jacobins.toulouse.fr\/?page_id=1153"},"modified":"2026-01-13T10:34:29","modified_gmt":"2026-01-13T09:34:29","slug":"horaires-et-tarifs","status":"publish","type":"page","link":"https:\/\/jacobins.toulouse.fr\/fr\/horaires-et-tarifs\/","title":{"rendered":"Horaires et tarifs"},"content":{"rendered":"<section class=\"section-group\"><div class=\"container\"><div class=\"pure-g\">\n<div class=\"wp-block-group is-layout-constrained wp-block-group-is-layout-constrained\">\n<div class=\"wp-block-columns is-layout-flex wp-container-core-columns-is-layout-9d6595d7 wp-block-columns-is-layout-flex\">\n<div class=\"wp-block-column is-vertically-aligned-center is-layout-flow wp-block-column-is-layout-flow\" style=\"flex-basis:66.66%\">\n<p class=\"has-text-align-left has-x-large-font-size\"><strong>Lundi :<\/strong> ferm\u00e9 (\u00e9glise comprise)<br><strong>Mardi au dimanche :<\/strong> 10h00 \u00e0 18h00<br><em>Le jeudi est <strong>d\u00e9di\u00e9 aux groupes accompagn\u00e9s<\/strong>, sur r\u00e9servation<\/em>.<\/p>\n\n\n\n<p class=\"has-x-large-font-size\"><strong>Fermeture anticip\u00e9e :<\/strong> jeudis 24 et 31 d\u00e9cembre 2026 \u00e0 16h.<br><strong>Fermeture jours f\u00e9ri\u00e9s :<\/strong> 1<sup>er<\/sup> janvier, le 1<sup>er<\/sup> mai et 25 d\u00e9cembre.<br><\/p>\n<\/div>\n\n\n\n<div class=\"wp-block-column is-vertically-aligned-center is-layout-flow wp-block-column-is-layout-flow\" style=\"flex-basis:33.33%\">\n<figure  role=\"group\"  aria-label=\"bourse\"  class=\"wp-block-image aligncenter size-full\"><a href=\"\/rachat-jacobins-mairie\"><img loading=\"lazy\" decoding=\"async\" width=\"100\" height=\"100\" src=\"https:\/\/jacobins.toulouse.fr\/wp-content\/uploads\/sites\/12\/2023\/10\/bourse-.gif\" alt=\"\" class=\"wp-image-6250\"\/><\/a><\/figure>\n<\/div>\n<\/div>\n<\/div>\n<\/div><\/div><\/section>\n\n<section class=\"section-group\"><div class=\"container\"><div class=\"pure-g\">\n<div class=\"wp-block-group is-layout-constrained wp-block-group-is-layout-constrained\">\n<h2 class=\"wp-block-heading\" id=\"tarifs-et-formules-de-visite\">Tarifs et formules de visite<\/h2>\n\n\n\n<p class=\"has-large-font-size\">L&rsquo;acc\u00e8s au couvent des Jacobins de Toulouse se fait par l&rsquo;\u00e9glise, qui se visite gratuitement. Pour d\u00e9couvrir les espaces compl\u00e9mentaires, un billet d&rsquo;entr\u00e9e vous sera demand\u00e9.<\/p>\n\n\n\n<h3 class=\"wp-block-heading\" id=\"billet-d-entree\">Billet d\u2019entr\u00e9e <\/h3>\n\n\n\n<p class=\"has-text-align-left has-large-font-size\">Un billet d\u2019entr\u00e9e <strong>unique<\/strong> pour visiter <strong>l\u2019ensemble du couvent<\/strong> (clo\u00eetre, jardin, salle capitulaire, chapelle Saint-Antonin, r\u00e9fectoire) et <strong>les expositions temporaires<\/strong>.<\/p>\n\n\n\n<figure class=\"wp-block-table has-large-font-size\"><table class=\"pure-table\"><tbody><tr><td class=\"has-text-align-center\" data-align=\"center\"><\/td><th class=\"has-text-align-center\" data-align=\"center\" scope=\"col\"><strong>Parcours permanent<\/strong><\/th><td class=\"has-text-align-center\" data-align=\"center\"><strong>Exposition<\/strong><\/td><\/tr><tr><th class=\"has-text-align-center\" data-align=\"center\" scope=\"row\"><strong>Tarif plein<\/strong><\/th><td class=\"has-text-align-center\" data-align=\"center\">5\u20ac<\/td><td class=\"has-text-align-center\" data-align=\"center\">9\u20ac<\/td><\/tr><tr><th class=\"has-text-align-center\" data-align=\"center\" scope=\"row\"><strong>Tarif r\u00e9duit*<\/strong><\/th><td class=\"has-text-align-center\" data-align=\"center\">3\u20ac<\/td><td class=\"has-text-align-center\" data-align=\"center\">5\u20ac<\/td><\/tr><\/tbody><\/table><figcaption class=\"wp-element-caption\">*<strong>Sur pr\u00e9sentation d\u2019un justificatif en cours de validit\u00e9<\/strong><br>Gratuit\u00e9 et r\u00e9ductions sous conditions : voir toutes les <a href=\"https:\/\/jacobins.toulouse.fr\/conditions-tarifaires\" target=\"_blank\" rel=\"noreferrer noopener\">conditions tarifaires<\/a>.<br>Les groupes de plus de 10 visiteurs peuvent b\u00e9n\u00e9ficier d&rsquo;un tarif r\u00e9duit sp\u00e9cifique sur demande : <a href=\"\/venir-en-groupe\">Informations<\/a><br><br><em>Les tarifs sont fix\u00e9s par d\u00e9cision du Maire de Toulouse et figurent dans le <a href=\"https:\/\/metropole.toulouse.fr\/kiosque\/recueil-des-tarifs-2024-de-la-mairie-de-toulouse\" target=\"_blank\" rel=\"noreferrer noopener\">recueil des tarifs<\/a> des services publics de la Mairie de Toulouse.<\/em><\/figcaption><\/figure>\n<\/div>\n<\/div><\/div><\/section>\n\n<section class=\"section-group\"><div class=\"container\"><div class=\"pure-g\">\n<div class=\"wp-block-group is-layout-constrained wp-block-group-is-layout-constrained\"><section class=\"section-group\"><div class=\"container\"><div class=\"pure-g\">\n<div class=\"wp-block-group is-layout-constrained wp-block-group-is-layout-constrained\">\n<h3 class=\"wp-block-heading\" id=\"titre\">Visites guid\u00e9es<\/h3>\n\n\n\n<figure class=\"wp-block-table is-style-stripes has-large-font-size\"><table class=\"has-black-color has-text-color has-link-color\"><tbody><tr><th class=\"has-text-align-center\" data-align=\"center\" scope=\"row\"><strong><strong>Visite guid\u00e9e du monument<\/strong><\/strong><br><strong><strong>(fran\u00e7ais, anglais, espagnol)<\/strong><\/strong><\/th><td class=\"has-text-align-center\" data-align=\"center\">billet d\u2019entr\u00e9e + 3\u20ac<\/td><\/tr><tr><th class=\"has-text-align-center\" data-align=\"center\" scope=\"row\"><strong><strong>Visite atelier D\u00e9couverte<\/strong><\/strong><\/th><td class=\"has-text-align-center\" data-align=\"center\">billet d\u2019entr\u00e9e + 5\u20ac<\/td><\/tr><tr><td class=\"has-text-align-center\" data-align=\"center\"><strong>Visite insolite<\/strong><\/td><td class=\"has-text-align-center\" data-align=\"center\"><a href=\"https:\/\/jacobins.toulouse.fr\/fr\/visites-insolites\/\">En savoir plus<\/a><\/td><\/tr><tr><td class=\"has-text-align-center\" data-align=\"center\"><strong>Visite guid\u00e9e privative<\/strong><\/td><td class=\"has-text-align-center\" data-align=\"center\"><a href=\"https:\/\/jacobins.toulouse.fr\/fr\/venir-en-groupe\/visite-groupe\/\">En savoir plus<\/a><\/td><\/tr><\/tbody><\/table><\/figure>\n\n\n\n<div class=\"wp-block-buttons is-content-justification-center is-layout-flex wp-container-core-buttons-is-layout-16018d1d wp-block-buttons-is-layout-flex\">\n<div class=\"wp-block-button is-style-default\"><a class=\"wp-block-button__link   has-large-font-size has-text-align-center has-custom-font-size wp-element-button\" href=\"https:\/\/billetterie.couvent-jacobins.toulouse.fr\/\" target=\"_blank\" rel=\"noreferrer noopener\">Acc\u00e9der \u00e0 la billetterie<\/a><\/div>\n<\/div>\n<\/div>\n<\/div><\/div><\/section>\n\n\n<h3 class=\"wp-block-heading\" id=\"moyens-de-paiement-acceptes\">Moyens de paiement accept\u00e9s<\/h3>\n\n\n\n<ul class=\"wp-block-list\">\n<li class=\"has-large-font-size\">Esp\u00e8ces<\/li>\n\n\n\n<li class=\"has-large-font-size\">Carte bancaire<\/li>\n\n\n\n<li class=\"has-large-font-size\">Ch\u00e8que de banque<\/li>\n\n\n\n<li class=\"has-large-font-size\">Ch\u00e8que culture<\/li>\n\n\n\n<li class=\"has-large-font-size\">Carte Pass Culture<\/li>\n<\/ul>\n<\/div>\n<\/div><\/div><\/section>\n\n<section class=\"section-group\"><div class=\"container\"><div class=\"pure-g\">\n<div class=\"wp-block-group is-layout-constrained wp-block-group-is-layout-constrained\">\n<h2 class=\"wp-block-heading\" id=\"pass-abonnements\">Pass &amp; abonnements<\/h2>\n\n\n\n<p class=\"has-large-font-size\">D\u00e9couvrez Toulouse autrement gr\u00e2ce aux <strong>pass et abonnements du Couvent des Jacobins<\/strong> !<br>Pens\u00e9s pour les passionn\u00e9s de patrimoine comme pour les curieux d\u2019un jour, ces formules vous offrent un acc\u00e8s privil\u00e9gi\u00e9 \u00e0 l\u2019un des plus beaux ensembles monastiques d\u2019Europe.<\/p>\n\n\n\n<h3 class=\"wp-block-heading\" id=\"titre\">Pass Jacobins<\/h3>\n\n\n\n<p class=\"has-large-font-size\"><strong>Les avantages<\/strong> :<\/p>\n\n\n\n<ul class=\"wp-block-list\">\n<li class=\"has-large-font-size\">Acc\u00e9der librement et de mani\u00e8re illimit\u00e9e au Couvent des Jacobins (monument + expositions en cours).<\/li>\n\n\n\n<li class=\"has-large-font-size\">Valable un an pour soi + la ou les personnes de son choix (jusqu&rsquo;\u00e0 6 personnes avec le Pass Tribu).<\/li>\n<\/ul>\n\n\n\n<p class=\"has-large-font-size\">3 types de Pass annuel pour vous et votre entourage. Le d\u00e9tail est disponible sur chaque formule.<\/p>\n\n\n\n<div class=\"wp-block-buttons is-content-justification-center is-layout-flex wp-container-core-buttons-is-layout-16018d1d wp-block-buttons-is-layout-flex\">\n<div class=\"wp-block-button\"><a class=\"wp-block-button__link has-medium-font-size has-custom-font-size wp-element-button\" href=\"https:\/\/billetterie.couvent-jacobins.toulouse.fr\/selection\/membership?productId=10229659099565\" target=\"_blank\" rel=\"noreferrer noopener\">Pass Solo 15\u20ac<\/a><\/div>\n\n\n\n<div class=\"wp-block-button\"><a class=\"wp-block-button__link has-medium-font-size has-custom-font-size wp-element-button\" href=\"https:\/\/billetterie.couvent-jacobins.toulouse.fr\/selection\/membership?productId=10229659099564\" target=\"_blank\" rel=\"noreferrer noopener\">Pass Duo 25 \u20ac<\/a><\/div>\n\n\n\n<div class=\"wp-block-button\"><a class=\"wp-block-button__link has-medium-font-size has-custom-font-size wp-element-button\" href=\"https:\/\/billetterie.couvent-jacobins.toulouse.fr\/selection\/membership?productId=10229659099566\" target=\"_blank\" rel=\"noreferrer noopener\">Pass Tribu 45 \u20ac<\/a><\/div>\n<\/div>\n<\/div>\n<\/div><\/div><\/section>\n\n<section class=\"section-group\"><div class=\"container\"><div class=\"pure-g\">\n<div class=\"wp-block-group is-layout-constrained wp-block-group-is-layout-constrained\">\n<h3 class=\"wp-block-heading\" id=\"titre\">Pass tourisme<\/h3>\n\n\n\n<div class=\"wp-block-columns is-layout-flex wp-container-core-columns-is-layout-9d6595d7 wp-block-columns-is-layout-flex\">\n<div class=\"wp-block-column is-vertically-aligned-center is-layout-flow wp-block-column-is-layout-flow\">\n<p class=\"has-large-font-size\">D\u00e9livr\u00e9 par l\u2019Office de Tourisme de Toulouse.<\/p>\n\n\n\n<h3 class=\"wp-block-heading has-large-font-size\" id=\"les-avantages\">Les avantages : <\/h3>\n\n\n\n<ul class=\"wp-block-list\">\n<li class=\"has-large-font-size\">Acc\u00e8s gratuit \u00e0 un ensemble de mus\u00e9es et monuments toulousains ;<\/li>\n\n\n\n<li class=\"has-large-font-size\">De nombreuses activit\u00e9s \u00e0&nbsp;<strong>tarifs r\u00e9duits<\/strong> ;<\/li>\n\n\n\n<li class=\"has-large-font-size\">Une&nbsp;<strong>visite guid\u00e9e offerte<\/strong>&nbsp;au choix dans le programme de l\u2019office de tourisme ;<\/li>\n\n\n\n<li class=\"has-large-font-size\">15 % de remise accord\u00e9e \u00e0 la <a href=\"\/boutique\">boutique<\/a> (5% sur la librairie).<\/li>\n<\/ul>\n<\/div>\n\n\n\n<div class=\"wp-block-column is-vertically-aligned-center is-layout-flow wp-block-column-is-layout-flow\">\n<figure  role=\"group\"  aria-label=\"Pass\"  class=\"wp-block-image aligncenter size-thumbnail is-resized\"><img loading=\"lazy\" decoding=\"async\" width=\"150\" height=\"150\" src=\"https:\/\/jacobins.toulouse.fr\/wp-content\/uploads\/sites\/12\/2023\/10\/pass-3-150x150.png\" alt=\"\" class=\"wp-image-3605\" srcset=\"https:\/\/jacobins.toulouse.fr\/wp-content\/uploads\/sites\/12\/2023\/10\/pass-3-150x150.png 150w, https:\/\/jacobins.toulouse.fr\/wp-content\/uploads\/sites\/12\/2023\/10\/pass-3.png 200w\" sizes=\"(max-width: 150px) 100vw, 150px\" \/><\/figure>\n\n\n\n<div class=\"wp-block-buttons is-content-justification-center is-layout-flex wp-container-core-buttons-is-layout-16018d1d wp-block-buttons-is-layout-flex\">\n<div class=\"wp-block-button\"><a class=\"wp-block-button__link has-text-align-center wp-element-button\" href=\"https:\/\/www.toulouse-tourisme.com\/pass-tourisme\" target=\"_blank\" rel=\"noreferrer noopener\">Acheter un pass tourisme<\/a><\/div>\n<\/div>\n<\/div>\n<\/div>\n<\/div>\n<\/div><\/div><\/section>\n\n<section class=\"section-group\"><div class=\"container\"><div class=\"pure-g\">\n<div class=\"wp-block-group is-layout-constrained wp-block-group-is-layout-constrained\">\n<h3 class=\"wp-block-heading\" id=\"titre\">Pass Toulouse +<\/h3>\n\n\n\n<div class=\"wp-block-media-text is-stacked-on-mobile\" style=\"grid-template-columns:25% auto\"><figure class=\"wp-block-media-text__media\"><img loading=\"lazy\" decoding=\"async\" width=\"835\" height=\"673\" src=\"https:\/\/jacobins.toulouse.fr\/wp-content\/uploads\/sites\/12\/2025\/06\/Visuel-Pass-Toulouse_phone-1.jpg\" alt=\"\" class=\"wp-image-10074 size-full\" srcset=\"https:\/\/jacobins.toulouse.fr\/wp-content\/uploads\/sites\/12\/2025\/06\/Visuel-Pass-Toulouse_phone-1.jpg 835w, https:\/\/jacobins.toulouse.fr\/wp-content\/uploads\/sites\/12\/2025\/06\/Visuel-Pass-Toulouse_phone-1-300x242.jpg 300w, https:\/\/jacobins.toulouse.fr\/wp-content\/uploads\/sites\/12\/2025\/06\/Visuel-Pass-Toulouse_phone-1-768x619.jpg 768w, https:\/\/jacobins.toulouse.fr\/wp-content\/uploads\/sites\/12\/2025\/06\/Visuel-Pass-Toulouse_phone-1-414x334.jpg 414w\" sizes=\"(max-width: 835px) 100vw, 835px\" \/><\/figure><div class=\"wp-block-media-text__content\">\n<p class=\"has-large-font-size\">Avec le <strong>Pass Toulouse +<\/strong> offrez-vous 1 an de r\u00e9ductions illimit\u00e9es pour 20 \u20ac seulement, dans la soixantaine de sites partenaires pour + de culture, + de patrimoine, + de sorties et + de festivals. <br>N&rsquo;attendez plus et d\u00e9couvrez quelle sera votre prochaine sortie !<\/p>\n\n\n\n<div class=\"wp-block-buttons is-content-justification-center is-layout-flex wp-container-core-buttons-is-layout-16018d1d wp-block-buttons-is-layout-flex\">\n<div class=\"wp-block-button\"><a class=\"wp-block-button__link has-medium-font-size has-text-align-center has-custom-font-size wp-element-button\" href=\"https:\/\/toulouse-tourisme.prep.faire-savoir.eu\/a-voir-a-faire\/le-pass-toulouse\/\" target=\"_blank\" rel=\"noreferrer noopener\">en savoir plus<\/a><\/div>\n<\/div>\n\n\n\n<p><em>Gr\u00e2ce au Pass Toulouse +, profitez d&rsquo;un acc\u00e8s au Couvent des Jacobins \u00e0 tarif r\u00e9duit pendant 1 an !<\/em><\/p>\n<\/div><\/div>\n<\/div>\n<\/div><\/div><\/section>\n\n    <section class=\"gutenberg-immersive-visual alignfull\">\n          <picture class=\"splide__image\">\n            <source media=\"(min-width: 57.6rem)\"\n                    srcset=\"https:\/\/jacobins.toulouse.fr\/wp-content\/uploads\/sites\/12\/2023\/08\/Colorama-Bas.png 2880w, https:\/\/jacobins.toulouse.fr\/wp-content\/uploads\/sites\/12\/2023\/08\/Colorama-Bas-300x28.png 300w, https:\/\/jacobins.toulouse.fr\/wp-content\/uploads\/sites\/12\/2023\/08\/Colorama-Bas-1024x94.png 1024w, https:\/\/jacobins.toulouse.fr\/wp-content\/uploads\/sites\/12\/2023\/08\/Colorama-Bas-768x70.png 768w, https:\/\/jacobins.toulouse.fr\/wp-content\/uploads\/sites\/12\/2023\/08\/Colorama-Bas-1536x141.png 1536w, https:\/\/jacobins.toulouse.fr\/wp-content\/uploads\/sites\/12\/2023\/08\/Colorama-Bas-2048x188.png 2048w, https:\/\/jacobins.toulouse.fr\/wp-content\/uploads\/sites\/12\/2023\/08\/Colorama-Bas-414x38.png 414w\"\n                    class=\"attachment-full size-full pure-img\"\n                    >\n            <source\n                srcset=\"https:\/\/jacobins.toulouse.fr\/wp-content\/uploads\/sites\/12\/2023\/08\/Colorama-Mobile-BD.png 640w, https:\/\/jacobins.toulouse.fr\/wp-content\/uploads\/sites\/12\/2023\/08\/Colorama-Mobile-BD-300x141.png 300w, https:\/\/jacobins.toulouse.fr\/wp-content\/uploads\/sites\/12\/2023\/08\/Colorama-Mobile-BD-414x194.png 414w, https:\/\/jacobins.toulouse.fr\/wp-content\/uploads\/sites\/12\/2023\/08\/Colorama-Mobile-BD-213x100.png 213w\"\n                sizes=\"(max-width: 2880px) 100vw, 2880px\">\n            <img decoding=\"async\" src=\"https:\/\/jacobins.toulouse.fr\/wp-content\/uploads\/sites\/12\/2023\/08\/Colorama-Bas.png\"\n                srcset=\"https:\/\/jacobins.toulouse.fr\/wp-content\/uploads\/sites\/12\/2023\/08\/Colorama-Bas.png 2880w, https:\/\/jacobins.toulouse.fr\/wp-content\/uploads\/sites\/12\/2023\/08\/Colorama-Bas-300x28.png 300w, https:\/\/jacobins.toulouse.fr\/wp-content\/uploads\/sites\/12\/2023\/08\/Colorama-Bas-1024x94.png 1024w, https:\/\/jacobins.toulouse.fr\/wp-content\/uploads\/sites\/12\/2023\/08\/Colorama-Bas-768x70.png 768w, https:\/\/jacobins.toulouse.fr\/wp-content\/uploads\/sites\/12\/2023\/08\/Colorama-Bas-1536x141.png 1536w, https:\/\/jacobins.toulouse.fr\/wp-content\/uploads\/sites\/12\/2023\/08\/Colorama-Bas-2048x188.png 2048w, https:\/\/jacobins.toulouse.fr\/wp-content\/uploads\/sites\/12\/2023\/08\/Colorama-Bas-414x38.png 414w\"\n                sizes=\"(min-width: 60rem) 60rem, 100vw\"\n                class=\"splide__image\"\n                alt=\"\"\n            >\n          <\/picture>\n            <\/section>\n","protected":false},"excerpt":{"rendered":"<p>Lundi : ferm\u00e9 (\u00e9glise comprise)Mardi au dimanche : 10h00 \u00e0 18h00Le jeudi est d\u00e9di\u00e9 aux groupes accompagn\u00e9s, sur r\u00e9servation. Fermeture anticip\u00e9e : jeudis 24 et 31 d\u00e9cembre 2026 \u00e0 16h.Fermeture jours f\u00e9ri\u00e9s : 1er janvier,&hellip;<\/p>\n","protected":false},"author":69,"featured_media":0,"parent":0,"menu_order":0,"comment_status":"closed","ping_status":"closed","template":"","meta":{"_acf_changed":false,"footnotes":""},"class_list":["post-1153","page","type-page","status-publish","hentry"],"acf":[],"yoast_head":"<!-- This site is optimized with the Yoast SEO plugin v27.0 - https:\/\/yoast.com\/product\/yoast-seo-wordpress\/ -->\n<title>Horaires et tarifs - Couvent des Jacobins<\/title>\n<meta name=\"description\" content=\"D\u00e9couvrez les horaires d\u2019ouverture, les tarifs, les pass et les formats de visite du Couvent des Jacobins \u00e0 Toulouse.\" \/>\n<meta name=\"robots\" content=\"index, follow, max-snippet:-1, max-image-preview:large, max-video-preview:-1\" \/>\n<link rel=\"canonical\" href=\"https:\/\/jacobins.toulouse.fr\/fr\/horaires-et-tarifs\/\" \/>\n<meta property=\"og:locale\" content=\"fr_FR\" \/>\n<meta property=\"og:type\" content=\"article\" \/>\n<meta property=\"og:title\" content=\"Horaires et tarifs - Couvent des Jacobins\" \/>\n<meta property=\"og:description\" content=\"D\u00e9couvrez les horaires d\u2019ouverture, les tarifs, les pass et les formats de visite du Couvent des Jacobins \u00e0 Toulouse.\" \/>\n<meta property=\"og:url\" content=\"https:\/\/jacobins.toulouse.fr\/fr\/horaires-et-tarifs\/\" \/>\n<meta property=\"og:site_name\" content=\"Couvent des Jacobins\" \/>\n<meta property=\"article:modified_time\" content=\"2026-01-13T09:34:29+00:00\" \/>\n<meta property=\"og:image\" content=\"https:\/\/jacobins.toulouse.fr\/wp-content\/uploads\/sites\/12\/2023\/10\/bourse-.gif\" \/>\n\t<meta property=\"og:image:width\" content=\"100\" \/>\n\t<meta property=\"og:image:height\" content=\"100\" \/>\n\t<meta property=\"og:image:type\" content=\"image\/gif\" \/>\n<meta name=\"twitter:card\" content=\"summary_large_image\" \/>\n<meta name=\"twitter:label1\" content=\"Dur\u00e9e de lecture estim\u00e9e\" \/>\n\t<meta name=\"twitter:data1\" content=\"3 minutes\" \/>\n<script type=\"application\/ld+json\" class=\"yoast-schema-graph\">{\"@context\":\"https:\/\/schema.org\",\"@graph\":[{\"@type\":\"WebPage\",\"@id\":\"https:\/\/jacobins.toulouse.fr\/fr\/horaires-et-tarifs\/\",\"url\":\"https:\/\/jacobins.toulouse.fr\/fr\/horaires-et-tarifs\/\",\"name\":\"Horaires et tarifs - Couvent des Jacobins\",\"isPartOf\":{\"@id\":\"https:\/\/jacobins.toulouse.fr\/fr\/#website\"},\"primaryImageOfPage\":{\"@id\":\"https:\/\/jacobins.toulouse.fr\/fr\/horaires-et-tarifs\/#primaryimage\"},\"image\":{\"@id\":\"https:\/\/jacobins.toulouse.fr\/fr\/horaires-et-tarifs\/#primaryimage\"},\"thumbnailUrl\":\"https:\/\/jacobins.toulouse.fr\/wp-content\/uploads\/sites\/12\/2023\/10\/bourse-.gif\",\"datePublished\":\"2023-09-21T09:26:40+00:00\",\"dateModified\":\"2026-01-13T09:34:29+00:00\",\"description\":\"D\u00e9couvrez les horaires d\u2019ouverture, les tarifs, les pass et les formats de visite du Couvent des Jacobins \u00e0 Toulouse.\",\"breadcrumb\":{\"@id\":\"https:\/\/jacobins.toulouse.fr\/fr\/horaires-et-tarifs\/#breadcrumb\"},\"inLanguage\":\"fr-FR\",\"potentialAction\":[{\"@type\":\"ReadAction\",\"target\":[\"https:\/\/jacobins.toulouse.fr\/fr\/horaires-et-tarifs\/\"]}]},{\"@type\":\"ImageObject\",\"inLanguage\":\"fr-FR\",\"@id\":\"https:\/\/jacobins.toulouse.fr\/fr\/horaires-et-tarifs\/#primaryimage\",\"url\":\"https:\/\/jacobins.toulouse.fr\/wp-content\/uploads\/sites\/12\/2023\/10\/bourse-.gif\",\"contentUrl\":\"https:\/\/jacobins.toulouse.fr\/wp-content\/uploads\/sites\/12\/2023\/10\/bourse-.gif\"},{\"@type\":\"BreadcrumbList\",\"@id\":\"https:\/\/jacobins.toulouse.fr\/fr\/horaires-et-tarifs\/#breadcrumb\",\"itemListElement\":[{\"@type\":\"ListItem\",\"position\":1,\"name\":\"Accueil\",\"item\":\"https:\/\/jacobins.toulouse.fr\/fr\/\"},{\"@type\":\"ListItem\",\"position\":2,\"name\":\"Horaires et tarifs\"}]},{\"@type\":\"WebSite\",\"@id\":\"https:\/\/jacobins.toulouse.fr\/fr\/#website\",\"url\":\"https:\/\/jacobins.toulouse.fr\/fr\/\",\"name\":\"Couvent des Jacobins\",\"description\":\"\",\"publisher\":{\"@id\":\"https:\/\/jacobins.toulouse.fr\/fr\/#organization\"},\"potentialAction\":[{\"@type\":\"SearchAction\",\"target\":{\"@type\":\"EntryPoint\",\"urlTemplate\":\"https:\/\/jacobins.toulouse.fr\/fr\/search\/{search_term_string}\"},\"query-input\":{\"@type\":\"PropertyValueSpecification\",\"valueRequired\":true,\"valueName\":\"search_term_string\"}}],\"inLanguage\":\"fr-FR\"},{\"@type\":\"Organization\",\"@id\":\"https:\/\/jacobins.toulouse.fr\/fr\/#organization\",\"name\":\"Couvent des Jacobins\",\"url\":\"https:\/\/jacobins.toulouse.fr\/fr\/\",\"logo\":{\"@type\":\"ImageObject\",\"inLanguage\":\"fr-FR\",\"@id\":\"https:\/\/jacobins.toulouse.fr\/fr\/#\/schema\/logo\/image\/\",\"url\":\"https:\/\/jacobins.toulouse.fr\/wp-content\/uploads\/sites\/12\/2023\/08\/cropped-cropped-Logo-Jacobins.png\",\"contentUrl\":\"https:\/\/jacobins.toulouse.fr\/wp-content\/uploads\/sites\/12\/2023\/08\/cropped-cropped-Logo-Jacobins.png\",\"width\":254,\"height\":150,\"caption\":\"Couvent des Jacobins\"},\"image\":{\"@id\":\"https:\/\/jacobins.toulouse.fr\/fr\/#\/schema\/logo\/image\/\"}}]}<\/script>\n<!-- \/ Yoast SEO plugin. -->","yoast_head_json":{"title":"Horaires et tarifs - Couvent des Jacobins","description":"D\u00e9couvrez les horaires d\u2019ouverture, les tarifs, les pass et les formats de visite du Couvent des Jacobins \u00e0 Toulouse.","robots":{"index":"index","follow":"follow","max-snippet":"max-snippet:-1","max-image-preview":"max-image-preview:large","max-video-preview":"max-video-preview:-1"},"canonical":"https:\/\/jacobins.toulouse.fr\/fr\/horaires-et-tarifs\/","og_locale":"fr_FR","og_type":"article","og_title":"Horaires et tarifs - Couvent des Jacobins","og_description":"D\u00e9couvrez les horaires d\u2019ouverture, les tarifs, les pass et les formats de visite du Couvent des Jacobins \u00e0 Toulouse.","og_url":"https:\/\/jacobins.toulouse.fr\/fr\/horaires-et-tarifs\/","og_site_name":"Couvent des Jacobins","article_modified_time":"2026-01-13T09:34:29+00:00","og_image":[{"width":100,"height":100,"url":"https:\/\/jacobins.toulouse.fr\/wp-content\/uploads\/sites\/12\/2023\/10\/bourse-.gif","type":"image\/gif"}],"twitter_card":"summary_large_image","twitter_misc":{"Dur\u00e9e de lecture estim\u00e9e":"3 minutes"},"schema":{"@context":"https:\/\/schema.org","@graph":[{"@type":"WebPage","@id":"https:\/\/jacobins.toulouse.fr\/fr\/horaires-et-tarifs\/","url":"https:\/\/jacobins.toulouse.fr\/fr\/horaires-et-tarifs\/","name":"Horaires et tarifs - Couvent des Jacobins","isPartOf":{"@id":"https:\/\/jacobins.toulouse.fr\/fr\/#website"},"primaryImageOfPage":{"@id":"https:\/\/jacobins.toulouse.fr\/fr\/horaires-et-tarifs\/#primaryimage"},"image":{"@id":"https:\/\/jacobins.toulouse.fr\/fr\/horaires-et-tarifs\/#primaryimage"},"thumbnailUrl":"https:\/\/jacobins.toulouse.fr\/wp-content\/uploads\/sites\/12\/2023\/10\/bourse-.gif","datePublished":"2023-09-21T09:26:40+00:00","dateModified":"2026-01-13T09:34:29+00:00","description":"D\u00e9couvrez les horaires d\u2019ouverture, les tarifs, les pass et les formats de visite du Couvent des Jacobins \u00e0 Toulouse.","breadcrumb":{"@id":"https:\/\/jacobins.toulouse.fr\/fr\/horaires-et-tarifs\/#breadcrumb"},"inLanguage":"fr-FR","potentialAction":[{"@type":"ReadAction","target":["https:\/\/jacobins.toulouse.fr\/fr\/horaires-et-tarifs\/"]}]},{"@type":"ImageObject","inLanguage":"fr-FR","@id":"https:\/\/jacobins.toulouse.fr\/fr\/horaires-et-tarifs\/#primaryimage","url":"https:\/\/jacobins.toulouse.fr\/wp-content\/uploads\/sites\/12\/2023\/10\/bourse-.gif","contentUrl":"https:\/\/jacobins.toulouse.fr\/wp-content\/uploads\/sites\/12\/2023\/10\/bourse-.gif"},{"@type":"BreadcrumbList","@id":"https:\/\/jacobins.toulouse.fr\/fr\/horaires-et-tarifs\/#breadcrumb","itemListElement":[{"@type":"ListItem","position":1,"name":"Accueil","item":"https:\/\/jacobins.toulouse.fr\/fr\/"},{"@type":"ListItem","position":2,"name":"Horaires et tarifs"}]},{"@type":"WebSite","@id":"https:\/\/jacobins.toulouse.fr\/fr\/#website","url":"https:\/\/jacobins.toulouse.fr\/fr\/","name":"Couvent des Jacobins","description":"","publisher":{"@id":"https:\/\/jacobins.toulouse.fr\/fr\/#organization"},"potentialAction":[{"@type":"SearchAction","target":{"@type":"EntryPoint","urlTemplate":"https:\/\/jacobins.toulouse.fr\/fr\/search\/{search_term_string}"},"query-input":{"@type":"PropertyValueSpecification","valueRequired":true,"valueName":"search_term_string"}}],"inLanguage":"fr-FR"},{"@type":"Organization","@id":"https:\/\/jacobins.toulouse.fr\/fr\/#organization","name":"Couvent des Jacobins","url":"https:\/\/jacobins.toulouse.fr\/fr\/","logo":{"@type":"ImageObject","inLanguage":"fr-FR","@id":"https:\/\/jacobins.toulouse.fr\/fr\/#\/schema\/logo\/image\/","url":"https:\/\/jacobins.toulouse.fr\/wp-content\/uploads\/sites\/12\/2023\/08\/cropped-cropped-Logo-Jacobins.png","contentUrl":"https:\/\/jacobins.toulouse.fr\/wp-content\/uploads\/sites\/12\/2023\/08\/cropped-cropped-Logo-Jacobins.png","width":254,"height":150,"caption":"Couvent des Jacobins"},"image":{"@id":"https:\/\/jacobins.toulouse.fr\/fr\/#\/schema\/logo\/image\/"}}]}},"_links":{"self":[{"href":"https:\/\/jacobins.toulouse.fr\/fr\/wp-json\/wp\/v2\/pages\/1153","targetHints":{"allow":["GET"]}}],"collection":[{"href":"https:\/\/jacobins.toulouse.fr\/fr\/wp-json\/wp\/v2\/pages"}],"about":[{"href":"https:\/\/jacobins.toulouse.fr\/fr\/wp-json\/wp\/v2\/types\/page"}],"author":[{"embeddable":true,"href":"https:\/\/jacobins.toulouse.fr\/fr\/wp-json\/wp\/v2\/users\/69"}],"replies":[{"embeddable":true,"href":"https:\/\/jacobins.toulouse.fr\/fr\/wp-json\/wp\/v2\/comments?post=1153"}],"version-history":[{"count":405,"href":"https:\/\/jacobins.toulouse.fr\/fr\/wp-json\/wp\/v2\/pages\/1153\/revisions"}],"predecessor-version":[{"id":10845,"href":"https:\/\/jacobins.toulouse.fr\/fr\/wp-json\/wp\/v2\/pages\/1153\/revisions\/10845"}],"wp:attachment":[{"href":"https:\/\/jacobins.toulouse.fr\/fr\/wp-json\/wp\/v2\/media?parent=1153"}],"curies":[{"name":"wp","href":"https:\/\/api.w.org\/{rel}","templated":true}]}}