{"id":1165,"date":"2023-09-21T11:28:48","date_gmt":"2023-09-21T09:28:48","guid":{"rendered":"https:\/\/jacobins.toulouse.fr\/?page_id=1165"},"modified":"2026-01-07T10:01:35","modified_gmt":"2026-01-07T09:01:35","slug":"visites-guidees","status":"publish","type":"page","link":"https:\/\/jacobins.toulouse.fr\/fr\/visites-guidees\/","title":{"rendered":"Visites guid\u00e9es"},"content":{"rendered":"<section class=\"section-group\"><div class=\"container\"><div class=\"pure-g\">\n<div class=\"wp-block-group is-layout-constrained wp-block-group-is-layout-constrained\">\n<p class=\"has-large-font-size\">D\u00e9couvrez l&rsquo;un des tr\u00e9sors historiques et architectural de Toulouse gr\u00e2ces aux diff\u00e9rentes visites guid\u00e9es propos\u00e9es par le Couvent des Jacobins. <strong>Pourquoi choisir une visite guid\u00e9e ?<\/strong> Con\u00e7ues pour offrir une exp\u00e9rience immersive et \u00e9ducative, l&rsquo;ensemble des visites guid\u00e9es s&rsquo;adapte \u00e0 tous les \u00e2ges. De la vie quotidienne aux particularit\u00e9s architecturales du monument, vous remonterez le temps pour suivre l&rsquo;\u00e9volution du lieu de sa conception \u00e0 ses ann\u00e9es contemporaines.<\/p>\n<\/div>\n<\/div><\/div><\/section>\n\n<section class=\"section-group\"><div class=\"container\"><div class=\"pure-g\">\n<div class=\"wp-block-group is-layout-constrained wp-block-group-is-layout-constrained\">\n<h2 class=\"wp-block-heading has-text-align-left\" id=\"des-visites-guidees-pour-decouvrir\" style=\"font-size:35px\">Des visites guid\u00e9es pour d\u00e9couvrir<\/h2>\n\n\n\n<div class=\"wp-block-columns is-style-border is-layout-flex wp-container-core-columns-is-layout-9d6595d7 wp-block-columns-is-layout-flex\">\n<div class=\"wp-block-column is-layout-flow wp-block-column-is-layout-flow\">\n<h3 class=\"wp-block-heading has-text-align-center\" id=\"l-histoire-et-l-architecture-du-monument\" style=\"font-size:25px\">L&rsquo;histoire et l&rsquo;architecture du monument<\/h3>\n\n\n\n<p class=\"has-text-align-center\" style=\"font-size:19px\">Gr\u00e2ce aux visites guid\u00e9es \u00ab\u00a0Histoire et Architecture\u00a0\u00bb, disponibles en fran\u00e7ais, en anglais et en espagnol.<\/p>\n<\/div>\n\n\n\n<div class=\"wp-block-column is-layout-flow wp-block-column-is-layout-flow\">\n<h3 class=\"wp-block-heading has-text-align-center\" id=\"le-moyen-age-et-ses-coutumes\" style=\"font-size:25px\">Le Moyen \u00c2ge et ses coutumes<\/h3>\n\n\n\n<p class=\"has-text-align-center\" style=\"font-size:19px\">Nos visites th\u00e9matiques tels que l&rsquo;amour au Moyen \u00c2ge ou la mort au Moyen \u00c2ge sont faites pour vous ! Disponibles occasionnellement au fil de l&rsquo;ann\u00e9e.<\/p>\n<\/div>\n\n\n\n<div class=\"wp-block-column is-layout-flow wp-block-column-is-layout-flow\">\n<h3 class=\"wp-block-heading has-text-align-center\" id=\"les-expositions-temporaires\" style=\"font-size:25px\">Les expositions temporaires<\/h3>\n\n\n\n<p class=\"has-text-align-center\" style=\"font-size:19px\">Nous proposons r\u00e9guli\u00e8rement des visites guid\u00e9es lorsqu&rsquo;une exposition est en cours. Rendez-vous sur la <a href=\"https:\/\/jacobins.toulouse.fr\/fr\/expositions-evenements\/\">page exposition<\/a> pour plus de d\u00e9tails.<\/p>\n<\/div>\n<\/div>\n\n\n\n<p class=\"has-text-align-center\">\u00e9clair\u00e9s par les commentaires de nos <strong>guides passionn\u00e9s<\/strong>&nbsp;!<\/p>\n\n\n    <section class=\"gutenberg-nextevents\">\n    <div class=\"container\">\n        <div class=\"gutenberg-nextevents__siders\">\n            <div class=\"gutenberg-nextevents__picto_container\">\n                <span class=\"img-row\">\n                                    <\/span>\n                <h2 class=\"title--default gutenberg-nextevents__title\">Prochaines visites guid\u00e9es<\/h2>\n            <\/div>\n            <form id=\"events-filters\" class=\"filters-row\">\n                    <input type=\"hidden\" name=\"ponctual\" id=\"ponctual\" value=\"\">\n    <input type=\"hidden\" name=\"number\" id=\"number\" value=\"3\">\n    \n\n            <\/form>\n        <\/div>\n        <div class=\"splide-nextevents\" id=\"events-row\">\n            <div class=\"splide-nextevents-track\">\n                <div class=\"card-list splide-nextevents-list\">\n                    <p class=\"alert\" role=\"status\">Chargement des \u00e9v\u00e9nements, veuillez patienter&#8230;<\/p>\n                <\/div>\n            <\/div>\n            <div class=\"splide__controls\">\n                <ul class=\"splide__pagination\"><\/ul>\n            <\/div>\n        <\/div>\n\n                    <p class=\"call\">\n                    \n    <a href=\"https:\/\/jacobins.toulouse.fr\/fr\/agenda\/?period=&#038;events=&#038;date-start=&#038;date-end=&#038;type%5B%5D=22&#038;type%5B%5D=20\" class=\"btn acf-link\">VOIR TOUTES LES VISITES Guid\u00e9es<\/a>\n\n                <\/p>\n            <\/div>\n<\/section><\/div>\n<\/div><\/div><\/section>\n\n<section class=\"section-group\"><div class=\"container\"><div class=\"pure-g\">\n<div class=\"wp-block-group is-layout-constrained wp-block-group-is-layout-constrained\">\n<p>En plus des visites guid\u00e9es classiques, le Couvent des Jacobins propose <strong>d\u2019autres formules\u202f: visites en groupe, visites privatives ou insolites<\/strong>, pour vivre une exp\u00e9rience sur\u2011mesure. Que vous soyez en comit\u00e9 d\u2019entreprise, association, famille ou entre amis, laissez vous guider autrement et explorez le monument \u00e0 votre rythme.<\/p>\n\n\n\n<div class=\"wp-block-buttons is-content-justification-center is-layout-flex wp-container-core-buttons-is-layout-16018d1d wp-block-buttons-is-layout-flex\">\n<div class=\"wp-block-button\"><a class=\"wp-block-button__link wp-element-button\" href=\"https:\/\/jacobins.toulouse.fr\/fr\/visites-insolites\/\">Voir nos visites insolites<\/a><\/div>\n\n\n\n<div class=\"wp-block-button\"><a class=\"wp-block-button__link wp-element-button\" href=\"https:\/\/jacobins.toulouse.fr\/fr\/venir-en-groupe\/visite-groupe\/\">VOIR NOS VISITES PRIVATIVES<\/a><\/div>\n<\/div>\n<\/div>\n<\/div><\/div><\/section>\n\n    <section class=\"gutenberg-immersive-visual alignfull\">\n          <picture class=\"splide__image\">\n            <source media=\"(min-width: 57.6rem)\"\n                    srcset=\"https:\/\/jacobins.toulouse.fr\/wp-content\/uploads\/sites\/12\/2023\/08\/Colorama-Bas.png 2880w, https:\/\/jacobins.toulouse.fr\/wp-content\/uploads\/sites\/12\/2023\/08\/Colorama-Bas-300x28.png 300w, https:\/\/jacobins.toulouse.fr\/wp-content\/uploads\/sites\/12\/2023\/08\/Colorama-Bas-1024x94.png 1024w, https:\/\/jacobins.toulouse.fr\/wp-content\/uploads\/sites\/12\/2023\/08\/Colorama-Bas-768x70.png 768w, https:\/\/jacobins.toulouse.fr\/wp-content\/uploads\/sites\/12\/2023\/08\/Colorama-Bas-1536x141.png 1536w, https:\/\/jacobins.toulouse.fr\/wp-content\/uploads\/sites\/12\/2023\/08\/Colorama-Bas-2048x188.png 2048w, https:\/\/jacobins.toulouse.fr\/wp-content\/uploads\/sites\/12\/2023\/08\/Colorama-Bas-414x38.png 414w\"\n                    class=\"attachment-full size-full pure-img\"\n                    >\n            <source\n                srcset=\"https:\/\/jacobins.toulouse.fr\/wp-content\/uploads\/sites\/12\/2023\/08\/Colorama-Mobile-BD.png 640w, https:\/\/jacobins.toulouse.fr\/wp-content\/uploads\/sites\/12\/2023\/08\/Colorama-Mobile-BD-300x141.png 300w, https:\/\/jacobins.toulouse.fr\/wp-content\/uploads\/sites\/12\/2023\/08\/Colorama-Mobile-BD-414x194.png 414w, https:\/\/jacobins.toulouse.fr\/wp-content\/uploads\/sites\/12\/2023\/08\/Colorama-Mobile-BD-213x100.png 213w\"\n                sizes=\"(max-width: 2880px) 100vw, 2880px\">\n            <img decoding=\"async\" src=\"https:\/\/jacobins.toulouse.fr\/wp-content\/uploads\/sites\/12\/2023\/08\/Colorama-Bas.png\"\n                srcset=\"https:\/\/jacobins.toulouse.fr\/wp-content\/uploads\/sites\/12\/2023\/08\/Colorama-Bas.png 2880w, https:\/\/jacobins.toulouse.fr\/wp-content\/uploads\/sites\/12\/2023\/08\/Colorama-Bas-300x28.png 300w, https:\/\/jacobins.toulouse.fr\/wp-content\/uploads\/sites\/12\/2023\/08\/Colorama-Bas-1024x94.png 1024w, https:\/\/jacobins.toulouse.fr\/wp-content\/uploads\/sites\/12\/2023\/08\/Colorama-Bas-768x70.png 768w, https:\/\/jacobins.toulouse.fr\/wp-content\/uploads\/sites\/12\/2023\/08\/Colorama-Bas-1536x141.png 1536w, https:\/\/jacobins.toulouse.fr\/wp-content\/uploads\/sites\/12\/2023\/08\/Colorama-Bas-2048x188.png 2048w, https:\/\/jacobins.toulouse.fr\/wp-content\/uploads\/sites\/12\/2023\/08\/Colorama-Bas-414x38.png 414w\"\n                sizes=\"(min-width: 60rem) 60rem, 100vw\"\n                class=\"splide__image\"\n                alt=\"\"\n            >\n          <\/picture>\n            <\/section>\n","protected":false},"excerpt":{"rendered":"<p>D\u00e9couvrez l&rsquo;un des tr\u00e9sors historiques et architectural de Toulouse gr\u00e2ces aux diff\u00e9rentes visites guid\u00e9es propos\u00e9es par le Couvent des Jacobins. Pourquoi choisir une visite guid\u00e9e ? Con\u00e7ues pour offrir une exp\u00e9rience immersive et \u00e9ducative, l&rsquo;ensemble&hellip;<\/p>\n","protected":false},"author":69,"featured_media":0,"parent":0,"menu_order":0,"comment_status":"closed","ping_status":"closed","template":"","meta":{"_acf_changed":false,"footnotes":""},"class_list":["post-1165","page","type-page","status-publish","hentry"],"acf":[],"yoast_head":"<!-- This site is optimized with the Yoast SEO plugin v27.0 - https:\/\/yoast.com\/product\/yoast-seo-wordpress\/ -->\n<title>Visites guid\u00e9es - Couvent des Jacobins<\/title>\n<meta name=\"robots\" content=\"index, follow, max-snippet:-1, max-image-preview:large, max-video-preview:-1\" \/>\n<link rel=\"canonical\" href=\"https:\/\/jacobins.toulouse.fr\/fr\/visites-guidees\/\" \/>\n<meta property=\"og:locale\" content=\"fr_FR\" \/>\n<meta property=\"og:type\" content=\"article\" \/>\n<meta property=\"og:title\" content=\"Visites guid\u00e9es - Couvent des Jacobins\" \/>\n<meta property=\"og:description\" content=\"D\u00e9couvrez l&rsquo;un des tr\u00e9sors historiques et architectural de Toulouse gr\u00e2ces aux diff\u00e9rentes visites guid\u00e9es propos\u00e9es par le Couvent des Jacobins. Pourquoi choisir une visite guid\u00e9e ? Con\u00e7ues pour offrir une exp\u00e9rience immersive et \u00e9ducative, l&rsquo;ensemble&hellip;\" \/>\n<meta property=\"og:url\" content=\"https:\/\/jacobins.toulouse.fr\/fr\/visites-guidees\/\" \/>\n<meta property=\"og:site_name\" content=\"Couvent des Jacobins\" \/>\n<meta property=\"article:modified_time\" content=\"2026-01-07T09:01:35+00:00\" \/>\n<meta name=\"twitter:card\" content=\"summary_large_image\" \/>\n<meta name=\"twitter:label1\" content=\"Dur\u00e9e de lecture estim\u00e9e\" \/>\n\t<meta name=\"twitter:data1\" content=\"2 minutes\" \/>\n<script type=\"application\/ld+json\" class=\"yoast-schema-graph\">{\"@context\":\"https:\/\/schema.org\",\"@graph\":[{\"@type\":\"WebPage\",\"@id\":\"https:\/\/jacobins.toulouse.fr\/fr\/visites-guidees\/\",\"url\":\"https:\/\/jacobins.toulouse.fr\/fr\/visites-guidees\/\",\"name\":\"Visites guid\u00e9es - Couvent des Jacobins\",\"isPartOf\":{\"@id\":\"https:\/\/jacobins.toulouse.fr\/fr\/#website\"},\"datePublished\":\"2023-09-21T09:28:48+00:00\",\"dateModified\":\"2026-01-07T09:01:35+00:00\",\"breadcrumb\":{\"@id\":\"https:\/\/jacobins.toulouse.fr\/fr\/visites-guidees\/#breadcrumb\"},\"inLanguage\":\"fr-FR\",\"potentialAction\":[{\"@type\":\"ReadAction\",\"target\":[\"https:\/\/jacobins.toulouse.fr\/fr\/visites-guidees\/\"]}]},{\"@type\":\"BreadcrumbList\",\"@id\":\"https:\/\/jacobins.toulouse.fr\/fr\/visites-guidees\/#breadcrumb\",\"itemListElement\":[{\"@type\":\"ListItem\",\"position\":1,\"name\":\"Accueil\",\"item\":\"https:\/\/jacobins.toulouse.fr\/fr\/\"},{\"@type\":\"ListItem\",\"position\":2,\"name\":\"Visites guid\u00e9es\"}]},{\"@type\":\"WebSite\",\"@id\":\"https:\/\/jacobins.toulouse.fr\/fr\/#website\",\"url\":\"https:\/\/jacobins.toulouse.fr\/fr\/\",\"name\":\"Couvent des Jacobins\",\"description\":\"\",\"publisher\":{\"@id\":\"https:\/\/jacobins.toulouse.fr\/fr\/#organization\"},\"potentialAction\":[{\"@type\":\"SearchAction\",\"target\":{\"@type\":\"EntryPoint\",\"urlTemplate\":\"https:\/\/jacobins.toulouse.fr\/fr\/search\/{search_term_string}\"},\"query-input\":{\"@type\":\"PropertyValueSpecification\",\"valueRequired\":true,\"valueName\":\"search_term_string\"}}],\"inLanguage\":\"fr-FR\"},{\"@type\":\"Organization\",\"@id\":\"https:\/\/jacobins.toulouse.fr\/fr\/#organization\",\"name\":\"Couvent des Jacobins\",\"url\":\"https:\/\/jacobins.toulouse.fr\/fr\/\",\"logo\":{\"@type\":\"ImageObject\",\"inLanguage\":\"fr-FR\",\"@id\":\"https:\/\/jacobins.toulouse.fr\/fr\/#\/schema\/logo\/image\/\",\"url\":\"https:\/\/jacobins.toulouse.fr\/wp-content\/uploads\/sites\/12\/2023\/08\/cropped-cropped-Logo-Jacobins.png\",\"contentUrl\":\"https:\/\/jacobins.toulouse.fr\/wp-content\/uploads\/sites\/12\/2023\/08\/cropped-cropped-Logo-Jacobins.png\",\"width\":254,\"height\":150,\"caption\":\"Couvent des Jacobins\"},\"image\":{\"@id\":\"https:\/\/jacobins.toulouse.fr\/fr\/#\/schema\/logo\/image\/\"}}]}<\/script>\n<!-- \/ Yoast SEO plugin. -->","yoast_head_json":{"title":"Visites guid\u00e9es - Couvent des Jacobins","robots":{"index":"index","follow":"follow","max-snippet":"max-snippet:-1","max-image-preview":"max-image-preview:large","max-video-preview":"max-video-preview:-1"},"canonical":"https:\/\/jacobins.toulouse.fr\/fr\/visites-guidees\/","og_locale":"fr_FR","og_type":"article","og_title":"Visites guid\u00e9es - Couvent des Jacobins","og_description":"D\u00e9couvrez l&rsquo;un des tr\u00e9sors historiques et architectural de Toulouse gr\u00e2ces aux diff\u00e9rentes visites guid\u00e9es propos\u00e9es par le Couvent des Jacobins. Pourquoi choisir une visite guid\u00e9e ? Con\u00e7ues pour offrir une exp\u00e9rience immersive et \u00e9ducative, l&rsquo;ensemble&hellip;","og_url":"https:\/\/jacobins.toulouse.fr\/fr\/visites-guidees\/","og_site_name":"Couvent des Jacobins","article_modified_time":"2026-01-07T09:01:35+00:00","twitter_card":"summary_large_image","twitter_misc":{"Dur\u00e9e de lecture estim\u00e9e":"2 minutes"},"schema":{"@context":"https:\/\/schema.org","@graph":[{"@type":"WebPage","@id":"https:\/\/jacobins.toulouse.fr\/fr\/visites-guidees\/","url":"https:\/\/jacobins.toulouse.fr\/fr\/visites-guidees\/","name":"Visites guid\u00e9es - Couvent des Jacobins","isPartOf":{"@id":"https:\/\/jacobins.toulouse.fr\/fr\/#website"},"datePublished":"2023-09-21T09:28:48+00:00","dateModified":"2026-01-07T09:01:35+00:00","breadcrumb":{"@id":"https:\/\/jacobins.toulouse.fr\/fr\/visites-guidees\/#breadcrumb"},"inLanguage":"fr-FR","potentialAction":[{"@type":"ReadAction","target":["https:\/\/jacobins.toulouse.fr\/fr\/visites-guidees\/"]}]},{"@type":"BreadcrumbList","@id":"https:\/\/jacobins.toulouse.fr\/fr\/visites-guidees\/#breadcrumb","itemListElement":[{"@type":"ListItem","position":1,"name":"Accueil","item":"https:\/\/jacobins.toulouse.fr\/fr\/"},{"@type":"ListItem","position":2,"name":"Visites guid\u00e9es"}]},{"@type":"WebSite","@id":"https:\/\/jacobins.toulouse.fr\/fr\/#website","url":"https:\/\/jacobins.toulouse.fr\/fr\/","name":"Couvent des Jacobins","description":"","publisher":{"@id":"https:\/\/jacobins.toulouse.fr\/fr\/#organization"},"potentialAction":[{"@type":"SearchAction","target":{"@type":"EntryPoint","urlTemplate":"https:\/\/jacobins.toulouse.fr\/fr\/search\/{search_term_string}"},"query-input":{"@type":"PropertyValueSpecification","valueRequired":true,"valueName":"search_term_string"}}],"inLanguage":"fr-FR"},{"@type":"Organization","@id":"https:\/\/jacobins.toulouse.fr\/fr\/#organization","name":"Couvent des Jacobins","url":"https:\/\/jacobins.toulouse.fr\/fr\/","logo":{"@type":"ImageObject","inLanguage":"fr-FR","@id":"https:\/\/jacobins.toulouse.fr\/fr\/#\/schema\/logo\/image\/","url":"https:\/\/jacobins.toulouse.fr\/wp-content\/uploads\/sites\/12\/2023\/08\/cropped-cropped-Logo-Jacobins.png","contentUrl":"https:\/\/jacobins.toulouse.fr\/wp-content\/uploads\/sites\/12\/2023\/08\/cropped-cropped-Logo-Jacobins.png","width":254,"height":150,"caption":"Couvent des Jacobins"},"image":{"@id":"https:\/\/jacobins.toulouse.fr\/fr\/#\/schema\/logo\/image\/"}}]}},"_links":{"self":[{"href":"https:\/\/jacobins.toulouse.fr\/fr\/wp-json\/wp\/v2\/pages\/1165","targetHints":{"allow":["GET"]}}],"collection":[{"href":"https:\/\/jacobins.toulouse.fr\/fr\/wp-json\/wp\/v2\/pages"}],"about":[{"href":"https:\/\/jacobins.toulouse.fr\/fr\/wp-json\/wp\/v2\/types\/page"}],"author":[{"embeddable":true,"href":"https:\/\/jacobins.toulouse.fr\/fr\/wp-json\/wp\/v2\/users\/69"}],"replies":[{"embeddable":true,"href":"https:\/\/jacobins.toulouse.fr\/fr\/wp-json\/wp\/v2\/comments?post=1165"}],"version-history":[{"count":260,"href":"https:\/\/jacobins.toulouse.fr\/fr\/wp-json\/wp\/v2\/pages\/1165\/revisions"}],"predecessor-version":[{"id":10829,"href":"https:\/\/jacobins.toulouse.fr\/fr\/wp-json\/wp\/v2\/pages\/1165\/revisions\/10829"}],"wp:attachment":[{"href":"https:\/\/jacobins.toulouse.fr\/fr\/wp-json\/wp\/v2\/media?parent=1165"}],"curies":[{"name":"wp","href":"https:\/\/api.w.org\/{rel}","templated":true}]}}