{"id":1167,"date":"2023-09-21T11:29:10","date_gmt":"2023-09-21T09:29:10","guid":{"rendered":"https:\/\/jacobins.toulouse.fr\/?page_id=1167"},"modified":"2026-03-31T12:31:00","modified_gmt":"2026-03-31T10:31:00","slug":"vacances-aux-jacobins","status":"publish","type":"page","link":"https:\/\/jacobins.toulouse.fr\/fr\/vacances-aux-jacobins\/","title":{"rendered":"Vacances aux Jacobins"},"content":{"rendered":"<section class=\"section-group\"><div class=\"container\"><div class=\"pure-g\">\n<div class=\"wp-block-group has-black-color has-text-color is-layout-constrained wp-block-group-is-layout-constrained\">\n<p class=\"has-large-font-size\">Vivez des vacances m\u00e9morables au c\u0153ur de Toulouse ! Au Couvent des Jacobins inscrit au patrimoine, nous proposons une <strong>programmation sp\u00e9ciale pendant les vacances scolaires<\/strong> (zone C) : animations, ateliers, visites participatives, exp\u00e9riences immersives pour tous les \u00e2ges. Cette <strong>programmation exclusive <\/strong>est \u00e0 vivre en <strong>famille<\/strong>, entre <strong>amis <\/strong>ou en <strong>solo<\/strong>. Retrouvez toutes les activit\u00e9s dans notre programme des vacances (animations, visites, ateliers&#8230;) et r\u00e9servez sur notre billetterie.<\/p>\n<\/div>\n<\/div><\/div><\/section>\n\n<section class=\"section-group\"><div class=\"container\"><div class=\"pure-g\">\n<div class=\"wp-block-group is-layout-constrained wp-block-group-is-layout-constrained\">\n<h2 class=\"wp-block-heading has-text-align-left\" id=\"programme-vacances\">Des vacances pour tous<\/h2>\n\n\n\n<p>D\u00e9couvrez le programme du Couvent des Jacobins, visible en page 10.<\/p>\n\n\n\n<div style=\"text-align:center;\"><iframe loading=\"lazy\" src=\"\/\/v.calameo.com\/?bkcode=005971811dfb6f62a630f&#038;mode=mini\" width=\"800\" height=\"500\" frameborder=\"0\" scrolling=\"no\" allowtransparency allowfullscreen style=\"margin:0 auto;\"><\/iframe><\/div>\n\n\n\n<div class=\"wp-block-buttons is-content-justification-center is-layout-flex wp-container-core-buttons-is-layout-16018d1d wp-block-buttons-is-layout-flex\">\n<div class=\"wp-block-button\"><a class=\"wp-block-button__link wp-element-button\" href=\"https:\/\/www.calameo.com\/toulouse\/read\/005971811dfb6f62a630f\" target=\"_blank\" rel=\"noreferrer noopener\">T\u00e9l\u00e9charger le programme de la saison en cours<\/a><\/div>\n<\/div>\n<\/div>\n<\/div><\/div><\/section>\n\n<section class=\"section-group\"><div class=\"container\"><div class=\"pure-g\">\n<div class=\"wp-block-group is-layout-constrained wp-block-group-is-layout-constrained\">\n<h2 class=\"wp-block-heading\" id=\"des-vacances-en-famille\">Des vacances en famille<\/h2>\n\n\n\n<div class=\"wp-block-columns is-style-border is-layout-flex wp-container-core-columns-is-layout-9d6595d7 wp-block-columns-is-layout-flex\">\n<div class=\"wp-block-column is-layout-flow wp-block-column-is-layout-flow\" style=\"flex-basis:33%\">\n<figure   aria-label=\"\"  class=\"wp-block-image size-full\"><img loading=\"lazy\" decoding=\"async\" width=\"1000\" height=\"750\" src=\"https:\/\/jacobins.toulouse.fr\/wp-content\/uploads\/sites\/12\/2024\/06\/animation-1.jpg\" alt=\"\" class=\"wp-image-8404\" srcset=\"https:\/\/jacobins.toulouse.fr\/wp-content\/uploads\/sites\/12\/2024\/06\/animation-1.jpg 1000w, https:\/\/jacobins.toulouse.fr\/wp-content\/uploads\/sites\/12\/2024\/06\/animation-1-300x225.jpg 300w, https:\/\/jacobins.toulouse.fr\/wp-content\/uploads\/sites\/12\/2024\/06\/animation-1-768x576.jpg 768w, https:\/\/jacobins.toulouse.fr\/wp-content\/uploads\/sites\/12\/2024\/06\/animation-1-414x311.jpg 414w\" sizes=\"(max-width: 1000px) 100vw, 1000px\" \/><\/figure>\n\n\n\n<h3 class=\"wp-block-heading has-text-align-center\" id=\"animations-variees\" style=\"font-size:25px\">Animations vari\u00e9es<\/h3>\n\n\n\n<p class=\"has-text-align-center\" style=\"font-size:19px\">Id\u00e9ales pour comprendre les rudiments de la cuisine m\u00e9di\u00e9vale, percer les secrets de fabrication des manuscrits ou encore d\u00e9couvrir les techniques de construction des b\u00e2tisseurs de l\u2019\u00e9poque.<\/p>\n\n\n\n<p class=\"has-text-align-center has-small-font-size\"><em>Comprises dans le billet d&rsquo;entr\u00e9e<\/em><\/p>\n<\/div>\n\n\n\n<div class=\"wp-block-column is-layout-flow wp-block-column-is-layout-flow\" style=\"flex-basis:33%\">\n<figure   aria-label=\"\"  class=\"wp-block-image alignfull size-full\"><img loading=\"lazy\" decoding=\"async\" width=\"889\" height=\"667\" src=\"https:\/\/jacobins.toulouse.fr\/wp-content\/uploads\/sites\/12\/2024\/06\/atelier-edited.jpg\" alt=\"\" class=\"wp-image-8391\" srcset=\"https:\/\/jacobins.toulouse.fr\/wp-content\/uploads\/sites\/12\/2024\/06\/atelier-edited.jpg 889w, https:\/\/jacobins.toulouse.fr\/wp-content\/uploads\/sites\/12\/2024\/06\/atelier-edited-300x225.jpg 300w, https:\/\/jacobins.toulouse.fr\/wp-content\/uploads\/sites\/12\/2024\/06\/atelier-edited-768x576.jpg 768w, https:\/\/jacobins.toulouse.fr\/wp-content\/uploads\/sites\/12\/2024\/06\/atelier-edited-414x311.jpg 414w\" sizes=\"(max-width: 889px) 100vw, 889px\" \/><\/figure>\n\n\n\n<h3 class=\"wp-block-heading has-text-align-center\" id=\"ateliers-decouverte\" style=\"font-size:25px\">Ateliers D\u00e9couverte<\/h3>\n\n\n\n<p class=\"has-text-align-center\" style=\"font-size:19px\">Profitez \u00e9galement de balades en famille dont le contenu historique s&rsquo;ensuit d&rsquo;un moment en atelier o\u00f9 vous pourrez exprimer votre cr\u00e9ativit\u00e9. <\/p>\n<\/div>\n\n\n\n<div class=\"wp-block-column is-layout-flow wp-block-column-is-layout-flow\" style=\"flex-basis:33%\">\n<figure   aria-label=\"\"  class=\"wp-block-image alignfull size-full\"><img loading=\"lazy\" decoding=\"async\" width=\"1000\" height=\"750\" src=\"https:\/\/jacobins.toulouse.fr\/wp-content\/uploads\/sites\/12\/2024\/06\/experiences.jpg\" alt=\"\" class=\"wp-image-8388\" srcset=\"https:\/\/jacobins.toulouse.fr\/wp-content\/uploads\/sites\/12\/2024\/06\/experiences.jpg 1000w, https:\/\/jacobins.toulouse.fr\/wp-content\/uploads\/sites\/12\/2024\/06\/experiences-300x225.jpg 300w, https:\/\/jacobins.toulouse.fr\/wp-content\/uploads\/sites\/12\/2024\/06\/experiences-768x576.jpg 768w, https:\/\/jacobins.toulouse.fr\/wp-content\/uploads\/sites\/12\/2024\/06\/experiences-414x311.jpg 414w\" sizes=\"(max-width: 1000px) 100vw, 1000px\" \/><\/figure>\n\n\n\n<h3 class=\"wp-block-heading has-text-align-center\" id=\"experiences-immersives\" style=\"font-size:25px\">Exp\u00e9riences immersives<\/h3>\n\n\n\n<p class=\"has-text-align-center\" style=\"font-size:19px\">Rev\u00eatir de somptueux costumes m\u00e9di\u00e9vaux ? C&rsquo;est possible gr\u00e2ce aux animations organis\u00e9es \u00e0 l&rsquo;ann\u00e9e et visites costum\u00e9es en famille lors des expositions temporaires.<\/p>\n<\/div>\n<\/div>\n<\/div>\n<\/div><\/div><\/section>\n\n    <section class=\"gutenberg-immersive-visual alignfull imp_unset-margin\">\n<img loading=\"lazy\" decoding=\"async\" width=\"1440\" height=\"400\" src=\"https:\/\/jacobins.toulouse.fr\/wp-content\/uploads\/sites\/12\/2023\/10\/Vacances_\u00a9Alexandre-Ollier.jpg\" class=\"attachment-full size-full\" alt=\"\" title=\"\" srcset=\"https:\/\/jacobins.toulouse.fr\/wp-content\/uploads\/sites\/12\/2023\/10\/Vacances_\u00a9Alexandre-Ollier.jpg 1440w, https:\/\/jacobins.toulouse.fr\/wp-content\/uploads\/sites\/12\/2023\/10\/Vacances_\u00a9Alexandre-Ollier-300x83.jpg 300w, https:\/\/jacobins.toulouse.fr\/wp-content\/uploads\/sites\/12\/2023\/10\/Vacances_\u00a9Alexandre-Ollier-1024x284.jpg 1024w, https:\/\/jacobins.toulouse.fr\/wp-content\/uploads\/sites\/12\/2023\/10\/Vacances_\u00a9Alexandre-Ollier-768x213.jpg 768w, https:\/\/jacobins.toulouse.fr\/wp-content\/uploads\/sites\/12\/2023\/10\/Vacances_\u00a9Alexandre-Ollier-414x115.jpg 414w\" sizes=\"(max-width: 1440px) 100vw, 1440px\" itemprop=\"image\" \/>    <\/section>\n","protected":false},"excerpt":{"rendered":"<p>Vivez des vacances m\u00e9morables au c\u0153ur de Toulouse ! Au Couvent des Jacobins inscrit au patrimoine, nous proposons une programmation sp\u00e9ciale pendant les vacances scolaires (zone C) : animations, ateliers, visites participatives, exp\u00e9riences immersives pour&hellip;<\/p>\n","protected":false},"author":69,"featured_media":0,"parent":0,"menu_order":0,"comment_status":"closed","ping_status":"closed","template":"","meta":{"_acf_changed":false,"footnotes":""},"class_list":["post-1167","page","type-page","status-publish","hentry"],"acf":[],"yoast_head":"<!-- This site is optimized with the Yoast SEO plugin v27.0 - https:\/\/yoast.com\/product\/yoast-seo-wordpress\/ -->\n<title>Vacances aux Jacobins - Couvent des Jacobins<\/title>\n<meta name=\"robots\" content=\"index, follow, max-snippet:-1, max-image-preview:large, max-video-preview:-1\" \/>\n<link rel=\"canonical\" href=\"https:\/\/jacobins.toulouse.fr\/fr\/vacances-aux-jacobins\/\" \/>\n<meta property=\"og:locale\" content=\"fr_FR\" \/>\n<meta property=\"og:type\" content=\"article\" \/>\n<meta property=\"og:title\" content=\"Vacances aux Jacobins - Couvent des Jacobins\" \/>\n<meta property=\"og:description\" content=\"Vivez des vacances m\u00e9morables au c\u0153ur de Toulouse ! Au Couvent des Jacobins inscrit au patrimoine, nous proposons une programmation sp\u00e9ciale pendant les vacances scolaires (zone C) : animations, ateliers, visites participatives, exp\u00e9riences immersives pour&hellip;\" \/>\n<meta property=\"og:url\" content=\"https:\/\/jacobins.toulouse.fr\/fr\/vacances-aux-jacobins\/\" \/>\n<meta property=\"og:site_name\" content=\"Couvent des Jacobins\" \/>\n<meta property=\"article:modified_time\" content=\"2026-03-31T10:31:00+00:00\" \/>\n<meta property=\"og:image\" content=\"https:\/\/jacobins.toulouse.fr\/wp-content\/uploads\/sites\/12\/2024\/06\/animation-1.jpg\" \/>\n\t<meta property=\"og:image:width\" content=\"1000\" \/>\n\t<meta property=\"og:image:height\" content=\"750\" \/>\n\t<meta property=\"og:image:type\" content=\"image\/jpeg\" \/>\n<meta name=\"twitter:card\" content=\"summary_large_image\" \/>\n<meta name=\"twitter:label1\" content=\"Dur\u00e9e de lecture estim\u00e9e\" \/>\n\t<meta name=\"twitter:data1\" content=\"2 minutes\" \/>\n<script type=\"application\/ld+json\" class=\"yoast-schema-graph\">{\"@context\":\"https:\/\/schema.org\",\"@graph\":[{\"@type\":\"WebPage\",\"@id\":\"https:\/\/jacobins.toulouse.fr\/fr\/vacances-aux-jacobins\/\",\"url\":\"https:\/\/jacobins.toulouse.fr\/fr\/vacances-aux-jacobins\/\",\"name\":\"Vacances aux Jacobins - Couvent des Jacobins\",\"isPartOf\":{\"@id\":\"https:\/\/jacobins.toulouse.fr\/fr\/#website\"},\"primaryImageOfPage\":{\"@id\":\"https:\/\/jacobins.toulouse.fr\/fr\/vacances-aux-jacobins\/#primaryimage\"},\"image\":{\"@id\":\"https:\/\/jacobins.toulouse.fr\/fr\/vacances-aux-jacobins\/#primaryimage\"},\"thumbnailUrl\":\"https:\/\/jacobins.toulouse.fr\/wp-content\/uploads\/sites\/12\/2024\/06\/animation-1.jpg\",\"datePublished\":\"2023-09-21T09:29:10+00:00\",\"dateModified\":\"2026-03-31T10:31:00+00:00\",\"breadcrumb\":{\"@id\":\"https:\/\/jacobins.toulouse.fr\/fr\/vacances-aux-jacobins\/#breadcrumb\"},\"inLanguage\":\"fr-FR\",\"potentialAction\":[{\"@type\":\"ReadAction\",\"target\":[\"https:\/\/jacobins.toulouse.fr\/fr\/vacances-aux-jacobins\/\"]}]},{\"@type\":\"ImageObject\",\"inLanguage\":\"fr-FR\",\"@id\":\"https:\/\/jacobins.toulouse.fr\/fr\/vacances-aux-jacobins\/#primaryimage\",\"url\":\"https:\/\/jacobins.toulouse.fr\/wp-content\/uploads\/sites\/12\/2024\/06\/animation-1.jpg\",\"contentUrl\":\"https:\/\/jacobins.toulouse.fr\/wp-content\/uploads\/sites\/12\/2024\/06\/animation-1.jpg\"},{\"@type\":\"BreadcrumbList\",\"@id\":\"https:\/\/jacobins.toulouse.fr\/fr\/vacances-aux-jacobins\/#breadcrumb\",\"itemListElement\":[{\"@type\":\"ListItem\",\"position\":1,\"name\":\"Accueil\",\"item\":\"https:\/\/jacobins.toulouse.fr\/fr\/\"},{\"@type\":\"ListItem\",\"position\":2,\"name\":\"Vacances aux Jacobins\"}]},{\"@type\":\"WebSite\",\"@id\":\"https:\/\/jacobins.toulouse.fr\/fr\/#website\",\"url\":\"https:\/\/jacobins.toulouse.fr\/fr\/\",\"name\":\"Couvent des Jacobins\",\"description\":\"\",\"publisher\":{\"@id\":\"https:\/\/jacobins.toulouse.fr\/fr\/#organization\"},\"potentialAction\":[{\"@type\":\"SearchAction\",\"target\":{\"@type\":\"EntryPoint\",\"urlTemplate\":\"https:\/\/jacobins.toulouse.fr\/fr\/search\/{search_term_string}\"},\"query-input\":{\"@type\":\"PropertyValueSpecification\",\"valueRequired\":true,\"valueName\":\"search_term_string\"}}],\"inLanguage\":\"fr-FR\"},{\"@type\":\"Organization\",\"@id\":\"https:\/\/jacobins.toulouse.fr\/fr\/#organization\",\"name\":\"Couvent des Jacobins\",\"url\":\"https:\/\/jacobins.toulouse.fr\/fr\/\",\"logo\":{\"@type\":\"ImageObject\",\"inLanguage\":\"fr-FR\",\"@id\":\"https:\/\/jacobins.toulouse.fr\/fr\/#\/schema\/logo\/image\/\",\"url\":\"https:\/\/jacobins.toulouse.fr\/wp-content\/uploads\/sites\/12\/2023\/08\/cropped-cropped-Logo-Jacobins.png\",\"contentUrl\":\"https:\/\/jacobins.toulouse.fr\/wp-content\/uploads\/sites\/12\/2023\/08\/cropped-cropped-Logo-Jacobins.png\",\"width\":254,\"height\":150,\"caption\":\"Couvent des Jacobins\"},\"image\":{\"@id\":\"https:\/\/jacobins.toulouse.fr\/fr\/#\/schema\/logo\/image\/\"}}]}<\/script>\n<!-- \/ Yoast SEO plugin. -->","yoast_head_json":{"title":"Vacances aux Jacobins - Couvent des Jacobins","robots":{"index":"index","follow":"follow","max-snippet":"max-snippet:-1","max-image-preview":"max-image-preview:large","max-video-preview":"max-video-preview:-1"},"canonical":"https:\/\/jacobins.toulouse.fr\/fr\/vacances-aux-jacobins\/","og_locale":"fr_FR","og_type":"article","og_title":"Vacances aux Jacobins - Couvent des Jacobins","og_description":"Vivez des vacances m\u00e9morables au c\u0153ur de Toulouse ! Au Couvent des Jacobins inscrit au patrimoine, nous proposons une programmation sp\u00e9ciale pendant les vacances scolaires (zone C) : animations, ateliers, visites participatives, exp\u00e9riences immersives pour&hellip;","og_url":"https:\/\/jacobins.toulouse.fr\/fr\/vacances-aux-jacobins\/","og_site_name":"Couvent des Jacobins","article_modified_time":"2026-03-31T10:31:00+00:00","og_image":[{"width":1000,"height":750,"url":"https:\/\/jacobins.toulouse.fr\/wp-content\/uploads\/sites\/12\/2024\/06\/animation-1.jpg","type":"image\/jpeg"}],"twitter_card":"summary_large_image","twitter_misc":{"Dur\u00e9e de lecture estim\u00e9e":"2 minutes"},"schema":{"@context":"https:\/\/schema.org","@graph":[{"@type":"WebPage","@id":"https:\/\/jacobins.toulouse.fr\/fr\/vacances-aux-jacobins\/","url":"https:\/\/jacobins.toulouse.fr\/fr\/vacances-aux-jacobins\/","name":"Vacances aux Jacobins - Couvent des Jacobins","isPartOf":{"@id":"https:\/\/jacobins.toulouse.fr\/fr\/#website"},"primaryImageOfPage":{"@id":"https:\/\/jacobins.toulouse.fr\/fr\/vacances-aux-jacobins\/#primaryimage"},"image":{"@id":"https:\/\/jacobins.toulouse.fr\/fr\/vacances-aux-jacobins\/#primaryimage"},"thumbnailUrl":"https:\/\/jacobins.toulouse.fr\/wp-content\/uploads\/sites\/12\/2024\/06\/animation-1.jpg","datePublished":"2023-09-21T09:29:10+00:00","dateModified":"2026-03-31T10:31:00+00:00","breadcrumb":{"@id":"https:\/\/jacobins.toulouse.fr\/fr\/vacances-aux-jacobins\/#breadcrumb"},"inLanguage":"fr-FR","potentialAction":[{"@type":"ReadAction","target":["https:\/\/jacobins.toulouse.fr\/fr\/vacances-aux-jacobins\/"]}]},{"@type":"ImageObject","inLanguage":"fr-FR","@id":"https:\/\/jacobins.toulouse.fr\/fr\/vacances-aux-jacobins\/#primaryimage","url":"https:\/\/jacobins.toulouse.fr\/wp-content\/uploads\/sites\/12\/2024\/06\/animation-1.jpg","contentUrl":"https:\/\/jacobins.toulouse.fr\/wp-content\/uploads\/sites\/12\/2024\/06\/animation-1.jpg"},{"@type":"BreadcrumbList","@id":"https:\/\/jacobins.toulouse.fr\/fr\/vacances-aux-jacobins\/#breadcrumb","itemListElement":[{"@type":"ListItem","position":1,"name":"Accueil","item":"https:\/\/jacobins.toulouse.fr\/fr\/"},{"@type":"ListItem","position":2,"name":"Vacances aux Jacobins"}]},{"@type":"WebSite","@id":"https:\/\/jacobins.toulouse.fr\/fr\/#website","url":"https:\/\/jacobins.toulouse.fr\/fr\/","name":"Couvent des Jacobins","description":"","publisher":{"@id":"https:\/\/jacobins.toulouse.fr\/fr\/#organization"},"potentialAction":[{"@type":"SearchAction","target":{"@type":"EntryPoint","urlTemplate":"https:\/\/jacobins.toulouse.fr\/fr\/search\/{search_term_string}"},"query-input":{"@type":"PropertyValueSpecification","valueRequired":true,"valueName":"search_term_string"}}],"inLanguage":"fr-FR"},{"@type":"Organization","@id":"https:\/\/jacobins.toulouse.fr\/fr\/#organization","name":"Couvent des Jacobins","url":"https:\/\/jacobins.toulouse.fr\/fr\/","logo":{"@type":"ImageObject","inLanguage":"fr-FR","@id":"https:\/\/jacobins.toulouse.fr\/fr\/#\/schema\/logo\/image\/","url":"https:\/\/jacobins.toulouse.fr\/wp-content\/uploads\/sites\/12\/2023\/08\/cropped-cropped-Logo-Jacobins.png","contentUrl":"https:\/\/jacobins.toulouse.fr\/wp-content\/uploads\/sites\/12\/2023\/08\/cropped-cropped-Logo-Jacobins.png","width":254,"height":150,"caption":"Couvent des Jacobins"},"image":{"@id":"https:\/\/jacobins.toulouse.fr\/fr\/#\/schema\/logo\/image\/"}}]}},"_links":{"self":[{"href":"https:\/\/jacobins.toulouse.fr\/fr\/wp-json\/wp\/v2\/pages\/1167","targetHints":{"allow":["GET"]}}],"collection":[{"href":"https:\/\/jacobins.toulouse.fr\/fr\/wp-json\/wp\/v2\/pages"}],"about":[{"href":"https:\/\/jacobins.toulouse.fr\/fr\/wp-json\/wp\/v2\/types\/page"}],"author":[{"embeddable":true,"href":"https:\/\/jacobins.toulouse.fr\/fr\/wp-json\/wp\/v2\/users\/69"}],"replies":[{"embeddable":true,"href":"https:\/\/jacobins.toulouse.fr\/fr\/wp-json\/wp\/v2\/comments?post=1167"}],"version-history":[{"count":166,"href":"https:\/\/jacobins.toulouse.fr\/fr\/wp-json\/wp\/v2\/pages\/1167\/revisions"}],"predecessor-version":[{"id":10953,"href":"https:\/\/jacobins.toulouse.fr\/fr\/wp-json\/wp\/v2\/pages\/1167\/revisions\/10953"}],"wp:attachment":[{"href":"https:\/\/jacobins.toulouse.fr\/fr\/wp-json\/wp\/v2\/media?parent=1167"}],"curies":[{"name":"wp","href":"https:\/\/api.w.org\/{rel}","templated":true}]}}