{"id":1169,"date":"2023-09-21T11:29:33","date_gmt":"2023-09-21T09:29:33","guid":{"rendered":"https:\/\/jacobins.toulouse.fr\/?page_id=1169"},"modified":"2025-11-13T10:13:40","modified_gmt":"2025-11-13T09:13:40","slug":"visites-insolites","status":"publish","type":"page","link":"https:\/\/jacobins.toulouse.fr\/fr\/visites-insolites\/","title":{"rendered":"Visites insolites"},"content":{"rendered":"<section class=\"section-group\"><div class=\"container\"><div class=\"pure-g\">\n<div class=\"wp-block-group is-layout-constrained wp-block-group-is-layout-constrained\">\n<p class=\"has-text-align-left\" style=\"font-size:19px\">Chaque visiteur m\u00e9rite de vivre une exp\u00e9rience qui sort de l&rsquo;ordinaire ! C&rsquo;est pourquoi des <strong>visites insolites sont organis\u00e9es en dehors des heures d&rsquo;ouverture<\/strong>, offrant l&rsquo;opportunit\u00e9 de d\u00e9couvrir les secrets et les tr\u00e9sors cach\u00e9s du monument dans une atmosph\u00e8re privil\u00e9gi\u00e9e et intimiste. Parfait pour d\u00e9couvrir le Couvent des Jacobins autrement !  <\/p>\n<\/div>\n<\/div><\/div><\/section>\n\n\n<figure  role=\"group\"  aria-label=\"Baguette\"  class=\"wp-block-image aligncenter size-full\"><a href=\"\/miracle-saint-antonin\"><img loading=\"lazy\" decoding=\"async\" width=\"100\" height=\"100\" src=\"https:\/\/jacobins.toulouse.fr\/wp-content\/uploads\/sites\/12\/2023\/10\/Test-GIF-100x100px-10.gif\" alt=\"\" class=\"wp-image-5512\"\/><\/a><\/figure>\n\n\n<section class=\"section-group\"><div class=\"container\"><div class=\"pure-g\">\n<div class=\"wp-block-group is-layout-constrained wp-block-group-is-layout-constrained\">\n<h2 class=\"wp-block-heading\" id=\"l-extraordinaire-aux-jacobins\" style=\"font-size:35px\">L&rsquo;extraordinaire aux Jacobins<\/h2>\n\n\n\n<p>Quand l&rsquo;histoire prend vie de mani\u00e8re unique et fascinante !<\/p>\n\n\n\n<div class=\"wp-block-columns is-style-border is-layout-flex wp-container-core-columns-is-layout-9d6595d7 wp-block-columns-is-layout-flex\">\n<div class=\"wp-block-column is-layout-flow wp-block-column-is-layout-flow\">\n<h3 class=\"wp-block-heading\" id=\"un-moment-privilegie\" style=\"font-size:25px\">Un moment privil\u00e9gi\u00e9<\/h3>\n\n\n\n<p style=\"font-size:19px\">Nos visites insolites vous donnent l&rsquo;opportunit\u00e9 de passer un moment exclusif en <strong>petit comit\u00e9<\/strong> et <strong>en dehors des horaires habituelles d&rsquo;ouverture au public<\/strong> : avant 10h pour d\u00e9marrer la journ\u00e9e du bon pied ou apr\u00e8s 18h au coucher du soleil. Profitez d&rsquo;une visite en compagnie d&rsquo;un guide et vivez une exp\u00e9rience de qualit\u00e9 !<\/p>\n<\/div>\n\n\n\n<div class=\"wp-block-column is-layout-flow wp-block-column-is-layout-flow\">\n<h3 class=\"wp-block-heading\" id=\"un-cadre-atypique\" style=\"font-size:25px\">Un cadre atypique<\/h3>\n\n\n\n<p style=\"font-size:19px\">De la visite nocturne aux matin\u00e9es dans le calme du clo\u00eetre, le couvent propose un ensemble de visites th\u00e9matiques qui valorisent le lieu et sauront vous surprendre. \u00ab\u00a0Visite th\u00e9\u00e2trale\u00a0\u00bb, \u00ab\u00a0Visite aux lampions\u00a0\u00bb, \u00ab\u00a0Visite gourmande\u00a0\u00bb, \u00ab\u00a0Petit d\u00e9jeuner aux Jacobins\u00a0\u00bb&#8230; des rendez-vous&nbsp;<strong>\u00e0 ne pas manquer<\/strong> !<\/p>\n<\/div>\n<\/div>\n<\/div>\n<\/div><\/div><\/section>\n\n\n<div class=\"wp-block-cover is-light\" style=\"min-height:354px;aspect-ratio:unset;\"><span aria-hidden=\"true\" class=\"wp-block-cover__background has-white-background-color has-background-dim-20 has-background-dim\"><\/span><div class=\"wp-block-cover__inner-container is-layout-flow wp-block-cover-is-layout-flow\">    <section class=\"gutenberg-nextevents\">\n    <div class=\"container\">\n        <div class=\"gutenberg-nextevents__siders\">\n            <div class=\"gutenberg-nextevents__picto_container\">\n                <span class=\"img-row\">\n                                    <\/span>\n                <h2 class=\"title--default gutenberg-nextevents__title\">Prochains rendez-vous<\/h2>\n            <\/div>\n            <form id=\"events-filters\" class=\"filters-row\">\n                    <input type=\"hidden\" name=\"ponctual\" id=\"ponctual\" value=\"\">\n    <input type=\"hidden\" name=\"number\" id=\"number\" value=\"3\">\n        <div class=\"filters-line hide-filters-container\">\n        <button type=\"button\" class=\"hide-filters open\" aria-expanded=\"true\">\n            <span class=\"iconContainer\">\n                <svg xmlns=\"http:\/\/www.w3.org\/2000\/svg\" width=\"12\" height=\"7\" aria-hidden=\"true\" focusable=\"false\" ><path d=\"M11.025 0 12 .978 6 7 0 .978.975 0 6 5.043 11.025 0Z\"\/><\/svg>\n            <\/span>\n            <span class=\"label\">\n                Masquer les filtres            <\/span>\n        <\/button>\n    <\/div>\n\n    <div class=\"filters-line taxonomy\">\n                        <label for=\"events-type-filter\" class=\"screen-reader-text hidden\">Quoi ?<\/label>\n                <select id=\"events-type-filter\" name=\"type\" title=\"Quoi ?\" class=\"hidden\">\n                    <option value=\"\">Quoi ?<\/option>\n                                            <option value=\"24\" >Atelier \u2013 Animation<\/option>\n                                            <option value=\"1008\" >Conf\u00e9rence<\/option>\n                                            <option value=\"1071\" >Grand rendez-vous<\/option>\n                                            <option value=\"22\"  selected='selected'>Insolite<\/option>\n                                            <option value=\"20\" >Visite guid\u00e9e<\/option>\n                                    <\/select>\n            \n    <\/div>\n\n            <\/form>\n        <\/div>\n        <div class=\"splide-nextevents\" id=\"events-row\">\n            <div class=\"splide-nextevents-track\">\n                <div class=\"card-list splide-nextevents-list\">\n                    <p class=\"alert\" role=\"status\">Chargement des \u00e9v\u00e9nements, veuillez patienter&#8230;<\/p>\n                <\/div>\n            <\/div>\n            <div class=\"splide__controls\">\n                <ul class=\"splide__pagination\"><\/ul>\n            <\/div>\n        <\/div>\n\n                    <p class=\"call\">\n                    \n    <a href=\"https:\/\/jacobins.toulouse.fr\/fr\/agenda\/?period=&#038;events=&#038;date-start=&#038;date-end=&#038;type%5B%5D=22\" class=\"btn acf-link\">Voir toutes les visites insolites<\/a>\n\n                <\/p>\n            <\/div>\n<\/section><\/div><\/div>\n\n\n    <section class=\"gutenberg-immersive-visual alignfull imp_unset-margin\">\n<img loading=\"lazy\" decoding=\"async\" width=\"1440\" height=\"400\" src=\"https:\/\/jacobins.toulouse.fr\/wp-content\/uploads\/sites\/12\/2023\/10\/Visites-EXTRA_\u00a9Alexandre-Ollier-ET-Couvent-des-Jacobins-2.jpg\" class=\"attachment-full size-full\" alt=\"\" title=\"\" srcset=\"https:\/\/jacobins.toulouse.fr\/wp-content\/uploads\/sites\/12\/2023\/10\/Visites-EXTRA_\u00a9Alexandre-Ollier-ET-Couvent-des-Jacobins-2.jpg 1440w, https:\/\/jacobins.toulouse.fr\/wp-content\/uploads\/sites\/12\/2023\/10\/Visites-EXTRA_\u00a9Alexandre-Ollier-ET-Couvent-des-Jacobins-2-300x83.jpg 300w, https:\/\/jacobins.toulouse.fr\/wp-content\/uploads\/sites\/12\/2023\/10\/Visites-EXTRA_\u00a9Alexandre-Ollier-ET-Couvent-des-Jacobins-2-1024x284.jpg 1024w, https:\/\/jacobins.toulouse.fr\/wp-content\/uploads\/sites\/12\/2023\/10\/Visites-EXTRA_\u00a9Alexandre-Ollier-ET-Couvent-des-Jacobins-2-768x213.jpg 768w, https:\/\/jacobins.toulouse.fr\/wp-content\/uploads\/sites\/12\/2023\/10\/Visites-EXTRA_\u00a9Alexandre-Ollier-ET-Couvent-des-Jacobins-2-414x115.jpg 414w\" sizes=\"(max-width: 1440px) 100vw, 1440px\" itemprop=\"image\" \/>    <\/section>\n","protected":false},"excerpt":{"rendered":"<p>Chaque visiteur m\u00e9rite de vivre une exp\u00e9rience qui sort de l&rsquo;ordinaire ! C&rsquo;est pourquoi des visites insolites sont organis\u00e9es en dehors des heures d&rsquo;ouverture, offrant l&rsquo;opportunit\u00e9 de d\u00e9couvrir les secrets et les tr\u00e9sors cach\u00e9s du&hellip;<\/p>\n","protected":false},"author":69,"featured_media":0,"parent":0,"menu_order":0,"comment_status":"closed","ping_status":"closed","template":"","meta":{"_acf_changed":false,"footnotes":""},"class_list":["post-1169","page","type-page","status-publish","hentry"],"acf":[],"yoast_head":"<!-- This site is optimized with the Yoast SEO plugin v27.0 - https:\/\/yoast.com\/product\/yoast-seo-wordpress\/ -->\n<title>Visites insolites - Couvent des Jacobins<\/title>\n<meta name=\"description\" content=\"Les visites insolites sont \u00e0 r\u00e9server et d\u00e9couvrir en dehors des heures d&#039;ouverture du monument. Un moment privil\u00e9gi\u00e9 et intimiste !\" \/>\n<meta name=\"robots\" content=\"index, follow, max-snippet:-1, max-image-preview:large, max-video-preview:-1\" \/>\n<link rel=\"canonical\" href=\"https:\/\/jacobins.toulouse.fr\/fr\/visites-insolites\/\" \/>\n<meta property=\"og:locale\" content=\"fr_FR\" \/>\n<meta property=\"og:type\" content=\"article\" \/>\n<meta property=\"og:title\" content=\"Visites insolites - Couvent des Jacobins\" \/>\n<meta property=\"og:description\" content=\"Les visites insolites sont \u00e0 r\u00e9server et d\u00e9couvrir en dehors des heures d&#039;ouverture du monument. Un moment privil\u00e9gi\u00e9 et intimiste !\" \/>\n<meta property=\"og:url\" content=\"https:\/\/jacobins.toulouse.fr\/fr\/visites-insolites\/\" \/>\n<meta property=\"og:site_name\" content=\"Couvent des Jacobins\" \/>\n<meta property=\"article:modified_time\" content=\"2025-11-13T09:13:40+00:00\" \/>\n<meta property=\"og:image\" content=\"https:\/\/jacobins.toulouse.fr\/wp-content\/uploads\/sites\/12\/2023\/10\/Test-GIF-100x100px-10.gif\" \/>\n\t<meta property=\"og:image:width\" content=\"100\" \/>\n\t<meta property=\"og:image:height\" content=\"100\" \/>\n\t<meta property=\"og:image:type\" content=\"image\/gif\" \/>\n<meta name=\"twitter:card\" content=\"summary_large_image\" \/>\n<meta name=\"twitter:label1\" content=\"Dur\u00e9e de lecture estim\u00e9e\" \/>\n\t<meta name=\"twitter:data1\" content=\"2 minutes\" \/>\n<script type=\"application\/ld+json\" class=\"yoast-schema-graph\">{\"@context\":\"https:\/\/schema.org\",\"@graph\":[{\"@type\":\"WebPage\",\"@id\":\"https:\/\/jacobins.toulouse.fr\/fr\/visites-insolites\/\",\"url\":\"https:\/\/jacobins.toulouse.fr\/fr\/visites-insolites\/\",\"name\":\"Visites insolites - Couvent des Jacobins\",\"isPartOf\":{\"@id\":\"https:\/\/jacobins.toulouse.fr\/fr\/#website\"},\"primaryImageOfPage\":{\"@id\":\"https:\/\/jacobins.toulouse.fr\/fr\/visites-insolites\/#primaryimage\"},\"image\":{\"@id\":\"https:\/\/jacobins.toulouse.fr\/fr\/visites-insolites\/#primaryimage\"},\"thumbnailUrl\":\"https:\/\/jacobins.toulouse.fr\/wp-content\/uploads\/sites\/12\/2023\/10\/Test-GIF-100x100px-10.gif\",\"datePublished\":\"2023-09-21T09:29:33+00:00\",\"dateModified\":\"2025-11-13T09:13:40+00:00\",\"description\":\"Les visites insolites sont \u00e0 r\u00e9server et d\u00e9couvrir en dehors des heures d'ouverture du monument. Un moment privil\u00e9gi\u00e9 et intimiste !\",\"breadcrumb\":{\"@id\":\"https:\/\/jacobins.toulouse.fr\/fr\/visites-insolites\/#breadcrumb\"},\"inLanguage\":\"fr-FR\",\"potentialAction\":[{\"@type\":\"ReadAction\",\"target\":[\"https:\/\/jacobins.toulouse.fr\/fr\/visites-insolites\/\"]}]},{\"@type\":\"ImageObject\",\"inLanguage\":\"fr-FR\",\"@id\":\"https:\/\/jacobins.toulouse.fr\/fr\/visites-insolites\/#primaryimage\",\"url\":\"https:\/\/jacobins.toulouse.fr\/wp-content\/uploads\/sites\/12\/2023\/10\/Test-GIF-100x100px-10.gif\",\"contentUrl\":\"https:\/\/jacobins.toulouse.fr\/wp-content\/uploads\/sites\/12\/2023\/10\/Test-GIF-100x100px-10.gif\"},{\"@type\":\"BreadcrumbList\",\"@id\":\"https:\/\/jacobins.toulouse.fr\/fr\/visites-insolites\/#breadcrumb\",\"itemListElement\":[{\"@type\":\"ListItem\",\"position\":1,\"name\":\"Accueil\",\"item\":\"https:\/\/jacobins.toulouse.fr\/fr\/\"},{\"@type\":\"ListItem\",\"position\":2,\"name\":\"Visites insolites\"}]},{\"@type\":\"WebSite\",\"@id\":\"https:\/\/jacobins.toulouse.fr\/fr\/#website\",\"url\":\"https:\/\/jacobins.toulouse.fr\/fr\/\",\"name\":\"Couvent des Jacobins\",\"description\":\"\",\"publisher\":{\"@id\":\"https:\/\/jacobins.toulouse.fr\/fr\/#organization\"},\"potentialAction\":[{\"@type\":\"SearchAction\",\"target\":{\"@type\":\"EntryPoint\",\"urlTemplate\":\"https:\/\/jacobins.toulouse.fr\/fr\/search\/{search_term_string}\"},\"query-input\":{\"@type\":\"PropertyValueSpecification\",\"valueRequired\":true,\"valueName\":\"search_term_string\"}}],\"inLanguage\":\"fr-FR\"},{\"@type\":\"Organization\",\"@id\":\"https:\/\/jacobins.toulouse.fr\/fr\/#organization\",\"name\":\"Couvent des Jacobins\",\"url\":\"https:\/\/jacobins.toulouse.fr\/fr\/\",\"logo\":{\"@type\":\"ImageObject\",\"inLanguage\":\"fr-FR\",\"@id\":\"https:\/\/jacobins.toulouse.fr\/fr\/#\/schema\/logo\/image\/\",\"url\":\"https:\/\/jacobins.toulouse.fr\/wp-content\/uploads\/sites\/12\/2023\/08\/cropped-cropped-Logo-Jacobins.png\",\"contentUrl\":\"https:\/\/jacobins.toulouse.fr\/wp-content\/uploads\/sites\/12\/2023\/08\/cropped-cropped-Logo-Jacobins.png\",\"width\":254,\"height\":150,\"caption\":\"Couvent des Jacobins\"},\"image\":{\"@id\":\"https:\/\/jacobins.toulouse.fr\/fr\/#\/schema\/logo\/image\/\"}}]}<\/script>\n<!-- \/ Yoast SEO plugin. -->","yoast_head_json":{"title":"Visites insolites - Couvent des Jacobins","description":"Les visites insolites sont \u00e0 r\u00e9server et d\u00e9couvrir en dehors des heures d'ouverture du monument. Un moment privil\u00e9gi\u00e9 et intimiste !","robots":{"index":"index","follow":"follow","max-snippet":"max-snippet:-1","max-image-preview":"max-image-preview:large","max-video-preview":"max-video-preview:-1"},"canonical":"https:\/\/jacobins.toulouse.fr\/fr\/visites-insolites\/","og_locale":"fr_FR","og_type":"article","og_title":"Visites insolites - Couvent des Jacobins","og_description":"Les visites insolites sont \u00e0 r\u00e9server et d\u00e9couvrir en dehors des heures d'ouverture du monument. Un moment privil\u00e9gi\u00e9 et intimiste !","og_url":"https:\/\/jacobins.toulouse.fr\/fr\/visites-insolites\/","og_site_name":"Couvent des Jacobins","article_modified_time":"2025-11-13T09:13:40+00:00","og_image":[{"width":100,"height":100,"url":"https:\/\/jacobins.toulouse.fr\/wp-content\/uploads\/sites\/12\/2023\/10\/Test-GIF-100x100px-10.gif","type":"image\/gif"}],"twitter_card":"summary_large_image","twitter_misc":{"Dur\u00e9e de lecture estim\u00e9e":"2 minutes"},"schema":{"@context":"https:\/\/schema.org","@graph":[{"@type":"WebPage","@id":"https:\/\/jacobins.toulouse.fr\/fr\/visites-insolites\/","url":"https:\/\/jacobins.toulouse.fr\/fr\/visites-insolites\/","name":"Visites insolites - Couvent des Jacobins","isPartOf":{"@id":"https:\/\/jacobins.toulouse.fr\/fr\/#website"},"primaryImageOfPage":{"@id":"https:\/\/jacobins.toulouse.fr\/fr\/visites-insolites\/#primaryimage"},"image":{"@id":"https:\/\/jacobins.toulouse.fr\/fr\/visites-insolites\/#primaryimage"},"thumbnailUrl":"https:\/\/jacobins.toulouse.fr\/wp-content\/uploads\/sites\/12\/2023\/10\/Test-GIF-100x100px-10.gif","datePublished":"2023-09-21T09:29:33+00:00","dateModified":"2025-11-13T09:13:40+00:00","description":"Les visites insolites sont \u00e0 r\u00e9server et d\u00e9couvrir en dehors des heures d'ouverture du monument. Un moment privil\u00e9gi\u00e9 et intimiste !","breadcrumb":{"@id":"https:\/\/jacobins.toulouse.fr\/fr\/visites-insolites\/#breadcrumb"},"inLanguage":"fr-FR","potentialAction":[{"@type":"ReadAction","target":["https:\/\/jacobins.toulouse.fr\/fr\/visites-insolites\/"]}]},{"@type":"ImageObject","inLanguage":"fr-FR","@id":"https:\/\/jacobins.toulouse.fr\/fr\/visites-insolites\/#primaryimage","url":"https:\/\/jacobins.toulouse.fr\/wp-content\/uploads\/sites\/12\/2023\/10\/Test-GIF-100x100px-10.gif","contentUrl":"https:\/\/jacobins.toulouse.fr\/wp-content\/uploads\/sites\/12\/2023\/10\/Test-GIF-100x100px-10.gif"},{"@type":"BreadcrumbList","@id":"https:\/\/jacobins.toulouse.fr\/fr\/visites-insolites\/#breadcrumb","itemListElement":[{"@type":"ListItem","position":1,"name":"Accueil","item":"https:\/\/jacobins.toulouse.fr\/fr\/"},{"@type":"ListItem","position":2,"name":"Visites insolites"}]},{"@type":"WebSite","@id":"https:\/\/jacobins.toulouse.fr\/fr\/#website","url":"https:\/\/jacobins.toulouse.fr\/fr\/","name":"Couvent des Jacobins","description":"","publisher":{"@id":"https:\/\/jacobins.toulouse.fr\/fr\/#organization"},"potentialAction":[{"@type":"SearchAction","target":{"@type":"EntryPoint","urlTemplate":"https:\/\/jacobins.toulouse.fr\/fr\/search\/{search_term_string}"},"query-input":{"@type":"PropertyValueSpecification","valueRequired":true,"valueName":"search_term_string"}}],"inLanguage":"fr-FR"},{"@type":"Organization","@id":"https:\/\/jacobins.toulouse.fr\/fr\/#organization","name":"Couvent des Jacobins","url":"https:\/\/jacobins.toulouse.fr\/fr\/","logo":{"@type":"ImageObject","inLanguage":"fr-FR","@id":"https:\/\/jacobins.toulouse.fr\/fr\/#\/schema\/logo\/image\/","url":"https:\/\/jacobins.toulouse.fr\/wp-content\/uploads\/sites\/12\/2023\/08\/cropped-cropped-Logo-Jacobins.png","contentUrl":"https:\/\/jacobins.toulouse.fr\/wp-content\/uploads\/sites\/12\/2023\/08\/cropped-cropped-Logo-Jacobins.png","width":254,"height":150,"caption":"Couvent des Jacobins"},"image":{"@id":"https:\/\/jacobins.toulouse.fr\/fr\/#\/schema\/logo\/image\/"}}]}},"_links":{"self":[{"href":"https:\/\/jacobins.toulouse.fr\/fr\/wp-json\/wp\/v2\/pages\/1169","targetHints":{"allow":["GET"]}}],"collection":[{"href":"https:\/\/jacobins.toulouse.fr\/fr\/wp-json\/wp\/v2\/pages"}],"about":[{"href":"https:\/\/jacobins.toulouse.fr\/fr\/wp-json\/wp\/v2\/types\/page"}],"author":[{"embeddable":true,"href":"https:\/\/jacobins.toulouse.fr\/fr\/wp-json\/wp\/v2\/users\/69"}],"replies":[{"embeddable":true,"href":"https:\/\/jacobins.toulouse.fr\/fr\/wp-json\/wp\/v2\/comments?post=1169"}],"version-history":[{"count":148,"href":"https:\/\/jacobins.toulouse.fr\/fr\/wp-json\/wp\/v2\/pages\/1169\/revisions"}],"predecessor-version":[{"id":10665,"href":"https:\/\/jacobins.toulouse.fr\/fr\/wp-json\/wp\/v2\/pages\/1169\/revisions\/10665"}],"wp:attachment":[{"href":"https:\/\/jacobins.toulouse.fr\/fr\/wp-json\/wp\/v2\/media?parent=1169"}],"curies":[{"name":"wp","href":"https:\/\/api.w.org\/{rel}","templated":true}]}}