{"id":1171,"date":"2023-09-21T11:29:57","date_gmt":"2023-09-21T09:29:57","guid":{"rendered":"https:\/\/jacobins.toulouse.fr\/?page_id=1171"},"modified":"2026-01-14T15:29:08","modified_gmt":"2026-01-14T14:29:08","slug":"expositions-evenements","status":"publish","type":"page","link":"https:\/\/jacobins.toulouse.fr\/fr\/expositions-evenements\/","title":{"rendered":"Expositions &amp; \u00e9v\u00e8nements"},"content":{"rendered":"<section class=\"section-group\"><div class=\"container\"><div class=\"pure-g\">\n<div class=\"wp-block-group is-layout-constrained wp-block-group-is-layout-constrained\">\n<div class=\"wp-block-media-text is-stacked-on-mobile\" style=\"grid-template-columns:15% auto\"><figure class=\"wp-block-media-text__media\"><a href=\"https:\/\/jacobins.toulouse.fr\/fr\/expositions-evenements\/joconde\/\"><img loading=\"lazy\" decoding=\"async\" width=\"500\" height=\"500\" src=\"https:\/\/jacobins.toulouse.fr\/wp-content\/uploads\/sites\/12\/2023\/10\/joconde.png\" alt=\"D\u00e9couvrez une anecdote : La Joconde aux Jacobins\" class=\"wp-image-6088 size-full\" srcset=\"https:\/\/jacobins.toulouse.fr\/wp-content\/uploads\/sites\/12\/2023\/10\/joconde.png 500w, https:\/\/jacobins.toulouse.fr\/wp-content\/uploads\/sites\/12\/2023\/10\/joconde-300x300.png 300w, https:\/\/jacobins.toulouse.fr\/wp-content\/uploads\/sites\/12\/2023\/10\/joconde-150x150.png 150w, https:\/\/jacobins.toulouse.fr\/wp-content\/uploads\/sites\/12\/2023\/10\/joconde-414x414.png 414w\" sizes=\"(max-width: 500px) 100vw, 500px\" \/><\/a><\/figure><div class=\"wp-block-media-text__content\">\n<p>Dans <strong>le cadre architectural exceptionnel du couvent<\/strong>, les expositions temporaires vous invitent \u00e0 remonter le temps. Qu\u2019elles soient l\u2019occasion d\u2019un <strong>dialogue <\/strong>entre un <strong>artiste<\/strong> et l\u2019<strong>architecture<\/strong> des lieux, <strong>immersives<\/strong> ou <strong>contemplatives<\/strong>, nos expositions vous transporteront \u00e0 travers les si\u00e8cles. La vari\u00e9t\u00e9 des sujets ravira tout autant les <strong>passionn\u00e9s d\u2019histoire<\/strong>, les <strong>amateurs d\u2019art et de culture<\/strong> que les simples <strong>curieux<\/strong>.<\/p>\n<\/div><\/div>\n<\/div>\n<\/div><\/div><\/section>\n\n\n<p class=\"has-text-align-center has-white-color has-colorama-4-background-color has-text-color has-background has-link-color has-large-font-size wp-elements-ce5382999c1511234d0fbd0f35670b47\"><strong>Le site n&rsquo;accueille aucune exposition actuellement. Rendez-vous en novembre 2026 !<\/strong><\/p>\n\n\n<section class=\"section-group\"><div class=\"container\"><div class=\"pure-g\">\n<div class=\"wp-block-group is-layout-constrained wp-block-group-is-layout-constrained\">\n<h2 class=\"wp-block-heading\" id=\"avis\">Les expositions : des sujets vari\u00e9s et des formats accessibles<\/h2>\n\n\n\n<p style=\"font-size:19px\">Des <strong>expositions temporaires<\/strong>, con\u00e7ues pour que chaque visite offre une exp\u00e9rience in\u00e9dite et accueillies dans le r\u00e9fectoire, aux <strong>\u00ab\u00a0expositions dossiers<\/strong>\u00ab\u00a0, \u00e0 la dimension plus didactique et d\u00e9ploy\u00e9es dans la salle capitulaire, le Couvent des Jacobins propose <strong>un environnement unique pour la pr\u00e9sentation et la mise en sc\u00e8ne de sujets divers<\/strong>.<\/p>\n\n\n\n<div class=\"wp-block-buttons is-content-justification-center is-layout-flex wp-container-core-buttons-is-layout-16018d1d wp-block-buttons-is-layout-flex\">\n<div class=\"wp-block-button\"><a class=\"wp-block-button__link wp-element-button\" href=\"https:\/\/jacobins.toulouse.fr\/fr\/category\/expositions\/\">Voir les expositions pass\u00e9es<\/a><\/div>\n<\/div>\n<\/div>\n<\/div><\/div><\/section>\n\n    <section class=\"gutenberg-immersive-visual alignfull\">\n<img loading=\"lazy\" decoding=\"async\" width=\"1440\" height=\"400\" src=\"https:\/\/jacobins.toulouse.fr\/wp-content\/uploads\/sites\/12\/2023\/10\/Exposition_3-visuels\u00a9Couvent-des-Jacobins-1.jpg\" class=\"attachment-full size-full\" alt=\"\" title=\"\" srcset=\"https:\/\/jacobins.toulouse.fr\/wp-content\/uploads\/sites\/12\/2023\/10\/Exposition_3-visuels\u00a9Couvent-des-Jacobins-1.jpg 1440w, https:\/\/jacobins.toulouse.fr\/wp-content\/uploads\/sites\/12\/2023\/10\/Exposition_3-visuels\u00a9Couvent-des-Jacobins-1-300x83.jpg 300w, https:\/\/jacobins.toulouse.fr\/wp-content\/uploads\/sites\/12\/2023\/10\/Exposition_3-visuels\u00a9Couvent-des-Jacobins-1-1024x284.jpg 1024w, https:\/\/jacobins.toulouse.fr\/wp-content\/uploads\/sites\/12\/2023\/10\/Exposition_3-visuels\u00a9Couvent-des-Jacobins-1-768x213.jpg 768w, https:\/\/jacobins.toulouse.fr\/wp-content\/uploads\/sites\/12\/2023\/10\/Exposition_3-visuels\u00a9Couvent-des-Jacobins-1-414x115.jpg 414w\" sizes=\"(max-width: 1440px) 100vw, 1440px\" itemprop=\"image\" \/>    <\/section>\n\n\n<section class=\"section-group\"><div class=\"container\"><div class=\"pure-g\">\n<div class=\"wp-block-group is-layout-constrained wp-block-group-is-layout-constrained\">\n<h2 class=\"wp-block-heading\" id=\"un-couvent-festif-spectacles-et-festivals\">Un couvent festif : spectacles et festivals<\/h2>\n\n\n\n<p><strong>Concerts<\/strong>,&nbsp;<strong>th\u00e9\u00e2tre<\/strong>,&nbsp;<strong>ap\u00e9ritifs&nbsp;<\/strong>et&nbsp;<strong>convivialit\u00e9<\/strong>&nbsp;sont nos ingr\u00e9dients secrets pour des&nbsp;<strong>soir\u00e9es d\u2019exception<\/strong>. Une palette d\u2019\u00e9v\u00e8nements pour tous les go\u00fbts et adapt\u00e9s \u00e0 tous \u00e2ges. Ne manquez pas<strong>&nbsp;les grands rendez-vous de l\u2019ann\u00e9e<\/strong>&nbsp;!<br><br>Nos \u00e9v\u00e9nements sont con\u00e7us pour \u00eatre inclusifs, avec des options adapt\u00e9es pour les personnes de tous horizons et capacit\u00e9s, l\u2019objectif \u00e9tant de rendre l\u2019art et la culture accessible. Le cadre historique du monument offre une toile de fond extraordinaire pour chaque \u00e9v\u00e9nement, ajoutant une dimension suppl\u00e9mentaire \u00e0 votre exp\u00e9rience.<\/p>\n\n\n\n<div class=\"wp-block-columns is-layout-flex wp-container-core-columns-is-layout-9d6595d7 wp-block-columns-is-layout-flex\">\n<div class=\"wp-block-column is-layout-flow wp-block-column-is-layout-flow\">\n<h3 class=\"wp-block-heading\" id=\"les-grands-rendez-vous\">Les grands rendez-vous<\/h3>\n\n\n\n<p><strong>Chaque ann\u00e9e<\/strong>, des \u00e9v\u00e9nements <strong>conviviaux<\/strong> et <strong>festifs<\/strong> sont propos\u00e9s. En juillet, <em>Voyage dans le Temps<\/em> est une r\u00e9f\u00e9rence pour tous les curieux pr\u00eats \u00e0 vivre une exp\u00e9rience th\u00e9\u00e2trale d\u2019<strong>histoire vivante<\/strong>. En \u00e9t\u00e9 ou en hiver, les <em>soir\u00e9es guinguettes<\/em> vous transportent en <strong>musique <\/strong>au c\u0153ur du monument. D&rsquo;autres \u00e9v\u00e9nements ponctuels peuvent \u00e9galement prendre place.<\/p>\n<\/div>\n\n\n\n<div class=\"wp-block-column is-layout-flow wp-block-column-is-layout-flow\">\n<h3 class=\"wp-block-heading\" id=\"les-festivals-partenaires\">Les festivals partenaires<\/h3>\n\n\n\n<p>Le couvent accueille des <strong>festivals partenaires<\/strong> de longues dates tels que <em>Piano aux Jacobins <\/em>ou <em>Passe ton Bach. <\/em>Pr\u00e9parez-vous \u00e0 vivre des <strong>moments artistiques<\/strong> intenses et des<strong> rencontres inoubliables<\/strong>.<\/p>\n<\/div>\n<\/div>\n\n\n\n<div class=\"wp-block-buttons is-content-justification-center is-layout-flex wp-container-core-buttons-is-layout-16018d1d wp-block-buttons-is-layout-flex\">\n<div class=\"wp-block-button\"><a class=\"wp-block-button__link wp-element-button\" href=\"https:\/\/jacobins.toulouse.fr\/fr\/agenda\/\">Voir l&rsquo;agenda culturel<\/a><\/div>\n<\/div>\n<\/div>\n<\/div><\/div><\/section>\n\n    <section class=\"gutenberg-immersive-visual alignfull\">\n<img loading=\"lazy\" decoding=\"async\" width=\"1440\" height=\"400\" src=\"https:\/\/jacobins.toulouse.fr\/wp-content\/uploads\/sites\/12\/2023\/10\/Spectacles-evenements_2\u00a9Alexandre-Ollier.jpg\" class=\"attachment-full size-full\" alt=\"\" title=\"\" srcset=\"https:\/\/jacobins.toulouse.fr\/wp-content\/uploads\/sites\/12\/2023\/10\/Spectacles-evenements_2\u00a9Alexandre-Ollier.jpg 1440w, https:\/\/jacobins.toulouse.fr\/wp-content\/uploads\/sites\/12\/2023\/10\/Spectacles-evenements_2\u00a9Alexandre-Ollier-300x83.jpg 300w, https:\/\/jacobins.toulouse.fr\/wp-content\/uploads\/sites\/12\/2023\/10\/Spectacles-evenements_2\u00a9Alexandre-Ollier-1024x284.jpg 1024w, https:\/\/jacobins.toulouse.fr\/wp-content\/uploads\/sites\/12\/2023\/10\/Spectacles-evenements_2\u00a9Alexandre-Ollier-768x213.jpg 768w, https:\/\/jacobins.toulouse.fr\/wp-content\/uploads\/sites\/12\/2023\/10\/Spectacles-evenements_2\u00a9Alexandre-Ollier-414x115.jpg 414w\" sizes=\"(max-width: 1440px) 100vw, 1440px\" itemprop=\"image\" \/>    <\/section>\n","protected":false},"excerpt":{"rendered":"<p>Dans le cadre architectural exceptionnel du couvent, les expositions temporaires vous invitent \u00e0 remonter le temps. Qu\u2019elles soient l\u2019occasion d\u2019un dialogue entre un artiste et l\u2019architecture des lieux, immersives ou contemplatives, nos expositions vous transporteront&hellip;<\/p>\n","protected":false},"author":69,"featured_media":0,"parent":0,"menu_order":0,"comment_status":"closed","ping_status":"closed","template":"","meta":{"_acf_changed":false,"footnotes":""},"class_list":["post-1171","page","type-page","status-publish","hentry"],"acf":[],"yoast_head":"<!-- This site is optimized with the Yoast SEO plugin v27.0 - https:\/\/yoast.com\/product\/yoast-seo-wordpress\/ -->\n<title>Expositions &amp; \u00e9v\u00e8nements - Couvent des Jacobins<\/title>\n<meta name=\"description\" content=\"Le cadre du monument offre un d\u00e9cor de qualit\u00e9 pour tous types d&#039;\u00e9v\u00e8nements. Une exp\u00e9rience qui ne laisse pas indiff\u00e9rent.\" \/>\n<meta name=\"robots\" content=\"index, follow, max-snippet:-1, max-image-preview:large, max-video-preview:-1\" \/>\n<link rel=\"canonical\" href=\"https:\/\/jacobins.toulouse.fr\/fr\/expositions-evenements\/\" \/>\n<meta property=\"og:locale\" content=\"fr_FR\" \/>\n<meta property=\"og:type\" content=\"article\" \/>\n<meta property=\"og:title\" content=\"Expositions &amp; \u00e9v\u00e8nements - Couvent des Jacobins\" \/>\n<meta property=\"og:description\" content=\"Le cadre du monument offre un d\u00e9cor de qualit\u00e9 pour tous types d&#039;\u00e9v\u00e8nements. Une exp\u00e9rience qui ne laisse pas indiff\u00e9rent.\" \/>\n<meta property=\"og:url\" content=\"https:\/\/jacobins.toulouse.fr\/fr\/expositions-evenements\/\" \/>\n<meta property=\"og:site_name\" content=\"Couvent des Jacobins\" \/>\n<meta property=\"article:modified_time\" content=\"2026-01-14T14:29:08+00:00\" \/>\n<meta property=\"og:image\" content=\"https:\/\/jacobins.toulouse.fr\/wp-content\/uploads\/sites\/12\/2023\/10\/joconde.png\" \/>\n\t<meta property=\"og:image:width\" content=\"500\" \/>\n\t<meta property=\"og:image:height\" content=\"500\" \/>\n\t<meta property=\"og:image:type\" content=\"image\/png\" \/>\n<meta name=\"twitter:card\" content=\"summary_large_image\" \/>\n<meta name=\"twitter:label1\" content=\"Dur\u00e9e de lecture estim\u00e9e\" \/>\n\t<meta name=\"twitter:data1\" content=\"2 minutes\" \/>\n<script type=\"application\/ld+json\" class=\"yoast-schema-graph\">{\"@context\":\"https:\/\/schema.org\",\"@graph\":[{\"@type\":\"WebPage\",\"@id\":\"https:\/\/jacobins.toulouse.fr\/fr\/expositions-evenements\/\",\"url\":\"https:\/\/jacobins.toulouse.fr\/fr\/expositions-evenements\/\",\"name\":\"Expositions &amp; \u00e9v\u00e8nements - Couvent des Jacobins\",\"isPartOf\":{\"@id\":\"https:\/\/jacobins.toulouse.fr\/fr\/#website\"},\"primaryImageOfPage\":{\"@id\":\"https:\/\/jacobins.toulouse.fr\/fr\/expositions-evenements\/#primaryimage\"},\"image\":{\"@id\":\"https:\/\/jacobins.toulouse.fr\/fr\/expositions-evenements\/#primaryimage\"},\"thumbnailUrl\":\"https:\/\/jacobins.toulouse.fr\/wp-content\/uploads\/sites\/12\/2023\/10\/joconde.png\",\"datePublished\":\"2023-09-21T09:29:57+00:00\",\"dateModified\":\"2026-01-14T14:29:08+00:00\",\"description\":\"Le cadre du monument offre un d\u00e9cor de qualit\u00e9 pour tous types d'\u00e9v\u00e8nements. Une exp\u00e9rience qui ne laisse pas indiff\u00e9rent.\",\"breadcrumb\":{\"@id\":\"https:\/\/jacobins.toulouse.fr\/fr\/expositions-evenements\/#breadcrumb\"},\"inLanguage\":\"fr-FR\",\"potentialAction\":[{\"@type\":\"ReadAction\",\"target\":[\"https:\/\/jacobins.toulouse.fr\/fr\/expositions-evenements\/\"]}]},{\"@type\":\"ImageObject\",\"inLanguage\":\"fr-FR\",\"@id\":\"https:\/\/jacobins.toulouse.fr\/fr\/expositions-evenements\/#primaryimage\",\"url\":\"https:\/\/jacobins.toulouse.fr\/wp-content\/uploads\/sites\/12\/2023\/10\/joconde.png\",\"contentUrl\":\"https:\/\/jacobins.toulouse.fr\/wp-content\/uploads\/sites\/12\/2023\/10\/joconde.png\"},{\"@type\":\"BreadcrumbList\",\"@id\":\"https:\/\/jacobins.toulouse.fr\/fr\/expositions-evenements\/#breadcrumb\",\"itemListElement\":[{\"@type\":\"ListItem\",\"position\":1,\"name\":\"Accueil\",\"item\":\"https:\/\/jacobins.toulouse.fr\/fr\/\"},{\"@type\":\"ListItem\",\"position\":2,\"name\":\"Expositions &amp; \u00e9v\u00e8nements\"}]},{\"@type\":\"WebSite\",\"@id\":\"https:\/\/jacobins.toulouse.fr\/fr\/#website\",\"url\":\"https:\/\/jacobins.toulouse.fr\/fr\/\",\"name\":\"Couvent des Jacobins\",\"description\":\"\",\"publisher\":{\"@id\":\"https:\/\/jacobins.toulouse.fr\/fr\/#organization\"},\"potentialAction\":[{\"@type\":\"SearchAction\",\"target\":{\"@type\":\"EntryPoint\",\"urlTemplate\":\"https:\/\/jacobins.toulouse.fr\/fr\/search\/{search_term_string}\"},\"query-input\":{\"@type\":\"PropertyValueSpecification\",\"valueRequired\":true,\"valueName\":\"search_term_string\"}}],\"inLanguage\":\"fr-FR\"},{\"@type\":\"Organization\",\"@id\":\"https:\/\/jacobins.toulouse.fr\/fr\/#organization\",\"name\":\"Couvent des Jacobins\",\"url\":\"https:\/\/jacobins.toulouse.fr\/fr\/\",\"logo\":{\"@type\":\"ImageObject\",\"inLanguage\":\"fr-FR\",\"@id\":\"https:\/\/jacobins.toulouse.fr\/fr\/#\/schema\/logo\/image\/\",\"url\":\"https:\/\/jacobins.toulouse.fr\/wp-content\/uploads\/sites\/12\/2023\/08\/cropped-cropped-Logo-Jacobins.png\",\"contentUrl\":\"https:\/\/jacobins.toulouse.fr\/wp-content\/uploads\/sites\/12\/2023\/08\/cropped-cropped-Logo-Jacobins.png\",\"width\":254,\"height\":150,\"caption\":\"Couvent des Jacobins\"},\"image\":{\"@id\":\"https:\/\/jacobins.toulouse.fr\/fr\/#\/schema\/logo\/image\/\"}}]}<\/script>\n<!-- \/ Yoast SEO plugin. -->","yoast_head_json":{"title":"Expositions &amp; \u00e9v\u00e8nements - Couvent des Jacobins","description":"Le cadre du monument offre un d\u00e9cor de qualit\u00e9 pour tous types d'\u00e9v\u00e8nements. Une exp\u00e9rience qui ne laisse pas indiff\u00e9rent.","robots":{"index":"index","follow":"follow","max-snippet":"max-snippet:-1","max-image-preview":"max-image-preview:large","max-video-preview":"max-video-preview:-1"},"canonical":"https:\/\/jacobins.toulouse.fr\/fr\/expositions-evenements\/","og_locale":"fr_FR","og_type":"article","og_title":"Expositions &amp; \u00e9v\u00e8nements - Couvent des Jacobins","og_description":"Le cadre du monument offre un d\u00e9cor de qualit\u00e9 pour tous types d'\u00e9v\u00e8nements. Une exp\u00e9rience qui ne laisse pas indiff\u00e9rent.","og_url":"https:\/\/jacobins.toulouse.fr\/fr\/expositions-evenements\/","og_site_name":"Couvent des Jacobins","article_modified_time":"2026-01-14T14:29:08+00:00","og_image":[{"width":500,"height":500,"url":"https:\/\/jacobins.toulouse.fr\/wp-content\/uploads\/sites\/12\/2023\/10\/joconde.png","type":"image\/png"}],"twitter_card":"summary_large_image","twitter_misc":{"Dur\u00e9e de lecture estim\u00e9e":"2 minutes"},"schema":{"@context":"https:\/\/schema.org","@graph":[{"@type":"WebPage","@id":"https:\/\/jacobins.toulouse.fr\/fr\/expositions-evenements\/","url":"https:\/\/jacobins.toulouse.fr\/fr\/expositions-evenements\/","name":"Expositions &amp; \u00e9v\u00e8nements - Couvent des Jacobins","isPartOf":{"@id":"https:\/\/jacobins.toulouse.fr\/fr\/#website"},"primaryImageOfPage":{"@id":"https:\/\/jacobins.toulouse.fr\/fr\/expositions-evenements\/#primaryimage"},"image":{"@id":"https:\/\/jacobins.toulouse.fr\/fr\/expositions-evenements\/#primaryimage"},"thumbnailUrl":"https:\/\/jacobins.toulouse.fr\/wp-content\/uploads\/sites\/12\/2023\/10\/joconde.png","datePublished":"2023-09-21T09:29:57+00:00","dateModified":"2026-01-14T14:29:08+00:00","description":"Le cadre du monument offre un d\u00e9cor de qualit\u00e9 pour tous types d'\u00e9v\u00e8nements. Une exp\u00e9rience qui ne laisse pas indiff\u00e9rent.","breadcrumb":{"@id":"https:\/\/jacobins.toulouse.fr\/fr\/expositions-evenements\/#breadcrumb"},"inLanguage":"fr-FR","potentialAction":[{"@type":"ReadAction","target":["https:\/\/jacobins.toulouse.fr\/fr\/expositions-evenements\/"]}]},{"@type":"ImageObject","inLanguage":"fr-FR","@id":"https:\/\/jacobins.toulouse.fr\/fr\/expositions-evenements\/#primaryimage","url":"https:\/\/jacobins.toulouse.fr\/wp-content\/uploads\/sites\/12\/2023\/10\/joconde.png","contentUrl":"https:\/\/jacobins.toulouse.fr\/wp-content\/uploads\/sites\/12\/2023\/10\/joconde.png"},{"@type":"BreadcrumbList","@id":"https:\/\/jacobins.toulouse.fr\/fr\/expositions-evenements\/#breadcrumb","itemListElement":[{"@type":"ListItem","position":1,"name":"Accueil","item":"https:\/\/jacobins.toulouse.fr\/fr\/"},{"@type":"ListItem","position":2,"name":"Expositions &amp; \u00e9v\u00e8nements"}]},{"@type":"WebSite","@id":"https:\/\/jacobins.toulouse.fr\/fr\/#website","url":"https:\/\/jacobins.toulouse.fr\/fr\/","name":"Couvent des Jacobins","description":"","publisher":{"@id":"https:\/\/jacobins.toulouse.fr\/fr\/#organization"},"potentialAction":[{"@type":"SearchAction","target":{"@type":"EntryPoint","urlTemplate":"https:\/\/jacobins.toulouse.fr\/fr\/search\/{search_term_string}"},"query-input":{"@type":"PropertyValueSpecification","valueRequired":true,"valueName":"search_term_string"}}],"inLanguage":"fr-FR"},{"@type":"Organization","@id":"https:\/\/jacobins.toulouse.fr\/fr\/#organization","name":"Couvent des Jacobins","url":"https:\/\/jacobins.toulouse.fr\/fr\/","logo":{"@type":"ImageObject","inLanguage":"fr-FR","@id":"https:\/\/jacobins.toulouse.fr\/fr\/#\/schema\/logo\/image\/","url":"https:\/\/jacobins.toulouse.fr\/wp-content\/uploads\/sites\/12\/2023\/08\/cropped-cropped-Logo-Jacobins.png","contentUrl":"https:\/\/jacobins.toulouse.fr\/wp-content\/uploads\/sites\/12\/2023\/08\/cropped-cropped-Logo-Jacobins.png","width":254,"height":150,"caption":"Couvent des Jacobins"},"image":{"@id":"https:\/\/jacobins.toulouse.fr\/fr\/#\/schema\/logo\/image\/"}}]}},"_links":{"self":[{"href":"https:\/\/jacobins.toulouse.fr\/fr\/wp-json\/wp\/v2\/pages\/1171","targetHints":{"allow":["GET"]}}],"collection":[{"href":"https:\/\/jacobins.toulouse.fr\/fr\/wp-json\/wp\/v2\/pages"}],"about":[{"href":"https:\/\/jacobins.toulouse.fr\/fr\/wp-json\/wp\/v2\/types\/page"}],"author":[{"embeddable":true,"href":"https:\/\/jacobins.toulouse.fr\/fr\/wp-json\/wp\/v2\/users\/69"}],"replies":[{"embeddable":true,"href":"https:\/\/jacobins.toulouse.fr\/fr\/wp-json\/wp\/v2\/comments?post=1171"}],"version-history":[{"count":200,"href":"https:\/\/jacobins.toulouse.fr\/fr\/wp-json\/wp\/v2\/pages\/1171\/revisions"}],"predecessor-version":[{"id":10867,"href":"https:\/\/jacobins.toulouse.fr\/fr\/wp-json\/wp\/v2\/pages\/1171\/revisions\/10867"}],"wp:attachment":[{"href":"https:\/\/jacobins.toulouse.fr\/fr\/wp-json\/wp\/v2\/media?parent=1171"}],"curies":[{"name":"wp","href":"https:\/\/api.w.org\/{rel}","templated":true}]}}