{"id":1173,"date":"2023-09-21T11:30:27","date_gmt":"2023-09-21T09:30:27","guid":{"rendered":"https:\/\/jacobins.toulouse.fr\/?page_id=1173"},"modified":"2024-07-25T15:08:43","modified_gmt":"2024-07-25T13:08:43","slug":"spectacles-et-festivites","status":"publish","type":"page","link":"https:\/\/jacobins.toulouse.fr\/fr\/spectacles-et-festivites\/","title":{"rendered":"Spectacles et festivit\u00e9s"},"content":{"rendered":"\n<figure  role=\"group\"  aria-label=\"bouffon\"  class=\"wp-block-image aligncenter size-full is-resized\"><img loading=\"lazy\" decoding=\"async\" width=\"200\" height=\"200\" src=\"https:\/\/jacobins.toulouse.fr\/wp-content\/uploads\/sites\/12\/2023\/10\/bouffon.png\" alt=\"\" class=\"wp-image-4060\" style=\"width:100px;height:100px\" srcset=\"https:\/\/jacobins.toulouse.fr\/wp-content\/uploads\/sites\/12\/2023\/10\/bouffon.png 200w, https:\/\/jacobins.toulouse.fr\/wp-content\/uploads\/sites\/12\/2023\/10\/bouffon-150x150.png 150w\" sizes=\"(max-width: 200px) 100vw, 200px\" \/><\/figure>\n\n\n<section class=\"section-group\"><div class=\"container\"><div class=\"pure-g\">\n<div class=\"wp-block-group is-layout-constrained wp-block-group-is-layout-constrained\">\n<p class=\"has-text-align-left\" style=\"font-size:19px\"><strong>Concerts<\/strong>, <strong>th\u00e9\u00e2tre<\/strong>, <strong>ap\u00e9ritifs <\/strong>et <strong>convivialit\u00e9<\/strong> sont nos ingr\u00e9dients secrets pour des <strong>soir\u00e9es d\u2019exception<\/strong>. Une palette d&rsquo;\u00e9v\u00e8nements pour tous les go\u00fbts et adapt\u00e9s \u00e0 tous \u00e2ges. Ne manquez pas<strong> les grands rendez-vous de l\u2019ann\u00e9e<\/strong>\u00a0! <\/p>\n\n\n\n<h2 class=\"wp-block-heading\" id=\"un-couvent-festif\">Un couvent festif<\/h2>\n\n\n\n<p>Nos \u00e9v\u00e9nements sont con\u00e7us pour \u00eatre inclusifs, avec des options adapt\u00e9es pour les personnes de tous horizons et capacit\u00e9s, l&rsquo;objectif \u00e9tant de rendre l&rsquo;art et la culture accessible. Le cadre historique du monument offre une toile de fond extraordinaire pour chaque \u00e9v\u00e9nement, ajoutant une dimension suppl\u00e9mentaire \u00e0 votre exp\u00e9rience.<\/p>\n\n\n\n<div class=\"wp-block-columns is-style-border is-layout-flex wp-container-core-columns-is-layout-9d6595d7 wp-block-columns-is-layout-flex\">\n<div class=\"wp-block-column is-layout-flow wp-block-column-is-layout-flow\" style=\"flex-basis:50%\">\n<h3 class=\"wp-block-heading\" id=\"les-grands-rendez-vous\">Les grands rendez-vous <\/h3>\n\n\n\n<p style=\"font-size:19px\"><strong>Chaque ann\u00e9e<\/strong>, des \u00e9v\u00e9nements <strong>conviviaux<\/strong> et <strong>festifs<\/strong> sont propos\u00e9s. En juillet, <em>Voyage dans le Temps<\/em> est une r\u00e9f\u00e9rence pour tous les curieux pr\u00eats \u00e0 vivre une exp\u00e9rience th\u00e9\u00e2trale d\u2019<strong>histoire vivante<\/strong>. En \u00e9t\u00e9 ou en hiver, les <em>soir\u00e9es guinguettes<\/em> vous transportent en <strong>musique <\/strong>au c\u0153ur du monument. D&rsquo;autres \u00e9v\u00e9nements ponctuels peuvent \u00e9galement prendre place.<\/p>\n<\/div>\n\n\n\n<div class=\"wp-block-column is-layout-flow wp-block-column-is-layout-flow\" style=\"flex-basis:50%\">\n<h3 class=\"wp-block-heading\" id=\"les-festivals-partenaires\">Les festivals partenaires<\/h3>\n\n\n\n<p style=\"font-size:19px\">Le couvent accueille des <strong>festivals partenaires<\/strong> de longues dates tels que <em>Piano aux Jacobins <\/em>ou <em>Passe ton Bach. <\/em>Pr\u00e9parez-vous \u00e0 vivre des <strong>moments artistiques<\/strong> intenses et des<strong> rencontres inoubliables<\/strong>.<\/p>\n<\/div>\n<\/div>\n\n\n\n<div class=\"wp-block-buttons is-content-justification-center is-layout-flex wp-container-core-buttons-is-layout-16018d1d wp-block-buttons-is-layout-flex\">\n<div class=\"wp-block-button\"><a class=\"wp-block-button__link wp-element-button\" href=\"https:\/\/jacobins.toulouse.fr\/fr\/agenda\/\">Voir l&rsquo;agenda culturel<\/a><\/div>\n<\/div>\n<\/div>\n<\/div><\/div><\/section>\n\n    <section class=\"gutenberg-immersive-visual alignfull\">\n          <picture class=\"splide__image\">\n            <source media=\"(min-width: 57.6rem)\"\n                    srcset=\"https:\/\/jacobins.toulouse.fr\/wp-content\/uploads\/sites\/12\/2023\/08\/Colorama-Bas.png 2880w, https:\/\/jacobins.toulouse.fr\/wp-content\/uploads\/sites\/12\/2023\/08\/Colorama-Bas-300x28.png 300w, https:\/\/jacobins.toulouse.fr\/wp-content\/uploads\/sites\/12\/2023\/08\/Colorama-Bas-1024x94.png 1024w, https:\/\/jacobins.toulouse.fr\/wp-content\/uploads\/sites\/12\/2023\/08\/Colorama-Bas-768x70.png 768w, https:\/\/jacobins.toulouse.fr\/wp-content\/uploads\/sites\/12\/2023\/08\/Colorama-Bas-1536x141.png 1536w, https:\/\/jacobins.toulouse.fr\/wp-content\/uploads\/sites\/12\/2023\/08\/Colorama-Bas-2048x188.png 2048w, https:\/\/jacobins.toulouse.fr\/wp-content\/uploads\/sites\/12\/2023\/08\/Colorama-Bas-414x38.png 414w\"\n                    class=\"attachment-full size-full pure-img\"\n                    >\n            <source\n                srcset=\"https:\/\/jacobins.toulouse.fr\/wp-content\/uploads\/sites\/12\/2023\/08\/Colorama-Mobile-BD.png 640w, https:\/\/jacobins.toulouse.fr\/wp-content\/uploads\/sites\/12\/2023\/08\/Colorama-Mobile-BD-300x141.png 300w, https:\/\/jacobins.toulouse.fr\/wp-content\/uploads\/sites\/12\/2023\/08\/Colorama-Mobile-BD-414x194.png 414w, https:\/\/jacobins.toulouse.fr\/wp-content\/uploads\/sites\/12\/2023\/08\/Colorama-Mobile-BD-213x100.png 213w\"\n                sizes=\"(max-width: 2880px) 100vw, 2880px\">\n            <img decoding=\"async\" src=\"https:\/\/jacobins.toulouse.fr\/wp-content\/uploads\/sites\/12\/2023\/08\/Colorama-Bas.png\"\n                srcset=\"https:\/\/jacobins.toulouse.fr\/wp-content\/uploads\/sites\/12\/2023\/08\/Colorama-Bas.png 2880w, https:\/\/jacobins.toulouse.fr\/wp-content\/uploads\/sites\/12\/2023\/08\/Colorama-Bas-300x28.png 300w, https:\/\/jacobins.toulouse.fr\/wp-content\/uploads\/sites\/12\/2023\/08\/Colorama-Bas-1024x94.png 1024w, https:\/\/jacobins.toulouse.fr\/wp-content\/uploads\/sites\/12\/2023\/08\/Colorama-Bas-768x70.png 768w, https:\/\/jacobins.toulouse.fr\/wp-content\/uploads\/sites\/12\/2023\/08\/Colorama-Bas-1536x141.png 1536w, https:\/\/jacobins.toulouse.fr\/wp-content\/uploads\/sites\/12\/2023\/08\/Colorama-Bas-2048x188.png 2048w, https:\/\/jacobins.toulouse.fr\/wp-content\/uploads\/sites\/12\/2023\/08\/Colorama-Bas-414x38.png 414w\"\n                sizes=\"(min-width: 60rem) 60rem, 100vw\"\n                class=\"splide__image\"\n                alt=\"\"\n            >\n          <\/picture>\n            <\/section>\n\n\n    <section class=\"gutenberg-immersive-visual alignfull imp_unset-margin\">\n<img loading=\"lazy\" decoding=\"async\" width=\"1440\" height=\"400\" src=\"https:\/\/jacobins.toulouse.fr\/wp-content\/uploads\/sites\/12\/2023\/10\/Spectacles-evenements_2\u00a9Alexandre-Ollier.jpg\" class=\"attachment-full size-full\" alt=\"\" title=\"\" srcset=\"https:\/\/jacobins.toulouse.fr\/wp-content\/uploads\/sites\/12\/2023\/10\/Spectacles-evenements_2\u00a9Alexandre-Ollier.jpg 1440w, https:\/\/jacobins.toulouse.fr\/wp-content\/uploads\/sites\/12\/2023\/10\/Spectacles-evenements_2\u00a9Alexandre-Ollier-300x83.jpg 300w, https:\/\/jacobins.toulouse.fr\/wp-content\/uploads\/sites\/12\/2023\/10\/Spectacles-evenements_2\u00a9Alexandre-Ollier-1024x284.jpg 1024w, https:\/\/jacobins.toulouse.fr\/wp-content\/uploads\/sites\/12\/2023\/10\/Spectacles-evenements_2\u00a9Alexandre-Ollier-768x213.jpg 768w, https:\/\/jacobins.toulouse.fr\/wp-content\/uploads\/sites\/12\/2023\/10\/Spectacles-evenements_2\u00a9Alexandre-Ollier-414x115.jpg 414w\" sizes=\"(max-width: 1440px) 100vw, 1440px\" itemprop=\"image\" \/>    <\/section>\n","protected":false},"excerpt":{"rendered":"<p>Concerts, th\u00e9\u00e2tre, ap\u00e9ritifs et convivialit\u00e9 sont nos ingr\u00e9dients secrets pour des soir\u00e9es d\u2019exception. Une palette d&rsquo;\u00e9v\u00e8nements pour tous les go\u00fbts et adapt\u00e9s \u00e0 tous \u00e2ges. Ne manquez pas les grands rendez-vous de l\u2019ann\u00e9e\u00a0! Un couvent&hellip;<\/p>\n","protected":false},"author":69,"featured_media":0,"parent":0,"menu_order":0,"comment_status":"closed","ping_status":"closed","template":"","meta":{"_acf_changed":false,"footnotes":""},"class_list":["post-1173","page","type-page","status-publish","hentry"],"acf":[],"yoast_head":"<!-- This site is optimized with the Yoast SEO plugin v27.0 - https:\/\/yoast.com\/product\/yoast-seo-wordpress\/ -->\n<title>Spectacles et festivit\u00e9s - Couvent des Jacobins<\/title>\n<meta name=\"description\" content=\"D\u00e9couvrez des \u00e9v\u00e9nements inclusifs dans un cadre historique unique : des soir\u00e9es et spectacles pour tous les go\u00fbts et tous les \u00e2ges.\" \/>\n<meta name=\"robots\" content=\"index, follow, max-snippet:-1, max-image-preview:large, max-video-preview:-1\" \/>\n<link rel=\"canonical\" href=\"https:\/\/jacobins.toulouse.fr\/fr\/spectacles-et-festivites\/\" \/>\n<meta property=\"og:locale\" content=\"fr_FR\" \/>\n<meta property=\"og:type\" content=\"article\" \/>\n<meta property=\"og:title\" content=\"Spectacles et festivit\u00e9s - Couvent des Jacobins\" \/>\n<meta property=\"og:description\" content=\"D\u00e9couvrez des \u00e9v\u00e9nements inclusifs dans un cadre historique unique : des soir\u00e9es et spectacles pour tous les go\u00fbts et tous les \u00e2ges.\" \/>\n<meta property=\"og:url\" content=\"https:\/\/jacobins.toulouse.fr\/fr\/spectacles-et-festivites\/\" \/>\n<meta property=\"og:site_name\" content=\"Couvent des Jacobins\" \/>\n<meta property=\"article:modified_time\" content=\"2024-07-25T13:08:43+00:00\" \/>\n<meta property=\"og:image\" content=\"https:\/\/jacobins.toulouse.fr\/wp-content\/uploads\/sites\/12\/2023\/10\/bouffon.png\" \/>\n<meta name=\"twitter:card\" content=\"summary_large_image\" \/>\n<meta name=\"twitter:label1\" content=\"Dur\u00e9e de lecture estim\u00e9e\" \/>\n\t<meta name=\"twitter:data1\" content=\"2 minutes\" \/>\n<script type=\"application\/ld+json\" class=\"yoast-schema-graph\">{\"@context\":\"https:\/\/schema.org\",\"@graph\":[{\"@type\":\"WebPage\",\"@id\":\"https:\/\/jacobins.toulouse.fr\/fr\/spectacles-et-festivites\/\",\"url\":\"https:\/\/jacobins.toulouse.fr\/fr\/spectacles-et-festivites\/\",\"name\":\"Spectacles et festivit\u00e9s - Couvent des Jacobins\",\"isPartOf\":{\"@id\":\"https:\/\/jacobins.toulouse.fr\/fr\/#website\"},\"primaryImageOfPage\":{\"@id\":\"https:\/\/jacobins.toulouse.fr\/fr\/spectacles-et-festivites\/#primaryimage\"},\"image\":{\"@id\":\"https:\/\/jacobins.toulouse.fr\/fr\/spectacles-et-festivites\/#primaryimage\"},\"thumbnailUrl\":\"https:\/\/jacobins.toulouse.fr\/wp-content\/uploads\/sites\/12\/2023\/10\/bouffon.png\",\"datePublished\":\"2023-09-21T09:30:27+00:00\",\"dateModified\":\"2024-07-25T13:08:43+00:00\",\"description\":\"D\u00e9couvrez des \u00e9v\u00e9nements inclusifs dans un cadre historique unique : des soir\u00e9es et spectacles pour tous les go\u00fbts et tous les \u00e2ges.\",\"breadcrumb\":{\"@id\":\"https:\/\/jacobins.toulouse.fr\/fr\/spectacles-et-festivites\/#breadcrumb\"},\"inLanguage\":\"fr-FR\",\"potentialAction\":[{\"@type\":\"ReadAction\",\"target\":[\"https:\/\/jacobins.toulouse.fr\/fr\/spectacles-et-festivites\/\"]}]},{\"@type\":\"ImageObject\",\"inLanguage\":\"fr-FR\",\"@id\":\"https:\/\/jacobins.toulouse.fr\/fr\/spectacles-et-festivites\/#primaryimage\",\"url\":\"https:\/\/jacobins.toulouse.fr\/wp-content\/uploads\/sites\/12\/2023\/10\/bouffon.png\",\"contentUrl\":\"https:\/\/jacobins.toulouse.fr\/wp-content\/uploads\/sites\/12\/2023\/10\/bouffon.png\"},{\"@type\":\"BreadcrumbList\",\"@id\":\"https:\/\/jacobins.toulouse.fr\/fr\/spectacles-et-festivites\/#breadcrumb\",\"itemListElement\":[{\"@type\":\"ListItem\",\"position\":1,\"name\":\"Accueil\",\"item\":\"https:\/\/jacobins.toulouse.fr\/fr\/\"},{\"@type\":\"ListItem\",\"position\":2,\"name\":\"Spectacles et festivit\u00e9s\"}]},{\"@type\":\"WebSite\",\"@id\":\"https:\/\/jacobins.toulouse.fr\/fr\/#website\",\"url\":\"https:\/\/jacobins.toulouse.fr\/fr\/\",\"name\":\"Couvent des Jacobins\",\"description\":\"\",\"publisher\":{\"@id\":\"https:\/\/jacobins.toulouse.fr\/fr\/#organization\"},\"potentialAction\":[{\"@type\":\"SearchAction\",\"target\":{\"@type\":\"EntryPoint\",\"urlTemplate\":\"https:\/\/jacobins.toulouse.fr\/fr\/search\/{search_term_string}\"},\"query-input\":{\"@type\":\"PropertyValueSpecification\",\"valueRequired\":true,\"valueName\":\"search_term_string\"}}],\"inLanguage\":\"fr-FR\"},{\"@type\":\"Organization\",\"@id\":\"https:\/\/jacobins.toulouse.fr\/fr\/#organization\",\"name\":\"Couvent des Jacobins\",\"url\":\"https:\/\/jacobins.toulouse.fr\/fr\/\",\"logo\":{\"@type\":\"ImageObject\",\"inLanguage\":\"fr-FR\",\"@id\":\"https:\/\/jacobins.toulouse.fr\/fr\/#\/schema\/logo\/image\/\",\"url\":\"https:\/\/jacobins.toulouse.fr\/wp-content\/uploads\/sites\/12\/2023\/08\/cropped-cropped-Logo-Jacobins.png\",\"contentUrl\":\"https:\/\/jacobins.toulouse.fr\/wp-content\/uploads\/sites\/12\/2023\/08\/cropped-cropped-Logo-Jacobins.png\",\"width\":254,\"height\":150,\"caption\":\"Couvent des Jacobins\"},\"image\":{\"@id\":\"https:\/\/jacobins.toulouse.fr\/fr\/#\/schema\/logo\/image\/\"}}]}<\/script>\n<!-- \/ Yoast SEO plugin. -->","yoast_head_json":{"title":"Spectacles et festivit\u00e9s - Couvent des Jacobins","description":"D\u00e9couvrez des \u00e9v\u00e9nements inclusifs dans un cadre historique unique : des soir\u00e9es et spectacles pour tous les go\u00fbts et tous les \u00e2ges.","robots":{"index":"index","follow":"follow","max-snippet":"max-snippet:-1","max-image-preview":"max-image-preview:large","max-video-preview":"max-video-preview:-1"},"canonical":"https:\/\/jacobins.toulouse.fr\/fr\/spectacles-et-festivites\/","og_locale":"fr_FR","og_type":"article","og_title":"Spectacles et festivit\u00e9s - Couvent des Jacobins","og_description":"D\u00e9couvrez des \u00e9v\u00e9nements inclusifs dans un cadre historique unique : des soir\u00e9es et spectacles pour tous les go\u00fbts et tous les \u00e2ges.","og_url":"https:\/\/jacobins.toulouse.fr\/fr\/spectacles-et-festivites\/","og_site_name":"Couvent des Jacobins","article_modified_time":"2024-07-25T13:08:43+00:00","og_image":[{"url":"https:\/\/jacobins.toulouse.fr\/wp-content\/uploads\/sites\/12\/2023\/10\/bouffon.png","type":"","width":"","height":""}],"twitter_card":"summary_large_image","twitter_misc":{"Dur\u00e9e de lecture estim\u00e9e":"2 minutes"},"schema":{"@context":"https:\/\/schema.org","@graph":[{"@type":"WebPage","@id":"https:\/\/jacobins.toulouse.fr\/fr\/spectacles-et-festivites\/","url":"https:\/\/jacobins.toulouse.fr\/fr\/spectacles-et-festivites\/","name":"Spectacles et festivit\u00e9s - Couvent des Jacobins","isPartOf":{"@id":"https:\/\/jacobins.toulouse.fr\/fr\/#website"},"primaryImageOfPage":{"@id":"https:\/\/jacobins.toulouse.fr\/fr\/spectacles-et-festivites\/#primaryimage"},"image":{"@id":"https:\/\/jacobins.toulouse.fr\/fr\/spectacles-et-festivites\/#primaryimage"},"thumbnailUrl":"https:\/\/jacobins.toulouse.fr\/wp-content\/uploads\/sites\/12\/2023\/10\/bouffon.png","datePublished":"2023-09-21T09:30:27+00:00","dateModified":"2024-07-25T13:08:43+00:00","description":"D\u00e9couvrez des \u00e9v\u00e9nements inclusifs dans un cadre historique unique : des soir\u00e9es et spectacles pour tous les go\u00fbts et tous les \u00e2ges.","breadcrumb":{"@id":"https:\/\/jacobins.toulouse.fr\/fr\/spectacles-et-festivites\/#breadcrumb"},"inLanguage":"fr-FR","potentialAction":[{"@type":"ReadAction","target":["https:\/\/jacobins.toulouse.fr\/fr\/spectacles-et-festivites\/"]}]},{"@type":"ImageObject","inLanguage":"fr-FR","@id":"https:\/\/jacobins.toulouse.fr\/fr\/spectacles-et-festivites\/#primaryimage","url":"https:\/\/jacobins.toulouse.fr\/wp-content\/uploads\/sites\/12\/2023\/10\/bouffon.png","contentUrl":"https:\/\/jacobins.toulouse.fr\/wp-content\/uploads\/sites\/12\/2023\/10\/bouffon.png"},{"@type":"BreadcrumbList","@id":"https:\/\/jacobins.toulouse.fr\/fr\/spectacles-et-festivites\/#breadcrumb","itemListElement":[{"@type":"ListItem","position":1,"name":"Accueil","item":"https:\/\/jacobins.toulouse.fr\/fr\/"},{"@type":"ListItem","position":2,"name":"Spectacles et festivit\u00e9s"}]},{"@type":"WebSite","@id":"https:\/\/jacobins.toulouse.fr\/fr\/#website","url":"https:\/\/jacobins.toulouse.fr\/fr\/","name":"Couvent des Jacobins","description":"","publisher":{"@id":"https:\/\/jacobins.toulouse.fr\/fr\/#organization"},"potentialAction":[{"@type":"SearchAction","target":{"@type":"EntryPoint","urlTemplate":"https:\/\/jacobins.toulouse.fr\/fr\/search\/{search_term_string}"},"query-input":{"@type":"PropertyValueSpecification","valueRequired":true,"valueName":"search_term_string"}}],"inLanguage":"fr-FR"},{"@type":"Organization","@id":"https:\/\/jacobins.toulouse.fr\/fr\/#organization","name":"Couvent des Jacobins","url":"https:\/\/jacobins.toulouse.fr\/fr\/","logo":{"@type":"ImageObject","inLanguage":"fr-FR","@id":"https:\/\/jacobins.toulouse.fr\/fr\/#\/schema\/logo\/image\/","url":"https:\/\/jacobins.toulouse.fr\/wp-content\/uploads\/sites\/12\/2023\/08\/cropped-cropped-Logo-Jacobins.png","contentUrl":"https:\/\/jacobins.toulouse.fr\/wp-content\/uploads\/sites\/12\/2023\/08\/cropped-cropped-Logo-Jacobins.png","width":254,"height":150,"caption":"Couvent des Jacobins"},"image":{"@id":"https:\/\/jacobins.toulouse.fr\/fr\/#\/schema\/logo\/image\/"}}]}},"_links":{"self":[{"href":"https:\/\/jacobins.toulouse.fr\/fr\/wp-json\/wp\/v2\/pages\/1173","targetHints":{"allow":["GET"]}}],"collection":[{"href":"https:\/\/jacobins.toulouse.fr\/fr\/wp-json\/wp\/v2\/pages"}],"about":[{"href":"https:\/\/jacobins.toulouse.fr\/fr\/wp-json\/wp\/v2\/types\/page"}],"author":[{"embeddable":true,"href":"https:\/\/jacobins.toulouse.fr\/fr\/wp-json\/wp\/v2\/users\/69"}],"replies":[{"embeddable":true,"href":"https:\/\/jacobins.toulouse.fr\/fr\/wp-json\/wp\/v2\/comments?post=1173"}],"version-history":[{"count":68,"href":"https:\/\/jacobins.toulouse.fr\/fr\/wp-json\/wp\/v2\/pages\/1173\/revisions"}],"predecessor-version":[{"id":8929,"href":"https:\/\/jacobins.toulouse.fr\/fr\/wp-json\/wp\/v2\/pages\/1173\/revisions\/8929"}],"wp:attachment":[{"href":"https:\/\/jacobins.toulouse.fr\/fr\/wp-json\/wp\/v2\/media?parent=1173"}],"curies":[{"name":"wp","href":"https:\/\/api.w.org\/{rel}","templated":true}]}}