{"id":1179,"date":"2023-09-21T11:31:34","date_gmt":"2023-09-21T09:31:34","guid":{"rendered":"https:\/\/jacobins.toulouse.fr\/?page_id=1179"},"modified":"2026-04-09T09:43:14","modified_gmt":"2026-04-09T07:43:14","slug":"privatisation","status":"publish","type":"page","link":"https:\/\/jacobins.toulouse.fr\/fr\/privatisation\/","title":{"rendered":"Privatisation"},"content":{"rendered":"<section class=\"section-group\"><div class=\"container\"><div class=\"pure-g\">\n<div class=\"wp-block-group is-layout-constrained wp-block-group-is-layout-constrained\">\n<p class=\"has-text-align-left has-large-font-size\">Transformez votre \u00e9v\u00e9nement en moment inoubliable, au c\u0153ur d\u2019un patrimoine exceptionnel.<\/p>\n\n\n\n<p class=\"has-text-align-left has-large-font-size\">Offrez \u00e0 votre \u00e9v\u00e9nement un cadre <strong>unique et prestigieux<\/strong> au c\u0153ur de Toulouse. Le Couvent des Jacobins, joyau gothique datant du XIII\u1d49 si\u00e8cle, met \u00e0 disposition ses espaces d\u2019exception pour la privatisation. A travers cette location d\u2019espace organisez vos \u00e9v\u00e8nements professionnels ou priv\u00e9s.<\/p>\n\n\n\n<h2 class=\"wp-block-heading\" id=\"un-lieu-historique-pour-vos-evenements\">Un lieu historique pour vos \u00e9v\u00e9nements<\/h2>\n\n\n\n<p class=\"has-medium-font-size\">Au sein de ce monument embl\u00e9matique de la Ville Rose, vos invit\u00e9s \u00e9volueront sous de <strong>vo\u00fbtes gothiques majestueuses<\/strong>, dans un <strong>jardin clo\u00eetr\u00e9 paisible<\/strong>, et \u00e0 proximit\u00e9 imm\u00e9diate du centre-ville de Toulouse. Le caract\u00e8re patrimonial du lieu apporte une dimension m\u00e9morable et hautement qualifi\u00e9e \u00e0 vos r\u00e9ceptions, s\u00e9minaires, lancements de produit ou tournages. <\/p>\n<\/div>\n<\/div><\/div><\/section>\n\n<section class=\"section-group\"><div class=\"container\"><div class=\"pure-g\">\n<div class=\"wp-block-group is-layout-constrained wp-block-group-is-layout-constrained\">\n<h3 class=\"wp-block-heading\" id=\"espaces-modulables-pour-tous-types-de-manifestations\">Espaces modulables pour tous types de manifestations<\/h3>\n\n\n\n<p class=\"has-medium-font-size\">Cadre intimiste ou espace grandiose, une palette d\u2019espaces modulables est disponible pour cr\u00e9er des \u00e9v\u00e9nements \u00e0 l\u2019image de votre projet. Selon vos besoins, vous pouvez louer les ensembles ci-dessous ensemble ou s\u00e9par\u00e9ment.<\/p>\n\n\n\n<p class=\"has-medium-font-size\">Pour faciliter l\u2019organisation de votre \u00e9v\u00e9nement, nous mettons \u00e0 votre disposition une fiche technique de nos espaces. <\/p>\n\n\n\n<div class=\"wp-block-columns is-layout-flex wp-container-core-columns-is-layout-9d6595d7 wp-block-columns-is-layout-flex\">\n<div class=\"wp-block-column is-layout-flow wp-block-column-is-layout-flow\">\n<figure   aria-label=\"\"  class=\"wp-block-image size-large\"><img loading=\"lazy\" decoding=\"async\" width=\"1024\" height=\"683\" src=\"https:\/\/jacobins.toulouse.fr\/wp-content\/uploads\/sites\/12\/2024\/07\/Cloitre-Soiree-privee-credit-Alexandre-Ollier-8-1024x683.jpg\" alt=\"Vue sur la salle capitulaire depuis le clo\u00eetre, de nuit. Arcades \u00e9clair\u00e9es et invit\u00e9s debout en sociabilisation\" class=\"wp-image-9004\" srcset=\"https:\/\/jacobins.toulouse.fr\/wp-content\/uploads\/sites\/12\/2024\/07\/Cloitre-Soiree-privee-credit-Alexandre-Ollier-8-1024x683.jpg 1024w, https:\/\/jacobins.toulouse.fr\/wp-content\/uploads\/sites\/12\/2024\/07\/Cloitre-Soiree-privee-credit-Alexandre-Ollier-8-300x200.jpg 300w, https:\/\/jacobins.toulouse.fr\/wp-content\/uploads\/sites\/12\/2024\/07\/Cloitre-Soiree-privee-credit-Alexandre-Ollier-8-768x512.jpg 768w, https:\/\/jacobins.toulouse.fr\/wp-content\/uploads\/sites\/12\/2024\/07\/Cloitre-Soiree-privee-credit-Alexandre-Ollier-8-414x276.jpg 414w, https:\/\/jacobins.toulouse.fr\/wp-content\/uploads\/sites\/12\/2024\/07\/Cloitre-Soiree-privee-credit-Alexandre-Ollier-8.jpg 1500w\" sizes=\"(max-width: 1024px) 100vw, 1024px\" \/><\/figure>\n\n\n\n<h4 class=\"wp-block-heading has-text-align-center\" id=\"le-cloitre-1\">Le clo\u00eetre<\/h4>\n\n\n\n<p class=\"has-text-align-center\">Le clo\u00eetre offre un cadre somptueux pour vos r\u00e9ceptions et cocktails. Ses galeries, abrit\u00e9es des intemp\u00e9ries, s&rsquo;ouvrent sur le jardin, v\u00e9ritable havre de paix au c\u0153ur de la ville et \u00e9crin de fra\u00eecheur \u00e0 la belle saison.<\/p>\n<\/div>\n\n\n\n<div class=\"wp-block-column is-layout-flow wp-block-column-is-layout-flow\">\n<figure   aria-label=\"\"  class=\"wp-block-image size-large\"><img loading=\"lazy\" decoding=\"async\" width=\"1024\" height=\"683\" src=\"https:\/\/jacobins.toulouse.fr\/wp-content\/uploads\/sites\/12\/2024\/07\/salle-capitulaire-1500x1000_\u00a9Alexandre-Ollier-1024x683.jpg\" alt=\"Salle capitulaire am\u00e9nag\u00e9e d'un bar de nuit avec des visiteurs\" class=\"wp-image-9010\" srcset=\"https:\/\/jacobins.toulouse.fr\/wp-content\/uploads\/sites\/12\/2024\/07\/salle-capitulaire-1500x1000_\u00a9Alexandre-Ollier-1024x683.jpg 1024w, https:\/\/jacobins.toulouse.fr\/wp-content\/uploads\/sites\/12\/2024\/07\/salle-capitulaire-1500x1000_\u00a9Alexandre-Ollier-300x200.jpg 300w, https:\/\/jacobins.toulouse.fr\/wp-content\/uploads\/sites\/12\/2024\/07\/salle-capitulaire-1500x1000_\u00a9Alexandre-Ollier-768x512.jpg 768w, https:\/\/jacobins.toulouse.fr\/wp-content\/uploads\/sites\/12\/2024\/07\/salle-capitulaire-1500x1000_\u00a9Alexandre-Ollier-414x276.jpg 414w, https:\/\/jacobins.toulouse.fr\/wp-content\/uploads\/sites\/12\/2024\/07\/salle-capitulaire-1500x1000_\u00a9Alexandre-Ollier.jpg 1500w\" sizes=\"(max-width: 1024px) 100vw, 1024px\" \/><\/figure>\n\n\n\n<h4 class=\"wp-block-heading has-text-align-center\" id=\"la-salle-capitulaire\">La salle capitulaire<\/h4>\n\n\n\n<p class=\"has-text-align-center\"> La chapelle sur\u00e9lev\u00e9e de la salle capitulaire, pouvant servir de sc\u00e8ne, en fait un lieu id\u00e9al pour colloques, rencontres et concerts. De plus, elle s&rsquo;ouvre directement sur le clo\u00eetre et son jardin, offrant ainsi une vue d\u00e9gag\u00e9e.<\/p>\n<\/div>\n\n\n\n<div class=\"wp-block-column is-layout-flow wp-block-column-is-layout-flow\">\n<figure   aria-label=\"\"  class=\"wp-block-image size-large\"><img loading=\"lazy\" decoding=\"async\" width=\"1024\" height=\"683\" src=\"https:\/\/jacobins.toulouse.fr\/wp-content\/uploads\/sites\/12\/2024\/07\/refectoire-1500x1000-1-1024x683.jpg\" alt=\"Ensemble de tables et chaises blanches dispos\u00e9es dans le r\u00e9fectoir du couvent\" class=\"wp-image-9007\" srcset=\"https:\/\/jacobins.toulouse.fr\/wp-content\/uploads\/sites\/12\/2024\/07\/refectoire-1500x1000-1-1024x683.jpg 1024w, https:\/\/jacobins.toulouse.fr\/wp-content\/uploads\/sites\/12\/2024\/07\/refectoire-1500x1000-1-300x200.jpg 300w, https:\/\/jacobins.toulouse.fr\/wp-content\/uploads\/sites\/12\/2024\/07\/refectoire-1500x1000-1-768x512.jpg 768w, https:\/\/jacobins.toulouse.fr\/wp-content\/uploads\/sites\/12\/2024\/07\/refectoire-1500x1000-1-414x276.jpg 414w, https:\/\/jacobins.toulouse.fr\/wp-content\/uploads\/sites\/12\/2024\/07\/refectoire-1500x1000-1.jpg 1500w\" sizes=\"(max-width: 1024px) 100vw, 1024px\" \/><\/figure>\n\n\n\n<h4 class=\"wp-block-heading has-text-align-center\" id=\"le-refectoire-1\">Le r\u00e9fectoire<\/h4>\n\n\n\n<p class=\"has-text-align-center\">Avec ses murs de brique, son impressionnante hauteur sous plafond et ses 630 m<sup>2<\/sup> d&rsquo;espace disponible, le r\u00e9fectoire se pr\u00eate aux d\u00eeners, conf\u00e9rences, expositions et aux \u00e9v\u00e9nements culturels. <\/p>\n<\/div>\n<\/div>\n<\/div>\n<\/div><\/div><\/section>\n\n\n<div class=\"wp-block-buttons is-content-justification-center is-layout-flex wp-container-core-buttons-is-layout-16018d1d wp-block-buttons-is-layout-flex\">\n<div class=\"wp-block-button\"><a class=\"wp-block-button__link wp-element-button\" href=\"https:\/\/www.calameo.com\/toulouse\/read\/005971811aea58d90f61c\" target=\"_blank\" rel=\"noreferrer noopener\">Voir la fiche technique<\/a><\/div>\n\n\n\n<div class=\"wp-block-button\"><a class=\"wp-block-button__link wp-element-button\" href=\"https:\/\/www.calameo.com\/toulouse\/read\/0059718111a28a6cfa927\">Download the technical sheet<\/a><\/div>\n<\/div>\n\n\n<section class=\"section-group\"><div class=\"container\"><div class=\"pure-g\">\n<div class=\"wp-block-group is-layout-constrained wp-block-group-is-layout-constrained\">\n<h2 class=\"wp-block-heading\" id=\"contact-privatisation\">Contact<\/h2>\n\n\n\n<div class=\"wpcf7 no-js\" id=\"wpcf7-f6753-o1\" lang=\"fr-FR\" dir=\"ltr\" data-wpcf7-id=\"6753\">\n<div class=\"screen-reader-response\"><p role=\"status\" aria-live=\"polite\" aria-atomic=\"true\"><\/p> <ul><\/ul><\/div>\n<form action=\"\/fr\/wp-json\/wp\/v2\/pages\/1179#wpcf7-f6753-o1\" method=\"post\" class=\"wpcf7-form init\" aria-label=\"Formulaire de contact\" novalidate=\"novalidate\" data-status=\"init\">\n<fieldset class=\"hidden-fields-container\"><input type=\"hidden\" name=\"_wpcf7\" value=\"6753\" \/><input type=\"hidden\" name=\"_wpcf7_version\" value=\"6.1.5\" \/><input type=\"hidden\" name=\"_wpcf7_locale\" value=\"fr_FR\" \/><input type=\"hidden\" name=\"_wpcf7_unit_tag\" value=\"wpcf7-f6753-o1\" \/><input type=\"hidden\" name=\"_wpcf7_container_post\" value=\"0\" \/><input type=\"hidden\" name=\"_wpcf7_posted_data_hash\" value=\"\" \/>\n<\/fieldset>\n<input class=\"wpcf7-form-control wpcf7-hidden\" value=\"block_de5f4e91f8c3b5f66ad325e0dd6398fe\" type=\"hidden\" name=\"block_id\" \/>\n<input class=\"wpcf7-form-control wpcf7-hidden\" value=\"privatisations.monuments@mairie-toulouse.fr\" type=\"hidden\" name=\"dest\" \/>\n\n<div>\n<p class=\"form-group form-group--full mandatory\"><span class=\"mandatory\">*<\/span> Les champs marqu\u00e9s d&rsquo;un ast\u00e9risque sont obligatoires.<\/p>\n<p class=\"form-group form-group--full\"><em>Ne saisissez aucune information personnelle dans ce formulaire qui ne soit pas utile au traitement de votre demande.<\/em><\/p>\n<\/div>\n<div class=\"form-group\">\n    <label for=\"first-name-form6753-1\">Pr\u00e9nom<\/label><span class=\"wpcf7-form-control-wrap\" data-name=\"first_name\"><input size=\"40\" maxlength=\"400\" class=\"wpcf7-form-control wpcf7-text\" id=\"first-name-form6753-1\" aria-invalid=\"false\" placeholder=\"Exemple : Jean\" value=\"\" type=\"text\" name=\"first_name\" \/><\/span>\n<\/div>\n\n<div class=\"form-group\">\n    <label for=\"last-name-form6753-1\">Nom<\/label><span class=\"wpcf7-form-control-wrap\" data-name=\"last_name\"><input size=\"40\" maxlength=\"400\" class=\"wpcf7-form-control wpcf7-text\" id=\"last-name-form6753-1\" aria-invalid=\"false\" placeholder=\"Exemple : Martin\" value=\"\" type=\"text\" name=\"last_name\" \/><\/span>\n<\/div>\n\n<div class=\"form-group\">\n    <label for=\"email-form6753-1\"><span class=\"mandatory\"><\/span>Courriel * <small>Exemple : jean@martin.fr<\/small><\/label><span class=\"wpcf7-form-control-wrap\" data-name=\"email\"><input size=\"40\" maxlength=\"400\" class=\"wpcf7-form-control wpcf7-email wpcf7-validates-as-required wpcf7-text wpcf7-validates-as-email\" id=\"email-form6753-1\" aria-required=\"true\" aria-invalid=\"false\" placeholder=\"Exemple : jean@martin.fr\" value=\"\" type=\"email\" name=\"email\" \/><\/span>\n<\/div>\n\n<div class=\"form-group\">\n    <label for=\"phone-number-form6753-1\">Num\u00e9ro de t\u00e9l\u00e9phone <small>Exemple : 0605040302<\/small><\/label><span class=\"wpcf7-form-control-wrap\" data-name=\"phone_number\"><input size=\"40\" maxlength=\"400\" class=\"wpcf7-form-control wpcf7-tel wpcf7-text wpcf7-validates-as-tel\" id=\"phone-number-form6753-1\" aria-invalid=\"false\" placeholder=\"Exemple : 0605040302\" value=\"\" type=\"tel\" name=\"phone_number\" \/><\/span>\n<\/div>\n\n<div class=\"form-group\">\n    <label for=\"subject-form6753-1\"><span class=\"mandatory\"><\/span> Objet de votre demande *<\/label><span class=\"wpcf7-form-control-wrap\" data-name=\"subject\"><input size=\"40\" maxlength=\"400\" class=\"wpcf7-form-control wpcf7-text wpcf7-validates-as-required\" id=\"subject-form6753-1\" aria-required=\"true\" aria-invalid=\"false\" placeholder=\"Votre demande\" value=\"\" type=\"text\" name=\"subject\" \/><\/span>\n<\/div>\n<div class=\"form-group form-group--full\">\n    <label for=\"message-form6753-1\"><span class=\"mandatory\"><\/span> Message *<\/label><span class=\"wpcf7-form-control-wrap\" data-name=\"message\"><textarea cols=\"40\" rows=\"10\" maxlength=\"2000\" class=\"wpcf7-form-control wpcf7-textarea wpcf7-validates-as-required\" id=\"message-form6753-1\" aria-required=\"true\" aria-invalid=\"false\" placeholder=\"Votre message\" name=\"message\"><\/textarea><\/span>\n<\/div>\n\n<div class=\"form-group form-group--full\">\n    <span class=\"wpcf7-form-control-wrap\" data-name=\"consent\"><span class=\"wpcf7-form-control wpcf7-acceptance\"><span class=\"wpcf7-list-item\"><label><input type=\"checkbox\" name=\"consent\" value=\"1\" aria-invalid=\"false\" \/><span class=\"wpcf7-list-item-label\">En cochant cette case je consens \u00e0 ce que mes donn\u00e9es soient trait\u00e9es par le Couvent des Jacobins. Je suis inform\u00e9(e) du retrait possible de mon consentement, \u00e0 tout moment, en le demandant \u00e0 jacobins@mairie-toulouse.fr *<\/span><\/label><\/span><\/span><\/span>\n<\/div>\n\n<div class=\"form-group form-group--full\">\n    <span class=\"wpcf7-form-control-wrap\" data-name=\"consent\"><span class=\"wpcf7-form-control wpcf7-acceptance\"><span class=\"wpcf7-list-item\"><label><input type=\"checkbox\" name=\"consent\" value=\"1\" aria-invalid=\"false\" \/><span class=\"wpcf7-list-item-label\">En cochant cette case, j&rsquo;atteste avoir 16 ans ou plus.*<\/span><\/label><\/span><\/span><\/span>\n<\/div>\n\n<div class=\"form-group form-group--full\">\n<p>Ce formulaire est un traitement de donn\u00e9es personnelles g\u00e9r\u00e9 par le Couvent des Jacobins. Les informations recueillies \u00e0 partir de ce formulaire sont transmises au service gestionnaire de votre demande. Vous pouvez acc\u00e9der aux donn\u00e9es vous concernant, vous opposer \u00e0 leur traitement, les faire rectifier ou les faire effacer en contactant jacobins@mairie-toulouse.fr<\/p>\n<\/div>\n<div class=\"form-group--full\">\n    <div class=\"wpcf7-form-control wpcf7-captchetat\">\n    <span class=\"wpcf7-form-control-wrap\" data-name=\"captchetat\">\n        <div\n            class=\"tlsm-captchetat\"\n            data-captchetat-endpoint=\"https:\/\/jacobins.toulouse.fr\/fr\/wp-json\/tlsm\/v1\/captcha\"\n            aria-live=\"polite\"\n        >\n            <div class=\"tlsm-captchetat__widget\">\n                <div\n                    class=\"tlsm-captchetat__image\"\n                    role=\"img\"\n                    aria-label=\"Image captcha\"\n                ><\/div>\n\n                <div class=\"tlsm-captchetat__actions\">\n                    <button\n                        type=\"button\"\n                        class=\"tlsm-captchetat__refresh\"\n                        title=\"Recharger le captcha\"\n                        aria-label=\"Recharger le captcha\"\n                    >\n                        <span aria-hidden=\"true\">&#x21bb;<\/span>\n                    <\/button>\n\n                    <button\n                        type=\"button\"\n                        class=\"tlsm-captchetat__audio\"\n                        title=\"\u00c9couter le captcha\"\n                        aria-label=\"\u00c9couter le captcha\"\n                    >\n                        <span aria-hidden=\"true\">&#x1f50a;<\/span>\n                    <\/button>\n                <\/div>\n            <\/div>\n\n            <label class=\"tlsm-captchetat__label\">\n                <span class=\"tlsm-captchetat__label-text\">\n                    Saisissez le code affich\u00e9                <\/span>\n\n                <input\n                    type=\"text\"\n                    name=\"captchetat\"\n                    class=\"tlsm-captchetat__input wpcf7-form-control\"\n                    autocomplete=\"off\"\n                    aria-required=\"true\"\n                    aria-invalid=\"false\"                \/>\n            <\/label>\n\n            <input\n                type=\"hidden\"\n                name=\"captchetat-uuid\"\n                class=\"tlsm-captchetat__uuid\"\n                value=\"\"\n            \/>\n\n                    <\/div>\n    <\/span>\n<\/div>\n\n\n<\/div>\n<div class=\"wpcf7-response-output\"><\/div>\n<div class=\"call\">\n    <input class=\"wpcf7-form-control wpcf7-submit has-spinner btn btn--gold\" type=\"submit\" value=\"Envoyer\" \/>\n<\/div><div class=\"wpcf7-response-output\" aria-hidden=\"true\"><\/div>\n<\/form>\n<\/div>\n<\/div>\n<\/div><\/div><\/section>","protected":false},"excerpt":{"rendered":"<p>Transformez votre \u00e9v\u00e9nement en moment inoubliable, au c\u0153ur d\u2019un patrimoine exceptionnel. Offrez \u00e0 votre \u00e9v\u00e9nement un cadre unique et prestigieux au c\u0153ur de Toulouse. Le Couvent des Jacobins, joyau gothique datant du XIII\u1d49 si\u00e8cle, met&hellip;<\/p>\n","protected":false},"author":69,"featured_media":0,"parent":0,"menu_order":0,"comment_status":"closed","ping_status":"closed","template":"","meta":{"_acf_changed":false,"footnotes":""},"class_list":["post-1179","page","type-page","status-publish","hentry"],"acf":[],"yoast_head":"<!-- This site is optimized with the Yoast SEO plugin v27.0 - https:\/\/yoast.com\/product\/yoast-seo-wordpress\/ -->\n<title>Privatisation - Couvent des Jacobins<\/title>\n<meta name=\"robots\" content=\"index, follow, max-snippet:-1, max-image-preview:large, max-video-preview:-1\" \/>\n<link rel=\"canonical\" href=\"https:\/\/jacobins.toulouse.fr\/fr\/privatisation\/\" \/>\n<meta property=\"og:locale\" content=\"fr_FR\" \/>\n<meta property=\"og:type\" content=\"article\" \/>\n<meta property=\"og:title\" content=\"Privatisation - Couvent des Jacobins\" \/>\n<meta property=\"og:description\" content=\"Transformez votre \u00e9v\u00e9nement en moment inoubliable, au c\u0153ur d\u2019un patrimoine exceptionnel. Offrez \u00e0 votre \u00e9v\u00e9nement un cadre unique et prestigieux au c\u0153ur de Toulouse. Le Couvent des Jacobins, joyau gothique datant du XIII\u1d49 si\u00e8cle, met&hellip;\" \/>\n<meta property=\"og:url\" content=\"https:\/\/jacobins.toulouse.fr\/fr\/privatisation\/\" \/>\n<meta property=\"og:site_name\" content=\"Couvent des Jacobins\" \/>\n<meta property=\"article:modified_time\" content=\"2026-04-09T07:43:14+00:00\" \/>\n<meta property=\"og:image\" content=\"https:\/\/jacobins.toulouse.fr\/wp-content\/uploads\/sites\/12\/2024\/07\/Cloitre-Soiree-privee-credit-Alexandre-Ollier-8.jpg\" \/>\n\t<meta property=\"og:image:width\" content=\"1500\" \/>\n\t<meta property=\"og:image:height\" content=\"1000\" \/>\n\t<meta property=\"og:image:type\" content=\"image\/jpeg\" \/>\n<meta name=\"twitter:card\" content=\"summary_large_image\" \/>\n<meta name=\"twitter:label1\" content=\"Dur\u00e9e de lecture estim\u00e9e\" \/>\n\t<meta name=\"twitter:data1\" content=\"3 minutes\" \/>\n<script type=\"application\/ld+json\" class=\"yoast-schema-graph\">{\"@context\":\"https:\/\/schema.org\",\"@graph\":[{\"@type\":\"WebPage\",\"@id\":\"https:\/\/jacobins.toulouse.fr\/fr\/privatisation\/\",\"url\":\"https:\/\/jacobins.toulouse.fr\/fr\/privatisation\/\",\"name\":\"Privatisation - Couvent des Jacobins\",\"isPartOf\":{\"@id\":\"https:\/\/jacobins.toulouse.fr\/fr\/#website\"},\"primaryImageOfPage\":{\"@id\":\"https:\/\/jacobins.toulouse.fr\/fr\/privatisation\/#primaryimage\"},\"image\":{\"@id\":\"https:\/\/jacobins.toulouse.fr\/fr\/privatisation\/#primaryimage\"},\"thumbnailUrl\":\"https:\/\/jacobins.toulouse.fr\/wp-content\/uploads\/sites\/12\/2024\/07\/Cloitre-Soiree-privee-credit-Alexandre-Ollier-8-1024x683.jpg\",\"datePublished\":\"2023-09-21T09:31:34+00:00\",\"dateModified\":\"2026-04-09T07:43:14+00:00\",\"breadcrumb\":{\"@id\":\"https:\/\/jacobins.toulouse.fr\/fr\/privatisation\/#breadcrumb\"},\"inLanguage\":\"fr-FR\",\"potentialAction\":[{\"@type\":\"ReadAction\",\"target\":[\"https:\/\/jacobins.toulouse.fr\/fr\/privatisation\/\"]}]},{\"@type\":\"ImageObject\",\"inLanguage\":\"fr-FR\",\"@id\":\"https:\/\/jacobins.toulouse.fr\/fr\/privatisation\/#primaryimage\",\"url\":\"https:\/\/jacobins.toulouse.fr\/wp-content\/uploads\/sites\/12\/2024\/07\/Cloitre-Soiree-privee-credit-Alexandre-Ollier-8-1024x683.jpg\",\"contentUrl\":\"https:\/\/jacobins.toulouse.fr\/wp-content\/uploads\/sites\/12\/2024\/07\/Cloitre-Soiree-privee-credit-Alexandre-Ollier-8-1024x683.jpg\"},{\"@type\":\"BreadcrumbList\",\"@id\":\"https:\/\/jacobins.toulouse.fr\/fr\/privatisation\/#breadcrumb\",\"itemListElement\":[{\"@type\":\"ListItem\",\"position\":1,\"name\":\"Accueil\",\"item\":\"https:\/\/jacobins.toulouse.fr\/fr\/\"},{\"@type\":\"ListItem\",\"position\":2,\"name\":\"Privatisation\"}]},{\"@type\":\"WebSite\",\"@id\":\"https:\/\/jacobins.toulouse.fr\/fr\/#website\",\"url\":\"https:\/\/jacobins.toulouse.fr\/fr\/\",\"name\":\"Couvent des Jacobins\",\"description\":\"\",\"publisher\":{\"@id\":\"https:\/\/jacobins.toulouse.fr\/fr\/#organization\"},\"potentialAction\":[{\"@type\":\"SearchAction\",\"target\":{\"@type\":\"EntryPoint\",\"urlTemplate\":\"https:\/\/jacobins.toulouse.fr\/fr\/search\/{search_term_string}\"},\"query-input\":{\"@type\":\"PropertyValueSpecification\",\"valueRequired\":true,\"valueName\":\"search_term_string\"}}],\"inLanguage\":\"fr-FR\"},{\"@type\":\"Organization\",\"@id\":\"https:\/\/jacobins.toulouse.fr\/fr\/#organization\",\"name\":\"Couvent des Jacobins\",\"url\":\"https:\/\/jacobins.toulouse.fr\/fr\/\",\"logo\":{\"@type\":\"ImageObject\",\"inLanguage\":\"fr-FR\",\"@id\":\"https:\/\/jacobins.toulouse.fr\/fr\/#\/schema\/logo\/image\/\",\"url\":\"https:\/\/jacobins.toulouse.fr\/wp-content\/uploads\/sites\/12\/2023\/08\/cropped-cropped-Logo-Jacobins.png\",\"contentUrl\":\"https:\/\/jacobins.toulouse.fr\/wp-content\/uploads\/sites\/12\/2023\/08\/cropped-cropped-Logo-Jacobins.png\",\"width\":254,\"height\":150,\"caption\":\"Couvent des Jacobins\"},\"image\":{\"@id\":\"https:\/\/jacobins.toulouse.fr\/fr\/#\/schema\/logo\/image\/\"}}]}<\/script>\n<!-- \/ Yoast SEO plugin. -->","yoast_head_json":{"title":"Privatisation - Couvent des Jacobins","robots":{"index":"index","follow":"follow","max-snippet":"max-snippet:-1","max-image-preview":"max-image-preview:large","max-video-preview":"max-video-preview:-1"},"canonical":"https:\/\/jacobins.toulouse.fr\/fr\/privatisation\/","og_locale":"fr_FR","og_type":"article","og_title":"Privatisation - Couvent des Jacobins","og_description":"Transformez votre \u00e9v\u00e9nement en moment inoubliable, au c\u0153ur d\u2019un patrimoine exceptionnel. Offrez \u00e0 votre \u00e9v\u00e9nement un cadre unique et prestigieux au c\u0153ur de Toulouse. Le Couvent des Jacobins, joyau gothique datant du XIII\u1d49 si\u00e8cle, met&hellip;","og_url":"https:\/\/jacobins.toulouse.fr\/fr\/privatisation\/","og_site_name":"Couvent des Jacobins","article_modified_time":"2026-04-09T07:43:14+00:00","og_image":[{"width":1500,"height":1000,"url":"https:\/\/jacobins.toulouse.fr\/wp-content\/uploads\/sites\/12\/2024\/07\/Cloitre-Soiree-privee-credit-Alexandre-Ollier-8.jpg","type":"image\/jpeg"}],"twitter_card":"summary_large_image","twitter_misc":{"Dur\u00e9e de lecture estim\u00e9e":"3 minutes"},"schema":{"@context":"https:\/\/schema.org","@graph":[{"@type":"WebPage","@id":"https:\/\/jacobins.toulouse.fr\/fr\/privatisation\/","url":"https:\/\/jacobins.toulouse.fr\/fr\/privatisation\/","name":"Privatisation - Couvent des Jacobins","isPartOf":{"@id":"https:\/\/jacobins.toulouse.fr\/fr\/#website"},"primaryImageOfPage":{"@id":"https:\/\/jacobins.toulouse.fr\/fr\/privatisation\/#primaryimage"},"image":{"@id":"https:\/\/jacobins.toulouse.fr\/fr\/privatisation\/#primaryimage"},"thumbnailUrl":"https:\/\/jacobins.toulouse.fr\/wp-content\/uploads\/sites\/12\/2024\/07\/Cloitre-Soiree-privee-credit-Alexandre-Ollier-8-1024x683.jpg","datePublished":"2023-09-21T09:31:34+00:00","dateModified":"2026-04-09T07:43:14+00:00","breadcrumb":{"@id":"https:\/\/jacobins.toulouse.fr\/fr\/privatisation\/#breadcrumb"},"inLanguage":"fr-FR","potentialAction":[{"@type":"ReadAction","target":["https:\/\/jacobins.toulouse.fr\/fr\/privatisation\/"]}]},{"@type":"ImageObject","inLanguage":"fr-FR","@id":"https:\/\/jacobins.toulouse.fr\/fr\/privatisation\/#primaryimage","url":"https:\/\/jacobins.toulouse.fr\/wp-content\/uploads\/sites\/12\/2024\/07\/Cloitre-Soiree-privee-credit-Alexandre-Ollier-8-1024x683.jpg","contentUrl":"https:\/\/jacobins.toulouse.fr\/wp-content\/uploads\/sites\/12\/2024\/07\/Cloitre-Soiree-privee-credit-Alexandre-Ollier-8-1024x683.jpg"},{"@type":"BreadcrumbList","@id":"https:\/\/jacobins.toulouse.fr\/fr\/privatisation\/#breadcrumb","itemListElement":[{"@type":"ListItem","position":1,"name":"Accueil","item":"https:\/\/jacobins.toulouse.fr\/fr\/"},{"@type":"ListItem","position":2,"name":"Privatisation"}]},{"@type":"WebSite","@id":"https:\/\/jacobins.toulouse.fr\/fr\/#website","url":"https:\/\/jacobins.toulouse.fr\/fr\/","name":"Couvent des Jacobins","description":"","publisher":{"@id":"https:\/\/jacobins.toulouse.fr\/fr\/#organization"},"potentialAction":[{"@type":"SearchAction","target":{"@type":"EntryPoint","urlTemplate":"https:\/\/jacobins.toulouse.fr\/fr\/search\/{search_term_string}"},"query-input":{"@type":"PropertyValueSpecification","valueRequired":true,"valueName":"search_term_string"}}],"inLanguage":"fr-FR"},{"@type":"Organization","@id":"https:\/\/jacobins.toulouse.fr\/fr\/#organization","name":"Couvent des Jacobins","url":"https:\/\/jacobins.toulouse.fr\/fr\/","logo":{"@type":"ImageObject","inLanguage":"fr-FR","@id":"https:\/\/jacobins.toulouse.fr\/fr\/#\/schema\/logo\/image\/","url":"https:\/\/jacobins.toulouse.fr\/wp-content\/uploads\/sites\/12\/2023\/08\/cropped-cropped-Logo-Jacobins.png","contentUrl":"https:\/\/jacobins.toulouse.fr\/wp-content\/uploads\/sites\/12\/2023\/08\/cropped-cropped-Logo-Jacobins.png","width":254,"height":150,"caption":"Couvent des Jacobins"},"image":{"@id":"https:\/\/jacobins.toulouse.fr\/fr\/#\/schema\/logo\/image\/"}}]}},"_links":{"self":[{"href":"https:\/\/jacobins.toulouse.fr\/fr\/wp-json\/wp\/v2\/pages\/1179","targetHints":{"allow":["GET"]}}],"collection":[{"href":"https:\/\/jacobins.toulouse.fr\/fr\/wp-json\/wp\/v2\/pages"}],"about":[{"href":"https:\/\/jacobins.toulouse.fr\/fr\/wp-json\/wp\/v2\/types\/page"}],"author":[{"embeddable":true,"href":"https:\/\/jacobins.toulouse.fr\/fr\/wp-json\/wp\/v2\/users\/69"}],"replies":[{"embeddable":true,"href":"https:\/\/jacobins.toulouse.fr\/fr\/wp-json\/wp\/v2\/comments?post=1179"}],"version-history":[{"count":117,"href":"https:\/\/jacobins.toulouse.fr\/fr\/wp-json\/wp\/v2\/pages\/1179\/revisions"}],"predecessor-version":[{"id":10975,"href":"https:\/\/jacobins.toulouse.fr\/fr\/wp-json\/wp\/v2\/pages\/1179\/revisions\/10975"}],"wp:attachment":[{"href":"https:\/\/jacobins.toulouse.fr\/fr\/wp-json\/wp\/v2\/media?parent=1179"}],"curies":[{"name":"wp","href":"https:\/\/api.w.org\/{rel}","templated":true}]}}