{"id":1181,"date":"2023-09-21T11:32:00","date_gmt":"2023-09-21T09:32:00","guid":{"rendered":"https:\/\/jacobins.toulouse.fr\/?page_id=1181"},"modified":"2026-01-14T14:59:37","modified_gmt":"2026-01-14T13:59:37","slug":"tournage-shooting-cinema","status":"publish","type":"page","link":"https:\/\/jacobins.toulouse.fr\/fr\/lieu-tournage-shooting-photo-cinema\/","title":{"rendered":"Tournages &amp; shootings : un d\u00e9cor d\u2019exception \u00e0 Toulouse"},"content":{"rendered":"<section class=\"section-group\"><div class=\"container\"><div class=\"pure-g\">\n<div class=\"wp-block-group is-layout-constrained wp-block-group-is-layout-constrained\">\n<p class=\"has-text-align-left has-large-font-size\">Vous avez un projet visuel et souhaitez organiser un tournage ou une prise de vue dans les espaces du Couvent des Jacobins ?<\/p>\n\n\n\n<p class=\"has-large-font-size\">Le site offre un <strong>cadre d\u2019exception<\/strong> pour tous vos projets visuels : cin\u00e9ma, photo, journalisme, clips, reportages, shootings. Monument gothique m\u00e9ridional historique, architecture en brique, grande nef vo\u00fbt\u00e9e, clo\u00eetre, chapelle ancienne aux peintures pr\u00e9serv\u00e9es, salles aux volumes impressionnants\u2026 Autant de d\u00e9cors pour capturer des ambiances fortes.<\/p>\n\n\n\n<div class=\"wp-block-buttons is-content-justification-center is-layout-flex wp-container-core-buttons-is-layout-16018d1d wp-block-buttons-is-layout-flex\">\n<div class=\"wp-block-button\"><a class=\"wp-block-button__link wp-element-button\" href=\"https:\/\/jacobins.toulouse.fr\/fr\/lieu-tournage-shooting-photo-cinema\/#modalites\">&nbsp;MODALIT\u00c9S<\/a><\/div>\n<\/div>\n<\/div>\n<\/div><\/div><\/section>\n\n<section class=\"section-group\"><div class=\"container\"><div class=\"pure-g\">\n<div class=\"wp-block-group is-layout-constrained wp-block-group-is-layout-constrained\">\n<h2 class=\"wp-block-heading\" id=\"decors-tournage-les-espaces-disponibles\">D\u00e9cors &amp; tournage : les espaces disponibles&nbsp;<\/h2>\n\n\n\n<div class=\"wp-block-columns is-layout-flex wp-container-core-columns-is-layout-9d6595d7 wp-block-columns-is-layout-flex\">\n<div class=\"wp-block-column is-layout-flow wp-block-column-is-layout-flow\">\n<figure  role=\"group\"  aria-label=\"Couvent des Jacobins\"  class=\"wp-block-image size-large\"><img loading=\"lazy\" decoding=\"async\" width=\"1024\" height=\"684\" src=\"https:\/\/jacobins.toulouse.fr\/wp-content\/uploads\/sites\/12\/2025\/10\/Couvent-des-Jacobins50-1024x684.jpg\" alt=\"\" class=\"wp-image-10318\" srcset=\"https:\/\/jacobins.toulouse.fr\/wp-content\/uploads\/sites\/12\/2025\/10\/Couvent-des-Jacobins50-1024x684.jpg 1024w, https:\/\/jacobins.toulouse.fr\/wp-content\/uploads\/sites\/12\/2025\/10\/Couvent-des-Jacobins50-300x200.jpg 300w, https:\/\/jacobins.toulouse.fr\/wp-content\/uploads\/sites\/12\/2025\/10\/Couvent-des-Jacobins50-768x513.jpg 768w, https:\/\/jacobins.toulouse.fr\/wp-content\/uploads\/sites\/12\/2025\/10\/Couvent-des-Jacobins50-1536x1026.jpg 1536w, https:\/\/jacobins.toulouse.fr\/wp-content\/uploads\/sites\/12\/2025\/10\/Couvent-des-Jacobins50-2048x1369.jpg 2048w, https:\/\/jacobins.toulouse.fr\/wp-content\/uploads\/sites\/12\/2025\/10\/Couvent-des-Jacobins50-414x277.jpg 414w\" sizes=\"(max-width: 1024px) 100vw, 1024px\" \/><\/figure>\n\n\n\n<h3 class=\"wp-block-heading has-text-align-center\" id=\"eglise\">\u00c9glise<\/h3>\n\n\n\n<p class=\"has-text-align-center\">Majestueuse et dramatique, id\u00e9ale pour les sc\u00e8nes de film historiques, clips musicaux ou reportages.<\/p>\n\n\n\n<h4 class=\"wp-block-heading has-text-align-left\" id=\"les-points-forts\">Les points forts <\/h4>\n\n\n\n<ul class=\"wp-block-list\">\n<li class=\"has-small-font-size\">Volume impressionnant, possibilit\u00e9 de plans larges et dramatiques<\/li>\n\n\n\n<li class=\"has-small-font-size\">Lumi\u00e8re naturelle exceptionnelle pour la captation vid\u00e9o ou photo<\/li>\n\n\n\n<li class=\"has-small-font-size\">D\u00e9cor authentique gothique sans n\u00e9cessit\u00e9 d&rsquo;artifice suppl\u00e9mentaire<\/li>\n<\/ul>\n<\/div>\n\n\n\n<div class=\"wp-block-column is-layout-flow wp-block-column-is-layout-flow\">\n<figure   aria-label=\"\"  class=\"wp-block-image size-large\"><img loading=\"lazy\" decoding=\"async\" width=\"1024\" height=\"683\" src=\"https:\/\/jacobins.toulouse.fr\/wp-content\/uploads\/sites\/12\/2025\/10\/202508014-Banquet-Medieval-Alexandre-Ollier-55-1024x683.jpg\" alt=\"\" class=\"wp-image-10330\" srcset=\"https:\/\/jacobins.toulouse.fr\/wp-content\/uploads\/sites\/12\/2025\/10\/202508014-Banquet-Medieval-Alexandre-Ollier-55-1024x683.jpg 1024w, https:\/\/jacobins.toulouse.fr\/wp-content\/uploads\/sites\/12\/2025\/10\/202508014-Banquet-Medieval-Alexandre-Ollier-55-300x200.jpg 300w, https:\/\/jacobins.toulouse.fr\/wp-content\/uploads\/sites\/12\/2025\/10\/202508014-Banquet-Medieval-Alexandre-Ollier-55-768x512.jpg 768w, https:\/\/jacobins.toulouse.fr\/wp-content\/uploads\/sites\/12\/2025\/10\/202508014-Banquet-Medieval-Alexandre-Ollier-55-1536x1024.jpg 1536w, https:\/\/jacobins.toulouse.fr\/wp-content\/uploads\/sites\/12\/2025\/10\/202508014-Banquet-Medieval-Alexandre-Ollier-55-2048x1365.jpg 2048w, https:\/\/jacobins.toulouse.fr\/wp-content\/uploads\/sites\/12\/2025\/10\/202508014-Banquet-Medieval-Alexandre-Ollier-55-414x276.jpg 414w\" sizes=\"(max-width: 1024px) 100vw, 1024px\" \/><\/figure>\n\n\n\n<h3 class=\"wp-block-heading has-text-align-center\" id=\"cloitre\">Clo\u00eetre<\/h3>\n\n\n\n<p class=\"has-text-align-center\">Intime et po\u00e9tique, id\u00e9al pour les portraits, shootings, publicit\u00e9s ou \u00e9v\u00e8nements immersifs en plein air.<\/p>\n\n\n\n<h4 class=\"wp-block-heading has-text-align-left\" id=\"atouts-1\">Les points forts<\/h4>\n\n\n\n<ul class=\"wp-block-list\">\n<li class=\"has-small-font-size\">Cadre naturel pour capturer des atmosph\u00e8res calmes et \u00e9l\u00e9gantes<\/li>\n\n\n\n<li class=\"has-small-font-size\">Adapt\u00e9 aux captations photo et vid\u00e9o avec lumi\u00e8re modulable<\/li>\n\n\n\n<li class=\"has-small-font-size\">D\u00e9cor architectural authentique, facilement exploitable comme fond de sc\u00e8ne<\/li>\n<\/ul>\n<\/div>\n\n\n\n<div class=\"wp-block-column is-layout-flow wp-block-column-is-layout-flow\">\n<figure   aria-label=\"\"  class=\"wp-block-image size-large\"><img loading=\"lazy\" decoding=\"async\" width=\"1024\" height=\"683\" src=\"https:\/\/jacobins.toulouse.fr\/wp-content\/uploads\/sites\/12\/2025\/10\/IMG_6319-1024x683.jpg\" alt=\"\" class=\"wp-image-10324\" srcset=\"https:\/\/jacobins.toulouse.fr\/wp-content\/uploads\/sites\/12\/2025\/10\/IMG_6319-1024x683.jpg 1024w, https:\/\/jacobins.toulouse.fr\/wp-content\/uploads\/sites\/12\/2025\/10\/IMG_6319-300x200.jpg 300w, https:\/\/jacobins.toulouse.fr\/wp-content\/uploads\/sites\/12\/2025\/10\/IMG_6319-768x512.jpg 768w, https:\/\/jacobins.toulouse.fr\/wp-content\/uploads\/sites\/12\/2025\/10\/IMG_6319-1536x1024.jpg 1536w, https:\/\/jacobins.toulouse.fr\/wp-content\/uploads\/sites\/12\/2025\/10\/IMG_6319-2048x1365.jpg 2048w, https:\/\/jacobins.toulouse.fr\/wp-content\/uploads\/sites\/12\/2025\/10\/IMG_6319-414x276.jpg 414w\" sizes=\"(max-width: 1024px) 100vw, 1024px\" \/><\/figure>\n\n\n\n<h3 class=\"wp-block-heading has-text-align-center\" id=\"refectoire\">R\u00e9fectoire<\/h3>\n\n\n\n<p class=\"has-text-align-center\">Convivial et solennel, optimal pour des sc\u00e8nes collectives, banquets fictifs ou mises en sc\u00e8ne de foule.<\/p>\n\n\n\n<h4 class=\"wp-block-heading has-text-align-left\" id=\"atouts-3\">Les points forts<\/h4>\n\n\n\n<ul class=\"wp-block-list\">\n<li class=\"has-small-font-size\">Grande capacit\u00e9 pour \u00e9quipes et d\u00e9cors \u00e9tendus<\/li>\n\n\n\n<li class=\"has-small-font-size\">Adapt\u00e9 aux tournages n\u00e9cessitant espace et modularit\u00e9<\/li>\n\n\n\n<li class=\"has-small-font-size\">D\u00e9cor historique facilement exploitable pour films, clips ou shootings<\/li>\n<\/ul>\n<\/div>\n<\/div>\n\n\n\n<div class=\"wp-block-columns is-layout-flex wp-container-core-columns-is-layout-9d6595d7 wp-block-columns-is-layout-flex\">\n<div class=\"wp-block-column is-layout-flow wp-block-column-is-layout-flow\">\n<figure  role=\"group\"  aria-label=\"Couvent des Jacobins\"  class=\"wp-block-image alignfull size-large\"><img loading=\"lazy\" decoding=\"async\" width=\"1024\" height=\"683\" src=\"https:\/\/jacobins.toulouse.fr\/wp-content\/uploads\/sites\/12\/2025\/10\/Couvent-des-Jacobins13-scaled-e1759415248724-1024x683.jpg\" alt=\"\" class=\"wp-image-10339\" srcset=\"https:\/\/jacobins.toulouse.fr\/wp-content\/uploads\/sites\/12\/2025\/10\/Couvent-des-Jacobins13-scaled-e1759415248724-1024x683.jpg 1024w, https:\/\/jacobins.toulouse.fr\/wp-content\/uploads\/sites\/12\/2025\/10\/Couvent-des-Jacobins13-scaled-e1759415248724-300x200.jpg 300w, https:\/\/jacobins.toulouse.fr\/wp-content\/uploads\/sites\/12\/2025\/10\/Couvent-des-Jacobins13-scaled-e1759415248724-768x512.jpg 768w, https:\/\/jacobins.toulouse.fr\/wp-content\/uploads\/sites\/12\/2025\/10\/Couvent-des-Jacobins13-scaled-e1759415248724-1536x1024.jpg 1536w, https:\/\/jacobins.toulouse.fr\/wp-content\/uploads\/sites\/12\/2025\/10\/Couvent-des-Jacobins13-scaled-e1759415248724-414x276.jpg 414w, https:\/\/jacobins.toulouse.fr\/wp-content\/uploads\/sites\/12\/2025\/10\/Couvent-des-Jacobins13-scaled-e1759415248724.jpg 1620w\" sizes=\"(max-width: 1024px) 100vw, 1024px\" \/><\/figure>\n\n\n\n<h3 class=\"wp-block-heading has-text-align-center\" id=\"sallecapitulaire\">Salle<br>Capitulaire<\/h3>\n\n\n\n<p class=\"has-text-align-center\">Intime et c\u00e9r\u00e9monielle, recommand\u00e9e pour des interviews ou des reportages culturels.<\/p>\n\n\n\n<h4 class=\"wp-block-heading has-text-align-left\" id=\"atouts-2\">Les points forts<\/h4>\n\n\n\n<ul class=\"wp-block-list\">\n<li class=\"has-small-font-size\">Acoustique favorable pour prises de son et dialogues<\/li>\n\n\n\n<li class=\"has-small-font-size\">Sym\u00e9trie et volumes r\u00e9guliers id\u00e9aux pour cadrages pr\u00e9cis<\/li>\n\n\n\n<li class=\"has-small-font-size\">Facilement modulable avec \u00e9clairage artificiel pour diff\u00e9rents effets<\/li>\n<\/ul>\n<\/div>\n\n\n\n<div class=\"wp-block-column is-layout-flow wp-block-column-is-layout-flow\">\n<figure   aria-label=\"\"  class=\"wp-block-image size-large\"><img loading=\"lazy\" decoding=\"async\" width=\"1024\" height=\"683\" src=\"https:\/\/jacobins.toulouse.fr\/wp-content\/uploads\/sites\/12\/2025\/10\/Couvent-des-Jacobins3-1024x683.jpg\" alt=\"\" class=\"wp-image-10327\" srcset=\"https:\/\/jacobins.toulouse.fr\/wp-content\/uploads\/sites\/12\/2025\/10\/Couvent-des-Jacobins3-1024x683.jpg 1024w, https:\/\/jacobins.toulouse.fr\/wp-content\/uploads\/sites\/12\/2025\/10\/Couvent-des-Jacobins3-300x200.jpg 300w, https:\/\/jacobins.toulouse.fr\/wp-content\/uploads\/sites\/12\/2025\/10\/Couvent-des-Jacobins3-768x512.jpg 768w, https:\/\/jacobins.toulouse.fr\/wp-content\/uploads\/sites\/12\/2025\/10\/Couvent-des-Jacobins3-1536x1024.jpg 1536w, https:\/\/jacobins.toulouse.fr\/wp-content\/uploads\/sites\/12\/2025\/10\/Couvent-des-Jacobins3-2048x1365.jpg 2048w, https:\/\/jacobins.toulouse.fr\/wp-content\/uploads\/sites\/12\/2025\/10\/Couvent-des-Jacobins3-414x276.jpg 414w\" sizes=\"(max-width: 1024px) 100vw, 1024px\" \/><\/figure>\n\n\n\n<h3 class=\"wp-block-heading has-text-align-center\" id=\"chapelle-saint-antonin\">Chapelle Saint\u2011Antonin<\/h3>\n\n\n\n<p class=\"has-text-align-center\">Spirituelle et introspective, adapt\u00e9e aux sc\u00e8nes dramatiques ou reportages culturels.<\/p>\n\n\n\n<h4 class=\"wp-block-heading has-text-align-left\" id=\"atouts-4\">Les points forts<\/h4>\n\n\n\n<ul class=\"wp-block-list\">\n<li class=\"has-small-font-size\">Atmosph\u00e8re unique et charg\u00e9e d\u2019\u00e9motion<\/li>\n\n\n\n<li class=\"has-small-font-size\">Id\u00e9al pour plans rapproch\u00e9s et sc\u00e8nes contemplatives<\/li>\n\n\n\n<li class=\"has-small-font-size\">D\u00e9cor riche, authentique, ne n\u00e9cessitant aucun ajout<\/li>\n<\/ul>\n<\/div>\n\n\n\n<div class=\"wp-block-column is-layout-flow wp-block-column-is-layout-flow\">\n<figure   aria-label=\"\"  class=\"wp-block-image\"><img alt=\"\"\/><\/figure>\n<\/div>\n<\/div>\n<\/div>\n<\/div><\/div><\/section>\n\n<section class=\"section-group\"><div class=\"container\"><div class=\"pure-g\">\n<div class=\"wp-block-group is-layout-constrained wp-block-group-is-layout-constrained\">\n<h2 class=\"wp-block-heading\" id=\"modalites\">Modalit\u00e9s<\/h2>\n\n\n\n<p class=\"has-medium-font-size\"><strong>Toutes les prises de vue et tournage dans les espaces du couvent doivent faire l\u2019objet d\u2019une demande pr\u00e9alable. <\/strong><br>Afin de vous accueillir dans les meilleures conditions, merci d\u2019envoyer vos questions ou votre demande de r\u00e9servation d\u00e8s que possible via le <strong><a href=\"https:\/\/jacobins.toulouse.fr\/fr\/privatisation\/#contact-privatisation\">formulaire de contact<\/a> <\/strong> : <strong>7 jours <\/strong>\u00e0 l\u2019avance au minimum \/ <strong>1 mois<\/strong> \u00e0 l&rsquo;avance pour les tournages plus importants.<\/p>\n\n\n\n<p class=\"has-medium-font-size\">Merci de pr\u00e9ciser dans le corps de votre message :<\/p>\n\n\n\n<ul class=\"wp-block-list\">\n<li class=\"has-medium-font-size\">Le sujet du tournage et les intentions du projet<\/li>\n\n\n\n<li class=\"has-medium-font-size\">La date souhait\u00e9e du tournage<\/li>\n\n\n\n<li class=\"has-medium-font-size\">Les noms et fonction des membres de l\u2019\u00e9quipe<\/li>\n\n\n\n<li class=\"has-medium-font-size\">Le type de mat\u00e9riel apport\u00e9 (cam\u00e9ra, \u00e9clairage, &#8230;)<\/li>\n<\/ul>\n\n\n\n<div class=\"wp-block-buttons is-content-justification-center is-layout-flex wp-container-core-buttons-is-layout-16018d1d wp-block-buttons-is-layout-flex\">\n<div class=\"wp-block-button\"><a class=\"wp-block-button__link wp-element-button\" href=\"https:\/\/jacobins.toulouse.fr\/fr\/privatisation\/#contact-privatisation\">Contact<\/a><\/div>\n<\/div>\n<\/div>\n<\/div><\/div><\/section>\n\n    <section class=\"gutenberg-immersive-visual alignfull\">\n<img loading=\"lazy\" decoding=\"async\" width=\"2880\" height=\"264\" src=\"https:\/\/jacobins.toulouse.fr\/wp-content\/uploads\/sites\/12\/2023\/08\/Colorama-Bas.png\" class=\"attachment-full size-full\" alt=\"\" title=\"\" srcset=\"https:\/\/jacobins.toulouse.fr\/wp-content\/uploads\/sites\/12\/2023\/08\/Colorama-Bas.png 2880w, https:\/\/jacobins.toulouse.fr\/wp-content\/uploads\/sites\/12\/2023\/08\/Colorama-Bas-300x28.png 300w, https:\/\/jacobins.toulouse.fr\/wp-content\/uploads\/sites\/12\/2023\/08\/Colorama-Bas-1024x94.png 1024w, https:\/\/jacobins.toulouse.fr\/wp-content\/uploads\/sites\/12\/2023\/08\/Colorama-Bas-768x70.png 768w, https:\/\/jacobins.toulouse.fr\/wp-content\/uploads\/sites\/12\/2023\/08\/Colorama-Bas-1536x141.png 1536w, https:\/\/jacobins.toulouse.fr\/wp-content\/uploads\/sites\/12\/2023\/08\/Colorama-Bas-2048x188.png 2048w, https:\/\/jacobins.toulouse.fr\/wp-content\/uploads\/sites\/12\/2023\/08\/Colorama-Bas-414x38.png 414w\" sizes=\"(max-width: 2880px) 100vw, 2880px\" itemprop=\"image\" \/>    <\/section>\n","protected":false},"excerpt":{"rendered":"<p>Vous avez un projet visuel et souhaitez organiser un tournage ou une prise de vue dans les espaces du Couvent des Jacobins ? Le site offre un cadre d\u2019exception pour tous vos projets visuels :&hellip;<\/p>\n","protected":false},"author":69,"featured_media":0,"parent":0,"menu_order":0,"comment_status":"closed","ping_status":"closed","template":"","meta":{"_acf_changed":false,"footnotes":""},"class_list":["post-1181","page","type-page","status-publish","hentry"],"acf":[],"yoast_head":"<!-- This site is optimized with the Yoast SEO plugin v27.0 - https:\/\/yoast.com\/product\/yoast-seo-wordpress\/ -->\n<title>Tournages &amp; shootings : un d\u00e9cor d\u2019exception \u00e0 Toulouse - Couvent des Jacobins<\/title>\n<meta name=\"description\" content=\"Le Couvent des Jacobins \u00e0 Toulouse, cadre d&#039;exception pour tournages, shootings photo et reportages. De vrais d\u00e9cors de cin\u00e9ma !\" \/>\n<meta name=\"robots\" content=\"index, follow, max-snippet:-1, max-image-preview:large, max-video-preview:-1\" \/>\n<link rel=\"canonical\" href=\"https:\/\/jacobins.toulouse.fr\/fr\/lieu-tournage-shooting-photo-cinema\/\" \/>\n<meta property=\"og:locale\" content=\"fr_FR\" \/>\n<meta property=\"og:type\" content=\"article\" \/>\n<meta property=\"og:title\" content=\"Tournages &amp; shootings : un d\u00e9cor d\u2019exception \u00e0 Toulouse - Couvent des Jacobins\" \/>\n<meta property=\"og:description\" content=\"Le Couvent des Jacobins \u00e0 Toulouse, cadre d&#039;exception pour tournages, shootings photo et reportages. De vrais d\u00e9cors de cin\u00e9ma !\" \/>\n<meta property=\"og:url\" content=\"https:\/\/jacobins.toulouse.fr\/fr\/lieu-tournage-shooting-photo-cinema\/\" \/>\n<meta property=\"og:site_name\" content=\"Couvent des Jacobins\" \/>\n<meta property=\"article:modified_time\" content=\"2026-01-14T13:59:37+00:00\" \/>\n<meta property=\"og:image\" content=\"https:\/\/jacobins.toulouse.fr\/wp-content\/uploads\/sites\/12\/2025\/10\/Couvent-des-Jacobins50-1024x684.jpg\" \/>\n\t<meta property=\"og:image:width\" content=\"1024\" \/>\n\t<meta property=\"og:image:height\" content=\"684\" \/>\n\t<meta property=\"og:image:type\" content=\"image\/jpeg\" \/>\n<meta name=\"twitter:card\" content=\"summary_large_image\" \/>\n<meta name=\"twitter:label1\" content=\"Dur\u00e9e de lecture estim\u00e9e\" \/>\n\t<meta name=\"twitter:data1\" content=\"4 minutes\" \/>\n<script type=\"application\/ld+json\" class=\"yoast-schema-graph\">{\"@context\":\"https:\/\/schema.org\",\"@graph\":[{\"@type\":\"WebPage\",\"@id\":\"https:\/\/jacobins.toulouse.fr\/fr\/lieu-tournage-shooting-photo-cinema\/\",\"url\":\"https:\/\/jacobins.toulouse.fr\/fr\/lieu-tournage-shooting-photo-cinema\/\",\"name\":\"Tournages &amp; shootings : un d\u00e9cor d\u2019exception \u00e0 Toulouse - Couvent des Jacobins\",\"isPartOf\":{\"@id\":\"https:\/\/jacobins.toulouse.fr\/fr\/#website\"},\"primaryImageOfPage\":{\"@id\":\"https:\/\/jacobins.toulouse.fr\/fr\/lieu-tournage-shooting-photo-cinema\/#primaryimage\"},\"image\":{\"@id\":\"https:\/\/jacobins.toulouse.fr\/fr\/lieu-tournage-shooting-photo-cinema\/#primaryimage\"},\"thumbnailUrl\":\"https:\/\/jacobins.toulouse.fr\/wp-content\/uploads\/sites\/12\/2025\/10\/Couvent-des-Jacobins50-1024x684.jpg\",\"datePublished\":\"2023-09-21T09:32:00+00:00\",\"dateModified\":\"2026-01-14T13:59:37+00:00\",\"description\":\"Le Couvent des Jacobins \u00e0 Toulouse, cadre d'exception pour tournages, shootings photo et reportages. De vrais d\u00e9cors de cin\u00e9ma !\",\"breadcrumb\":{\"@id\":\"https:\/\/jacobins.toulouse.fr\/fr\/lieu-tournage-shooting-photo-cinema\/#breadcrumb\"},\"inLanguage\":\"fr-FR\",\"potentialAction\":[{\"@type\":\"ReadAction\",\"target\":[\"https:\/\/jacobins.toulouse.fr\/fr\/lieu-tournage-shooting-photo-cinema\/\"]}]},{\"@type\":\"ImageObject\",\"inLanguage\":\"fr-FR\",\"@id\":\"https:\/\/jacobins.toulouse.fr\/fr\/lieu-tournage-shooting-photo-cinema\/#primaryimage\",\"url\":\"https:\/\/jacobins.toulouse.fr\/wp-content\/uploads\/sites\/12\/2025\/10\/Couvent-des-Jacobins50-1024x684.jpg\",\"contentUrl\":\"https:\/\/jacobins.toulouse.fr\/wp-content\/uploads\/sites\/12\/2025\/10\/Couvent-des-Jacobins50-1024x684.jpg\"},{\"@type\":\"BreadcrumbList\",\"@id\":\"https:\/\/jacobins.toulouse.fr\/fr\/lieu-tournage-shooting-photo-cinema\/#breadcrumb\",\"itemListElement\":[{\"@type\":\"ListItem\",\"position\":1,\"name\":\"Accueil\",\"item\":\"https:\/\/jacobins.toulouse.fr\/fr\/\"},{\"@type\":\"ListItem\",\"position\":2,\"name\":\"Tournages &amp; shootings : un d\u00e9cor d\u2019exception \u00e0 Toulouse\"}]},{\"@type\":\"WebSite\",\"@id\":\"https:\/\/jacobins.toulouse.fr\/fr\/#website\",\"url\":\"https:\/\/jacobins.toulouse.fr\/fr\/\",\"name\":\"Couvent des Jacobins\",\"description\":\"\",\"publisher\":{\"@id\":\"https:\/\/jacobins.toulouse.fr\/fr\/#organization\"},\"potentialAction\":[{\"@type\":\"SearchAction\",\"target\":{\"@type\":\"EntryPoint\",\"urlTemplate\":\"https:\/\/jacobins.toulouse.fr\/fr\/search\/{search_term_string}\"},\"query-input\":{\"@type\":\"PropertyValueSpecification\",\"valueRequired\":true,\"valueName\":\"search_term_string\"}}],\"inLanguage\":\"fr-FR\"},{\"@type\":\"Organization\",\"@id\":\"https:\/\/jacobins.toulouse.fr\/fr\/#organization\",\"name\":\"Couvent des Jacobins\",\"url\":\"https:\/\/jacobins.toulouse.fr\/fr\/\",\"logo\":{\"@type\":\"ImageObject\",\"inLanguage\":\"fr-FR\",\"@id\":\"https:\/\/jacobins.toulouse.fr\/fr\/#\/schema\/logo\/image\/\",\"url\":\"https:\/\/jacobins.toulouse.fr\/wp-content\/uploads\/sites\/12\/2023\/08\/cropped-cropped-Logo-Jacobins.png\",\"contentUrl\":\"https:\/\/jacobins.toulouse.fr\/wp-content\/uploads\/sites\/12\/2023\/08\/cropped-cropped-Logo-Jacobins.png\",\"width\":254,\"height\":150,\"caption\":\"Couvent des Jacobins\"},\"image\":{\"@id\":\"https:\/\/jacobins.toulouse.fr\/fr\/#\/schema\/logo\/image\/\"}}]}<\/script>\n<!-- \/ Yoast SEO plugin. -->","yoast_head_json":{"title":"Tournages &amp; shootings : un d\u00e9cor d\u2019exception \u00e0 Toulouse - Couvent des Jacobins","description":"Le Couvent des Jacobins \u00e0 Toulouse, cadre d'exception pour tournages, shootings photo et reportages. De vrais d\u00e9cors de cin\u00e9ma !","robots":{"index":"index","follow":"follow","max-snippet":"max-snippet:-1","max-image-preview":"max-image-preview:large","max-video-preview":"max-video-preview:-1"},"canonical":"https:\/\/jacobins.toulouse.fr\/fr\/lieu-tournage-shooting-photo-cinema\/","og_locale":"fr_FR","og_type":"article","og_title":"Tournages &amp; shootings : un d\u00e9cor d\u2019exception \u00e0 Toulouse - Couvent des Jacobins","og_description":"Le Couvent des Jacobins \u00e0 Toulouse, cadre d'exception pour tournages, shootings photo et reportages. De vrais d\u00e9cors de cin\u00e9ma !","og_url":"https:\/\/jacobins.toulouse.fr\/fr\/lieu-tournage-shooting-photo-cinema\/","og_site_name":"Couvent des Jacobins","article_modified_time":"2026-01-14T13:59:37+00:00","og_image":[{"width":1024,"height":684,"url":"https:\/\/jacobins.toulouse.fr\/wp-content\/uploads\/sites\/12\/2025\/10\/Couvent-des-Jacobins50-1024x684.jpg","type":"image\/jpeg"}],"twitter_card":"summary_large_image","twitter_misc":{"Dur\u00e9e de lecture estim\u00e9e":"4 minutes"},"schema":{"@context":"https:\/\/schema.org","@graph":[{"@type":"WebPage","@id":"https:\/\/jacobins.toulouse.fr\/fr\/lieu-tournage-shooting-photo-cinema\/","url":"https:\/\/jacobins.toulouse.fr\/fr\/lieu-tournage-shooting-photo-cinema\/","name":"Tournages &amp; shootings : un d\u00e9cor d\u2019exception \u00e0 Toulouse - Couvent des Jacobins","isPartOf":{"@id":"https:\/\/jacobins.toulouse.fr\/fr\/#website"},"primaryImageOfPage":{"@id":"https:\/\/jacobins.toulouse.fr\/fr\/lieu-tournage-shooting-photo-cinema\/#primaryimage"},"image":{"@id":"https:\/\/jacobins.toulouse.fr\/fr\/lieu-tournage-shooting-photo-cinema\/#primaryimage"},"thumbnailUrl":"https:\/\/jacobins.toulouse.fr\/wp-content\/uploads\/sites\/12\/2025\/10\/Couvent-des-Jacobins50-1024x684.jpg","datePublished":"2023-09-21T09:32:00+00:00","dateModified":"2026-01-14T13:59:37+00:00","description":"Le Couvent des Jacobins \u00e0 Toulouse, cadre d'exception pour tournages, shootings photo et reportages. De vrais d\u00e9cors de cin\u00e9ma !","breadcrumb":{"@id":"https:\/\/jacobins.toulouse.fr\/fr\/lieu-tournage-shooting-photo-cinema\/#breadcrumb"},"inLanguage":"fr-FR","potentialAction":[{"@type":"ReadAction","target":["https:\/\/jacobins.toulouse.fr\/fr\/lieu-tournage-shooting-photo-cinema\/"]}]},{"@type":"ImageObject","inLanguage":"fr-FR","@id":"https:\/\/jacobins.toulouse.fr\/fr\/lieu-tournage-shooting-photo-cinema\/#primaryimage","url":"https:\/\/jacobins.toulouse.fr\/wp-content\/uploads\/sites\/12\/2025\/10\/Couvent-des-Jacobins50-1024x684.jpg","contentUrl":"https:\/\/jacobins.toulouse.fr\/wp-content\/uploads\/sites\/12\/2025\/10\/Couvent-des-Jacobins50-1024x684.jpg"},{"@type":"BreadcrumbList","@id":"https:\/\/jacobins.toulouse.fr\/fr\/lieu-tournage-shooting-photo-cinema\/#breadcrumb","itemListElement":[{"@type":"ListItem","position":1,"name":"Accueil","item":"https:\/\/jacobins.toulouse.fr\/fr\/"},{"@type":"ListItem","position":2,"name":"Tournages &amp; shootings : un d\u00e9cor d\u2019exception \u00e0 Toulouse"}]},{"@type":"WebSite","@id":"https:\/\/jacobins.toulouse.fr\/fr\/#website","url":"https:\/\/jacobins.toulouse.fr\/fr\/","name":"Couvent des Jacobins","description":"","publisher":{"@id":"https:\/\/jacobins.toulouse.fr\/fr\/#organization"},"potentialAction":[{"@type":"SearchAction","target":{"@type":"EntryPoint","urlTemplate":"https:\/\/jacobins.toulouse.fr\/fr\/search\/{search_term_string}"},"query-input":{"@type":"PropertyValueSpecification","valueRequired":true,"valueName":"search_term_string"}}],"inLanguage":"fr-FR"},{"@type":"Organization","@id":"https:\/\/jacobins.toulouse.fr\/fr\/#organization","name":"Couvent des Jacobins","url":"https:\/\/jacobins.toulouse.fr\/fr\/","logo":{"@type":"ImageObject","inLanguage":"fr-FR","@id":"https:\/\/jacobins.toulouse.fr\/fr\/#\/schema\/logo\/image\/","url":"https:\/\/jacobins.toulouse.fr\/wp-content\/uploads\/sites\/12\/2023\/08\/cropped-cropped-Logo-Jacobins.png","contentUrl":"https:\/\/jacobins.toulouse.fr\/wp-content\/uploads\/sites\/12\/2023\/08\/cropped-cropped-Logo-Jacobins.png","width":254,"height":150,"caption":"Couvent des Jacobins"},"image":{"@id":"https:\/\/jacobins.toulouse.fr\/fr\/#\/schema\/logo\/image\/"}}]}},"_links":{"self":[{"href":"https:\/\/jacobins.toulouse.fr\/fr\/wp-json\/wp\/v2\/pages\/1181","targetHints":{"allow":["GET"]}}],"collection":[{"href":"https:\/\/jacobins.toulouse.fr\/fr\/wp-json\/wp\/v2\/pages"}],"about":[{"href":"https:\/\/jacobins.toulouse.fr\/fr\/wp-json\/wp\/v2\/types\/page"}],"author":[{"embeddable":true,"href":"https:\/\/jacobins.toulouse.fr\/fr\/wp-json\/wp\/v2\/users\/69"}],"replies":[{"embeddable":true,"href":"https:\/\/jacobins.toulouse.fr\/fr\/wp-json\/wp\/v2\/comments?post=1181"}],"version-history":[{"count":64,"href":"https:\/\/jacobins.toulouse.fr\/fr\/wp-json\/wp\/v2\/pages\/1181\/revisions"}],"predecessor-version":[{"id":10864,"href":"https:\/\/jacobins.toulouse.fr\/fr\/wp-json\/wp\/v2\/pages\/1181\/revisions\/10864"}],"wp:attachment":[{"href":"https:\/\/jacobins.toulouse.fr\/fr\/wp-json\/wp\/v2\/media?parent=1181"}],"curies":[{"name":"wp","href":"https:\/\/api.w.org\/{rel}","templated":true}]}}