{"id":4538,"date":"2023-10-10T14:38:22","date_gmt":"2023-10-10T12:38:22","guid":{"rendered":"https:\/\/jacobins.toulouse.fr\/?page_id=4538"},"modified":"2026-01-19T12:03:49","modified_gmt":"2026-01-19T11:03:49","slug":"visite-en-famille","status":"publish","type":"page","link":"https:\/\/jacobins.toulouse.fr\/fr\/visite-en-famille\/","title":{"rendered":"Visiter le Couvent des Jacobins en famille"},"content":{"rendered":"<section class=\"section-group\"><div class=\"container\"><div class=\"pure-g\">\n<div class=\"wp-block-group is-layout-constrained wp-block-group-is-layout-constrained\">\n<p class=\"has-large-font-size\">Visiter le Couvent des Jacobins en famille, c\u2019est partager une d\u00e9couverte unique du patrimoine toulousain. Les enfants s\u2019\u00e9merveillent, les parents red\u00e9couvrent l\u2019histoire \u00e0 travers des visites et animations adapt\u00e9es \u00e0 tous. Un moment de culture et de curiosit\u00e9 \u00e0 vivre ensemble.<\/p>\n\n\n    <section class=\"gutenberg-nextevents\">\n    <div class=\"container\">\n        <div class=\"gutenberg-nextevents__siders\">\n            <div class=\"gutenberg-nextevents__picto_container\">\n                <span class=\"img-row\">\n                                    <\/span>\n                <h2 class=\"title--default gutenberg-nextevents__title\">\u00c9v\u00e8nements \u00e0 venir<\/h2>\n            <\/div>\n            <form id=\"events-filters\" class=\"filters-row\">\n                    <input type=\"hidden\" name=\"ponctual\" id=\"ponctual\" value=\"\">\n    <input type=\"hidden\" name=\"number\" id=\"number\" value=\"3\">\n        <div class=\"filters-line hide-filters-container\">\n        <button type=\"button\" class=\"hide-filters open\" aria-expanded=\"true\">\n            <span class=\"iconContainer\">\n                <svg xmlns=\"http:\/\/www.w3.org\/2000\/svg\" width=\"12\" height=\"7\" aria-hidden=\"true\" focusable=\"false\" ><path d=\"M11.025 0 12 .978 6 7 0 .978.975 0 6 5.043 11.025 0Z\"\/><\/svg>\n            <\/span>\n            <span class=\"label\">\n                Masquer les filtres            <\/span>\n        <\/button>\n    <\/div>\n\n    <div class=\"filters-line taxonomy\">\n                        <label for=\"events-type-filter\" class=\"screen-reader-text \">Quoi ?<\/label>\n                <select id=\"events-type-filter\" name=\"type\" title=\"Quoi ?\" class=\"\">\n                    <option value=\"\">Quoi ?<\/option>\n                                            <option value=\"24\" >Atelier \u2013 Animation<\/option>\n                                            <option value=\"1008\" >Conf\u00e9rence<\/option>\n                                            <option value=\"1071\" >Grand rendez-vous<\/option>\n                                            <option value=\"22\" >Insolite<\/option>\n                                            <option value=\"20\" >Visite guid\u00e9e<\/option>\n                                    <\/select>\n                            <label for=\"events-public-filter\" class=\"screen-reader-text\">Qui ?<\/label>\n                <select id=\"events-public-filter\" name=\"public\" title=\"Qui ?\">\n                    <option value=\"\">Qui ?<\/option>\n                                            <option value=\"26\">Adulte<\/option>\n                                            <option value=\"21\">En famille<\/option>\n                                            <option value=\"29\">En groupe<\/option>\n                                            <option value=\"37\">\u00c9tudiant<\/option>\n                                            <option value=\"25\">Jeune Public<\/option>\n                                            <option value=\"39\">Personne en situation de handicap<\/option>\n                                            <option value=\"18\">Tout Public<\/option>\n                                    <\/select>\n            \n    <\/div>\n\n            <\/form>\n        <\/div>\n        <div class=\"splide-nextevents\" id=\"events-row\">\n            <div class=\"splide-nextevents-track\">\n                <div class=\"card-list splide-nextevents-list\">\n                    <p class=\"alert\" role=\"status\">Chargement des \u00e9v\u00e9nements, veuillez patienter&#8230;<\/p>\n                <\/div>\n            <\/div>\n            <div class=\"splide__controls\">\n                <ul class=\"splide__pagination\"><\/ul>\n            <\/div>\n        <\/div>\n\n                    <p class=\"call\">\n                    \n    <a href=\"https:\/\/jacobins.toulouse.fr\/fr\/agenda\/\" class=\"btn acf-link\">VOIR LA PROGRAMMATION <\/a>\n\n                <\/p>\n            <\/div>\n<\/section><\/div>\n<\/div><\/div><\/section>\n\n<section class=\"section-group\"><div class=\"container\"><div class=\"pure-g\">\n<div class=\"wp-block-group is-layout-constrained wp-block-group-is-layout-constrained\">\n<h2 class=\"wp-block-heading\" id=\"des-outils-pedagogiques-pour-une-experience-en-autonomie-adaptee\">Des outils p\u00e9dagogiques pour une exp\u00e9rience en autonomie adapt\u00e9e<\/h2>\n\n\n\n<p class=\"has-text-align-left has-large-font-size\">Nos&nbsp;<strong>outils d\u2019aide \u00e0 la visite<\/strong>&nbsp;vous donnent les&nbsp;<strong>clefs<\/strong>&nbsp;et les&nbsp;<strong>commodit\u00e9s<\/strong>&nbsp;pour profiter de votre visite en toute&nbsp;<strong>autonomie<\/strong>&nbsp;! Des outils destin\u00e9s \u00e0 des publics entre 3 et 11 ans qui permettent aux plus jeunes de d\u00e9couvrir l&rsquo;histoire et l&rsquo;architecture du couvent de mani\u00e8re interactive et amusante. En utilisant leurs sens, le dessin ou l&rsquo;observation, plusieurs types de ressources existent pour une visite \u00e0 la fois \u00e9ducative et divertissante. Partagez un moment <strong>complice<\/strong> en <strong>famille<\/strong> \u00e0 la d\u00e9couverte du monument&nbsp;! Ces <strong>outils ludiques<\/strong> adapt\u00e9s aux <strong>plus jeunes <\/strong>sont \u00e0 votre disposition sur demande \u00e0 l\u2019accueil.<\/p>\n\n\n\n<figure  role=\"group\"  aria-label=\"carte\"  class=\"wp-block-image aligncenter size-full is-resized\"><img loading=\"lazy\" decoding=\"async\" width=\"200\" height=\"200\" src=\"https:\/\/jacobins.toulouse.fr\/wp-content\/uploads\/sites\/12\/2023\/10\/carte.png\" alt=\"carte\" class=\"wp-image-3519\" style=\"width:100px;height:100px\" srcset=\"https:\/\/jacobins.toulouse.fr\/wp-content\/uploads\/sites\/12\/2023\/10\/carte.png 200w, https:\/\/jacobins.toulouse.fr\/wp-content\/uploads\/sites\/12\/2023\/10\/carte-150x150.png 150w\" sizes=\"(max-width: 200px) 100vw, 200px\" \/><\/figure>\n<\/div>\n<\/div><\/div><\/section>\n\n<section class=\"section-group\"><div class=\"container\"><div class=\"pure-g\">\n<div class=\"wp-block-group is-layout-constrained wp-block-group-is-layout-constrained\">\n<div class=\"wp-block-columns is-layout-flex wp-container-core-columns-is-layout-9d6595d7 wp-block-columns-is-layout-flex\">\n<div class=\"wp-block-column is-layout-flow wp-block-column-is-layout-flow\">\n<figure   aria-label=\"\"  class=\"wp-block-image alignfull size-full\"><img loading=\"lazy\" decoding=\"async\" width=\"700\" height=\"467\" src=\"https:\/\/jacobins.toulouse.fr\/wp-content\/uploads\/sites\/12\/2025\/10\/Sac-decouverte_\u00a9Communication-Couvent-des-Jacobins.jpg\" alt=\"\" class=\"wp-image-10613\" srcset=\"https:\/\/jacobins.toulouse.fr\/wp-content\/uploads\/sites\/12\/2025\/10\/Sac-decouverte_\u00a9Communication-Couvent-des-Jacobins.jpg 700w, https:\/\/jacobins.toulouse.fr\/wp-content\/uploads\/sites\/12\/2025\/10\/Sac-decouverte_\u00a9Communication-Couvent-des-Jacobins-300x200.jpg 300w, https:\/\/jacobins.toulouse.fr\/wp-content\/uploads\/sites\/12\/2025\/10\/Sac-decouverte_\u00a9Communication-Couvent-des-Jacobins-414x276.jpg 414w\" sizes=\"(max-width: 700px) 100vw, 700px\" \/><\/figure>\n\n\n\n<h3 class=\"wp-block-heading has-text-align-center\" id=\"mon-petit-sac-decouverte\"> Mon petit sac d\u00e9couverte<\/h3>\n\n\n\n<p class=\"has-text-align-center\"><strong>Entre 3 et 7 ans | 1\u20ac de location par petit sac<\/strong><\/p>\n\n\n\n<p class=\"has-text-align-center\">Les enfants d\u00e9couvrent l&rsquo;histoire du monument et sa beaut\u00e9 en mobilisant tous leurs sens.<\/p>\n<\/div>\n\n\n\n<div class=\"wp-block-column is-layout-flow wp-block-column-is-layout-flow\">\n<figure   aria-label=\"\"  class=\"wp-block-image size-large\"><img loading=\"lazy\" decoding=\"async\" width=\"1024\" height=\"683\" src=\"https:\/\/jacobins.toulouse.fr\/wp-content\/uploads\/sites\/12\/2023\/10\/Livret-decouverte-1024x683.jpg\" alt=\"\" class=\"wp-image-4804\" srcset=\"https:\/\/jacobins.toulouse.fr\/wp-content\/uploads\/sites\/12\/2023\/10\/Livret-decouverte-1024x683.jpg 1024w, https:\/\/jacobins.toulouse.fr\/wp-content\/uploads\/sites\/12\/2023\/10\/Livret-decouverte-300x200.jpg 300w, https:\/\/jacobins.toulouse.fr\/wp-content\/uploads\/sites\/12\/2023\/10\/Livret-decouverte-768x512.jpg 768w, https:\/\/jacobins.toulouse.fr\/wp-content\/uploads\/sites\/12\/2023\/10\/Livret-decouverte-1536x1024.jpg 1536w, https:\/\/jacobins.toulouse.fr\/wp-content\/uploads\/sites\/12\/2023\/10\/Livret-decouverte-2048x1365.jpg 2048w, https:\/\/jacobins.toulouse.fr\/wp-content\/uploads\/sites\/12\/2023\/10\/Livret-decouverte-414x276.jpg 414w\" sizes=\"(max-width: 1024px) 100vw, 1024px\" \/><\/figure>\n\n\n\n<h3 class=\"wp-block-heading has-text-align-center\" id=\"livret-decouverte\"> Le livret d\u00e9couverte<\/h3>\n\n\n\n<p class=\"has-text-align-center\"><strong>Entre 7 et 11 ans | 1\u20ac le livret<\/strong><\/p>\n\n\n\n<p class=\"has-text-align-center\">\u00c0 travers des jeux d\u2019observation, des dessins et des devinettes, les enfants d\u00e9couvrent l\u2019histoire et les secrets du monument.<\/p>\n<\/div>\n<\/div>\n<\/div>\n<\/div><\/div><\/section>\n\n    <section class=\"gutenberg-immersive-visual alignfull\">\n          <picture class=\"splide__image\">\n            <source media=\"(min-width: 57.6rem)\"\n                    srcset=\"https:\/\/jacobins.toulouse.fr\/wp-content\/uploads\/sites\/12\/2023\/08\/Colorama-Bas.png 2880w, https:\/\/jacobins.toulouse.fr\/wp-content\/uploads\/sites\/12\/2023\/08\/Colorama-Bas-300x28.png 300w, https:\/\/jacobins.toulouse.fr\/wp-content\/uploads\/sites\/12\/2023\/08\/Colorama-Bas-1024x94.png 1024w, https:\/\/jacobins.toulouse.fr\/wp-content\/uploads\/sites\/12\/2023\/08\/Colorama-Bas-768x70.png 768w, https:\/\/jacobins.toulouse.fr\/wp-content\/uploads\/sites\/12\/2023\/08\/Colorama-Bas-1536x141.png 1536w, https:\/\/jacobins.toulouse.fr\/wp-content\/uploads\/sites\/12\/2023\/08\/Colorama-Bas-2048x188.png 2048w, https:\/\/jacobins.toulouse.fr\/wp-content\/uploads\/sites\/12\/2023\/08\/Colorama-Bas-414x38.png 414w\"\n                    class=\"attachment-full size-full pure-img\"\n                    >\n            <source\n                srcset=\"https:\/\/jacobins.toulouse.fr\/wp-content\/uploads\/sites\/12\/2023\/08\/Colorama-Mobile-BD.png 640w, https:\/\/jacobins.toulouse.fr\/wp-content\/uploads\/sites\/12\/2023\/08\/Colorama-Mobile-BD-300x141.png 300w, https:\/\/jacobins.toulouse.fr\/wp-content\/uploads\/sites\/12\/2023\/08\/Colorama-Mobile-BD-414x194.png 414w, https:\/\/jacobins.toulouse.fr\/wp-content\/uploads\/sites\/12\/2023\/08\/Colorama-Mobile-BD-213x100.png 213w\"\n                sizes=\"(max-width: 2880px) 100vw, 2880px\">\n            <img decoding=\"async\" src=\"https:\/\/jacobins.toulouse.fr\/wp-content\/uploads\/sites\/12\/2023\/08\/Colorama-Bas.png\"\n                srcset=\"https:\/\/jacobins.toulouse.fr\/wp-content\/uploads\/sites\/12\/2023\/08\/Colorama-Bas.png 2880w, https:\/\/jacobins.toulouse.fr\/wp-content\/uploads\/sites\/12\/2023\/08\/Colorama-Bas-300x28.png 300w, https:\/\/jacobins.toulouse.fr\/wp-content\/uploads\/sites\/12\/2023\/08\/Colorama-Bas-1024x94.png 1024w, https:\/\/jacobins.toulouse.fr\/wp-content\/uploads\/sites\/12\/2023\/08\/Colorama-Bas-768x70.png 768w, https:\/\/jacobins.toulouse.fr\/wp-content\/uploads\/sites\/12\/2023\/08\/Colorama-Bas-1536x141.png 1536w, https:\/\/jacobins.toulouse.fr\/wp-content\/uploads\/sites\/12\/2023\/08\/Colorama-Bas-2048x188.png 2048w, https:\/\/jacobins.toulouse.fr\/wp-content\/uploads\/sites\/12\/2023\/08\/Colorama-Bas-414x38.png 414w\"\n                sizes=\"(min-width: 60rem) 60rem, 100vw\"\n                class=\"splide__image\"\n                alt=\"\"\n            >\n          <\/picture>\n            <\/section>\n","protected":false},"excerpt":{"rendered":"<p>Visiter le Couvent des Jacobins en famille, c\u2019est partager une d\u00e9couverte unique du patrimoine toulousain. Les enfants s\u2019\u00e9merveillent, les parents red\u00e9couvrent l\u2019histoire \u00e0 travers des visites et animations adapt\u00e9es \u00e0 tous. Un moment de culture&hellip;<\/p>\n","protected":false},"author":69,"featured_media":0,"parent":0,"menu_order":0,"comment_status":"closed","ping_status":"closed","template":"","meta":{"_acf_changed":false,"footnotes":""},"class_list":["post-4538","page","type-page","status-publish","hentry"],"acf":[],"yoast_head":"<!-- This site is optimized with the Yoast SEO plugin v27.0 - https:\/\/yoast.com\/product\/yoast-seo-wordpress\/ -->\n<title>Visiter le Couvent des Jacobins en famille - Couvent des Jacobins<\/title>\n<meta name=\"description\" content=\"D\u00e9couvrir l&#039;histoire et l&#039;architecture du couvent de mani\u00e8re interactive et amusante d\u00e8s 3 ans gr\u00e2ce \u00e0 nos outils disponibles \u00e0 l&#039;accueil.\" \/>\n<meta name=\"robots\" content=\"index, follow, max-snippet:-1, max-image-preview:large, max-video-preview:-1\" \/>\n<link rel=\"canonical\" href=\"https:\/\/jacobins.toulouse.fr\/fr\/visite-en-famille\/\" \/>\n<meta property=\"og:locale\" content=\"fr_FR\" \/>\n<meta property=\"og:type\" content=\"article\" \/>\n<meta property=\"og:title\" content=\"Visiter le Couvent des Jacobins en famille - Couvent des Jacobins\" \/>\n<meta property=\"og:description\" content=\"D\u00e9couvrir l&#039;histoire et l&#039;architecture du couvent de mani\u00e8re interactive et amusante d\u00e8s 3 ans gr\u00e2ce \u00e0 nos outils disponibles \u00e0 l&#039;accueil.\" \/>\n<meta property=\"og:url\" content=\"https:\/\/jacobins.toulouse.fr\/fr\/visite-en-famille\/\" \/>\n<meta property=\"og:site_name\" content=\"Couvent des Jacobins\" \/>\n<meta property=\"article:modified_time\" content=\"2026-01-19T11:03:49+00:00\" \/>\n<meta property=\"og:image\" content=\"https:\/\/jacobins.toulouse.fr\/wp-content\/uploads\/sites\/12\/2023\/10\/carte.png\" \/>\n\t<meta property=\"og:image:width\" content=\"200\" \/>\n\t<meta property=\"og:image:height\" content=\"200\" \/>\n\t<meta property=\"og:image:type\" content=\"image\/png\" \/>\n<meta name=\"twitter:card\" content=\"summary_large_image\" \/>\n<meta name=\"twitter:label1\" content=\"Dur\u00e9e de lecture estim\u00e9e\" \/>\n\t<meta name=\"twitter:data1\" content=\"2 minutes\" \/>\n<script type=\"application\/ld+json\" class=\"yoast-schema-graph\">{\"@context\":\"https:\/\/schema.org\",\"@graph\":[{\"@type\":\"WebPage\",\"@id\":\"https:\/\/jacobins.toulouse.fr\/fr\/visite-en-famille\/\",\"url\":\"https:\/\/jacobins.toulouse.fr\/fr\/visite-en-famille\/\",\"name\":\"Visiter le Couvent des Jacobins en famille - Couvent des Jacobins\",\"isPartOf\":{\"@id\":\"https:\/\/jacobins.toulouse.fr\/fr\/#website\"},\"primaryImageOfPage\":{\"@id\":\"https:\/\/jacobins.toulouse.fr\/fr\/visite-en-famille\/#primaryimage\"},\"image\":{\"@id\":\"https:\/\/jacobins.toulouse.fr\/fr\/visite-en-famille\/#primaryimage\"},\"thumbnailUrl\":\"https:\/\/jacobins.toulouse.fr\/wp-content\/uploads\/sites\/12\/2023\/10\/carte.png\",\"datePublished\":\"2023-10-10T12:38:22+00:00\",\"dateModified\":\"2026-01-19T11:03:49+00:00\",\"description\":\"D\u00e9couvrir l'histoire et l'architecture du couvent de mani\u00e8re interactive et amusante d\u00e8s 3 ans gr\u00e2ce \u00e0 nos outils disponibles \u00e0 l'accueil.\",\"breadcrumb\":{\"@id\":\"https:\/\/jacobins.toulouse.fr\/fr\/visite-en-famille\/#breadcrumb\"},\"inLanguage\":\"fr-FR\",\"potentialAction\":[{\"@type\":\"ReadAction\",\"target\":[\"https:\/\/jacobins.toulouse.fr\/fr\/visite-en-famille\/\"]}]},{\"@type\":\"ImageObject\",\"inLanguage\":\"fr-FR\",\"@id\":\"https:\/\/jacobins.toulouse.fr\/fr\/visite-en-famille\/#primaryimage\",\"url\":\"https:\/\/jacobins.toulouse.fr\/wp-content\/uploads\/sites\/12\/2023\/10\/carte.png\",\"contentUrl\":\"https:\/\/jacobins.toulouse.fr\/wp-content\/uploads\/sites\/12\/2023\/10\/carte.png\"},{\"@type\":\"BreadcrumbList\",\"@id\":\"https:\/\/jacobins.toulouse.fr\/fr\/visite-en-famille\/#breadcrumb\",\"itemListElement\":[{\"@type\":\"ListItem\",\"position\":1,\"name\":\"Accueil\",\"item\":\"https:\/\/jacobins.toulouse.fr\/fr\/\"},{\"@type\":\"ListItem\",\"position\":2,\"name\":\"Visiter le Couvent des Jacobins en famille\"}]},{\"@type\":\"WebSite\",\"@id\":\"https:\/\/jacobins.toulouse.fr\/fr\/#website\",\"url\":\"https:\/\/jacobins.toulouse.fr\/fr\/\",\"name\":\"Couvent des Jacobins\",\"description\":\"\",\"publisher\":{\"@id\":\"https:\/\/jacobins.toulouse.fr\/fr\/#organization\"},\"potentialAction\":[{\"@type\":\"SearchAction\",\"target\":{\"@type\":\"EntryPoint\",\"urlTemplate\":\"https:\/\/jacobins.toulouse.fr\/fr\/search\/{search_term_string}\"},\"query-input\":{\"@type\":\"PropertyValueSpecification\",\"valueRequired\":true,\"valueName\":\"search_term_string\"}}],\"inLanguage\":\"fr-FR\"},{\"@type\":\"Organization\",\"@id\":\"https:\/\/jacobins.toulouse.fr\/fr\/#organization\",\"name\":\"Couvent des Jacobins\",\"url\":\"https:\/\/jacobins.toulouse.fr\/fr\/\",\"logo\":{\"@type\":\"ImageObject\",\"inLanguage\":\"fr-FR\",\"@id\":\"https:\/\/jacobins.toulouse.fr\/fr\/#\/schema\/logo\/image\/\",\"url\":\"https:\/\/jacobins.toulouse.fr\/wp-content\/uploads\/sites\/12\/2023\/08\/cropped-cropped-Logo-Jacobins.png\",\"contentUrl\":\"https:\/\/jacobins.toulouse.fr\/wp-content\/uploads\/sites\/12\/2023\/08\/cropped-cropped-Logo-Jacobins.png\",\"width\":254,\"height\":150,\"caption\":\"Couvent des Jacobins\"},\"image\":{\"@id\":\"https:\/\/jacobins.toulouse.fr\/fr\/#\/schema\/logo\/image\/\"}}]}<\/script>\n<!-- \/ Yoast SEO plugin. -->","yoast_head_json":{"title":"Visiter le Couvent des Jacobins en famille - Couvent des Jacobins","description":"D\u00e9couvrir l'histoire et l'architecture du couvent de mani\u00e8re interactive et amusante d\u00e8s 3 ans gr\u00e2ce \u00e0 nos outils disponibles \u00e0 l'accueil.","robots":{"index":"index","follow":"follow","max-snippet":"max-snippet:-1","max-image-preview":"max-image-preview:large","max-video-preview":"max-video-preview:-1"},"canonical":"https:\/\/jacobins.toulouse.fr\/fr\/visite-en-famille\/","og_locale":"fr_FR","og_type":"article","og_title":"Visiter le Couvent des Jacobins en famille - Couvent des Jacobins","og_description":"D\u00e9couvrir l'histoire et l'architecture du couvent de mani\u00e8re interactive et amusante d\u00e8s 3 ans gr\u00e2ce \u00e0 nos outils disponibles \u00e0 l'accueil.","og_url":"https:\/\/jacobins.toulouse.fr\/fr\/visite-en-famille\/","og_site_name":"Couvent des Jacobins","article_modified_time":"2026-01-19T11:03:49+00:00","og_image":[{"width":200,"height":200,"url":"https:\/\/jacobins.toulouse.fr\/wp-content\/uploads\/sites\/12\/2023\/10\/carte.png","type":"image\/png"}],"twitter_card":"summary_large_image","twitter_misc":{"Dur\u00e9e de lecture estim\u00e9e":"2 minutes"},"schema":{"@context":"https:\/\/schema.org","@graph":[{"@type":"WebPage","@id":"https:\/\/jacobins.toulouse.fr\/fr\/visite-en-famille\/","url":"https:\/\/jacobins.toulouse.fr\/fr\/visite-en-famille\/","name":"Visiter le Couvent des Jacobins en famille - Couvent des Jacobins","isPartOf":{"@id":"https:\/\/jacobins.toulouse.fr\/fr\/#website"},"primaryImageOfPage":{"@id":"https:\/\/jacobins.toulouse.fr\/fr\/visite-en-famille\/#primaryimage"},"image":{"@id":"https:\/\/jacobins.toulouse.fr\/fr\/visite-en-famille\/#primaryimage"},"thumbnailUrl":"https:\/\/jacobins.toulouse.fr\/wp-content\/uploads\/sites\/12\/2023\/10\/carte.png","datePublished":"2023-10-10T12:38:22+00:00","dateModified":"2026-01-19T11:03:49+00:00","description":"D\u00e9couvrir l'histoire et l'architecture du couvent de mani\u00e8re interactive et amusante d\u00e8s 3 ans gr\u00e2ce \u00e0 nos outils disponibles \u00e0 l'accueil.","breadcrumb":{"@id":"https:\/\/jacobins.toulouse.fr\/fr\/visite-en-famille\/#breadcrumb"},"inLanguage":"fr-FR","potentialAction":[{"@type":"ReadAction","target":["https:\/\/jacobins.toulouse.fr\/fr\/visite-en-famille\/"]}]},{"@type":"ImageObject","inLanguage":"fr-FR","@id":"https:\/\/jacobins.toulouse.fr\/fr\/visite-en-famille\/#primaryimage","url":"https:\/\/jacobins.toulouse.fr\/wp-content\/uploads\/sites\/12\/2023\/10\/carte.png","contentUrl":"https:\/\/jacobins.toulouse.fr\/wp-content\/uploads\/sites\/12\/2023\/10\/carte.png"},{"@type":"BreadcrumbList","@id":"https:\/\/jacobins.toulouse.fr\/fr\/visite-en-famille\/#breadcrumb","itemListElement":[{"@type":"ListItem","position":1,"name":"Accueil","item":"https:\/\/jacobins.toulouse.fr\/fr\/"},{"@type":"ListItem","position":2,"name":"Visiter le Couvent des Jacobins en famille"}]},{"@type":"WebSite","@id":"https:\/\/jacobins.toulouse.fr\/fr\/#website","url":"https:\/\/jacobins.toulouse.fr\/fr\/","name":"Couvent des Jacobins","description":"","publisher":{"@id":"https:\/\/jacobins.toulouse.fr\/fr\/#organization"},"potentialAction":[{"@type":"SearchAction","target":{"@type":"EntryPoint","urlTemplate":"https:\/\/jacobins.toulouse.fr\/fr\/search\/{search_term_string}"},"query-input":{"@type":"PropertyValueSpecification","valueRequired":true,"valueName":"search_term_string"}}],"inLanguage":"fr-FR"},{"@type":"Organization","@id":"https:\/\/jacobins.toulouse.fr\/fr\/#organization","name":"Couvent des Jacobins","url":"https:\/\/jacobins.toulouse.fr\/fr\/","logo":{"@type":"ImageObject","inLanguage":"fr-FR","@id":"https:\/\/jacobins.toulouse.fr\/fr\/#\/schema\/logo\/image\/","url":"https:\/\/jacobins.toulouse.fr\/wp-content\/uploads\/sites\/12\/2023\/08\/cropped-cropped-Logo-Jacobins.png","contentUrl":"https:\/\/jacobins.toulouse.fr\/wp-content\/uploads\/sites\/12\/2023\/08\/cropped-cropped-Logo-Jacobins.png","width":254,"height":150,"caption":"Couvent des Jacobins"},"image":{"@id":"https:\/\/jacobins.toulouse.fr\/fr\/#\/schema\/logo\/image\/"}}]}},"_links":{"self":[{"href":"https:\/\/jacobins.toulouse.fr\/fr\/wp-json\/wp\/v2\/pages\/4538","targetHints":{"allow":["GET"]}}],"collection":[{"href":"https:\/\/jacobins.toulouse.fr\/fr\/wp-json\/wp\/v2\/pages"}],"about":[{"href":"https:\/\/jacobins.toulouse.fr\/fr\/wp-json\/wp\/v2\/types\/page"}],"author":[{"embeddable":true,"href":"https:\/\/jacobins.toulouse.fr\/fr\/wp-json\/wp\/v2\/users\/69"}],"replies":[{"embeddable":true,"href":"https:\/\/jacobins.toulouse.fr\/fr\/wp-json\/wp\/v2\/comments?post=4538"}],"version-history":[{"count":121,"href":"https:\/\/jacobins.toulouse.fr\/fr\/wp-json\/wp\/v2\/pages\/4538\/revisions"}],"predecessor-version":[{"id":10883,"href":"https:\/\/jacobins.toulouse.fr\/fr\/wp-json\/wp\/v2\/pages\/4538\/revisions\/10883"}],"wp:attachment":[{"href":"https:\/\/jacobins.toulouse.fr\/fr\/wp-json\/wp\/v2\/media?parent=4538"}],"curies":[{"name":"wp","href":"https:\/\/api.w.org\/{rel}","templated":true}]}}