{"id":5709,"date":"2023-10-19T23:01:35","date_gmt":"2023-10-19T21:01:35","guid":{"rendered":"https:\/\/jacobins.toulouse.fr\/?page_id=5709"},"modified":"2025-09-23T12:14:37","modified_gmt":"2025-09-23T10:14:37","slug":"conditions-tarifaires","status":"publish","type":"page","link":"https:\/\/jacobins.toulouse.fr\/fr\/horaires-et-tarifs\/conditions-tarifaires\/","title":{"rendered":"Conditions tarifaires"},"content":{"rendered":"<section class=\"section-group\"><div class=\"container\"><div class=\"pure-g\">\n<div class=\"wp-block-group is-layout-constrained wp-block-group-is-layout-constrained\">\n<p class=\"has-medium-font-size\">Ces conditions tarifaires s&rsquo;appliquent uniquement au billet d&rsquo;entr\u00e9e.<\/p>\n\n\n\n<div class=\"wp-block-buttons is-content-justification-center is-layout-flex wp-container-core-buttons-is-layout-16018d1d wp-block-buttons-is-layout-flex\">\n<div class=\"wp-block-button\"><a class=\"wp-block-button__link has-text-align-right wp-element-button\" href=\"https:\/\/billetterie.couvent-jacobins.toulouse.fr\/\">prendre mon billet en ligne<\/a><\/div>\n<\/div>\n<\/div>\n<\/div><\/div><\/section>\n\n<section class=\"section-group\"><div class=\"container\"><div class=\"pure-g\">\n<div class=\"wp-block-group is-layout-constrained wp-block-group-is-layout-constrained\">\n<figure class=\"wp-block-table is-style-regular\"><table class=\"pure-table\"><tbody><tr><td><\/td><td>Hors exposition<\/td><td>En temps d&rsquo;exposition<\/td><\/tr><tr><td>Tarifs r\u00e9duits<\/td><td>Jeunes de 6 \u00e0 17 ans inclus<br><br>Lyc\u00e9ens (justificatif en cours de validit\u00e9)<br><br>Etudiants (justificatif en cours de validit\u00e9)<br><br><br>Carte COSAT<br><br>Pass Toulouse + d\u00e9livr\u00e9 par l&rsquo;Office de Tourisme<\/td><td>Jeunes de 6 \u00e0 17 ans inclus<br><br>Lyc\u00e9ens (justificatif en cours de validit\u00e9)<br><br>Etudiants (justificatif en cours de validit\u00e9)<br><br>Carte Montoulouse Senior <br><br>Carte COSAT<br><br>Pass Toulouse + d\u00e9livr\u00e9 par l&rsquo;Office de Tourisme<br><br>1<sup>er<\/sup> dimanches du mois<\/td><\/tr><tr><td>Gratuit\u00e9<\/td><td>Enfants de moins de 6 ans<br><br>Personnes en situation de handicap * et leur accompagnateur<br><br>B\u00e9n\u00e9ficiaires de minima sociaux** et leurs accompagnateurs mineurs<br><br>Guides conf\u00e9renciers agr\u00e9\u00e9s<br><br>Journalistes<br><br>Cartes ICOM et ICOMOS<br><br>Conservateurs de mus\u00e9es<br><br>Personnel de l\u2019Agence d\u2019Attractivit\u00e9 de Toulouse M\u00e9tropole<br><br>Enseignants en activit\u00e9 et adh\u00e9rents de l\u2019association des anciens \u00e9l\u00e8ves du Coll\u00e8ge et Lyc\u00e9e Pierre de Fermat<br><br>Membres de l\u2019ordre des Dominicains<br><br>Carte Montoulouse seniors<br><br>1<sup>er<\/sup> dimanches du mois<br><br>Toulousains en week-end dans le cadre du dispositif Mus\u00e9e Libre et sur pr\u00e9sentation de la carte (ou des autres cartes : Montoulouse seniors, Pastel Tiss\u00e9o)<br><br>Pass Tourisme d\u00e9livr\u00e9 par l\u2019Agente d\u2019Attractivit\u00e9<br><br>Pass Annuel Jacobins en cours de validit\u00e9<\/td><td>Enfants de moins de 6 ans.<br><br>Personnes en situation de handicap* et leur accompagnateur<br><br>B\u00e9n\u00e9ficiaires de minima sociaux** et leurs accompagnateurs mineurs<br><br>Guides conf\u00e9renciers agr\u00e9\u00e9s<br><br>Journalistes<br><br>Cartes ICOM et ICOMOS<br><br>Conservateurs de mus\u00e9es<br><br>Personnel de l\u2019Agence d\u2019Attractivit\u00e9 de Toulouse M\u00e9tropole<br><br>Enseignants en activit\u00e9 et adh\u00e9rents de l\u2019association des anciens \u00e9l\u00e8ves du Coll\u00e8ge et Lyc\u00e9e Pierre de Fermat<br><br>Membres de l\u2019ordre des Dominicains<br><br>Pass Tourisme d\u00e9livr\u00e9 par l\u2019Agente d\u2019Attractivit\u00e9<br><br>Pass Annuel Jacobins en cours de validit\u00e9<\/td><\/tr><\/tbody><\/table><figcaption class=\"wp-element-caption\">*Carte CMI \u00ab invalidit\u00e9 \u00bb ou \u00ab stationnement personnes handicap\u00e9es \u00bb d\u00e9livr\u00e9es par la CDAPH, en cours de validit\u00e9.<br><br>**Revenu de Solidarit\u00e9 Active (RSA ou RSO), Allocation Vieillesse\/Allocation de Solidarit\u00e9 aux personnes \u00e2g\u00e9es (ASPA\/ASV), Allocation de Solidarit\u00e9 Sp\u00e9cifique (ASS), Allocations aux Adultes Handicap\u00e9s (AAH), Allocation Equivalent Retraite de Remplacement (AER-R), Allocation pour Demandeurs d\u2019Asile (ADA), Allocation Suppl\u00e9mentaire d\u2019Invalidit\u00e9 (ASI), Allocation Veuvage (AV) \u2013 attestation ou cartes en cours de validit\u00e9.<\/figcaption><\/figure>\n\n\n    <section class=\"gutenberg-immersive-visual alignfull\">\n          <picture class=\"splide__image\">\n            <source media=\"(min-width: 57.6rem)\"\n                    srcset=\"https:\/\/jacobins.toulouse.fr\/wp-content\/uploads\/sites\/12\/2023\/08\/Colorama-Bas.png 2880w, https:\/\/jacobins.toulouse.fr\/wp-content\/uploads\/sites\/12\/2023\/08\/Colorama-Bas-300x28.png 300w, https:\/\/jacobins.toulouse.fr\/wp-content\/uploads\/sites\/12\/2023\/08\/Colorama-Bas-1024x94.png 1024w, https:\/\/jacobins.toulouse.fr\/wp-content\/uploads\/sites\/12\/2023\/08\/Colorama-Bas-768x70.png 768w, https:\/\/jacobins.toulouse.fr\/wp-content\/uploads\/sites\/12\/2023\/08\/Colorama-Bas-1536x141.png 1536w, https:\/\/jacobins.toulouse.fr\/wp-content\/uploads\/sites\/12\/2023\/08\/Colorama-Bas-2048x188.png 2048w, https:\/\/jacobins.toulouse.fr\/wp-content\/uploads\/sites\/12\/2023\/08\/Colorama-Bas-414x38.png 414w\"\n                    class=\"attachment-full size-full pure-img\"\n                    >\n            <source\n                srcset=\"https:\/\/jacobins.toulouse.fr\/wp-content\/uploads\/sites\/12\/2023\/08\/Colorama-Mobile-BD.png 640w, https:\/\/jacobins.toulouse.fr\/wp-content\/uploads\/sites\/12\/2023\/08\/Colorama-Mobile-BD-300x141.png 300w, https:\/\/jacobins.toulouse.fr\/wp-content\/uploads\/sites\/12\/2023\/08\/Colorama-Mobile-BD-414x194.png 414w, https:\/\/jacobins.toulouse.fr\/wp-content\/uploads\/sites\/12\/2023\/08\/Colorama-Mobile-BD-213x100.png 213w\"\n                sizes=\"(max-width: 2880px) 100vw, 2880px\">\n            <img decoding=\"async\" src=\"https:\/\/jacobins.toulouse.fr\/wp-content\/uploads\/sites\/12\/2023\/08\/Colorama-Bas.png\"\n                srcset=\"https:\/\/jacobins.toulouse.fr\/wp-content\/uploads\/sites\/12\/2023\/08\/Colorama-Bas.png 2880w, https:\/\/jacobins.toulouse.fr\/wp-content\/uploads\/sites\/12\/2023\/08\/Colorama-Bas-300x28.png 300w, https:\/\/jacobins.toulouse.fr\/wp-content\/uploads\/sites\/12\/2023\/08\/Colorama-Bas-1024x94.png 1024w, https:\/\/jacobins.toulouse.fr\/wp-content\/uploads\/sites\/12\/2023\/08\/Colorama-Bas-768x70.png 768w, https:\/\/jacobins.toulouse.fr\/wp-content\/uploads\/sites\/12\/2023\/08\/Colorama-Bas-1536x141.png 1536w, https:\/\/jacobins.toulouse.fr\/wp-content\/uploads\/sites\/12\/2023\/08\/Colorama-Bas-2048x188.png 2048w, https:\/\/jacobins.toulouse.fr\/wp-content\/uploads\/sites\/12\/2023\/08\/Colorama-Bas-414x38.png 414w\"\n                sizes=\"(min-width: 60rem) 60rem, 100vw\"\n                class=\"splide__image\"\n                alt=\"\"\n            >\n          <\/picture>\n            <\/section>\n<\/div>\n<\/div><\/div><\/section>","protected":false},"excerpt":{"rendered":"<p>Ces conditions tarifaires s&rsquo;appliquent uniquement au billet d&rsquo;entr\u00e9e. Hors exposition En temps d&rsquo;exposition Tarifs r\u00e9duits Jeunes de 6 \u00e0 17 ans inclus Lyc\u00e9ens (justificatif en cours de validit\u00e9) Etudiants (justificatif en cours de validit\u00e9) Carte&hellip;<\/p>\n","protected":false},"author":69,"featured_media":0,"parent":1153,"menu_order":0,"comment_status":"closed","ping_status":"closed","template":"","meta":{"_acf_changed":false,"footnotes":""},"class_list":["post-5709","page","type-page","status-publish","hentry"],"acf":[],"yoast_head":"<!-- This site is optimized with the Yoast SEO plugin v27.0 - https:\/\/yoast.com\/product\/yoast-seo-wordpress\/ -->\n<title>Conditions tarifaires - Couvent des Jacobins<\/title>\n<meta name=\"robots\" content=\"index, follow, max-snippet:-1, max-image-preview:large, max-video-preview:-1\" \/>\n<link rel=\"canonical\" href=\"https:\/\/jacobins.toulouse.fr\/fr\/horaires-et-tarifs\/conditions-tarifaires\/\" \/>\n<meta property=\"og:locale\" content=\"fr_FR\" \/>\n<meta property=\"og:type\" content=\"article\" \/>\n<meta property=\"og:title\" content=\"Conditions tarifaires - Couvent des Jacobins\" \/>\n<meta property=\"og:description\" content=\"Ces conditions tarifaires s&rsquo;appliquent uniquement au billet d&rsquo;entr\u00e9e. Hors exposition En temps d&rsquo;exposition Tarifs r\u00e9duits Jeunes de 6 \u00e0 17 ans inclus Lyc\u00e9ens (justificatif en cours de validit\u00e9) Etudiants (justificatif en cours de validit\u00e9) Carte&hellip;\" \/>\n<meta property=\"og:url\" content=\"https:\/\/jacobins.toulouse.fr\/fr\/horaires-et-tarifs\/conditions-tarifaires\/\" \/>\n<meta property=\"og:site_name\" content=\"Couvent des Jacobins\" \/>\n<meta property=\"article:modified_time\" content=\"2025-09-23T10:14:37+00:00\" \/>\n<meta name=\"twitter:card\" content=\"summary_large_image\" \/>\n<meta name=\"twitter:label1\" content=\"Dur\u00e9e de lecture estim\u00e9e\" \/>\n\t<meta name=\"twitter:data1\" content=\"2 minutes\" \/>\n<script type=\"application\/ld+json\" class=\"yoast-schema-graph\">{\"@context\":\"https:\/\/schema.org\",\"@graph\":[{\"@type\":\"WebPage\",\"@id\":\"https:\/\/jacobins.toulouse.fr\/fr\/horaires-et-tarifs\/conditions-tarifaires\/\",\"url\":\"https:\/\/jacobins.toulouse.fr\/fr\/horaires-et-tarifs\/conditions-tarifaires\/\",\"name\":\"Conditions tarifaires - Couvent des Jacobins\",\"isPartOf\":{\"@id\":\"https:\/\/jacobins.toulouse.fr\/fr\/#website\"},\"datePublished\":\"2023-10-19T21:01:35+00:00\",\"dateModified\":\"2025-09-23T10:14:37+00:00\",\"breadcrumb\":{\"@id\":\"https:\/\/jacobins.toulouse.fr\/fr\/horaires-et-tarifs\/conditions-tarifaires\/#breadcrumb\"},\"inLanguage\":\"fr-FR\",\"potentialAction\":[{\"@type\":\"ReadAction\",\"target\":[\"https:\/\/jacobins.toulouse.fr\/fr\/horaires-et-tarifs\/conditions-tarifaires\/\"]}]},{\"@type\":\"BreadcrumbList\",\"@id\":\"https:\/\/jacobins.toulouse.fr\/fr\/horaires-et-tarifs\/conditions-tarifaires\/#breadcrumb\",\"itemListElement\":[{\"@type\":\"ListItem\",\"position\":1,\"name\":\"Accueil\",\"item\":\"https:\/\/jacobins.toulouse.fr\/fr\/\"},{\"@type\":\"ListItem\",\"position\":2,\"name\":\"Horaires et tarifs\",\"item\":\"https:\/\/jacobins.toulouse.fr\/fr\/horaires-et-tarifs\/\"},{\"@type\":\"ListItem\",\"position\":3,\"name\":\"Conditions tarifaires\"}]},{\"@type\":\"WebSite\",\"@id\":\"https:\/\/jacobins.toulouse.fr\/fr\/#website\",\"url\":\"https:\/\/jacobins.toulouse.fr\/fr\/\",\"name\":\"Couvent des Jacobins\",\"description\":\"\",\"publisher\":{\"@id\":\"https:\/\/jacobins.toulouse.fr\/fr\/#organization\"},\"potentialAction\":[{\"@type\":\"SearchAction\",\"target\":{\"@type\":\"EntryPoint\",\"urlTemplate\":\"https:\/\/jacobins.toulouse.fr\/fr\/search\/{search_term_string}\"},\"query-input\":{\"@type\":\"PropertyValueSpecification\",\"valueRequired\":true,\"valueName\":\"search_term_string\"}}],\"inLanguage\":\"fr-FR\"},{\"@type\":\"Organization\",\"@id\":\"https:\/\/jacobins.toulouse.fr\/fr\/#organization\",\"name\":\"Couvent des Jacobins\",\"url\":\"https:\/\/jacobins.toulouse.fr\/fr\/\",\"logo\":{\"@type\":\"ImageObject\",\"inLanguage\":\"fr-FR\",\"@id\":\"https:\/\/jacobins.toulouse.fr\/fr\/#\/schema\/logo\/image\/\",\"url\":\"https:\/\/jacobins.toulouse.fr\/wp-content\/uploads\/sites\/12\/2023\/08\/cropped-cropped-Logo-Jacobins.png\",\"contentUrl\":\"https:\/\/jacobins.toulouse.fr\/wp-content\/uploads\/sites\/12\/2023\/08\/cropped-cropped-Logo-Jacobins.png\",\"width\":254,\"height\":150,\"caption\":\"Couvent des Jacobins\"},\"image\":{\"@id\":\"https:\/\/jacobins.toulouse.fr\/fr\/#\/schema\/logo\/image\/\"}}]}<\/script>\n<!-- \/ Yoast SEO plugin. -->","yoast_head_json":{"title":"Conditions tarifaires - Couvent des Jacobins","robots":{"index":"index","follow":"follow","max-snippet":"max-snippet:-1","max-image-preview":"max-image-preview:large","max-video-preview":"max-video-preview:-1"},"canonical":"https:\/\/jacobins.toulouse.fr\/fr\/horaires-et-tarifs\/conditions-tarifaires\/","og_locale":"fr_FR","og_type":"article","og_title":"Conditions tarifaires - Couvent des Jacobins","og_description":"Ces conditions tarifaires s&rsquo;appliquent uniquement au billet d&rsquo;entr\u00e9e. Hors exposition En temps d&rsquo;exposition Tarifs r\u00e9duits Jeunes de 6 \u00e0 17 ans inclus Lyc\u00e9ens (justificatif en cours de validit\u00e9) Etudiants (justificatif en cours de validit\u00e9) Carte&hellip;","og_url":"https:\/\/jacobins.toulouse.fr\/fr\/horaires-et-tarifs\/conditions-tarifaires\/","og_site_name":"Couvent des Jacobins","article_modified_time":"2025-09-23T10:14:37+00:00","twitter_card":"summary_large_image","twitter_misc":{"Dur\u00e9e de lecture estim\u00e9e":"2 minutes"},"schema":{"@context":"https:\/\/schema.org","@graph":[{"@type":"WebPage","@id":"https:\/\/jacobins.toulouse.fr\/fr\/horaires-et-tarifs\/conditions-tarifaires\/","url":"https:\/\/jacobins.toulouse.fr\/fr\/horaires-et-tarifs\/conditions-tarifaires\/","name":"Conditions tarifaires - Couvent des Jacobins","isPartOf":{"@id":"https:\/\/jacobins.toulouse.fr\/fr\/#website"},"datePublished":"2023-10-19T21:01:35+00:00","dateModified":"2025-09-23T10:14:37+00:00","breadcrumb":{"@id":"https:\/\/jacobins.toulouse.fr\/fr\/horaires-et-tarifs\/conditions-tarifaires\/#breadcrumb"},"inLanguage":"fr-FR","potentialAction":[{"@type":"ReadAction","target":["https:\/\/jacobins.toulouse.fr\/fr\/horaires-et-tarifs\/conditions-tarifaires\/"]}]},{"@type":"BreadcrumbList","@id":"https:\/\/jacobins.toulouse.fr\/fr\/horaires-et-tarifs\/conditions-tarifaires\/#breadcrumb","itemListElement":[{"@type":"ListItem","position":1,"name":"Accueil","item":"https:\/\/jacobins.toulouse.fr\/fr\/"},{"@type":"ListItem","position":2,"name":"Horaires et tarifs","item":"https:\/\/jacobins.toulouse.fr\/fr\/horaires-et-tarifs\/"},{"@type":"ListItem","position":3,"name":"Conditions tarifaires"}]},{"@type":"WebSite","@id":"https:\/\/jacobins.toulouse.fr\/fr\/#website","url":"https:\/\/jacobins.toulouse.fr\/fr\/","name":"Couvent des Jacobins","description":"","publisher":{"@id":"https:\/\/jacobins.toulouse.fr\/fr\/#organization"},"potentialAction":[{"@type":"SearchAction","target":{"@type":"EntryPoint","urlTemplate":"https:\/\/jacobins.toulouse.fr\/fr\/search\/{search_term_string}"},"query-input":{"@type":"PropertyValueSpecification","valueRequired":true,"valueName":"search_term_string"}}],"inLanguage":"fr-FR"},{"@type":"Organization","@id":"https:\/\/jacobins.toulouse.fr\/fr\/#organization","name":"Couvent des Jacobins","url":"https:\/\/jacobins.toulouse.fr\/fr\/","logo":{"@type":"ImageObject","inLanguage":"fr-FR","@id":"https:\/\/jacobins.toulouse.fr\/fr\/#\/schema\/logo\/image\/","url":"https:\/\/jacobins.toulouse.fr\/wp-content\/uploads\/sites\/12\/2023\/08\/cropped-cropped-Logo-Jacobins.png","contentUrl":"https:\/\/jacobins.toulouse.fr\/wp-content\/uploads\/sites\/12\/2023\/08\/cropped-cropped-Logo-Jacobins.png","width":254,"height":150,"caption":"Couvent des Jacobins"},"image":{"@id":"https:\/\/jacobins.toulouse.fr\/fr\/#\/schema\/logo\/image\/"}}]}},"_links":{"self":[{"href":"https:\/\/jacobins.toulouse.fr\/fr\/wp-json\/wp\/v2\/pages\/5709","targetHints":{"allow":["GET"]}}],"collection":[{"href":"https:\/\/jacobins.toulouse.fr\/fr\/wp-json\/wp\/v2\/pages"}],"about":[{"href":"https:\/\/jacobins.toulouse.fr\/fr\/wp-json\/wp\/v2\/types\/page"}],"author":[{"embeddable":true,"href":"https:\/\/jacobins.toulouse.fr\/fr\/wp-json\/wp\/v2\/users\/69"}],"replies":[{"embeddable":true,"href":"https:\/\/jacobins.toulouse.fr\/fr\/wp-json\/wp\/v2\/comments?post=5709"}],"version-history":[{"count":24,"href":"https:\/\/jacobins.toulouse.fr\/fr\/wp-json\/wp\/v2\/pages\/5709\/revisions"}],"predecessor-version":[{"id":10253,"href":"https:\/\/jacobins.toulouse.fr\/fr\/wp-json\/wp\/v2\/pages\/5709\/revisions\/10253"}],"up":[{"embeddable":true,"href":"https:\/\/jacobins.toulouse.fr\/fr\/wp-json\/wp\/v2\/pages\/1153"}],"wp:attachment":[{"href":"https:\/\/jacobins.toulouse.fr\/fr\/wp-json\/wp\/v2\/media?parent=5709"}],"curies":[{"name":"wp","href":"https:\/\/api.w.org\/{rel}","templated":true}]}}