{"id":6231,"date":"2023-10-20T23:57:53","date_gmt":"2023-10-20T21:57:53","guid":{"rendered":"https:\/\/jacobins.toulouse.fr\/?page_id=6231"},"modified":"2023-10-25T12:35:38","modified_gmt":"2023-10-25T10:35:38","slug":"une-peinture-tape-a-loeil","status":"publish","type":"page","link":"https:\/\/jacobins.toulouse.fr\/fr\/incontournables-jacobins-toulouse\/une-peinture-tape-a-loeil\/","title":{"rendered":"Une peinture tape \u00e0 l\u2019\u0153il"},"content":{"rendered":"\n<div class=\"wp-block-columns is-layout-flex wp-container-core-columns-is-layout-9d6595d7 wp-block-columns-is-layout-flex\">\n<div class=\"wp-block-column is-vertically-aligned-center is-layout-flow wp-block-column-is-layout-flow\">\n<figure  role=\"group\"  aria-label=\"bravo!\"  class=\"wp-block-image alignright size-full is-resized\"><img loading=\"lazy\" decoding=\"async\" src=\"https:\/\/jacobins.toulouse.fr\/wp-content\/uploads\/sites\/12\/2023\/10\/bravo.gif\" alt=\"\" class=\"wp-image-6093\" width=\"50\" height=\"50\"\/><\/figure>\n<\/div>\n\n\n\n<div class=\"wp-block-column is-layout-flow wp-block-column-is-layout-flow\" style=\"flex-basis:150px\">\n<figure  role=\"group\"  aria-label=\"Oeil\"  class=\"wp-block-image aligncenter size-full is-resized is-style-nomargin\"><img loading=\"lazy\" decoding=\"async\" src=\"https:\/\/jacobins.toulouse.fr\/wp-content\/uploads\/sites\/12\/2023\/09\/Icone_loupe-150x150-1.png\" alt=\"\" class=\"wp-image-2068\" width=\"80\" height=\"80\"\/><\/figure>\n<\/div>\n\n\n\n<div class=\"wp-block-column is-vertically-aligned-center is-layout-flow wp-block-column-is-layout-flow\">\n<figure  role=\"group\"  aria-label=\"bravo!\"  class=\"wp-block-image alignleft size-full is-resized\"><img loading=\"lazy\" decoding=\"async\" src=\"https:\/\/jacobins.toulouse.fr\/wp-content\/uploads\/sites\/12\/2023\/10\/bravo.gif\" alt=\"\" class=\"wp-image-6093\" width=\"50\" height=\"50\"\/><\/figure>\n<\/div>\n<\/div>\n\n\n<section class=\"section-group\"><div class=\"container\"><div class=\"pure-g\">\n<div class=\"wp-block-group is-layout-constrained wp-block-group-is-layout-constrained\">\n<div class=\"wp-block-columns imp_unset-margin has-colorama-5-background-color has-background is-layout-flex wp-container-core-columns-is-layout-9d6595d7 wp-block-columns-is-layout-flex\">\n<div class=\"wp-block-column is-layout-flow wp-block-column-is-layout-flow\" style=\"flex-basis:80%\">\n<h2 class=\"wp-block-heading\" id=\"bravo\">Bravo !<\/h2>\n\n\n\n<p style=\"font-size:17px\"><strong>Vous avez d\u00e9couvert une anecdote cach\u00e9e !<\/strong><br>Plusieurs anecdotes ont \u00e9t\u00e9 dissimul\u00e9es sur l&rsquo;ensemble du site web. Trouvez-les toutes pour r\u00e9pondre \u00e0 notre quiz avec un sans-faute ! Ou alors n&rsquo;attendez pas et testez vos connaissances d\u00e8s maintenant :<\/p>\n<\/div>\n\n\n\n<div class=\"wp-block-column is-vertically-aligned-bottom is-layout-flow wp-block-column-is-layout-flow\" style=\"flex-basis:20%\">\n<div class=\"wp-block-buttons is-content-justification-center is-layout-flex wp-container-core-buttons-is-layout-16018d1d wp-block-buttons-is-layout-flex\">\n<div class=\"wp-block-button\"><a class=\"wp-block-button__link has-text-align-center wp-element-button\" href=\"\/quiz\">Jouer au quizz<\/a><\/div>\n<\/div>\n<\/div>\n<\/div>\n<\/div>\n<\/div><\/div><\/section>\n\n\n<div style=\"height:50px\" aria-hidden=\"true\" class=\"wp-block-spacer\"><\/div>\n\n\n<section class=\"section-group section-bg-black\"><div class=\"container\"><div class=\"pure-g\">\n<div class=\"wp-block-group alignwide has-black-background-color has-background is-layout-constrained wp-block-group-is-layout-constrained\">\n<div class=\"wp-block-media-text alignwide is-stacked-on-mobile has-black-background-color has-background\" style=\"grid-template-columns:25% auto\"><figure class=\"wp-block-media-text__media\" role=\"group\" aria-label=\"Fresque d\u00e9pos\u00e9e\" \"><img loading=\"lazy\" decoding=\"async\" width=\"430\" height=\"550\" src=\"https:\/\/jacobins.toulouse.fr\/wp-content\/uploads\/sites\/12\/2023\/10\/Anecdote_peinture-deposee.jpg\" alt=\"\" class=\"wp-image-6241 size-full\" srcset=\"https:\/\/jacobins.toulouse.fr\/wp-content\/uploads\/sites\/12\/2023\/10\/Anecdote_peinture-deposee.jpg 430w, https:\/\/jacobins.toulouse.fr\/wp-content\/uploads\/sites\/12\/2023\/10\/Anecdote_peinture-deposee-235x300.jpg 235w, https:\/\/jacobins.toulouse.fr\/wp-content\/uploads\/sites\/12\/2023\/10\/Anecdote_peinture-deposee-324x414.jpg 324w\" sizes=\"(max-width: 430px) 100vw, 430px\" \/><figcaption>Fresque d\u00e9pos\u00e9e<\/figcaption><\/figure><div class=\"wp-block-media-text__content\">\n<h2 class=\"wp-block-heading has-white-color has-text-color\" id=\"le-patrimoine-en-exil-1\">La fresque d\u00e9pos\u00e9e<\/h2>\n\n\n\n<p class=\"has-white-color has-text-color\" style=\"font-size:19px\">Quand les conditions de conservation d\u2019une peinture murale deviennent probl\u00e9matiques, il peut arriver que l\u2019on d\u00e9cide de la d\u00e9poser. C\u2019est-\u00e0 dire-que l\u2019on extrait du mur la couche picturale et l\u2019enduit sur lequel elle est peinte afin de la conserver dans des espaces plus adapt\u00e9s. Ceci est arriv\u00e9 aux Jacobins en 1958 avec une peinture qui se trouvait dans la chapelle Saint-Dominique.<br><br>Fresque anonyme, on peut la dater du XVe si\u00e8cle gr\u00e2ce aux v\u00eatements des diff\u00e9rents personnages visibles. S\u2019il s\u2019agit d\u2019un riche t\u00e9moignage du pass\u00e9 des Jacobins, il est pour l\u2019instant impossible d\u2019identifier ce que la peinture repr\u00e9sente. On y devine 8 personnages mais on ne voit que 11 yeux. C\u2019est d\u2019ailleurs ce qui lui a donn\u00e9 son nom actuel&nbsp;: La Fresque aux onze yeux.<\/p>\n<\/div><\/div>\n<\/div>\n<\/div><\/div><\/section>\n\n    <section class=\"gutenberg-immersive-visual alignfull\">\n          <picture class=\"splide__image\">\n            <source media=\"(min-width: 57.6rem)\"\n                    srcset=\"https:\/\/jacobins.toulouse.fr\/wp-content\/uploads\/sites\/12\/2023\/08\/Colorama-Bas.png 2880w, https:\/\/jacobins.toulouse.fr\/wp-content\/uploads\/sites\/12\/2023\/08\/Colorama-Bas-300x28.png 300w, https:\/\/jacobins.toulouse.fr\/wp-content\/uploads\/sites\/12\/2023\/08\/Colorama-Bas-1024x94.png 1024w, https:\/\/jacobins.toulouse.fr\/wp-content\/uploads\/sites\/12\/2023\/08\/Colorama-Bas-768x70.png 768w, https:\/\/jacobins.toulouse.fr\/wp-content\/uploads\/sites\/12\/2023\/08\/Colorama-Bas-1536x141.png 1536w, https:\/\/jacobins.toulouse.fr\/wp-content\/uploads\/sites\/12\/2023\/08\/Colorama-Bas-2048x188.png 2048w, https:\/\/jacobins.toulouse.fr\/wp-content\/uploads\/sites\/12\/2023\/08\/Colorama-Bas-414x38.png 414w\"\n                    class=\"attachment-full size-full pure-img\"\n                    >\n            <source\n                srcset=\"https:\/\/jacobins.toulouse.fr\/wp-content\/uploads\/sites\/12\/2023\/08\/Colorama-Mobile-BD.png 640w, https:\/\/jacobins.toulouse.fr\/wp-content\/uploads\/sites\/12\/2023\/08\/Colorama-Mobile-BD-300x141.png 300w, https:\/\/jacobins.toulouse.fr\/wp-content\/uploads\/sites\/12\/2023\/08\/Colorama-Mobile-BD-414x194.png 414w, https:\/\/jacobins.toulouse.fr\/wp-content\/uploads\/sites\/12\/2023\/08\/Colorama-Mobile-BD-213x100.png 213w\"\n                sizes=\"(max-width: 2880px) 100vw, 2880px\">\n            <img decoding=\"async\" src=\"https:\/\/jacobins.toulouse.fr\/wp-content\/uploads\/sites\/12\/2023\/08\/Colorama-Bas.png\"\n                srcset=\"https:\/\/jacobins.toulouse.fr\/wp-content\/uploads\/sites\/12\/2023\/08\/Colorama-Bas.png 2880w, https:\/\/jacobins.toulouse.fr\/wp-content\/uploads\/sites\/12\/2023\/08\/Colorama-Bas-300x28.png 300w, https:\/\/jacobins.toulouse.fr\/wp-content\/uploads\/sites\/12\/2023\/08\/Colorama-Bas-1024x94.png 1024w, https:\/\/jacobins.toulouse.fr\/wp-content\/uploads\/sites\/12\/2023\/08\/Colorama-Bas-768x70.png 768w, https:\/\/jacobins.toulouse.fr\/wp-content\/uploads\/sites\/12\/2023\/08\/Colorama-Bas-1536x141.png 1536w, https:\/\/jacobins.toulouse.fr\/wp-content\/uploads\/sites\/12\/2023\/08\/Colorama-Bas-2048x188.png 2048w, https:\/\/jacobins.toulouse.fr\/wp-content\/uploads\/sites\/12\/2023\/08\/Colorama-Bas-414x38.png 414w\"\n                sizes=\"(min-width: 60rem) 60rem, 100vw\"\n                class=\"splide__image\"\n                alt=\"\"\n            >\n          <\/picture>\n            <\/section>\n","protected":false},"excerpt":{"rendered":"<p>Bravo ! Vous avez d\u00e9couvert une anecdote cach\u00e9e !Plusieurs anecdotes ont \u00e9t\u00e9 dissimul\u00e9es sur l&rsquo;ensemble du site web. Trouvez-les toutes pour r\u00e9pondre \u00e0 notre quiz avec un sans-faute ! Ou alors n&rsquo;attendez pas et testez&hellip;<\/p>\n","protected":false},"author":69,"featured_media":0,"parent":1145,"menu_order":0,"comment_status":"closed","ping_status":"closed","template":"","meta":{"_acf_changed":false,"footnotes":""},"class_list":["post-6231","page","type-page","status-publish","hentry"],"acf":[],"yoast_head":"<!-- This site is optimized with the Yoast SEO plugin v27.0 - https:\/\/yoast.com\/product\/yoast-seo-wordpress\/ -->\n<title>Une peinture tape \u00e0 l\u2019\u0153il - Couvent des Jacobins<\/title>\n<meta name=\"robots\" content=\"index, follow, max-snippet:-1, max-image-preview:large, max-video-preview:-1\" \/>\n<link rel=\"canonical\" href=\"https:\/\/jacobins.toulouse.fr\/fr\/incontournables-jacobins-toulouse\/une-peinture-tape-a-loeil\/\" \/>\n<meta property=\"og:locale\" content=\"fr_FR\" \/>\n<meta property=\"og:type\" content=\"article\" \/>\n<meta property=\"og:title\" content=\"Une peinture tape \u00e0 l\u2019\u0153il - Couvent des Jacobins\" \/>\n<meta property=\"og:description\" content=\"Bravo ! Vous avez d\u00e9couvert une anecdote cach\u00e9e !Plusieurs anecdotes ont \u00e9t\u00e9 dissimul\u00e9es sur l&rsquo;ensemble du site web. Trouvez-les toutes pour r\u00e9pondre \u00e0 notre quiz avec un sans-faute ! Ou alors n&rsquo;attendez pas et testez&hellip;\" \/>\n<meta property=\"og:url\" content=\"https:\/\/jacobins.toulouse.fr\/fr\/incontournables-jacobins-toulouse\/une-peinture-tape-a-loeil\/\" \/>\n<meta property=\"og:site_name\" content=\"Couvent des Jacobins\" \/>\n<meta property=\"article:modified_time\" content=\"2023-10-25T10:35:38+00:00\" \/>\n<meta property=\"og:image\" content=\"https:\/\/jacobins.toulouse.fr\/wp-content\/uploads\/sites\/12\/2023\/10\/bravo.gif\" \/>\n<meta name=\"twitter:card\" content=\"summary_large_image\" \/>\n<meta name=\"twitter:label1\" content=\"Dur\u00e9e de lecture estim\u00e9e\" \/>\n\t<meta name=\"twitter:data1\" content=\"2 minutes\" \/>\n<script type=\"application\/ld+json\" class=\"yoast-schema-graph\">{\"@context\":\"https:\/\/schema.org\",\"@graph\":[{\"@type\":\"WebPage\",\"@id\":\"https:\/\/jacobins.toulouse.fr\/fr\/incontournables-jacobins-toulouse\/une-peinture-tape-a-loeil\/\",\"url\":\"https:\/\/jacobins.toulouse.fr\/fr\/incontournables-jacobins-toulouse\/une-peinture-tape-a-loeil\/\",\"name\":\"Une peinture tape \u00e0 l\u2019\u0153il - Couvent des Jacobins\",\"isPartOf\":{\"@id\":\"https:\/\/jacobins.toulouse.fr\/fr\/#website\"},\"primaryImageOfPage\":{\"@id\":\"https:\/\/jacobins.toulouse.fr\/fr\/incontournables-jacobins-toulouse\/une-peinture-tape-a-loeil\/#primaryimage\"},\"image\":{\"@id\":\"https:\/\/jacobins.toulouse.fr\/fr\/incontournables-jacobins-toulouse\/une-peinture-tape-a-loeil\/#primaryimage\"},\"thumbnailUrl\":\"https:\/\/jacobins.toulouse.fr\/wp-content\/uploads\/sites\/12\/2023\/10\/bravo.gif\",\"datePublished\":\"2023-10-20T21:57:53+00:00\",\"dateModified\":\"2023-10-25T10:35:38+00:00\",\"breadcrumb\":{\"@id\":\"https:\/\/jacobins.toulouse.fr\/fr\/incontournables-jacobins-toulouse\/une-peinture-tape-a-loeil\/#breadcrumb\"},\"inLanguage\":\"fr-FR\",\"potentialAction\":[{\"@type\":\"ReadAction\",\"target\":[\"https:\/\/jacobins.toulouse.fr\/fr\/incontournables-jacobins-toulouse\/une-peinture-tape-a-loeil\/\"]}]},{\"@type\":\"ImageObject\",\"inLanguage\":\"fr-FR\",\"@id\":\"https:\/\/jacobins.toulouse.fr\/fr\/incontournables-jacobins-toulouse\/une-peinture-tape-a-loeil\/#primaryimage\",\"url\":\"https:\/\/jacobins.toulouse.fr\/wp-content\/uploads\/sites\/12\/2023\/10\/bravo.gif\",\"contentUrl\":\"https:\/\/jacobins.toulouse.fr\/wp-content\/uploads\/sites\/12\/2023\/10\/bravo.gif\"},{\"@type\":\"BreadcrumbList\",\"@id\":\"https:\/\/jacobins.toulouse.fr\/fr\/incontournables-jacobins-toulouse\/une-peinture-tape-a-loeil\/#breadcrumb\",\"itemListElement\":[{\"@type\":\"ListItem\",\"position\":1,\"name\":\"Accueil\",\"item\":\"https:\/\/jacobins.toulouse.fr\/fr\/\"},{\"@type\":\"ListItem\",\"position\":2,\"name\":\"Les incontournables\",\"item\":\"https:\/\/jacobins.toulouse.fr\/fr\/incontournables-jacobins-toulouse\/\"},{\"@type\":\"ListItem\",\"position\":3,\"name\":\"Une peinture tape \u00e0 l\u2019\u0153il\"}]},{\"@type\":\"WebSite\",\"@id\":\"https:\/\/jacobins.toulouse.fr\/fr\/#website\",\"url\":\"https:\/\/jacobins.toulouse.fr\/fr\/\",\"name\":\"Couvent des Jacobins\",\"description\":\"\",\"publisher\":{\"@id\":\"https:\/\/jacobins.toulouse.fr\/fr\/#organization\"},\"potentialAction\":[{\"@type\":\"SearchAction\",\"target\":{\"@type\":\"EntryPoint\",\"urlTemplate\":\"https:\/\/jacobins.toulouse.fr\/fr\/search\/{search_term_string}\"},\"query-input\":{\"@type\":\"PropertyValueSpecification\",\"valueRequired\":true,\"valueName\":\"search_term_string\"}}],\"inLanguage\":\"fr-FR\"},{\"@type\":\"Organization\",\"@id\":\"https:\/\/jacobins.toulouse.fr\/fr\/#organization\",\"name\":\"Couvent des Jacobins\",\"url\":\"https:\/\/jacobins.toulouse.fr\/fr\/\",\"logo\":{\"@type\":\"ImageObject\",\"inLanguage\":\"fr-FR\",\"@id\":\"https:\/\/jacobins.toulouse.fr\/fr\/#\/schema\/logo\/image\/\",\"url\":\"https:\/\/jacobins.toulouse.fr\/wp-content\/uploads\/sites\/12\/2023\/08\/cropped-cropped-Logo-Jacobins.png\",\"contentUrl\":\"https:\/\/jacobins.toulouse.fr\/wp-content\/uploads\/sites\/12\/2023\/08\/cropped-cropped-Logo-Jacobins.png\",\"width\":254,\"height\":150,\"caption\":\"Couvent des Jacobins\"},\"image\":{\"@id\":\"https:\/\/jacobins.toulouse.fr\/fr\/#\/schema\/logo\/image\/\"}}]}<\/script>\n<!-- \/ Yoast SEO plugin. -->","yoast_head_json":{"title":"Une peinture tape \u00e0 l\u2019\u0153il - Couvent des Jacobins","robots":{"index":"index","follow":"follow","max-snippet":"max-snippet:-1","max-image-preview":"max-image-preview:large","max-video-preview":"max-video-preview:-1"},"canonical":"https:\/\/jacobins.toulouse.fr\/fr\/incontournables-jacobins-toulouse\/une-peinture-tape-a-loeil\/","og_locale":"fr_FR","og_type":"article","og_title":"Une peinture tape \u00e0 l\u2019\u0153il - Couvent des Jacobins","og_description":"Bravo ! Vous avez d\u00e9couvert une anecdote cach\u00e9e !Plusieurs anecdotes ont \u00e9t\u00e9 dissimul\u00e9es sur l&rsquo;ensemble du site web. Trouvez-les toutes pour r\u00e9pondre \u00e0 notre quiz avec un sans-faute ! Ou alors n&rsquo;attendez pas et testez&hellip;","og_url":"https:\/\/jacobins.toulouse.fr\/fr\/incontournables-jacobins-toulouse\/une-peinture-tape-a-loeil\/","og_site_name":"Couvent des Jacobins","article_modified_time":"2023-10-25T10:35:38+00:00","og_image":[{"url":"https:\/\/jacobins.toulouse.fr\/wp-content\/uploads\/sites\/12\/2023\/10\/bravo.gif","type":"","width":"","height":""}],"twitter_card":"summary_large_image","twitter_misc":{"Dur\u00e9e de lecture estim\u00e9e":"2 minutes"},"schema":{"@context":"https:\/\/schema.org","@graph":[{"@type":"WebPage","@id":"https:\/\/jacobins.toulouse.fr\/fr\/incontournables-jacobins-toulouse\/une-peinture-tape-a-loeil\/","url":"https:\/\/jacobins.toulouse.fr\/fr\/incontournables-jacobins-toulouse\/une-peinture-tape-a-loeil\/","name":"Une peinture tape \u00e0 l\u2019\u0153il - Couvent des Jacobins","isPartOf":{"@id":"https:\/\/jacobins.toulouse.fr\/fr\/#website"},"primaryImageOfPage":{"@id":"https:\/\/jacobins.toulouse.fr\/fr\/incontournables-jacobins-toulouse\/une-peinture-tape-a-loeil\/#primaryimage"},"image":{"@id":"https:\/\/jacobins.toulouse.fr\/fr\/incontournables-jacobins-toulouse\/une-peinture-tape-a-loeil\/#primaryimage"},"thumbnailUrl":"https:\/\/jacobins.toulouse.fr\/wp-content\/uploads\/sites\/12\/2023\/10\/bravo.gif","datePublished":"2023-10-20T21:57:53+00:00","dateModified":"2023-10-25T10:35:38+00:00","breadcrumb":{"@id":"https:\/\/jacobins.toulouse.fr\/fr\/incontournables-jacobins-toulouse\/une-peinture-tape-a-loeil\/#breadcrumb"},"inLanguage":"fr-FR","potentialAction":[{"@type":"ReadAction","target":["https:\/\/jacobins.toulouse.fr\/fr\/incontournables-jacobins-toulouse\/une-peinture-tape-a-loeil\/"]}]},{"@type":"ImageObject","inLanguage":"fr-FR","@id":"https:\/\/jacobins.toulouse.fr\/fr\/incontournables-jacobins-toulouse\/une-peinture-tape-a-loeil\/#primaryimage","url":"https:\/\/jacobins.toulouse.fr\/wp-content\/uploads\/sites\/12\/2023\/10\/bravo.gif","contentUrl":"https:\/\/jacobins.toulouse.fr\/wp-content\/uploads\/sites\/12\/2023\/10\/bravo.gif"},{"@type":"BreadcrumbList","@id":"https:\/\/jacobins.toulouse.fr\/fr\/incontournables-jacobins-toulouse\/une-peinture-tape-a-loeil\/#breadcrumb","itemListElement":[{"@type":"ListItem","position":1,"name":"Accueil","item":"https:\/\/jacobins.toulouse.fr\/fr\/"},{"@type":"ListItem","position":2,"name":"Les incontournables","item":"https:\/\/jacobins.toulouse.fr\/fr\/incontournables-jacobins-toulouse\/"},{"@type":"ListItem","position":3,"name":"Une peinture tape \u00e0 l\u2019\u0153il"}]},{"@type":"WebSite","@id":"https:\/\/jacobins.toulouse.fr\/fr\/#website","url":"https:\/\/jacobins.toulouse.fr\/fr\/","name":"Couvent des Jacobins","description":"","publisher":{"@id":"https:\/\/jacobins.toulouse.fr\/fr\/#organization"},"potentialAction":[{"@type":"SearchAction","target":{"@type":"EntryPoint","urlTemplate":"https:\/\/jacobins.toulouse.fr\/fr\/search\/{search_term_string}"},"query-input":{"@type":"PropertyValueSpecification","valueRequired":true,"valueName":"search_term_string"}}],"inLanguage":"fr-FR"},{"@type":"Organization","@id":"https:\/\/jacobins.toulouse.fr\/fr\/#organization","name":"Couvent des Jacobins","url":"https:\/\/jacobins.toulouse.fr\/fr\/","logo":{"@type":"ImageObject","inLanguage":"fr-FR","@id":"https:\/\/jacobins.toulouse.fr\/fr\/#\/schema\/logo\/image\/","url":"https:\/\/jacobins.toulouse.fr\/wp-content\/uploads\/sites\/12\/2023\/08\/cropped-cropped-Logo-Jacobins.png","contentUrl":"https:\/\/jacobins.toulouse.fr\/wp-content\/uploads\/sites\/12\/2023\/08\/cropped-cropped-Logo-Jacobins.png","width":254,"height":150,"caption":"Couvent des Jacobins"},"image":{"@id":"https:\/\/jacobins.toulouse.fr\/fr\/#\/schema\/logo\/image\/"}}]}},"_links":{"self":[{"href":"https:\/\/jacobins.toulouse.fr\/fr\/wp-json\/wp\/v2\/pages\/6231","targetHints":{"allow":["GET"]}}],"collection":[{"href":"https:\/\/jacobins.toulouse.fr\/fr\/wp-json\/wp\/v2\/pages"}],"about":[{"href":"https:\/\/jacobins.toulouse.fr\/fr\/wp-json\/wp\/v2\/types\/page"}],"author":[{"embeddable":true,"href":"https:\/\/jacobins.toulouse.fr\/fr\/wp-json\/wp\/v2\/users\/69"}],"replies":[{"embeddable":true,"href":"https:\/\/jacobins.toulouse.fr\/fr\/wp-json\/wp\/v2\/comments?post=6231"}],"version-history":[{"count":7,"href":"https:\/\/jacobins.toulouse.fr\/fr\/wp-json\/wp\/v2\/pages\/6231\/revisions"}],"predecessor-version":[{"id":6398,"href":"https:\/\/jacobins.toulouse.fr\/fr\/wp-json\/wp\/v2\/pages\/6231\/revisions\/6398"}],"up":[{"embeddable":true,"href":"https:\/\/jacobins.toulouse.fr\/fr\/wp-json\/wp\/v2\/pages\/1145"}],"wp:attachment":[{"href":"https:\/\/jacobins.toulouse.fr\/fr\/wp-json\/wp\/v2\/media?parent=6231"}],"curies":[{"name":"wp","href":"https:\/\/api.w.org\/{rel}","templated":true}]}}