{"id":655,"date":"2023-09-14T12:42:41","date_gmt":"2023-09-14T10:42:41","guid":{"rendered":"https:\/\/jacobins.toulouse.fr\/?page_id=655"},"modified":"2025-12-10T14:33:27","modified_gmt":"2025-12-10T13:33:27","slug":"contact","status":"publish","type":"page","link":"https:\/\/jacobins.toulouse.fr\/fr\/contact\/","title":{"rendered":"Contact"},"content":{"rendered":"<section class=\"section-group\"><div class=\"container\"><div class=\"pure-g\">\n<div class=\"wp-block-group is-layout-constrained wp-block-group-is-layout-constrained\">\n<p>Vous souhaitez obtenir des informations pratiques sur la programmation et les visites guid\u00e9es du monument, obtenir une autorisation particuli\u00e8re ou \u00e9mettre des suggestions pour am\u00e9liorer le parcours visiteur ? Rapprochez-vous de l&rsquo;\u00e9quipe du Couvent des Jacobins et envoyez votre demande via les formulaires ci-dessous.<br><\/p>\n\n\n\n<p style=\"font-size:19px\"><strong>Pour toutes demandes de <a href=\"https:\/\/jacobins.toulouse.fr\/fr\/contact\/reservation\">r\u00e9servatio<\/a><a href=\"https:\/\/jacobins.toulouse.fr\/fr\/reservation\/\">n<\/a>, veuillez vous reporter au formulaire pr\u00e9vu \u00e0 cet effet.<\/strong><\/p>\n<\/div>\n<\/div><\/div><\/section>\n\n<section class=\"section-group\"><div class=\"container\"><div class=\"pure-g\">\n<div id=\"une-question\" class=\"wp-block-group is-layout-constrained wp-block-group-is-layout-constrained\">\n<h2 class=\"wp-block-heading\" id=\"contact-monument\">Contacter le monument<\/h2>\n\n\n\n<p style=\"font-size:19px\">Ce formulaire est r\u00e9serv\u00e9 aux <strong>questions en tout genre except\u00e9 les r\u00e9servations<\/strong>. Les messages re\u00e7us sont trait\u00e9s par <strong>la personne en charge de l&rsquo;assistance de la direction<\/strong>. Ils sont ensuite transf\u00e9r\u00e9s aux personnes concern\u00e9es selon la nature de la demande, il est donc primordial d&rsquo;\u00e9noncer votre demande le plus clairement possible (\u00e0 travers l&rsquo;objet de votre demande pour une identification rapide et dans le d\u00e9tail pour une meilleure compr\u00e9hension de votre besoin).<\/p>\n\n\n\n<div class=\"wpcf7 no-js\" id=\"wpcf7-f6753-o1\" lang=\"fr-FR\" dir=\"ltr\" data-wpcf7-id=\"6753\">\n<div class=\"screen-reader-response\"><p role=\"status\" aria-live=\"polite\" aria-atomic=\"true\"><\/p> <ul><\/ul><\/div>\n<form action=\"\/fr\/wp-json\/wp\/v2\/pages\/655#wpcf7-f6753-o1\" method=\"post\" class=\"wpcf7-form init\" aria-label=\"Formulaire de contact\" novalidate=\"novalidate\" data-status=\"init\">\n<fieldset class=\"hidden-fields-container\"><input type=\"hidden\" name=\"_wpcf7\" value=\"6753\" \/><input type=\"hidden\" name=\"_wpcf7_version\" value=\"6.1.5\" \/><input type=\"hidden\" name=\"_wpcf7_locale\" value=\"fr_FR\" \/><input type=\"hidden\" name=\"_wpcf7_unit_tag\" value=\"wpcf7-f6753-o1\" \/><input type=\"hidden\" name=\"_wpcf7_container_post\" value=\"0\" \/><input type=\"hidden\" name=\"_wpcf7_posted_data_hash\" value=\"\" \/>\n<\/fieldset>\n<input class=\"wpcf7-form-control wpcf7-hidden\" value=\"block_28e97ab938380d56932fc8e01c7a844c\" type=\"hidden\" name=\"block_id\" \/>\n<input class=\"wpcf7-form-control wpcf7-hidden\" value=\"monuments@culture.toulouse.fr\" type=\"hidden\" name=\"dest\" \/>\n\n<div>\n<p class=\"form-group form-group--full mandatory\"><span class=\"mandatory\">*<\/span> Les champs marqu\u00e9s d&rsquo;un ast\u00e9risque sont obligatoires.<\/p>\n<p class=\"form-group form-group--full\"><em>Ne saisissez aucune information personnelle dans ce formulaire qui ne soit pas utile au traitement de votre demande.<\/em><\/p>\n<\/div>\n<div class=\"form-group\">\n    <label for=\"first-name-form6753-1\">Pr\u00e9nom<\/label><span class=\"wpcf7-form-control-wrap\" data-name=\"first_name\"><input size=\"40\" maxlength=\"400\" class=\"wpcf7-form-control wpcf7-text\" id=\"first-name-form6753-1\" aria-invalid=\"false\" placeholder=\"Exemple : Jean\" value=\"\" type=\"text\" name=\"first_name\" \/><\/span>\n<\/div>\n\n<div class=\"form-group\">\n    <label for=\"last-name-form6753-1\">Nom<\/label><span class=\"wpcf7-form-control-wrap\" data-name=\"last_name\"><input size=\"40\" maxlength=\"400\" class=\"wpcf7-form-control wpcf7-text\" id=\"last-name-form6753-1\" aria-invalid=\"false\" placeholder=\"Exemple : Martin\" value=\"\" type=\"text\" name=\"last_name\" \/><\/span>\n<\/div>\n\n<div class=\"form-group\">\n    <label for=\"email-form6753-1\"><span class=\"mandatory\"><\/span>Courriel * <small>Exemple : jean@martin.fr<\/small><\/label><span class=\"wpcf7-form-control-wrap\" data-name=\"email\"><input size=\"40\" maxlength=\"400\" class=\"wpcf7-form-control wpcf7-email wpcf7-validates-as-required wpcf7-text wpcf7-validates-as-email\" id=\"email-form6753-1\" aria-required=\"true\" aria-invalid=\"false\" placeholder=\"Exemple : jean@martin.fr\" value=\"\" type=\"email\" name=\"email\" \/><\/span>\n<\/div>\n\n<div class=\"form-group\">\n    <label for=\"phone-number-form6753-1\">Num\u00e9ro de t\u00e9l\u00e9phone <small>Exemple : 0605040302<\/small><\/label><span class=\"wpcf7-form-control-wrap\" data-name=\"phone_number\"><input size=\"40\" maxlength=\"400\" class=\"wpcf7-form-control wpcf7-tel wpcf7-text wpcf7-validates-as-tel\" id=\"phone-number-form6753-1\" aria-invalid=\"false\" placeholder=\"Exemple : 0605040302\" value=\"\" type=\"tel\" name=\"phone_number\" \/><\/span>\n<\/div>\n\n<div class=\"form-group\">\n    <label for=\"subject-form6753-1\"><span class=\"mandatory\"><\/span> Objet de votre demande *<\/label><span class=\"wpcf7-form-control-wrap\" data-name=\"subject\"><input size=\"40\" maxlength=\"400\" class=\"wpcf7-form-control wpcf7-text wpcf7-validates-as-required\" id=\"subject-form6753-1\" aria-required=\"true\" aria-invalid=\"false\" placeholder=\"Votre demande\" value=\"\" type=\"text\" name=\"subject\" \/><\/span>\n<\/div>\n<div class=\"form-group form-group--full\">\n    <label for=\"message-form6753-1\"><span class=\"mandatory\"><\/span> Message *<\/label><span class=\"wpcf7-form-control-wrap\" data-name=\"message\"><textarea cols=\"40\" rows=\"10\" maxlength=\"2000\" class=\"wpcf7-form-control wpcf7-textarea wpcf7-validates-as-required\" id=\"message-form6753-1\" aria-required=\"true\" aria-invalid=\"false\" placeholder=\"Votre message\" name=\"message\"><\/textarea><\/span>\n<\/div>\n\n<div class=\"form-group form-group--full\">\n    <span class=\"wpcf7-form-control-wrap\" data-name=\"consent\"><span class=\"wpcf7-form-control wpcf7-acceptance\"><span class=\"wpcf7-list-item\"><label><input type=\"checkbox\" name=\"consent\" value=\"1\" aria-invalid=\"false\" \/><span class=\"wpcf7-list-item-label\">En cochant cette case je consens \u00e0 ce que mes donn\u00e9es soient trait\u00e9es par le Couvent des Jacobins. Je suis inform\u00e9(e) du retrait possible de mon consentement, \u00e0 tout moment, en le demandant \u00e0 jacobins@mairie-toulouse.fr *<\/span><\/label><\/span><\/span><\/span>\n<\/div>\n\n<div class=\"form-group form-group--full\">\n    <span class=\"wpcf7-form-control-wrap\" data-name=\"consent\"><span class=\"wpcf7-form-control wpcf7-acceptance\"><span class=\"wpcf7-list-item\"><label><input type=\"checkbox\" name=\"consent\" value=\"1\" aria-invalid=\"false\" \/><span class=\"wpcf7-list-item-label\">En cochant cette case, j&rsquo;atteste avoir 16 ans ou plus.*<\/span><\/label><\/span><\/span><\/span>\n<\/div>\n\n<div class=\"form-group form-group--full\">\n<p>Ce formulaire est un traitement de donn\u00e9es personnelles g\u00e9r\u00e9 par le Couvent des Jacobins. Les informations recueillies \u00e0 partir de ce formulaire sont transmises au service gestionnaire de votre demande. Vous pouvez acc\u00e9der aux donn\u00e9es vous concernant, vous opposer \u00e0 leur traitement, les faire rectifier ou les faire effacer en contactant jacobins@mairie-toulouse.fr<\/p>\n<\/div>\n<div class=\"form-group--full\">\n    <div class=\"wpcf7-form-control wpcf7-captchetat\">\n    <span class=\"wpcf7-form-control-wrap\" data-name=\"captchetat\">\n        <div\n            class=\"tlsm-captchetat\"\n            data-captchetat-endpoint=\"https:\/\/jacobins.toulouse.fr\/fr\/wp-json\/tlsm\/v1\/captcha\"\n            aria-live=\"polite\"\n        >\n            <div class=\"tlsm-captchetat__widget\">\n                <div\n                    class=\"tlsm-captchetat__image\"\n                    role=\"img\"\n                    aria-label=\"Image captcha\"\n                ><\/div>\n\n                <div class=\"tlsm-captchetat__actions\">\n                    <button\n                        type=\"button\"\n                        class=\"tlsm-captchetat__refresh\"\n                        title=\"Recharger le captcha\"\n                        aria-label=\"Recharger le captcha\"\n                    >\n                        <span aria-hidden=\"true\">&#x21bb;<\/span>\n                    <\/button>\n\n                    <button\n                        type=\"button\"\n                        class=\"tlsm-captchetat__audio\"\n                        title=\"\u00c9couter le captcha\"\n                        aria-label=\"\u00c9couter le captcha\"\n                    >\n                        <span aria-hidden=\"true\">&#x1f50a;<\/span>\n                    <\/button>\n                <\/div>\n            <\/div>\n\n            <label class=\"tlsm-captchetat__label\">\n                <span class=\"tlsm-captchetat__label-text\">\n                    Saisissez le code affich\u00e9                <\/span>\n\n                <input\n                    type=\"text\"\n                    name=\"captchetat\"\n                    class=\"tlsm-captchetat__input wpcf7-form-control\"\n                    autocomplete=\"off\"\n                    aria-required=\"true\"\n                    aria-invalid=\"false\"                \/>\n            <\/label>\n\n            <input\n                type=\"hidden\"\n                name=\"captchetat-uuid\"\n                class=\"tlsm-captchetat__uuid\"\n                value=\"\"\n            \/>\n\n                    <\/div>\n    <\/span>\n<\/div>\n\n\n<\/div>\n<div class=\"wpcf7-response-output\"><\/div>\n<div class=\"call\">\n    <input class=\"wpcf7-form-control wpcf7-submit has-spinner btn btn--gold\" type=\"submit\" value=\"Envoyer\" \/>\n<\/div><div class=\"wpcf7-response-output\" aria-hidden=\"true\"><\/div>\n<\/form>\n<\/div>\n<\/div>\n<\/div><\/div><\/section>\n\n<section class=\"section-group\"><div class=\"container\"><div class=\"pure-g\">\n<div class=\"wp-block-group is-layout-constrained wp-block-group-is-layout-constrained\">\n<p class=\"has-text-align-center\">Pour toute demande de presse, reportage ou interview, nous vous invitons \u00e0 consulter notre page d\u00e9di\u00e9e.<\/p>\n\n\n\n<div class=\"wp-block-buttons is-horizontal is-content-justification-center is-layout-flex wp-container-core-buttons-is-layout-499968f5 wp-block-buttons-is-layout-flex\">\n<div class=\"wp-block-button\"><a class=\"wp-block-button__link wp-element-button\" href=\"https:\/\/jacobins.toulouse.fr\/fr\/presse\/\">CONTACT PRESSE<\/a><\/div>\n<\/div>\n<\/div>\n<\/div><\/div><\/section>\n\n\n<p><\/p>\n","protected":false},"excerpt":{"rendered":"<p>Vous souhaitez obtenir des informations pratiques sur la programmation et les visites guid\u00e9es du monument, obtenir une autorisation particuli\u00e8re ou \u00e9mettre des suggestions pour am\u00e9liorer le parcours visiteur ? Rapprochez-vous de l&rsquo;\u00e9quipe du Couvent des&hellip;<\/p>\n","protected":false},"author":4,"featured_media":0,"parent":0,"menu_order":0,"comment_status":"closed","ping_status":"closed","template":"","meta":{"_acf_changed":false,"footnotes":""},"class_list":["post-655","page","type-page","status-publish","hentry"],"acf":[],"yoast_head":"<!-- This site is optimized with the Yoast SEO plugin v27.0 - https:\/\/yoast.com\/product\/yoast-seo-wordpress\/ -->\n<title>Contact - Couvent des Jacobins<\/title>\n<meta name=\"description\" content=\"Contacter le Couvent des Jacobins pour toutes informations relatives aux \u00e9v\u00e8nements, aux visites guid\u00e9es ou aux r\u00e9servations.\" \/>\n<meta name=\"robots\" content=\"index, follow, max-snippet:-1, max-image-preview:large, max-video-preview:-1\" \/>\n<link rel=\"canonical\" href=\"https:\/\/jacobins.toulouse.fr\/fr\/contact\/\" \/>\n<meta property=\"og:locale\" content=\"fr_FR\" \/>\n<meta property=\"og:type\" content=\"article\" \/>\n<meta property=\"og:title\" content=\"Contact - Couvent des Jacobins\" \/>\n<meta property=\"og:description\" content=\"Contacter le Couvent des Jacobins pour toutes informations relatives aux \u00e9v\u00e8nements, aux visites guid\u00e9es ou aux r\u00e9servations.\" \/>\n<meta property=\"og:url\" content=\"https:\/\/jacobins.toulouse.fr\/fr\/contact\/\" \/>\n<meta property=\"og:site_name\" content=\"Couvent des Jacobins\" \/>\n<meta property=\"article:modified_time\" content=\"2025-12-10T13:33:27+00:00\" \/>\n<meta name=\"twitter:card\" content=\"summary_large_image\" \/>\n<meta name=\"twitter:label1\" content=\"Dur\u00e9e de lecture estim\u00e9e\" \/>\n\t<meta name=\"twitter:data1\" content=\"1 minute\" \/>\n<script type=\"application\/ld+json\" class=\"yoast-schema-graph\">{\"@context\":\"https:\/\/schema.org\",\"@graph\":[{\"@type\":\"WebPage\",\"@id\":\"https:\/\/jacobins.toulouse.fr\/fr\/contact\/\",\"url\":\"https:\/\/jacobins.toulouse.fr\/fr\/contact\/\",\"name\":\"Contact - Couvent des Jacobins\",\"isPartOf\":{\"@id\":\"https:\/\/jacobins.toulouse.fr\/fr\/#website\"},\"datePublished\":\"2023-09-14T10:42:41+00:00\",\"dateModified\":\"2025-12-10T13:33:27+00:00\",\"description\":\"Contacter le Couvent des Jacobins pour toutes informations relatives aux \u00e9v\u00e8nements, aux visites guid\u00e9es ou aux r\u00e9servations.\",\"breadcrumb\":{\"@id\":\"https:\/\/jacobins.toulouse.fr\/fr\/contact\/#breadcrumb\"},\"inLanguage\":\"fr-FR\",\"potentialAction\":[{\"@type\":\"ReadAction\",\"target\":[\"https:\/\/jacobins.toulouse.fr\/fr\/contact\/\"]}]},{\"@type\":\"BreadcrumbList\",\"@id\":\"https:\/\/jacobins.toulouse.fr\/fr\/contact\/#breadcrumb\",\"itemListElement\":[{\"@type\":\"ListItem\",\"position\":1,\"name\":\"Accueil\",\"item\":\"https:\/\/jacobins.toulouse.fr\/fr\/\"},{\"@type\":\"ListItem\",\"position\":2,\"name\":\"Contact\"}]},{\"@type\":\"WebSite\",\"@id\":\"https:\/\/jacobins.toulouse.fr\/fr\/#website\",\"url\":\"https:\/\/jacobins.toulouse.fr\/fr\/\",\"name\":\"Couvent des Jacobins\",\"description\":\"\",\"publisher\":{\"@id\":\"https:\/\/jacobins.toulouse.fr\/fr\/#organization\"},\"potentialAction\":[{\"@type\":\"SearchAction\",\"target\":{\"@type\":\"EntryPoint\",\"urlTemplate\":\"https:\/\/jacobins.toulouse.fr\/fr\/search\/{search_term_string}\"},\"query-input\":{\"@type\":\"PropertyValueSpecification\",\"valueRequired\":true,\"valueName\":\"search_term_string\"}}],\"inLanguage\":\"fr-FR\"},{\"@type\":\"Organization\",\"@id\":\"https:\/\/jacobins.toulouse.fr\/fr\/#organization\",\"name\":\"Couvent des Jacobins\",\"url\":\"https:\/\/jacobins.toulouse.fr\/fr\/\",\"logo\":{\"@type\":\"ImageObject\",\"inLanguage\":\"fr-FR\",\"@id\":\"https:\/\/jacobins.toulouse.fr\/fr\/#\/schema\/logo\/image\/\",\"url\":\"https:\/\/jacobins.toulouse.fr\/wp-content\/uploads\/sites\/12\/2023\/08\/cropped-cropped-Logo-Jacobins.png\",\"contentUrl\":\"https:\/\/jacobins.toulouse.fr\/wp-content\/uploads\/sites\/12\/2023\/08\/cropped-cropped-Logo-Jacobins.png\",\"width\":254,\"height\":150,\"caption\":\"Couvent des Jacobins\"},\"image\":{\"@id\":\"https:\/\/jacobins.toulouse.fr\/fr\/#\/schema\/logo\/image\/\"}}]}<\/script>\n<!-- \/ Yoast SEO plugin. -->","yoast_head_json":{"title":"Contact - Couvent des Jacobins","description":"Contacter le Couvent des Jacobins pour toutes informations relatives aux \u00e9v\u00e8nements, aux visites guid\u00e9es ou aux r\u00e9servations.","robots":{"index":"index","follow":"follow","max-snippet":"max-snippet:-1","max-image-preview":"max-image-preview:large","max-video-preview":"max-video-preview:-1"},"canonical":"https:\/\/jacobins.toulouse.fr\/fr\/contact\/","og_locale":"fr_FR","og_type":"article","og_title":"Contact - Couvent des Jacobins","og_description":"Contacter le Couvent des Jacobins pour toutes informations relatives aux \u00e9v\u00e8nements, aux visites guid\u00e9es ou aux r\u00e9servations.","og_url":"https:\/\/jacobins.toulouse.fr\/fr\/contact\/","og_site_name":"Couvent des Jacobins","article_modified_time":"2025-12-10T13:33:27+00:00","twitter_card":"summary_large_image","twitter_misc":{"Dur\u00e9e de lecture estim\u00e9e":"1 minute"},"schema":{"@context":"https:\/\/schema.org","@graph":[{"@type":"WebPage","@id":"https:\/\/jacobins.toulouse.fr\/fr\/contact\/","url":"https:\/\/jacobins.toulouse.fr\/fr\/contact\/","name":"Contact - Couvent des Jacobins","isPartOf":{"@id":"https:\/\/jacobins.toulouse.fr\/fr\/#website"},"datePublished":"2023-09-14T10:42:41+00:00","dateModified":"2025-12-10T13:33:27+00:00","description":"Contacter le Couvent des Jacobins pour toutes informations relatives aux \u00e9v\u00e8nements, aux visites guid\u00e9es ou aux r\u00e9servations.","breadcrumb":{"@id":"https:\/\/jacobins.toulouse.fr\/fr\/contact\/#breadcrumb"},"inLanguage":"fr-FR","potentialAction":[{"@type":"ReadAction","target":["https:\/\/jacobins.toulouse.fr\/fr\/contact\/"]}]},{"@type":"BreadcrumbList","@id":"https:\/\/jacobins.toulouse.fr\/fr\/contact\/#breadcrumb","itemListElement":[{"@type":"ListItem","position":1,"name":"Accueil","item":"https:\/\/jacobins.toulouse.fr\/fr\/"},{"@type":"ListItem","position":2,"name":"Contact"}]},{"@type":"WebSite","@id":"https:\/\/jacobins.toulouse.fr\/fr\/#website","url":"https:\/\/jacobins.toulouse.fr\/fr\/","name":"Couvent des Jacobins","description":"","publisher":{"@id":"https:\/\/jacobins.toulouse.fr\/fr\/#organization"},"potentialAction":[{"@type":"SearchAction","target":{"@type":"EntryPoint","urlTemplate":"https:\/\/jacobins.toulouse.fr\/fr\/search\/{search_term_string}"},"query-input":{"@type":"PropertyValueSpecification","valueRequired":true,"valueName":"search_term_string"}}],"inLanguage":"fr-FR"},{"@type":"Organization","@id":"https:\/\/jacobins.toulouse.fr\/fr\/#organization","name":"Couvent des Jacobins","url":"https:\/\/jacobins.toulouse.fr\/fr\/","logo":{"@type":"ImageObject","inLanguage":"fr-FR","@id":"https:\/\/jacobins.toulouse.fr\/fr\/#\/schema\/logo\/image\/","url":"https:\/\/jacobins.toulouse.fr\/wp-content\/uploads\/sites\/12\/2023\/08\/cropped-cropped-Logo-Jacobins.png","contentUrl":"https:\/\/jacobins.toulouse.fr\/wp-content\/uploads\/sites\/12\/2023\/08\/cropped-cropped-Logo-Jacobins.png","width":254,"height":150,"caption":"Couvent des Jacobins"},"image":{"@id":"https:\/\/jacobins.toulouse.fr\/fr\/#\/schema\/logo\/image\/"}}]}},"_links":{"self":[{"href":"https:\/\/jacobins.toulouse.fr\/fr\/wp-json\/wp\/v2\/pages\/655","targetHints":{"allow":["GET"]}}],"collection":[{"href":"https:\/\/jacobins.toulouse.fr\/fr\/wp-json\/wp\/v2\/pages"}],"about":[{"href":"https:\/\/jacobins.toulouse.fr\/fr\/wp-json\/wp\/v2\/types\/page"}],"author":[{"embeddable":true,"href":"https:\/\/jacobins.toulouse.fr\/fr\/wp-json\/wp\/v2\/users\/4"}],"replies":[{"embeddable":true,"href":"https:\/\/jacobins.toulouse.fr\/fr\/wp-json\/wp\/v2\/comments?post=655"}],"version-history":[{"count":125,"href":"https:\/\/jacobins.toulouse.fr\/fr\/wp-json\/wp\/v2\/pages\/655\/revisions"}],"predecessor-version":[{"id":10720,"href":"https:\/\/jacobins.toulouse.fr\/fr\/wp-json\/wp\/v2\/pages\/655\/revisions\/10720"}],"wp:attachment":[{"href":"https:\/\/jacobins.toulouse.fr\/fr\/wp-json\/wp\/v2\/media?parent=655"}],"curies":[{"name":"wp","href":"https:\/\/api.w.org\/{rel}","templated":true}]}}