{"id":6654,"date":"2023-09-29T08:50:00","date_gmt":"2023-09-29T06:50:00","guid":{"rendered":"https:\/\/jacobins.toulouse.fr\/?page_id=6654"},"modified":"2026-04-07T11:39:35","modified_gmt":"2026-04-07T09:39:35","slug":"accessibilite-partiellement-conforme","status":"publish","type":"page","link":"https:\/\/jacobins.toulouse.fr\/fr\/accessibilite\/accessibilite-partiellement-conforme\/","title":{"rendered":"Accessibilit\u00e9 : partiellement conforme"},"content":{"rendered":"<section class=\"section-group\"><div class=\"container\"><div class=\"pure-g\">\n<div class=\"wp-block-group is-layout-constrained wp-block-group-is-layout-constrained\">\n<p class=\"has-large-font-size\">Cette page traite de l&rsquo;accessibilit\u00e9 du site internet, pour acc\u00e9der aux informations pratiques : <strong><a href=\"https:\/\/jacobins.toulouse.fr\/fr\/accessibilite-handicap\/\" type=\"link\" id=\"https:\/\/jacobins.toulouse.fr\/fr\/accessibilite-handicap\/\">cliquer ici<\/a><\/strong>.<\/p>\n\n\n\n<h2 class=\"wp-block-heading\" id=\"declaration-d-accessibilite\">D\u00e9claration d\u2019accessibilit\u00e9<\/h2>\n\n\n\n<p>Toulouse M\u00e9tropole s\u2019engage \u00e0 rendre ses sites internet accessibles conform\u00e9ment \u00e0 l\u2019article 47 de la loi n\u00b0 2005-102 du 11 f\u00e9vrier 2005.<\/p>\n\n\n\n<p>La pr\u00e9sente d\u00e9claration d\u2019accessibilit\u00e9 s\u2019applique au site du Couvent des Jacobins.<\/p>\n\n\n\n<h2 class=\"wp-block-heading\" id=\"etat-de-conformite\">\u00c9tat de conformit\u00e9<\/h2>\n\n\n\n<p>Le site Couvent des Jacobins Toulouse (<a href=\"https:\/\/jacobins.toulouse.fr\/\">https:\/\/jacobins.toulouse.fr\/<\/a>) est partiellement conforme avec le r\u00e9f\u00e9rentiel g\u00e9n\u00e9ral d\u2019am\u00e9lioration de l\u2019accessibilit\u00e9, <a href=\"https:\/\/www.numerique.gouv.fr\/publications\/rgaa-accessibilite\/\">RGAA version 4.1<\/a>, en raison des non-conformit\u00e9s \u00e9num\u00e9r\u00e9es dans la section \u00ab R\u00e9sultats des tests \u00bb.<\/p>\n\n\n\n<h2 class=\"wp-block-heading\" id=\"resultats-des-tests\">R\u00e9sultats des tests<\/h2>\n\n\n\n<p>L\u2019audit de conformit\u00e9 r\u00e9alis\u00e9 le 29 septembre 2023, par la soci\u00e9t\u00e9 Access42 r\u00e9v\u00e8le que le site est conforme \u00e0 69,12% au RGAA version 4.1.<\/p>\n\n\n\n<h3 class=\"wp-block-heading\" id=\"contenus-inaccessibles\">Contenus inaccessibles<\/h3>\n\n\n\n<p>Les contenus list\u00e9s ci-dessous ne sont pas accessibles pour les raisons suivantes.<\/p>\n\n\n\n<h4 class=\"wp-block-heading\" id=\"non-conformites\">Non-conformit\u00e9s<\/h4>\n\n\n\n<ul class=\"wp-block-list\">\n<li>[1.2] Des images de d\u00e9coration ne sont pas ignor\u00e9es des technologies d\u2019assistance.&nbsp;<\/li>\n\n\n\n<li>[1.3] Des images porteuses d\u2019information n\u2019ont pas d\u2019alternative pertinente.<\/li>\n\n\n\n<li>[1.9] Des images poss\u00e8dent des l\u00e9gendes qui ne sont pas correctement reli\u00e9es.<\/li>\n\n\n\n<li>[2.1] Des cadres (iframes) n&rsquo;ont pas de titres.<\/li>\n\n\n\n<li>[4.7] Des contenus multim\u00e9dias ne sont pas correctement identifi\u00e9s.&nbsp;<\/li>\n\n\n\n<li>[6.1] Des liens n&rsquo;ont pas d\u2019intitul\u00e9 explicite.<\/li>\n\n\n\n<li>[7.1] Des fonctionnalit\u00e9s JavaScript ne sont pas compatibles avec les technologies d\u2019assistance ou ne sont pas accessibles au clavier (menu, carrousels), ou font un usage inappropri\u00e9 de propri\u00e9t\u00e9s ARIA ;<\/li>\n\n\n\n<li>[8.9] Des pages font usage de balises \u00e0 des fins de pr\u00e9sentation (par exemple des textes non structur\u00e9s dans des balises de paragraphes).<\/li>\n\n\n\n<li>[9.1] Des pages ont une hi\u00e9rarchie de titres non pertinente (titres manquants ou mal d\u00e9finis).<\/li>\n\n\n\n<li>[9.3] Des suites d\u2019\u00e9l\u00e9ments ne sont pas structur\u00e9es avec des listes.<\/li>\n\n\n\n<li>[10.1] Des balises ou attributs HTML de pr\u00e9sentation sont pr\u00e9sents dans certaines pages.<\/li>\n\n\n\n<li>[10.3] Des contenus ne se pr\u00e9sentent pas dans un ordre logique dans le code source.<\/li>\n\n\n\n<li>[13.3] Des documents PDF ne sont pas accessibles.<\/li>\n\n\n\n<li>Contenus non soumis \u00e0 l\u2019obligation d\u2019accessibilit\u00e9<\/li>\n\n\n\n<li>Les contenus suivants sont exempt\u00e9s de l\u2019obligation d\u2019accessibilit\u00e9 et se situent hors champ de l\u2019obligation l\u00e9gale, car il s\u2019agit de services tiers.<\/li>\n\n\n\n<li>La visionneuse de document PDF \u00ab&nbsp;Calam\u00e9o&nbsp;\u00bb&nbsp;: une alternative est fournie, le PDF peut \u00eatre t\u00e9l\u00e9charg\u00e9 et consult\u00e9 directement sur l\u2019outil.<\/li>\n\n\n\n<li>Le lecteur de vid\u00e9os \u00ab&nbsp;YouTube\u00bb&nbsp;: une alternative \u00e0 la vid\u00e9o (transcription textuelle) est propos\u00e9e.<\/li>\n<\/ul>\n\n\n\n<h4 class=\"wp-block-heading\" id=\"contenus-non-soumis-a-l-obligation-d-accessibilite\">Contenus non soumis \u00e0 l\u2019obligation d\u2019accessibilit\u00e9<\/h4>\n\n\n\n<ul class=\"wp-block-list\">\n<li>Le lecteur de documents PDF \u00ab&nbsp;Calam\u00e9o&nbsp;\u00bb (motif&nbsp;: service externe)<\/li>\n\n\n\n<li>Le lecteur de vid\u00e9os \u00ab&nbsp;YouTube\u00bb (motif&nbsp;: service externe)<\/li>\n<\/ul>\n\n\n\n<h2 class=\"wp-block-heading\" id=\"etablissement-de-cette-declaration-d-accessibilite\">\u00c9tablissement de cette d\u00e9claration d\u2019accessibilit\u00e9<\/h2>\n\n\n\n<p>Cette d\u00e9claration a \u00e9t\u00e9 \u00e9tablie le 29 septembre 2023.<\/p>\n\n\n\n<h3 class=\"wp-block-heading\" id=\"technologies-utilisees-pour-la-realisation-du-site\">Technologies utilis\u00e9es pour la r\u00e9alisation du site<\/h3>\n\n\n\n<ul class=\"wp-block-list\">\n<li>HTML5<\/li>\n\n\n\n<li>CSS<\/li>\n\n\n\n<li>JavaScript<\/li>\n\n\n\n<li>Outil de gestion de contenus : WordPress<\/li>\n<\/ul>\n\n\n\n<p>Agents utilisateurs, technologies d\u2019assistance et outils utilis\u00e9s pour v\u00e9rifier l\u2019accessibilit\u00e9<\/p>\n\n\n\n<p>Les tests des pages web ont \u00e9t\u00e9 effectu\u00e9s avec les combinaisons de navigateurs web et lecteurs d\u2019\u00e9cran suivants :<\/p>\n\n\n\n<ul class=\"wp-block-list\">\n<li>Firefox 118 et NVDA 2023.2<\/li>\n\n\n\n<li>Firefox 118 et JAWS 2023<\/li>\n\n\n\n<li>Safari 16.6 et VoiceOver (macOS 13.6)<\/li>\n\n\n\n<li>Safaria et VoiceOver (iOS 16.5.1)<\/li>\n<\/ul>\n\n\n\n<p>La v\u00e9rification de l\u2019accessibilit\u00e9 est le r\u00e9sultat de tests manuels, assist\u00e9s par des outils (feuilles CSS d\u00e9di\u00e9s, extensions HeadingsMaps et WebDeveloper Toolbar, Color Contrast Analyser).<\/p>\n\n\n\n<h3 class=\"wp-block-heading\" id=\"pages-du-site-ayant-fait-l-objet-de-la-verification-de-conformite\">Pages du site ayant fait l\u2019objet de la v\u00e9rification de conformit\u00e9<\/h3>\n\n\n\n<ul class=\"wp-block-list\">\n<li>Accueil<\/li>\n\n\n\n<li>Contact<\/li>\n\n\n\n<li>Cr\u00e9dits et mentions l\u00e9gales<\/li>\n\n\n\n<li>Plan du site<\/li>\n\n\n\n<li>Article \u00ab&nbsp;Les Rigol&rsquo;Heros M\u00e9di\u00e9vaux\u00bb<\/li>\n\n\n\n<li>Agenda<\/li>\n\n\n\n<li>D\u00e9tail agenda \u00ab&nbsp;Visite th\u00e9\u00e2trale &#8211; Visite extraordinaire \u00bb<\/li>\n\n\n\n<li>R\u00e9sultats de recherche \u00ab&nbsp;Jacobins\u00bb<\/li>\n\n\n\n<li>Page \u00abAccessibilit\u00e9\u00bb<\/li>\n\n\n\n<li>R\u00e9servation scolaire<\/li>\n\n\n\n<li>Page Enseignants<\/li>\n\n\n\n<li>Page Architecture<\/li>\n<\/ul>\n\n\n\n<h2 class=\"wp-block-heading\" id=\"retour-d-information-et-contact\">Retour d\u2019information et contact<\/h2>\n\n\n\n<p>Il est important de rappeler qu\u2019en vertu de l\u2019article 11 de la loi de f\u00e9vrier 2005&nbsp;:<\/p>\n\n\n\n<blockquote class=\"wp-block-quote is-layout-flow wp-block-quote-is-layout-flow\">\n<p><em>\u00ab&nbsp;la personne handicap\u00e9e a droit \u00e0 la compensation des cons\u00e9quences de son handicap, quels que soient l\u2019origine et la nature de sa d\u00e9ficience, son \u00e2ge ou son mode de vie.&nbsp;\u00bb<\/em><\/p>\n<\/blockquote>\n\n\n\n<p>Toulouse M\u00e9tropole s\u2019engage \u00e0 prendre les moyens n\u00e9cessaires afin de donner acc\u00e8s, dans un d\u00e9lai raisonnable, aux informations et fonctionnalit\u00e9s recherch\u00e9es par la personne handicap\u00e9e, que le contenu fasse l\u2019objet d\u2019une d\u00e9rogation ou non.<\/p>\n\n\n\n<p>Toulouse M\u00e9tropole invite les personnes qui rencontreraient des difficult\u00e9s \u00e0 la contacter via <a href=\"mailto:webmaster.internet@mairie-toulouse.fr\">webmaster.internet@mairie-toulouse.fr<\/a> afin qu\u2019une assistance puisse \u00eatre apport\u00e9e (alternative accessible, information et contenu donn\u00e9s sous une autre forme).<\/p>\n\n\n\n<h2 class=\"wp-block-heading\" id=\"voies-de-recours\">Voies de recours<\/h2>\n\n\n\n<p>Si vous constatez un d\u00e9faut d\u2019accessibilit\u00e9 vous emp\u00eachant d\u2019acc\u00e9der \u00e0 un contenu ou une fonctionnalit\u00e9 du site, que vous nous le signalez et que vous ne parvenez pas \u00e0 obtenir une r\u00e9ponse de notre part, vous \u00eates en droit de faire parvenir vos dol\u00e9ances ou une demande de saisine au D\u00e9fenseur des droits.<\/p>\n\n\n\n<p>Plusieurs moyens sont \u00e0 votre disposition :<\/p>\n\n\n\n<ul class=\"wp-block-list\">\n<li>un <a href=\"https:\/\/formulaire.defenseurdesdroits.fr\/defenseur\/code\/afficher.php?ETAPE=informations\">formulaire de contact<\/a> ;<\/li>\n\n\n\n<li>la <a href=\"http:\/\/www.defenseurdesdroits.fr\/office\/\">liste du ou des d\u00e9l\u00e9gu\u00e9s de votre r\u00e9gion<\/a> avec leurs informations de contact direct ;<\/li>\n\n\n\n<li>un num\u00e9ro de t\u00e9l\u00e9phone : 09 69 39 00 00 ;<\/li>\n\n\n\n<li>une adresse postale (courrier gratuit, sans affranchissement) : Le D\u00e9fenseur des droits \u2013 Libre r\u00e9ponse 71120 \u2013 75342 Paris CEDEX 07.<\/li>\n<\/ul>\n<\/div>\n<\/div><\/div><\/section>","protected":false},"excerpt":{"rendered":"<p>Cette page traite de l&rsquo;accessibilit\u00e9 du site internet, pour acc\u00e9der aux informations pratiques : cliquer ici. D\u00e9claration d\u2019accessibilit\u00e9 Toulouse M\u00e9tropole s\u2019engage \u00e0 rendre ses sites internet accessibles conform\u00e9ment \u00e0 l\u2019article 47 de la loi n\u00b0&hellip;<\/p>\n","protected":false},"author":4,"featured_media":0,"parent":1161,"menu_order":0,"comment_status":"closed","ping_status":"closed","template":"","meta":{"_acf_changed":false,"footnotes":""},"class_list":["post-6654","page","type-page","status-publish","hentry"],"acf":[],"yoast_head":"<!-- This site is optimized with the Yoast SEO plugin v27.0 - https:\/\/yoast.com\/product\/yoast-seo-wordpress\/ -->\n<title>Accessibilit\u00e9 : partiellement conforme - Couvent des Jacobins<\/title>\n<meta name=\"robots\" content=\"index, follow, max-snippet:-1, max-image-preview:large, max-video-preview:-1\" \/>\n<link rel=\"canonical\" href=\"https:\/\/jacobins.toulouse.fr\/fr\/accessibilite\/accessibilite-partiellement-conforme\/\" \/>\n<meta property=\"og:locale\" content=\"fr_FR\" \/>\n<meta property=\"og:type\" content=\"article\" \/>\n<meta property=\"og:title\" content=\"Accessibilit\u00e9 : partiellement conforme - Couvent des Jacobins\" \/>\n<meta property=\"og:description\" content=\"Cette page traite de l&rsquo;accessibilit\u00e9 du site internet, pour acc\u00e9der aux informations pratiques : cliquer ici. D\u00e9claration d\u2019accessibilit\u00e9 Toulouse M\u00e9tropole s\u2019engage \u00e0 rendre ses sites internet accessibles conform\u00e9ment \u00e0 l\u2019article 47 de la loi n\u00b0&hellip;\" \/>\n<meta property=\"og:url\" content=\"https:\/\/jacobins.toulouse.fr\/fr\/accessibilite\/accessibilite-partiellement-conforme\/\" \/>\n<meta property=\"og:site_name\" content=\"Couvent des Jacobins\" \/>\n<meta property=\"article:modified_time\" content=\"2026-04-07T09:39:35+00:00\" \/>\n<meta name=\"twitter:card\" content=\"summary_large_image\" \/>\n<meta name=\"twitter:label1\" content=\"Dur\u00e9e de lecture estim\u00e9e\" \/>\n\t<meta name=\"twitter:data1\" content=\"4 minutes\" \/>\n<script type=\"application\/ld+json\" class=\"yoast-schema-graph\">{\"@context\":\"https:\/\/schema.org\",\"@graph\":[{\"@type\":\"WebPage\",\"@id\":\"https:\/\/jacobins.toulouse.fr\/fr\/accessibilite\/accessibilite-partiellement-conforme\/\",\"url\":\"https:\/\/jacobins.toulouse.fr\/fr\/accessibilite\/accessibilite-partiellement-conforme\/\",\"name\":\"Accessibilit\u00e9 : partiellement conforme - Couvent des Jacobins\",\"isPartOf\":{\"@id\":\"https:\/\/jacobins.toulouse.fr\/fr\/#website\"},\"datePublished\":\"2023-09-29T06:50:00+00:00\",\"dateModified\":\"2026-04-07T09:39:35+00:00\",\"breadcrumb\":{\"@id\":\"https:\/\/jacobins.toulouse.fr\/fr\/accessibilite\/accessibilite-partiellement-conforme\/#breadcrumb\"},\"inLanguage\":\"fr-FR\",\"potentialAction\":[{\"@type\":\"ReadAction\",\"target\":[\"https:\/\/jacobins.toulouse.fr\/fr\/accessibilite\/accessibilite-partiellement-conforme\/\"]}]},{\"@type\":\"BreadcrumbList\",\"@id\":\"https:\/\/jacobins.toulouse.fr\/fr\/accessibilite\/accessibilite-partiellement-conforme\/#breadcrumb\",\"itemListElement\":[{\"@type\":\"ListItem\",\"position\":1,\"name\":\"Accueil\",\"item\":\"https:\/\/jacobins.toulouse.fr\/fr\/\"},{\"@type\":\"ListItem\",\"position\":2,\"name\":\"Personne en situation de handicap\",\"item\":\"https:\/\/jacobins.toulouse.fr\/fr\/accessibilite-handicap\/\"},{\"@type\":\"ListItem\",\"position\":3,\"name\":\"Accessibilit\u00e9 : partiellement conforme\"}]},{\"@type\":\"WebSite\",\"@id\":\"https:\/\/jacobins.toulouse.fr\/fr\/#website\",\"url\":\"https:\/\/jacobins.toulouse.fr\/fr\/\",\"name\":\"Couvent des Jacobins\",\"description\":\"\",\"publisher\":{\"@id\":\"https:\/\/jacobins.toulouse.fr\/fr\/#organization\"},\"potentialAction\":[{\"@type\":\"SearchAction\",\"target\":{\"@type\":\"EntryPoint\",\"urlTemplate\":\"https:\/\/jacobins.toulouse.fr\/fr\/search\/{search_term_string}\"},\"query-input\":{\"@type\":\"PropertyValueSpecification\",\"valueRequired\":true,\"valueName\":\"search_term_string\"}}],\"inLanguage\":\"fr-FR\"},{\"@type\":\"Organization\",\"@id\":\"https:\/\/jacobins.toulouse.fr\/fr\/#organization\",\"name\":\"Couvent des Jacobins\",\"url\":\"https:\/\/jacobins.toulouse.fr\/fr\/\",\"logo\":{\"@type\":\"ImageObject\",\"inLanguage\":\"fr-FR\",\"@id\":\"https:\/\/jacobins.toulouse.fr\/fr\/#\/schema\/logo\/image\/\",\"url\":\"https:\/\/jacobins.toulouse.fr\/wp-content\/uploads\/sites\/12\/2023\/08\/cropped-cropped-Logo-Jacobins.png\",\"contentUrl\":\"https:\/\/jacobins.toulouse.fr\/wp-content\/uploads\/sites\/12\/2023\/08\/cropped-cropped-Logo-Jacobins.png\",\"width\":254,\"height\":150,\"caption\":\"Couvent des Jacobins\"},\"image\":{\"@id\":\"https:\/\/jacobins.toulouse.fr\/fr\/#\/schema\/logo\/image\/\"}}]}<\/script>\n<!-- \/ Yoast SEO plugin. -->","yoast_head_json":{"title":"Accessibilit\u00e9 : partiellement conforme - Couvent des Jacobins","robots":{"index":"index","follow":"follow","max-snippet":"max-snippet:-1","max-image-preview":"max-image-preview:large","max-video-preview":"max-video-preview:-1"},"canonical":"https:\/\/jacobins.toulouse.fr\/fr\/accessibilite\/accessibilite-partiellement-conforme\/","og_locale":"fr_FR","og_type":"article","og_title":"Accessibilit\u00e9 : partiellement conforme - Couvent des Jacobins","og_description":"Cette page traite de l&rsquo;accessibilit\u00e9 du site internet, pour acc\u00e9der aux informations pratiques : cliquer ici. D\u00e9claration d\u2019accessibilit\u00e9 Toulouse M\u00e9tropole s\u2019engage \u00e0 rendre ses sites internet accessibles conform\u00e9ment \u00e0 l\u2019article 47 de la loi n\u00b0&hellip;","og_url":"https:\/\/jacobins.toulouse.fr\/fr\/accessibilite\/accessibilite-partiellement-conforme\/","og_site_name":"Couvent des Jacobins","article_modified_time":"2026-04-07T09:39:35+00:00","twitter_card":"summary_large_image","twitter_misc":{"Dur\u00e9e de lecture estim\u00e9e":"4 minutes"},"schema":{"@context":"https:\/\/schema.org","@graph":[{"@type":"WebPage","@id":"https:\/\/jacobins.toulouse.fr\/fr\/accessibilite\/accessibilite-partiellement-conforme\/","url":"https:\/\/jacobins.toulouse.fr\/fr\/accessibilite\/accessibilite-partiellement-conforme\/","name":"Accessibilit\u00e9 : partiellement conforme - Couvent des Jacobins","isPartOf":{"@id":"https:\/\/jacobins.toulouse.fr\/fr\/#website"},"datePublished":"2023-09-29T06:50:00+00:00","dateModified":"2026-04-07T09:39:35+00:00","breadcrumb":{"@id":"https:\/\/jacobins.toulouse.fr\/fr\/accessibilite\/accessibilite-partiellement-conforme\/#breadcrumb"},"inLanguage":"fr-FR","potentialAction":[{"@type":"ReadAction","target":["https:\/\/jacobins.toulouse.fr\/fr\/accessibilite\/accessibilite-partiellement-conforme\/"]}]},{"@type":"BreadcrumbList","@id":"https:\/\/jacobins.toulouse.fr\/fr\/accessibilite\/accessibilite-partiellement-conforme\/#breadcrumb","itemListElement":[{"@type":"ListItem","position":1,"name":"Accueil","item":"https:\/\/jacobins.toulouse.fr\/fr\/"},{"@type":"ListItem","position":2,"name":"Personne en situation de handicap","item":"https:\/\/jacobins.toulouse.fr\/fr\/accessibilite-handicap\/"},{"@type":"ListItem","position":3,"name":"Accessibilit\u00e9 : partiellement conforme"}]},{"@type":"WebSite","@id":"https:\/\/jacobins.toulouse.fr\/fr\/#website","url":"https:\/\/jacobins.toulouse.fr\/fr\/","name":"Couvent des Jacobins","description":"","publisher":{"@id":"https:\/\/jacobins.toulouse.fr\/fr\/#organization"},"potentialAction":[{"@type":"SearchAction","target":{"@type":"EntryPoint","urlTemplate":"https:\/\/jacobins.toulouse.fr\/fr\/search\/{search_term_string}"},"query-input":{"@type":"PropertyValueSpecification","valueRequired":true,"valueName":"search_term_string"}}],"inLanguage":"fr-FR"},{"@type":"Organization","@id":"https:\/\/jacobins.toulouse.fr\/fr\/#organization","name":"Couvent des Jacobins","url":"https:\/\/jacobins.toulouse.fr\/fr\/","logo":{"@type":"ImageObject","inLanguage":"fr-FR","@id":"https:\/\/jacobins.toulouse.fr\/fr\/#\/schema\/logo\/image\/","url":"https:\/\/jacobins.toulouse.fr\/wp-content\/uploads\/sites\/12\/2023\/08\/cropped-cropped-Logo-Jacobins.png","contentUrl":"https:\/\/jacobins.toulouse.fr\/wp-content\/uploads\/sites\/12\/2023\/08\/cropped-cropped-Logo-Jacobins.png","width":254,"height":150,"caption":"Couvent des Jacobins"},"image":{"@id":"https:\/\/jacobins.toulouse.fr\/fr\/#\/schema\/logo\/image\/"}}]}},"_links":{"self":[{"href":"https:\/\/jacobins.toulouse.fr\/fr\/wp-json\/wp\/v2\/pages\/6654","targetHints":{"allow":["GET"]}}],"collection":[{"href":"https:\/\/jacobins.toulouse.fr\/fr\/wp-json\/wp\/v2\/pages"}],"about":[{"href":"https:\/\/jacobins.toulouse.fr\/fr\/wp-json\/wp\/v2\/types\/page"}],"author":[{"embeddable":true,"href":"https:\/\/jacobins.toulouse.fr\/fr\/wp-json\/wp\/v2\/users\/4"}],"replies":[{"embeddable":true,"href":"https:\/\/jacobins.toulouse.fr\/fr\/wp-json\/wp\/v2\/comments?post=6654"}],"version-history":[{"count":8,"href":"https:\/\/jacobins.toulouse.fr\/fr\/wp-json\/wp\/v2\/pages\/6654\/revisions"}],"predecessor-version":[{"id":10967,"href":"https:\/\/jacobins.toulouse.fr\/fr\/wp-json\/wp\/v2\/pages\/6654\/revisions\/10967"}],"up":[{"embeddable":true,"href":"https:\/\/jacobins.toulouse.fr\/fr\/wp-json\/wp\/v2\/pages\/1161"}],"wp:attachment":[{"href":"https:\/\/jacobins.toulouse.fr\/fr\/wp-json\/wp\/v2\/media?parent=6654"}],"curies":[{"name":"wp","href":"https:\/\/api.w.org\/{rel}","templated":true}]}}