{"id":744,"date":"2023-09-19T15:39:35","date_gmt":"2023-09-19T13:39:35","guid":{"rendered":"https:\/\/jacobins.toulouse.fr\/?page_id=744"},"modified":"2024-05-31T15:16:11","modified_gmt":"2024-05-31T13:16:11","slug":"credits-et-mentions-legales","status":"publish","type":"page","link":"https:\/\/jacobins.toulouse.fr\/fr\/credits-et-mentions-legales\/","title":{"rendered":"Cr\u00e9dits et mentions l\u00e9gales"},"content":{"rendered":"<section class=\"section-group\"><div class=\"container\"><div class=\"pure-g\">\n<div class=\"wp-block-group is-layout-flow wp-block-group-is-layout-flow\">\n<h2 class=\"wp-block-heading\" id=\"credits\"> Cr\u00e9dits <\/h2>\n\n\n\n<p><strong>Directeur de publication : <\/strong>Jean-Luc Moudenc<\/p>\n\n\n\n<p><strong>D\u00e9veloppements et conception graphique :<\/strong> Clever-Age<\/p>\n\n\n\n<p><strong>H\u00e9bergement : <\/strong>NFrance &#8211; Direction du Num\u00e9rique Toulouse M\u00e9tropole<\/p>\n\n\n\n<p><strong>Coordination et pilotage : <\/strong>Direction de la communication \/ Service M\u00e9dias Toulouse M\u00e9tropole<\/p>\n\n\n\n<p><strong>Contenus : <\/strong>Couvent des Jacobins<\/p>\n\n\n\n<hr class=\"wp-block-separator has-css-opacity\"\/>\n\n\n\n<h2 class=\"wp-block-heading\" id=\"mentions-legales\"> Mentions l\u00e9gales <\/h2>\n\n\n\n<h3 class=\"wp-block-heading\" id=\"le-contenu-multimedia-du-site-internet-de-la-galerie-du-chateau-d-eau\"> Le contenu multim\u00e9dia du site Internet de la Galerie du Ch\u00e2teau d&rsquo;Eau<\/h3>\n\n\n\n<p>Le contenu multim\u00e9dia de ce site Internet est la propri\u00e9t\u00e9 exclusive de Toulouse M\u00e9tropole. Ainsi, pour toute utilisation de ce contenu&nbsp;une autorisation expresse doit \u00eatre formul\u00e9e via le formulaire de contact ou par courrier postal \u00e0 l&rsquo;adresse suivante&nbsp;:<br>Mairie de Toulouse &#8211; Direction de la Communication &#8211; 6 rue Ren\u00e9 Leduc BP 35&nbsp;821 31505 Toulouse Cedex.<\/p>\n\n\n\n<p>Les informations, pictogrammes, photographies, images, textes, s\u00e9quences vid\u00e9o, animations et autres documents pr\u00e9sents sur le site Internet sont prot\u00e9g\u00e9s par le droit de la propri\u00e9t\u00e9 intellectuelle. En ces termes, l&rsquo;article L 122-4 du Code de la propri\u00e9t\u00e9 intellectuelle&nbsp;indique&nbsp;:<br>\u00ab&nbsp;Toute repr\u00e9sentation ou reproduction int\u00e9grale ou partielle faite sans le consentement de l&rsquo;auteur ou de ses ayants droit ou ayants cause est illicite. Il en est de m\u00eame pour la traduction, l&rsquo;adaptation ou la transformation, l&rsquo;arrangement ou la reproduction par un art ou un proc\u00e9d\u00e9 quelconque.&nbsp;\u00bb<br>Ainsi, toute copie illicite du site peut faire l&rsquo;objet de poursuites sur le terrain de la contrefa\u00e7on sanctionn\u00e9e par les articles L 335-2 et suivants du Code de la propri\u00e9t\u00e9 intellectuelle.<\/p>\n\n\n\n<p>La mairie de Toulouse  s&rsquo;efforce de contr\u00f4ler au mieux la pertinence et la v\u00e9racit\u00e9 des contenus du site Internet. Cependant, elle d\u00e9cline toute responsabilit\u00e9 en cas d&rsquo;erreur, d&rsquo;impr\u00e9cision, d&rsquo;inaccessibilit\u00e9 technique ou de falsification des contenus. Si toutefois, malgr\u00e9 nos efforts, vous constatiez un probl\u00e8me, nous vous serions reconnaissants de bien vouloir nous en informer, par le biais du formulaire de contact pr\u00e9vu \u00e0 cet effet.<\/p>\n\n\n\n<h3 class=\"wp-block-heading\" id=\"les-logotypes-presents-sur-le-site-internet\"> Les logotypes pr\u00e9sents sur le site Internet <\/h3>\n\n\n\n<p>Tous les logotypes, (plus couramment appel\u00e9s logos) pr\u00e9sents sur ce site Internet sont prot\u00e9g\u00e9s&nbsp;par le droit de la propri\u00e9t\u00e9 intellectuelle.<\/p>\n\n\n\n<p>Les logos sont la propri\u00e9t\u00e9 de la Mairie de Toulouse. Ainsi, toute reproduction ou modification (totale ou partielle) de cet \u00e9l\u00e9ment graphique sans autorisation pr\u00e9alable et \u00e9crite est interdite. Pour tous renseignements, vous pouvez nous contacter via le formulaire de contact ou par courrier postal \u00e0 l&rsquo;adresse suivante&nbsp;:<br>Mairie de Toulouse &#8211; Direction de la Communication &#8211; 6 rue Ren\u00e9 Leduc BP 35&nbsp;821 31505 Toulouse Cedex.<\/p>\n\n\n\n<h3 class=\"wp-block-heading\" id=\"les-liens-vers-le-site-internet\">Les liens vers le site Internet<\/h3>\n\n\n\n<p>La Mairie de Toulouse autorise tout site Internet ou tout support \u00e0 mettre en place un lien hypertexte en direction de son contenu \u00e0 l&rsquo;exception de ceux diffusant des contenus \u00e0 caract\u00e8re pol\u00e9mique, pornographique, x\u00e9nophobe, contraire \u00e0 la d\u00e9cence ou aux bonnes m\u0153urs.<\/p>\n\n\n\n<p>Pour autant, l&rsquo;int\u00e9gralit\u00e9 de la page li\u00e9e doit \u00eatre respect\u00e9e, et aucune imbrication dans une autre site ne doit \u00eatre r\u00e9alis\u00e9e. De m\u00eame, le lien doit indiquer clairement la nature des contenus, ainsi que l&rsquo;adresse exacte de la page.<\/p>\n\n\n\n<p>Toute utilisation de liens vers le site web \u00e0 des fins commerciales et publicitaires est interdite.<\/p>\n\n\n\n<h3 class=\"wp-block-heading\" id=\"les-listes-publiees-sur-le-site-internet\">Les listes publi\u00e9es sur le site Internet<\/h3>\n\n\n\n<p>La Mairie de Toulouse vous informe que l&rsquo;utilisation des listes de personnes&nbsp;publi\u00e9es sur le pr\u00e9sent site \u00e0 des fins commerciales est strictement interdite. Toute utilisation de ces listes doit faire l&rsquo;objet d&rsquo;une demande \u00e9crite et motiv\u00e9e aupr\u00e8s de la Direction de la Communication.<\/p>\n\n\n\n<hr class=\"wp-block-separator has-css-opacity\"\/>\n\n\n\n<h2 class=\"wp-block-heading\" id=\"la-declaration-cnil-commission-nationale-informatique-et-libertes\"> La d\u00e9claration CNIL (Commission Nationale Informatique et Libert\u00e9s) <\/h2>\n\n\n\n<h3 class=\"wp-block-heading\" id=\"inscriptions-aux-newsletters\">Inscriptions aux newsletters<\/h3>\n\n\n\n<p>\u00abLes donn\u00e9es recueillies font l&rsquo;objet d&rsquo;un traitement informatique destin\u00e9 \u00e0 l&rsquo;envoi p\u00e9riodique de newsletter au public int\u00e9ress\u00e9 par une th\u00e9matique donn\u00e9e. La Mairie de Toulouse est responsable du traitement, repr\u00e9sent\u00e9e par la Galerie le Ch\u00e2teau d&rsquo;Eau.<br>Sont seuls destinataires des donn\u00e9es les agents habilit\u00e9s de cette direction. Conform\u00e9ment \u00e0 la l\u00e9gislation relative \u00e0 la protection des donn\u00e9es personnelles, vous b\u00e9n\u00e9ficiez d&rsquo;un droit d&rsquo;acc\u00e8s, de modification, de rectification et de suppression des donn\u00e9es qui vous concernent. Vous pouvez exercer ces droits en vous adressant par voie postale \u00e0 Couvent des Jacobins, Place des Jacobins, 31000 Toulouse ou par email \u00e0&nbsp;<a href=\"mailto:jacobins@mairie-toulouse.fr\">jacobins@mairie-toulouse.fr<\/a>. Vous pouvez \u00e9galement, pour des motifs l\u00e9gitimes, vous opposer au traitement des donn\u00e9es vous concernant. Dans ce cas, vous pouvez vous informer sur le site web de la collectivit\u00e9. La base l\u00e9gale de ce traitement est le consentement, vous pouvez le retirer \u00e0 tout moment en exer\u00e7ant votre droit de suppression ou en vous d\u00e9sabonnant\u00bb.<\/p>\n\n\n\n<h3 class=\"wp-block-heading\" id=\"autres-formulaires\">Autres formulaires<\/h3>\n\n\n\n<p>Les informations collect\u00e9es par le biais du site Internet sont exclusivement destin\u00e9es \u00e0 la Mairie de Toulouse . Conform\u00e9ment \u00e0 la l\u00e9gislation relative \u00e0 la protection des donn\u00e9es personnelles, vous disposez d&rsquo;un droit d&rsquo;acc\u00e8s, de rectification, de modification et de suppression concernant les donn\u00e9es qui vous concernent. Les modalit\u00e9s sont indiqu\u00e9es en bas de chaque formulaire.<br><br>Vous pouvez exercer ce droit en envoyant un courriel via notre formulaire de contact ou un courrier postal \u00e0 l&rsquo;adresse suivante, en indiquant si possible le contexte dans lequel cette collecte de donn\u00e9es personnelles a \u00e9t\u00e9 effectu\u00e9e afin que nous puissions retrouver plus facilement les informations vous concernant :<br><br>Couvent des Jacobins<br>Place des Jacobins<br>31000 Toulouse <\/p>\n\n\n\n<hr class=\"wp-block-separator has-css-opacity\"\/>\n\n\n\n<h2 class=\"wp-block-heading\" id=\"l-absence-de-responsabilite-de-la-mairie-de-toulouse\">L&rsquo;absence de responsabilit\u00e9 de la Mairie de Toulouse<\/h2>\n\n\n\n<p>La Direction du Num\u00e9rique (DN) de Toulouse&nbsp;M\u00e9tropole en tant qu&rsquo;h\u00e9bergeur s&rsquo;efforce d&rsquo;assurer la permanence, la continuit\u00e9 et la qualit\u00e9 du service. Pour autant, la Mairie de Toulouse se d\u00e9gage de toute responsabilit\u00e9 en cas d&rsquo;inaccessibilit\u00e9 temporaire ou permanente des contenus.<\/p>\n\n\n\n<p>Par ailleurs, nous vous informons que toute tentative de piratage ou de d\u00e9tournement du site sera enregistr\u00e9e et donnera lieu \u00e0 des poursuites judiciaires.<\/p>\n\n\n\n<hr class=\"wp-block-separator has-css-opacity\"\/>\n\n\n\n<h2 class=\"wp-block-heading\" id=\"donnees-personnelles\">Donn\u00e9es personnelles<\/h2>\n\n\n\n<h3 class=\"wp-block-heading\" id=\"cookies-et-autres-traceurs\">Cookies et autres traceurs<\/h3>\n\n\n\n<p>Lors de la consultation de notre site internet, des \u00ab\u00a0cookies\u00a0\u00bb sont d\u00e9pos\u00e9s sur votre ordinateur, votre mobile ou votre tablette. Cette page vous permet de mieux comprendre les finalit\u00e9s de ces cookies.<\/p>\n\n\n\n<h3 class=\"wp-block-heading\" id=\"qu-est-ce-qu-un-cookie\">Qu&rsquo;est ce qu&rsquo;un cookie ?<\/h3>\n\n\n\n<p>Le terme de cookies est \u00e0 prendre au sens large et couvre l&rsquo;ensemble des traceurs d\u00e9pos\u00e9s et \/ ou lus lors de la consultation de notre site internet. Ces traceurs enregistrent des informations relatives \u00e0 votre navigation afin de vous proposer une exp\u00e9rience de navigation optimale dans un contexte toujours plus pertinent vis \u00e0 vis de vos attentes.<\/p>\n\n\n\n<p>Les cookies sont g\u00e9r\u00e9s par votre navigateur internet et ne peuvent pas \u00eatre utilis\u00e9s pour r\u00e9cup\u00e9rer des donn\u00e9es sur votre disque dur, installer un virus, ou encore se procurer des informations personnelles \u00e0 votre insu.<\/p>\n\n\n\n<h3 class=\"wp-block-heading\" id=\"quels-sont-les-cookies-emis-et-a-quoi-servent-ils\">Quels sont les cookies \u00e9mis et \u00e0 quoi servent-ils?<\/h3>\n\n\n\n<h4 class=\"wp-block-heading\" id=\"fonctionnement-du-site\">Fonctionnement du site<\/h4>\n\n\n\n<p>Certains cookies sont n\u00e9cessaires \u00e0 la navigation sur notre site. Ils assurent la persistance des donn\u00e9es tout le long de votre navigation : pr\u00e9f\u00e9rences d&rsquo;affichage, informations saisies dans les formulaires, \u00e9tat connect\u00e9, etc\u2026<\/p>\n\n\n\n<p>Ces cookies ne doivent pas \u00eatre d\u00e9sactiv\u00e9s ou param\u00e9tr\u00e9s sous peine de perturber le bon fonctionnement du site.<\/p>\n\n\n\n<h4 class=\"wp-block-heading\" id=\"statistiques\">Statistiques<\/h4>\n\n\n\n<p>Le fonctionnement des services tiers auxquels nous faisons appels afin d&rsquo;\u00e9tablir des statistiques anonymes sur l&rsquo;activit\u00e9 des visiteur de notre site (contenus visit\u00e9s, interactions, etc\u2026) repose sur des cookies.<\/p>\n\n\n\n<p>L&rsquo;analyse de ces statistiques nous permet par la suite d&rsquo;am\u00e9liorer l&rsquo;ergonomie et les contenus de notre site et cela afin de vous proposer une exp\u00e9rience de navigation toujours mieux adapt\u00e9e vos attentes.<\/p>\n\n\n\n<h4 class=\"wp-block-heading\" id=\"publicite\">Publicit\u00e9<\/h4>\n\n\n\n<p>Des cookies sont utilis\u00e9s afin de mesurer l&rsquo;impact des campagnes publicitaires sur nos visiteurs. Les statistiques obtenues permettent de tendre vers des campagnes publicitaires plus pertinentes et de ce fait moins \u00ab\u00a0polluantes\u00a0\u00bb.<\/p>\n\n\n\n<h4 class=\"wp-block-heading\" id=\"reseaux-sociaux\">R\u00e9seaux sociaux<\/h4>\n\n\n\n<p>Les diff\u00e9rents modules sociaux propos\u00e9s sur notre site tels que les boutons \u00ab\u00a0partager\u00a0\u00bb, \u00ab\u00a0j&rsquo;aime\u00a0\u00bb, etc\u2026 issus de r\u00e9seaux sociaux comme \u00ab\u00a0facebook\u00a0\u00bb, \u00ab\u00a0twitter\u00a0\u00bb, etc\u2026 utilisent des cookies afin de vous identifier relativement \u00e0 leur plate-forme.<\/p>\n\n\n\n<p>Ils vous permettent de partager les contenus de notre site avec d&rsquo;autres personnes ou de faire conna\u00eetre \u00e0 ces autres personnes votre consultation ou votre opinion concernant un contenu du site.<\/p>\n\n\n\n<h4 class=\"wp-block-heading\" id=\"vos-choix-concernant-les-cookies\">Vos choix concernant les cookies<\/h4>\n\n\n\n<p>Vous avez la possibilit\u00e9 de vous opposer \u00e0 l&rsquo;enregistrement de \u00ab cookies \u00bb en configurant votre navigateur.<\/p>\n\n\n\n<p>Firefox&nbsp;:&nbsp;<a href=\"https:\/\/support.mozilla.org\/fr\/kb\/activer-desactiver-cookies\" target=\"_blank\" rel=\"noreferrer noopener\">https:\/\/support.mozilla.org\/fr\/kb\/activer-desactiver-cookies<\/a><\/p>\n\n\n\n<p>Chrome&nbsp;:&nbsp;<a href=\"https:\/\/support.google.com\/chrome\/answer\/95647?hl=fr&amp;hlrm=en\" target=\"_blank\" rel=\"noreferrer noopener\">https:\/\/support.google.com\/chrome\/answer\/95647?hl=fr&amp;hlrm=en<\/a><\/p>\n\n\n\n<p>Safari :&nbsp;<a href=\"https:\/\/support.apple.com\/kb\/ht1677?viewlocale=fr_FR\" target=\"_blank\" rel=\"noreferrer noopener\">https:\/\/support.apple.com\/kb\/ht1677?viewlocale=fr_FR<\/a><\/p>\n\n\n\n<p>Edge&nbsp;:&nbsp;<a href=\"https:\/\/docs.microsoft.com\/fr-fr\/deployedge\/edge-ie-mode-add-guidance-cookieshare\">https:\/\/docs.microsoft.com\/fr-fr\/deployedge\/edge-ie-mode-add-guidance-cookieshare<\/a><\/p>\n<\/div>\n<\/div><\/div><\/section>","protected":false},"excerpt":{"rendered":"<p>Cr\u00e9dits Directeur de publication : Jean-Luc Moudenc D\u00e9veloppements et conception graphique : Clever-Age H\u00e9bergement : NFrance &#8211; Direction du Num\u00e9rique Toulouse M\u00e9tropole Coordination et pilotage : Direction de la communication \/ Service M\u00e9dias Toulouse M\u00e9tropole&hellip;<\/p>\n","protected":false},"author":4,"featured_media":0,"parent":0,"menu_order":0,"comment_status":"closed","ping_status":"closed","template":"","meta":{"_acf_changed":false,"footnotes":""},"class_list":["post-744","page","type-page","status-publish","hentry"],"acf":[],"yoast_head":"<!-- This site is optimized with the Yoast SEO plugin v27.0 - https:\/\/yoast.com\/product\/yoast-seo-wordpress\/ -->\n<title>Cr\u00e9dits et mentions l\u00e9gales - Couvent des Jacobins<\/title>\n<meta name=\"robots\" content=\"index, follow, max-snippet:-1, max-image-preview:large, max-video-preview:-1\" \/>\n<link rel=\"canonical\" href=\"https:\/\/jacobins.toulouse.fr\/fr\/credits-et-mentions-legales\/\" \/>\n<meta property=\"og:locale\" content=\"fr_FR\" \/>\n<meta property=\"og:type\" content=\"article\" \/>\n<meta property=\"og:title\" content=\"Cr\u00e9dits et mentions l\u00e9gales - Couvent des Jacobins\" \/>\n<meta property=\"og:description\" content=\"Cr\u00e9dits Directeur de publication : Jean-Luc Moudenc D\u00e9veloppements et conception graphique : Clever-Age H\u00e9bergement : NFrance &#8211; Direction du Num\u00e9rique Toulouse M\u00e9tropole Coordination et pilotage : Direction de la communication \/ Service M\u00e9dias Toulouse M\u00e9tropole&hellip;\" \/>\n<meta property=\"og:url\" content=\"https:\/\/jacobins.toulouse.fr\/fr\/credits-et-mentions-legales\/\" \/>\n<meta property=\"og:site_name\" content=\"Couvent des Jacobins\" \/>\n<meta property=\"article:modified_time\" content=\"2024-05-31T13:16:11+00:00\" \/>\n<meta name=\"twitter:card\" content=\"summary_large_image\" \/>\n<meta name=\"twitter:label1\" content=\"Dur\u00e9e de lecture estim\u00e9e\" \/>\n\t<meta name=\"twitter:data1\" content=\"7 minutes\" \/>\n<script type=\"application\/ld+json\" class=\"yoast-schema-graph\">{\"@context\":\"https:\/\/schema.org\",\"@graph\":[{\"@type\":\"WebPage\",\"@id\":\"https:\/\/jacobins.toulouse.fr\/fr\/credits-et-mentions-legales\/\",\"url\":\"https:\/\/jacobins.toulouse.fr\/fr\/credits-et-mentions-legales\/\",\"name\":\"Cr\u00e9dits et mentions l\u00e9gales - Couvent des Jacobins\",\"isPartOf\":{\"@id\":\"https:\/\/jacobins.toulouse.fr\/fr\/#website\"},\"datePublished\":\"2023-09-19T13:39:35+00:00\",\"dateModified\":\"2024-05-31T13:16:11+00:00\",\"breadcrumb\":{\"@id\":\"https:\/\/jacobins.toulouse.fr\/fr\/credits-et-mentions-legales\/#breadcrumb\"},\"inLanguage\":\"fr-FR\",\"potentialAction\":[{\"@type\":\"ReadAction\",\"target\":[\"https:\/\/jacobins.toulouse.fr\/fr\/credits-et-mentions-legales\/\"]}]},{\"@type\":\"BreadcrumbList\",\"@id\":\"https:\/\/jacobins.toulouse.fr\/fr\/credits-et-mentions-legales\/#breadcrumb\",\"itemListElement\":[{\"@type\":\"ListItem\",\"position\":1,\"name\":\"Accueil\",\"item\":\"https:\/\/jacobins.toulouse.fr\/fr\/\"},{\"@type\":\"ListItem\",\"position\":2,\"name\":\"Cr\u00e9dits et mentions l\u00e9gales\"}]},{\"@type\":\"WebSite\",\"@id\":\"https:\/\/jacobins.toulouse.fr\/fr\/#website\",\"url\":\"https:\/\/jacobins.toulouse.fr\/fr\/\",\"name\":\"Couvent des Jacobins\",\"description\":\"\",\"publisher\":{\"@id\":\"https:\/\/jacobins.toulouse.fr\/fr\/#organization\"},\"potentialAction\":[{\"@type\":\"SearchAction\",\"target\":{\"@type\":\"EntryPoint\",\"urlTemplate\":\"https:\/\/jacobins.toulouse.fr\/fr\/search\/{search_term_string}\"},\"query-input\":{\"@type\":\"PropertyValueSpecification\",\"valueRequired\":true,\"valueName\":\"search_term_string\"}}],\"inLanguage\":\"fr-FR\"},{\"@type\":\"Organization\",\"@id\":\"https:\/\/jacobins.toulouse.fr\/fr\/#organization\",\"name\":\"Couvent des Jacobins\",\"url\":\"https:\/\/jacobins.toulouse.fr\/fr\/\",\"logo\":{\"@type\":\"ImageObject\",\"inLanguage\":\"fr-FR\",\"@id\":\"https:\/\/jacobins.toulouse.fr\/fr\/#\/schema\/logo\/image\/\",\"url\":\"https:\/\/jacobins.toulouse.fr\/wp-content\/uploads\/sites\/12\/2023\/08\/cropped-cropped-Logo-Jacobins.png\",\"contentUrl\":\"https:\/\/jacobins.toulouse.fr\/wp-content\/uploads\/sites\/12\/2023\/08\/cropped-cropped-Logo-Jacobins.png\",\"width\":254,\"height\":150,\"caption\":\"Couvent des Jacobins\"},\"image\":{\"@id\":\"https:\/\/jacobins.toulouse.fr\/fr\/#\/schema\/logo\/image\/\"}}]}<\/script>\n<!-- \/ Yoast SEO plugin. -->","yoast_head_json":{"title":"Cr\u00e9dits et mentions l\u00e9gales - Couvent des Jacobins","robots":{"index":"index","follow":"follow","max-snippet":"max-snippet:-1","max-image-preview":"max-image-preview:large","max-video-preview":"max-video-preview:-1"},"canonical":"https:\/\/jacobins.toulouse.fr\/fr\/credits-et-mentions-legales\/","og_locale":"fr_FR","og_type":"article","og_title":"Cr\u00e9dits et mentions l\u00e9gales - Couvent des Jacobins","og_description":"Cr\u00e9dits Directeur de publication : Jean-Luc Moudenc D\u00e9veloppements et conception graphique : Clever-Age H\u00e9bergement : NFrance &#8211; Direction du Num\u00e9rique Toulouse M\u00e9tropole Coordination et pilotage : Direction de la communication \/ Service M\u00e9dias Toulouse M\u00e9tropole&hellip;","og_url":"https:\/\/jacobins.toulouse.fr\/fr\/credits-et-mentions-legales\/","og_site_name":"Couvent des Jacobins","article_modified_time":"2024-05-31T13:16:11+00:00","twitter_card":"summary_large_image","twitter_misc":{"Dur\u00e9e de lecture estim\u00e9e":"7 minutes"},"schema":{"@context":"https:\/\/schema.org","@graph":[{"@type":"WebPage","@id":"https:\/\/jacobins.toulouse.fr\/fr\/credits-et-mentions-legales\/","url":"https:\/\/jacobins.toulouse.fr\/fr\/credits-et-mentions-legales\/","name":"Cr\u00e9dits et mentions l\u00e9gales - Couvent des Jacobins","isPartOf":{"@id":"https:\/\/jacobins.toulouse.fr\/fr\/#website"},"datePublished":"2023-09-19T13:39:35+00:00","dateModified":"2024-05-31T13:16:11+00:00","breadcrumb":{"@id":"https:\/\/jacobins.toulouse.fr\/fr\/credits-et-mentions-legales\/#breadcrumb"},"inLanguage":"fr-FR","potentialAction":[{"@type":"ReadAction","target":["https:\/\/jacobins.toulouse.fr\/fr\/credits-et-mentions-legales\/"]}]},{"@type":"BreadcrumbList","@id":"https:\/\/jacobins.toulouse.fr\/fr\/credits-et-mentions-legales\/#breadcrumb","itemListElement":[{"@type":"ListItem","position":1,"name":"Accueil","item":"https:\/\/jacobins.toulouse.fr\/fr\/"},{"@type":"ListItem","position":2,"name":"Cr\u00e9dits et mentions l\u00e9gales"}]},{"@type":"WebSite","@id":"https:\/\/jacobins.toulouse.fr\/fr\/#website","url":"https:\/\/jacobins.toulouse.fr\/fr\/","name":"Couvent des Jacobins","description":"","publisher":{"@id":"https:\/\/jacobins.toulouse.fr\/fr\/#organization"},"potentialAction":[{"@type":"SearchAction","target":{"@type":"EntryPoint","urlTemplate":"https:\/\/jacobins.toulouse.fr\/fr\/search\/{search_term_string}"},"query-input":{"@type":"PropertyValueSpecification","valueRequired":true,"valueName":"search_term_string"}}],"inLanguage":"fr-FR"},{"@type":"Organization","@id":"https:\/\/jacobins.toulouse.fr\/fr\/#organization","name":"Couvent des Jacobins","url":"https:\/\/jacobins.toulouse.fr\/fr\/","logo":{"@type":"ImageObject","inLanguage":"fr-FR","@id":"https:\/\/jacobins.toulouse.fr\/fr\/#\/schema\/logo\/image\/","url":"https:\/\/jacobins.toulouse.fr\/wp-content\/uploads\/sites\/12\/2023\/08\/cropped-cropped-Logo-Jacobins.png","contentUrl":"https:\/\/jacobins.toulouse.fr\/wp-content\/uploads\/sites\/12\/2023\/08\/cropped-cropped-Logo-Jacobins.png","width":254,"height":150,"caption":"Couvent des Jacobins"},"image":{"@id":"https:\/\/jacobins.toulouse.fr\/fr\/#\/schema\/logo\/image\/"}}]}},"_links":{"self":[{"href":"https:\/\/jacobins.toulouse.fr\/fr\/wp-json\/wp\/v2\/pages\/744","targetHints":{"allow":["GET"]}}],"collection":[{"href":"https:\/\/jacobins.toulouse.fr\/fr\/wp-json\/wp\/v2\/pages"}],"about":[{"href":"https:\/\/jacobins.toulouse.fr\/fr\/wp-json\/wp\/v2\/types\/page"}],"author":[{"embeddable":true,"href":"https:\/\/jacobins.toulouse.fr\/fr\/wp-json\/wp\/v2\/users\/4"}],"replies":[{"embeddable":true,"href":"https:\/\/jacobins.toulouse.fr\/fr\/wp-json\/wp\/v2\/comments?post=744"}],"version-history":[{"count":3,"href":"https:\/\/jacobins.toulouse.fr\/fr\/wp-json\/wp\/v2\/pages\/744\/revisions"}],"predecessor-version":[{"id":8249,"href":"https:\/\/jacobins.toulouse.fr\/fr\/wp-json\/wp\/v2\/pages\/744\/revisions\/8249"}],"wp:attachment":[{"href":"https:\/\/jacobins.toulouse.fr\/fr\/wp-json\/wp\/v2\/media?parent=744"}],"curies":[{"name":"wp","href":"https:\/\/api.w.org\/{rel}","templated":true}]}}