{"id":771,"date":"2023-09-20T00:27:15","date_gmt":"2023-09-19T22:27:15","guid":{"rendered":"https:\/\/jacobins.toulouse.fr\/?page_id=771"},"modified":"2026-01-13T10:38:49","modified_gmt":"2026-01-13T09:38:49","slug":"offre-pedagogique-enseignants","status":"publish","type":"page","link":"https:\/\/jacobins.toulouse.fr\/fr\/offre-pedagogique-enseignants\/","title":{"rendered":"Offre p\u00e9dagogique pour les enseignants"},"content":{"rendered":"\n<figure  role=\"group\"  aria-label=\"plume\"  class=\"wp-block-image aligncenter size-full\"><a href=\"\/fondation-universite\"><img loading=\"lazy\" decoding=\"async\" width=\"100\" height=\"100\" src=\"https:\/\/jacobins.toulouse.fr\/wp-content\/uploads\/sites\/12\/2023\/10\/plume.gif\" alt=\"\" class=\"wp-image-6345\"\/><\/a><\/figure>\n\n\n<section class=\"section-group\"><div class=\"container\"><div class=\"pure-g\">\n<div class=\"wp-block-group is-layout-constrained wp-block-group-is-layout-constrained\">\n<h2 class=\"wp-block-heading\" id=\"l-offre-educative-du-couvent-des-jacobins\">L\u2019offre \u00e9ducative du Couvent des Jacobins<\/h2>\n\n\n\n<p>Sp\u00e9cialement con\u00e7us pour<strong> enrichir les connaissances historiques et culturelles des \u00e9tudiants<\/strong>, du cycle 1 au Lyc\u00e9e, nos programmes offrent une <strong>exp\u00e9rience \u00e9ducative riche<\/strong> pour les enseignants et leurs \u00e9l\u00e8ves. Selon le niveau de classes, certaines activit\u00e9s peuvent \u00eatre suivies en <strong>autonomie<\/strong>, aid\u00e9es d\u2019un livret de visite, tandis que d\u2019autres n\u00e9cessitent l\u2019<strong>accompagnement d\u2019un m\u00e9diateur culturel<\/strong>.<\/p>\n<\/div>\n<\/div><\/div><\/section>\n\n\n<div class=\"wp-block-media-text alignfull is-stacked-on-mobile is-vertically-aligned-center is-image-fill-element\"><figure class=\"wp-block-media-text__media\"><img loading=\"lazy\" decoding=\"async\" width=\"1024\" height=\"427\" src=\"https:\/\/jacobins.toulouse.fr\/wp-content\/uploads\/sites\/12\/2023\/09\/College_\u00a9Francois_Boutaud-1024x427.jpg\" alt=\"\" class=\"wp-image-1116 size-full\" style=\"object-position:57% 58%\" srcset=\"https:\/\/jacobins.toulouse.fr\/wp-content\/uploads\/sites\/12\/2023\/09\/College_\u00a9Francois_Boutaud-1024x427.jpg 1024w, https:\/\/jacobins.toulouse.fr\/wp-content\/uploads\/sites\/12\/2023\/09\/College_\u00a9Francois_Boutaud-300x125.jpg 300w, https:\/\/jacobins.toulouse.fr\/wp-content\/uploads\/sites\/12\/2023\/09\/College_\u00a9Francois_Boutaud-768x320.jpg 768w, https:\/\/jacobins.toulouse.fr\/wp-content\/uploads\/sites\/12\/2023\/09\/College_\u00a9Francois_Boutaud-414x173.jpg 414w, https:\/\/jacobins.toulouse.fr\/wp-content\/uploads\/sites\/12\/2023\/09\/College_\u00a9Francois_Boutaud.jpg 1440w\" sizes=\"(max-width: 1024px) 100vw, 1024px\" \/><\/figure><div class=\"wp-block-media-text__content\">\n<p>Venez travailler avec votre classe sur <strong>la vie quotidienne au Moyen \u00c2ge<\/strong>. Les b\u00e2tisseurs, les repas, les costumes, l\u2019\u00e9criture, les armoiries et la vie \u00e0 Toulouse durant cette incroyable p\u00e9riode n\u2019auront plus de secrets pour vos \u00e9l\u00e8ves&nbsp;!<\/p>\n\n\n\n<p>Int\u00e9ress\u00e9s&nbsp;? Suivez le guide&nbsp;!<\/p>\n\n\n\n<div class=\"wp-block-buttons is-content-justification-left is-layout-flex wp-container-core-buttons-is-layout-fdcfc74e wp-block-buttons-is-layout-flex\">\n<div class=\"wp-block-button\"><a class=\"wp-block-button__link wp-element-button\" href=\"https:\/\/jacobins.toulouse.fr\/fr\/enseignants\/preparer-visite-scolaire\/\">Conseils \u00e0 la visite scolaire<\/a><\/div>\n<\/div>\n<\/div><\/div>\n\n\n<section class=\"section-group\"><div class=\"container\"><div class=\"pure-g\">\n<div class=\"wp-block-group is-layout-constrained wp-block-group-is-layout-constrained\">\n<h2 class=\"wp-block-heading\" id=\"reserver-son-creneau-pas-a-pas\">R\u00e9server son cr\u00e9neau pas \u00e0 pas<\/h2>\n\n\n<section class=\"section-group\"><div class=\"container\"><div class=\"pure-g\">\n<div class=\"wp-block-group is-layout-constrained wp-block-group-is-layout-constrained\">\n<div class=\"wp-block-columns is-layout-flex wp-container-core-columns-is-layout-9d6595d7 wp-block-columns-is-layout-flex\">\n<div class=\"wp-block-column is-layout-flow wp-block-column-is-layout-flow\">\n<h3 class=\"wp-block-heading\" id=\"quand\">QUAND ?<\/h3>\n\n\n\n<p>Les <strong>accueils scolaires avec m\u00e9diation<\/strong> s\u2019organisent&nbsp;les mardis (14h \u00e0 17h30) et les jeudis (10h \u00e0 12h | 14h \u00e0 17h30).<strong> <\/strong><br><strong>Les visites libres ou en autonomie<\/strong> s&rsquo;effectuent du mardi au vendredi (10h \u00e0 18h).<\/p>\n<\/div>\n\n\n\n<div class=\"wp-block-column is-layout-flow wp-block-column-is-layout-flow\">\n<h3 class=\"wp-block-heading\" id=\"quand\">QUOI ?<\/h3>\n\n\n\n<p>Les animations rayonnent sur un ensemble de th\u00e9matiques proches de la vie quotidienne des populations au Moyen \u00c2ge. <strong>Choisissez parmi celles qui correspond \u00e0 votre niveau de classe et votre objectif.<\/strong><\/p>\n<\/div>\n\n\n\n<div class=\"wp-block-column is-layout-flow wp-block-column-is-layout-flow\">\n<h3 class=\"wp-block-heading\" id=\"quand\">COMMENT ?<\/h3>\n\n\n\n<p><strong>Tous les groupes doivent faire une r\u00e9servation<\/strong>, que la visite n\u00e9cessite ou non la pr\u00e9sence d\u2019un m\u00e9diateur. Il est important de bien renseigner vos informations et prendre en compte nos recommandations pour une visite optimale&nbsp;!<\/p>\n<\/div>\n<\/div>\n<\/div>\n<\/div><\/div><\/section>\n\n\n<div class=\"wp-block-buttons is-content-justification-center is-layout-flex wp-container-core-buttons-is-layout-16018d1d wp-block-buttons-is-layout-flex\">\n<div class=\"wp-block-button\"><a class=\"wp-block-button__link wp-element-button\" href=\"https:\/\/jacobins.toulouse.fr\/fr\/offre-pedagogique\">R\u00e9server une offre scolaire<\/a><\/div>\n<\/div>\n\n\n<section class=\"section-group\"><div class=\"container\"><div class=\"pure-g\">\n<div class=\"wp-block-group is-layout-constrained wp-block-group-is-layout-constrained\">\n<p>Vous pouvez \u00e9galement consulter les propositions p\u00e9dagogiques des \u00e9tablissements des mus\u00e9es et monuments de la Mairie de Toulouse :\u00a0<a href=\"https:\/\/museepauldupuy.toulouse.fr\/offre-pedagogique\/\" target=\"_blank\" rel=\"noreferrer noopener\">Mus\u00e9e des Arts pr\u00e9cieux-Paul Dupuy<\/a>,\u00a0<a href=\"https:\/\/chateaudeau.toulouse.fr\/offre-pedagogique\/\" target=\"_blank\" rel=\"noreferrer noopener\">Galerie le Ch\u00e2teau d\u2019Eau<\/a>, le\u00a0<a href=\"https:\/\/saintraymond.toulouse.fr\/offre-pedagogique\/\" target=\"_blank\" rel=\"noreferrer noopener\">Mus\u00e9e Saint-Raymond<\/a>\u00a0et\u00a0<a href=\"https:\/\/jacobins.toulouse.fr\/fr\/offre-pedagogique\/\">Monuments de Toulouse<\/a>\u00a0(Chapelle Saint-Joseph de La Grave, le\u00a0Castelet\u00a0, la\u00a0Chapelle des Carm\u00e9lites, \u00c9glise du Ges\u00f9 et le\u00a0Monument \u00e0 la Gloire de la R\u00e9sistance).<\/p>\n<\/div>\n<\/div><\/div><\/section><\/div>\n<\/div><\/div><\/section>\n\n    <section class=\"gutenberg-immersive-visual alignfull\">\n          <picture class=\"splide__image\">\n            <source media=\"(min-width: 57.6rem)\"\n                    srcset=\"https:\/\/jacobins.toulouse.fr\/wp-content\/uploads\/sites\/12\/2023\/08\/Colorama-Bas.png 2880w, https:\/\/jacobins.toulouse.fr\/wp-content\/uploads\/sites\/12\/2023\/08\/Colorama-Bas-300x28.png 300w, https:\/\/jacobins.toulouse.fr\/wp-content\/uploads\/sites\/12\/2023\/08\/Colorama-Bas-1024x94.png 1024w, https:\/\/jacobins.toulouse.fr\/wp-content\/uploads\/sites\/12\/2023\/08\/Colorama-Bas-768x70.png 768w, https:\/\/jacobins.toulouse.fr\/wp-content\/uploads\/sites\/12\/2023\/08\/Colorama-Bas-1536x141.png 1536w, https:\/\/jacobins.toulouse.fr\/wp-content\/uploads\/sites\/12\/2023\/08\/Colorama-Bas-2048x188.png 2048w, https:\/\/jacobins.toulouse.fr\/wp-content\/uploads\/sites\/12\/2023\/08\/Colorama-Bas-414x38.png 414w\"\n                    class=\"attachment-full size-full pure-img\"\n                    >\n            <source\n                srcset=\"https:\/\/jacobins.toulouse.fr\/wp-content\/uploads\/sites\/12\/2023\/08\/Colorama-Mobile-BD.png 640w, https:\/\/jacobins.toulouse.fr\/wp-content\/uploads\/sites\/12\/2023\/08\/Colorama-Mobile-BD-300x141.png 300w, https:\/\/jacobins.toulouse.fr\/wp-content\/uploads\/sites\/12\/2023\/08\/Colorama-Mobile-BD-414x194.png 414w, https:\/\/jacobins.toulouse.fr\/wp-content\/uploads\/sites\/12\/2023\/08\/Colorama-Mobile-BD-213x100.png 213w\"\n                sizes=\"(max-width: 2880px) 100vw, 2880px\">\n            <img decoding=\"async\" src=\"https:\/\/jacobins.toulouse.fr\/wp-content\/uploads\/sites\/12\/2023\/08\/Colorama-Bas.png\"\n                srcset=\"https:\/\/jacobins.toulouse.fr\/wp-content\/uploads\/sites\/12\/2023\/08\/Colorama-Bas.png 2880w, https:\/\/jacobins.toulouse.fr\/wp-content\/uploads\/sites\/12\/2023\/08\/Colorama-Bas-300x28.png 300w, https:\/\/jacobins.toulouse.fr\/wp-content\/uploads\/sites\/12\/2023\/08\/Colorama-Bas-1024x94.png 1024w, https:\/\/jacobins.toulouse.fr\/wp-content\/uploads\/sites\/12\/2023\/08\/Colorama-Bas-768x70.png 768w, https:\/\/jacobins.toulouse.fr\/wp-content\/uploads\/sites\/12\/2023\/08\/Colorama-Bas-1536x141.png 1536w, https:\/\/jacobins.toulouse.fr\/wp-content\/uploads\/sites\/12\/2023\/08\/Colorama-Bas-2048x188.png 2048w, https:\/\/jacobins.toulouse.fr\/wp-content\/uploads\/sites\/12\/2023\/08\/Colorama-Bas-414x38.png 414w\"\n                sizes=\"(min-width: 60rem) 60rem, 100vw\"\n                class=\"splide__image\"\n                alt=\"\"\n            >\n          <\/picture>\n            <\/section>\n","protected":false},"excerpt":{"rendered":"<p>L\u2019offre \u00e9ducative du Couvent des Jacobins Sp\u00e9cialement con\u00e7us pour enrichir les connaissances historiques et culturelles des \u00e9tudiants, du cycle 1 au Lyc\u00e9e, nos programmes offrent une exp\u00e9rience \u00e9ducative riche pour les enseignants et leurs \u00e9l\u00e8ves.&hellip;<\/p>\n","protected":false},"author":69,"featured_media":0,"parent":0,"menu_order":0,"comment_status":"closed","ping_status":"closed","template":"","meta":{"_acf_changed":false,"footnotes":""},"class_list":["post-771","page","type-page","status-publish","hentry"],"acf":[],"yoast_head":"<!-- This site is optimized with the Yoast SEO plugin v27.0 - https:\/\/yoast.com\/product\/yoast-seo-wordpress\/ -->\n<title>Offre p\u00e9dagogique pour les enseignants - Couvent des Jacobins<\/title>\n<meta name=\"robots\" content=\"index, follow, max-snippet:-1, max-image-preview:large, max-video-preview:-1\" \/>\n<link rel=\"canonical\" href=\"https:\/\/jacobins.toulouse.fr\/fr\/offre-pedagogique-enseignants\/\" \/>\n<meta property=\"og:locale\" content=\"fr_FR\" \/>\n<meta property=\"og:type\" content=\"article\" \/>\n<meta property=\"og:title\" content=\"Offre p\u00e9dagogique pour les enseignants - Couvent des Jacobins\" \/>\n<meta property=\"og:description\" content=\"L\u2019offre \u00e9ducative du Couvent des Jacobins Sp\u00e9cialement con\u00e7us pour enrichir les connaissances historiques et culturelles des \u00e9tudiants, du cycle 1 au Lyc\u00e9e, nos programmes offrent une exp\u00e9rience \u00e9ducative riche pour les enseignants et leurs \u00e9l\u00e8ves.&hellip;\" \/>\n<meta property=\"og:url\" content=\"https:\/\/jacobins.toulouse.fr\/fr\/offre-pedagogique-enseignants\/\" \/>\n<meta property=\"og:site_name\" content=\"Couvent des Jacobins\" \/>\n<meta property=\"article:modified_time\" content=\"2026-01-13T09:38:49+00:00\" \/>\n<meta property=\"og:image\" content=\"https:\/\/jacobins.toulouse.fr\/wp-content\/uploads\/sites\/12\/2023\/10\/plume.gif\" \/>\n\t<meta property=\"og:image:width\" content=\"100\" \/>\n\t<meta property=\"og:image:height\" content=\"100\" \/>\n\t<meta property=\"og:image:type\" content=\"image\/gif\" \/>\n<meta name=\"twitter:card\" content=\"summary_large_image\" \/>\n<meta name=\"twitter:label1\" content=\"Dur\u00e9e de lecture estim\u00e9e\" \/>\n\t<meta name=\"twitter:data1\" content=\"2 minutes\" \/>\n<script type=\"application\/ld+json\" class=\"yoast-schema-graph\">{\"@context\":\"https:\/\/schema.org\",\"@graph\":[{\"@type\":\"WebPage\",\"@id\":\"https:\/\/jacobins.toulouse.fr\/fr\/offre-pedagogique-enseignants\/\",\"url\":\"https:\/\/jacobins.toulouse.fr\/fr\/offre-pedagogique-enseignants\/\",\"name\":\"Offre p\u00e9dagogique pour les enseignants - Couvent des Jacobins\",\"isPartOf\":{\"@id\":\"https:\/\/jacobins.toulouse.fr\/fr\/#website\"},\"primaryImageOfPage\":{\"@id\":\"https:\/\/jacobins.toulouse.fr\/fr\/offre-pedagogique-enseignants\/#primaryimage\"},\"image\":{\"@id\":\"https:\/\/jacobins.toulouse.fr\/fr\/offre-pedagogique-enseignants\/#primaryimage\"},\"thumbnailUrl\":\"https:\/\/jacobins.toulouse.fr\/wp-content\/uploads\/sites\/12\/2023\/10\/plume.gif\",\"datePublished\":\"2023-09-19T22:27:15+00:00\",\"dateModified\":\"2026-01-13T09:38:49+00:00\",\"breadcrumb\":{\"@id\":\"https:\/\/jacobins.toulouse.fr\/fr\/offre-pedagogique-enseignants\/#breadcrumb\"},\"inLanguage\":\"fr-FR\",\"potentialAction\":[{\"@type\":\"ReadAction\",\"target\":[\"https:\/\/jacobins.toulouse.fr\/fr\/offre-pedagogique-enseignants\/\"]}]},{\"@type\":\"ImageObject\",\"inLanguage\":\"fr-FR\",\"@id\":\"https:\/\/jacobins.toulouse.fr\/fr\/offre-pedagogique-enseignants\/#primaryimage\",\"url\":\"https:\/\/jacobins.toulouse.fr\/wp-content\/uploads\/sites\/12\/2023\/10\/plume.gif\",\"contentUrl\":\"https:\/\/jacobins.toulouse.fr\/wp-content\/uploads\/sites\/12\/2023\/10\/plume.gif\"},{\"@type\":\"BreadcrumbList\",\"@id\":\"https:\/\/jacobins.toulouse.fr\/fr\/offre-pedagogique-enseignants\/#breadcrumb\",\"itemListElement\":[{\"@type\":\"ListItem\",\"position\":1,\"name\":\"Accueil\",\"item\":\"https:\/\/jacobins.toulouse.fr\/fr\/\"},{\"@type\":\"ListItem\",\"position\":2,\"name\":\"Offre p\u00e9dagogique pour les enseignants\"}]},{\"@type\":\"WebSite\",\"@id\":\"https:\/\/jacobins.toulouse.fr\/fr\/#website\",\"url\":\"https:\/\/jacobins.toulouse.fr\/fr\/\",\"name\":\"Couvent des Jacobins\",\"description\":\"\",\"publisher\":{\"@id\":\"https:\/\/jacobins.toulouse.fr\/fr\/#organization\"},\"potentialAction\":[{\"@type\":\"SearchAction\",\"target\":{\"@type\":\"EntryPoint\",\"urlTemplate\":\"https:\/\/jacobins.toulouse.fr\/fr\/search\/{search_term_string}\"},\"query-input\":{\"@type\":\"PropertyValueSpecification\",\"valueRequired\":true,\"valueName\":\"search_term_string\"}}],\"inLanguage\":\"fr-FR\"},{\"@type\":\"Organization\",\"@id\":\"https:\/\/jacobins.toulouse.fr\/fr\/#organization\",\"name\":\"Couvent des Jacobins\",\"url\":\"https:\/\/jacobins.toulouse.fr\/fr\/\",\"logo\":{\"@type\":\"ImageObject\",\"inLanguage\":\"fr-FR\",\"@id\":\"https:\/\/jacobins.toulouse.fr\/fr\/#\/schema\/logo\/image\/\",\"url\":\"https:\/\/jacobins.toulouse.fr\/wp-content\/uploads\/sites\/12\/2023\/08\/cropped-cropped-Logo-Jacobins.png\",\"contentUrl\":\"https:\/\/jacobins.toulouse.fr\/wp-content\/uploads\/sites\/12\/2023\/08\/cropped-cropped-Logo-Jacobins.png\",\"width\":254,\"height\":150,\"caption\":\"Couvent des Jacobins\"},\"image\":{\"@id\":\"https:\/\/jacobins.toulouse.fr\/fr\/#\/schema\/logo\/image\/\"}}]}<\/script>\n<!-- \/ Yoast SEO plugin. -->","yoast_head_json":{"title":"Offre p\u00e9dagogique pour les enseignants - Couvent des Jacobins","robots":{"index":"index","follow":"follow","max-snippet":"max-snippet:-1","max-image-preview":"max-image-preview:large","max-video-preview":"max-video-preview:-1"},"canonical":"https:\/\/jacobins.toulouse.fr\/fr\/offre-pedagogique-enseignants\/","og_locale":"fr_FR","og_type":"article","og_title":"Offre p\u00e9dagogique pour les enseignants - Couvent des Jacobins","og_description":"L\u2019offre \u00e9ducative du Couvent des Jacobins Sp\u00e9cialement con\u00e7us pour enrichir les connaissances historiques et culturelles des \u00e9tudiants, du cycle 1 au Lyc\u00e9e, nos programmes offrent une exp\u00e9rience \u00e9ducative riche pour les enseignants et leurs \u00e9l\u00e8ves.&hellip;","og_url":"https:\/\/jacobins.toulouse.fr\/fr\/offre-pedagogique-enseignants\/","og_site_name":"Couvent des Jacobins","article_modified_time":"2026-01-13T09:38:49+00:00","og_image":[{"width":100,"height":100,"url":"https:\/\/jacobins.toulouse.fr\/wp-content\/uploads\/sites\/12\/2023\/10\/plume.gif","type":"image\/gif"}],"twitter_card":"summary_large_image","twitter_misc":{"Dur\u00e9e de lecture estim\u00e9e":"2 minutes"},"schema":{"@context":"https:\/\/schema.org","@graph":[{"@type":"WebPage","@id":"https:\/\/jacobins.toulouse.fr\/fr\/offre-pedagogique-enseignants\/","url":"https:\/\/jacobins.toulouse.fr\/fr\/offre-pedagogique-enseignants\/","name":"Offre p\u00e9dagogique pour les enseignants - Couvent des Jacobins","isPartOf":{"@id":"https:\/\/jacobins.toulouse.fr\/fr\/#website"},"primaryImageOfPage":{"@id":"https:\/\/jacobins.toulouse.fr\/fr\/offre-pedagogique-enseignants\/#primaryimage"},"image":{"@id":"https:\/\/jacobins.toulouse.fr\/fr\/offre-pedagogique-enseignants\/#primaryimage"},"thumbnailUrl":"https:\/\/jacobins.toulouse.fr\/wp-content\/uploads\/sites\/12\/2023\/10\/plume.gif","datePublished":"2023-09-19T22:27:15+00:00","dateModified":"2026-01-13T09:38:49+00:00","breadcrumb":{"@id":"https:\/\/jacobins.toulouse.fr\/fr\/offre-pedagogique-enseignants\/#breadcrumb"},"inLanguage":"fr-FR","potentialAction":[{"@type":"ReadAction","target":["https:\/\/jacobins.toulouse.fr\/fr\/offre-pedagogique-enseignants\/"]}]},{"@type":"ImageObject","inLanguage":"fr-FR","@id":"https:\/\/jacobins.toulouse.fr\/fr\/offre-pedagogique-enseignants\/#primaryimage","url":"https:\/\/jacobins.toulouse.fr\/wp-content\/uploads\/sites\/12\/2023\/10\/plume.gif","contentUrl":"https:\/\/jacobins.toulouse.fr\/wp-content\/uploads\/sites\/12\/2023\/10\/plume.gif"},{"@type":"BreadcrumbList","@id":"https:\/\/jacobins.toulouse.fr\/fr\/offre-pedagogique-enseignants\/#breadcrumb","itemListElement":[{"@type":"ListItem","position":1,"name":"Accueil","item":"https:\/\/jacobins.toulouse.fr\/fr\/"},{"@type":"ListItem","position":2,"name":"Offre p\u00e9dagogique pour les enseignants"}]},{"@type":"WebSite","@id":"https:\/\/jacobins.toulouse.fr\/fr\/#website","url":"https:\/\/jacobins.toulouse.fr\/fr\/","name":"Couvent des Jacobins","description":"","publisher":{"@id":"https:\/\/jacobins.toulouse.fr\/fr\/#organization"},"potentialAction":[{"@type":"SearchAction","target":{"@type":"EntryPoint","urlTemplate":"https:\/\/jacobins.toulouse.fr\/fr\/search\/{search_term_string}"},"query-input":{"@type":"PropertyValueSpecification","valueRequired":true,"valueName":"search_term_string"}}],"inLanguage":"fr-FR"},{"@type":"Organization","@id":"https:\/\/jacobins.toulouse.fr\/fr\/#organization","name":"Couvent des Jacobins","url":"https:\/\/jacobins.toulouse.fr\/fr\/","logo":{"@type":"ImageObject","inLanguage":"fr-FR","@id":"https:\/\/jacobins.toulouse.fr\/fr\/#\/schema\/logo\/image\/","url":"https:\/\/jacobins.toulouse.fr\/wp-content\/uploads\/sites\/12\/2023\/08\/cropped-cropped-Logo-Jacobins.png","contentUrl":"https:\/\/jacobins.toulouse.fr\/wp-content\/uploads\/sites\/12\/2023\/08\/cropped-cropped-Logo-Jacobins.png","width":254,"height":150,"caption":"Couvent des Jacobins"},"image":{"@id":"https:\/\/jacobins.toulouse.fr\/fr\/#\/schema\/logo\/image\/"}}]}},"_links":{"self":[{"href":"https:\/\/jacobins.toulouse.fr\/fr\/wp-json\/wp\/v2\/pages\/771","targetHints":{"allow":["GET"]}}],"collection":[{"href":"https:\/\/jacobins.toulouse.fr\/fr\/wp-json\/wp\/v2\/pages"}],"about":[{"href":"https:\/\/jacobins.toulouse.fr\/fr\/wp-json\/wp\/v2\/types\/page"}],"author":[{"embeddable":true,"href":"https:\/\/jacobins.toulouse.fr\/fr\/wp-json\/wp\/v2\/users\/69"}],"replies":[{"embeddable":true,"href":"https:\/\/jacobins.toulouse.fr\/fr\/wp-json\/wp\/v2\/comments?post=771"}],"version-history":[{"count":432,"href":"https:\/\/jacobins.toulouse.fr\/fr\/wp-json\/wp\/v2\/pages\/771\/revisions"}],"predecessor-version":[{"id":10848,"href":"https:\/\/jacobins.toulouse.fr\/fr\/wp-json\/wp\/v2\/pages\/771\/revisions\/10848"}],"wp:attachment":[{"href":"https:\/\/jacobins.toulouse.fr\/fr\/wp-json\/wp\/v2\/media?parent=771"}],"curies":[{"name":"wp","href":"https:\/\/api.w.org\/{rel}","templated":true}]}}