{"id":8801,"date":"2024-07-24T10:32:35","date_gmt":"2024-07-24T08:32:35","guid":{"rendered":"https:\/\/jacobins.toulouse.fr\/?page_id=8801"},"modified":"2026-01-13T10:39:22","modified_gmt":"2026-01-13T09:39:22","slug":"preparer-visite-scolaire","status":"publish","type":"page","link":"https:\/\/jacobins.toulouse.fr\/fr\/enseignants\/preparer-visite-scolaire\/","title":{"rendered":"Conseils \u00e0 la visite scolaire"},"content":{"rendered":"<section class=\"section-group\"><div class=\"container\"><div class=\"pure-g\">\n<div class=\"wp-block-group is-layout-constrained wp-block-group-is-layout-constrained\">\n<p>Ici, vous trouverez toutes les informations susceptibles de vous aider \u00e0 la pr\u00e9paration de votre prochaine visite scolaire !<br>Certains \u00e9l\u00e9ments rel\u00e8vent du r\u00e8glement int\u00e9rieur. Nous vous adressons \u00e9galement une liste de recommandation pour que votre venue se d\u00e9roule dans les meilleures conditions possibles.<\/p>\n\n\n\n<div class=\"wp-block-buttons is-content-justification-center is-layout-flex wp-container-core-buttons-is-layout-16018d1d wp-block-buttons-is-layout-flex\">\n<div class=\"wp-block-button\"><a class=\"wp-block-button__link wp-element-button\" href=\"https:\/\/jacobins.toulouse.fr\/fr\/reglement-interieur\/\">Voir le r\u00e8glement int\u00e9rieur<\/a><\/div>\n<\/div>\n<\/div>\n<\/div><\/div><\/section>\n\n<section class=\"section-group\"><div class=\"container\"><div class=\"pure-g\">\n<div class=\"wp-block-group is-layout-constrained wp-block-group-is-layout-constrained\">\n<h2 class=\"wp-block-heading\" id=\"aspects-pratiques\">Aspects pratiques<\/h2>\n\n\n\n<h3 class=\"wp-block-heading\" id=\"procedure-d-arrivee\">Proc\u00e9dure d&rsquo;arriv\u00e9e<\/h3>\n\n\n\n<div class=\"wp-block-media-text is-stacked-on-mobile is-vertically-aligned-center is-image-fill-element\" style=\"grid-template-columns:30% auto\"><figure class=\"wp-block-media-text__media\"><img loading=\"lazy\" decoding=\"async\" width=\"1024\" height=\"683\" src=\"https:\/\/jacobins.toulouse.fr\/wp-content\/uploads\/sites\/12\/2024\/07\/conseil-aide-visite-scolaire-\u00a9alexandre-Ollier-1024x683.jpg\" alt=\"\" class=\"wp-image-8815 size-full\" style=\"object-position:60% 22%\" srcset=\"https:\/\/jacobins.toulouse.fr\/wp-content\/uploads\/sites\/12\/2024\/07\/conseil-aide-visite-scolaire-\u00a9alexandre-Ollier-1024x683.jpg 1024w, https:\/\/jacobins.toulouse.fr\/wp-content\/uploads\/sites\/12\/2024\/07\/conseil-aide-visite-scolaire-\u00a9alexandre-Ollier-300x200.jpg 300w, https:\/\/jacobins.toulouse.fr\/wp-content\/uploads\/sites\/12\/2024\/07\/conseil-aide-visite-scolaire-\u00a9alexandre-Ollier-768x512.jpg 768w, https:\/\/jacobins.toulouse.fr\/wp-content\/uploads\/sites\/12\/2024\/07\/conseil-aide-visite-scolaire-\u00a9alexandre-Ollier-414x276.jpg 414w, https:\/\/jacobins.toulouse.fr\/wp-content\/uploads\/sites\/12\/2024\/07\/conseil-aide-visite-scolaire-\u00a9alexandre-Ollier.jpg 1500w\" sizes=\"(max-width: 1024px) 100vw, 1024px\" \/><\/figure><div class=\"wp-block-media-text__content\">\n<ol class=\"wp-block-list\">\n<li>Acc\u00e8s au monument par l&rsquo;\u00e9glise<\/li>\n\n\n\n<li>Respect des horaires confirm\u00e9s<br><em>Merci de pr\u00e9voir quelques minutes avant l&rsquo;heure pr\u00e9vue pour une visite en toute s\u00e9r\u00e9nit\u00e9, except\u00e9 pour les visites qui commencent \u00e0 10h (heure d&rsquo;ouverture du monument)\u2002\u2002\u2002\u2002\u2002\u2002<\/em><\/li>\n\n\n\n<li>Groupe de visiteurs constitu\u00e9 avant le passage \u00e0 l&rsquo;accueil-billetterie du responsable<\/li>\n\n\n\n<li>Point de rendez-vous du groupe dans l\u2019\u00e9glise <em>(sur la gauche avant l&rsquo;accueil, au niveau des bancs)<\/em><\/li>\n\n\n\n<li>Un seul interlocuteur pour confirmer l&rsquo;arriv\u00e9e du groupe \u00e0 l&rsquo;accueil-billetterie (le responsable) :<br>&#8211; Indiquer le nombre de participants en pr\u00e9sentiel <br>&#8211; R\u00e9gler la prestation si besoin<br><em>Dans le cas d&rsquo;une visite avec m\u00e9diation, le m\u00e9diateur qui vous accompagnera pendant la visite rejoindra le groupe \u00e0 ce moment.<\/em><\/li>\n\n\n\n<li>En cas d&rsquo;arriv\u00e9e tardive ou d&#8217;emp\u00eachement de derni\u00e8re minute : contacter l&rsquo;accueil-billetterie au 05 61 22 23 82<\/li>\n<\/ol>\n<\/div><\/div>\n\n\n\n<h3 class=\"wp-block-heading\" id=\"confort-de-visite-au-couvent\">Confort de visite au couvent<\/h3>\n\n\n\n<p>Toutes les <strong>activit\u00e9s sont accessibles aux personnes \u00e0 mobilit\u00e9 r\u00e9duite<\/strong> et peuvent \u00eatre adapt\u00e9es aux \u00e9l\u00e8ves \u00e0 besoins sp\u00e9cifiques : <strong>cette information doit nous \u00eatre transmise en amont au moment de la r\u00e9servation.<\/strong> <\/p>\n\n\n\n<p><strong>Le Couvent ne dispose pas d&rsquo;un syst\u00e8me de&nbsp;chauffage<\/strong>, il est donc fortement recommand\u00e9 d&rsquo;habiller les enfants chaudement le jour de la visite.<\/p>\n\n\n\n<p><strong>Le monument ne dispose pas de lieu de restauration sur place, ni de vestiaires.<\/strong><\/p>\n\n\n\n<p><strong>Pour toutes visites incluant l&rsquo;usage du livret,<\/strong> pr\u00e9voir un crayon \u00e0 papier par enfant.&nbsp;&nbsp;Le couvent ne met pas ce mat\u00e9riel \u00e0 disposition. Merci de noter que seul les crayons \u00e0 papiers sont autoris\u00e9s dans les lieux (stylos, marqueurs ou autres sont interdits pour pr\u00e9venir de tout incident).<\/p>\n\n\n\n<p><strong>Pour les groupes qui suivent une visite avec m\u00e9diation autour d&rsquo;une th\u00e9matique<\/strong>, pensez \u00e0 diviser la classe en 2 groupes en amont. Cette d\u00e9marche est n\u00e9cessaire pour que tous les \u00e9l\u00e8ves participent aux deux animations.&nbsp;&nbsp;&nbsp;<\/p>\n\n\n\n<div class=\"wp-block-buttons is-content-justification-center is-layout-flex wp-container-core-buttons-is-layout-16018d1d wp-block-buttons-is-layout-flex\">\n<div class=\"wp-block-button\"><a class=\"wp-block-button__link has-text-align-center wp-element-button\" href=\"https:\/\/jacobins.toulouse.fr\/fr\/offre-pedagogique\/#reservation-scolaire\">R\u00e9server<\/a><\/div>\n\n\n\n<div class=\"wp-block-button\"><a class=\"wp-block-button__link has-text-align-center wp-element-button\" href=\"https:\/\/jacobins.toulouse.fr\/fr\/offre-pedagogique-enseignants\/\">Retour page enseignant<\/a><\/div>\n<\/div>\n\n\n\n<div style=\"height:20px\" aria-hidden=\"true\" class=\"wp-block-spacer\"><\/div>\n\n\n\n<h2 class=\"wp-block-heading\" id=\"complement-d-information-autour-des-ateliers-et-visites\">Compl\u00e9ment d&rsquo;information autour des ateliers et visites<\/h2>\n\n\n\n<p><a href=\"https:\/\/jacobins.toulouse.fr\/fr\/reglement-interieur\/\"><strong>Le r\u00e8glement int\u00e9rieur du couvent<\/strong><\/a> fournit une information compl\u00e9mentaire exhaustive.<\/p>\n\n\n\n<h3 class=\"wp-block-heading\" id=\"visite-autour-de-la-thematique-a-table\">Visite autour de la&nbsp;th\u00e9matique \u00ab&nbsp;A table&nbsp;\u00bb<\/h3>\n\n\n\n<p>Afin d&rsquo;\u00e9viter tous probl\u00e8mes d&rsquo;intol\u00e9rance ou d&rsquo;allergie lors de cet atelier (fabrication d\u2019une pr\u00e9paration pour un hypocras sans alcool), nous vous invitons \u00e0 tenir compte des ingr\u00e9dients utilis\u00e9s et d\u2019en informer les familles avant l\u2019activit\u00e9 :<\/p>\n\n\n\n<div class=\"wp-block-media-text is-stacked-on-mobile is-vertically-aligned-center is-image-fill-element\" style=\"grid-template-columns:30% auto\"><figure class=\"wp-block-media-text__media\"><img loading=\"lazy\" decoding=\"async\" width=\"1024\" height=\"683\" src=\"https:\/\/jacobins.toulouse.fr\/wp-content\/uploads\/sites\/12\/2024\/07\/Conseil-aide-visite-infos\u00a9Alexandre-Ollier-1024x683.jpg\" alt=\"\" class=\"wp-image-8820 size-full\" style=\"object-position:7% 51%\" srcset=\"https:\/\/jacobins.toulouse.fr\/wp-content\/uploads\/sites\/12\/2024\/07\/Conseil-aide-visite-infos\u00a9Alexandre-Ollier-1024x683.jpg 1024w, https:\/\/jacobins.toulouse.fr\/wp-content\/uploads\/sites\/12\/2024\/07\/Conseil-aide-visite-infos\u00a9Alexandre-Ollier-300x200.jpg 300w, https:\/\/jacobins.toulouse.fr\/wp-content\/uploads\/sites\/12\/2024\/07\/Conseil-aide-visite-infos\u00a9Alexandre-Ollier-768x512.jpg 768w, https:\/\/jacobins.toulouse.fr\/wp-content\/uploads\/sites\/12\/2024\/07\/Conseil-aide-visite-infos\u00a9Alexandre-Ollier-414x276.jpg 414w, https:\/\/jacobins.toulouse.fr\/wp-content\/uploads\/sites\/12\/2024\/07\/Conseil-aide-visite-infos\u00a9Alexandre-Ollier.jpg 1500w\" sizes=\"(max-width: 1024px) 100vw, 1024px\" \/><\/figure><div class=\"wp-block-media-text__content\">\n<ul class=\"wp-block-list\">\n<li>Cannelle<\/li>\n\n\n\n<li>Gingembre<\/li>\n\n\n\n<li>Clou de girofle<\/li>\n\n\n\n<li>Noix de Muscade<\/li>\n\n\n\n<li>Macis (enveloppe de la noix de muscade)<\/li>\n\n\n\n<li>Poivre<\/li>\n<\/ul>\n<\/div><\/div>\n\n\n\n<h3 class=\"wp-block-heading\" id=\"visite-en-autonomie\">Visite en autonomie&nbsp;<\/h3>\n\n\n\n<p>Nous vous conseillons d&rsquo;organiser au pr\u00e9alable votre classe en petits groupes afin de d\u00e9couvrir le monument de mani\u00e8re sereine. La participation active des accompagnateurs reste essentielle. Le partage de l&rsquo;outil p\u00e9dagogique \u00ab\u00a0Mon livret de d\u00e9couverte\u00a0\u00bb avec les adultes encadrants aidera le groupe \u00e0 profiter au maximum de la sortie.<\/p>\n\n\n\n<h3 class=\"wp-block-heading\" id=\"visite-libre-des-expositions-en-cours\">Visite libre des expositions en cours &nbsp;<\/h3>\n\n\n\n<p><strong>Les expositions peuvent \u00eatre accessibles en visites libres le temps de votre pr\u00e9sence dans le monument, dans la mesure o\u00f9 le parcours est d\u00e9gag\u00e9.<\/strong><\/p>\n\n\n\n<p>L\u2019encadrement des accompagnateurs dans cette organisation reste essentiel pour la bonne d\u00e9couverte de nos expositions, tout en respectant la pr\u00e9sence d&rsquo;autres visiteurs :<\/p>\n\n\n\n<ul class=\"wp-block-list\">\n<li>Nombre minimum d\u2019accompagnateurs : 1 adulte pour 5\/6 enfants<\/li>\n\n\n\n<li>Sensibilisation des enfants pour une visite dans le calme (partage de l\u2019espace avec d\u2019autres visiteurs)<\/li>\n\n\n\n<li>Surveillance des accompagnateurs primordiale : les pi\u00e8ces qui se sont pas sous vitrines ne doivent pas \u00eatre touch\u00e9es<\/li>\n<\/ul>\n<\/div>\n<\/div><\/div><\/section>\n\n\n<div class=\"wp-block-buttons is-content-justification-center is-layout-flex wp-container-core-buttons-is-layout-16018d1d wp-block-buttons-is-layout-flex\">\n<div class=\"wp-block-button\"><a class=\"wp-block-button__link has-text-align-center wp-element-button\" href=\"https:\/\/jacobins.toulouse.fr\/fr\/offre-pedagogique\/#reservation-scolaire\">R\u00e9server<\/a><\/div>\n\n\n\n<div class=\"wp-block-button\"><a class=\"wp-block-button__link has-text-align-center wp-element-button\" href=\"https:\/\/jacobins.toulouse.fr\/fr\/offre-pedagogique-enseignants\/\">retour page enseignant<\/a><\/div>\n<\/div>\n","protected":false},"excerpt":{"rendered":"<p>Ici, vous trouverez toutes les informations susceptibles de vous aider \u00e0 la pr\u00e9paration de votre prochaine visite scolaire !Certains \u00e9l\u00e9ments rel\u00e8vent du r\u00e8glement int\u00e9rieur. Nous vous adressons \u00e9galement une liste de recommandation pour que votre&hellip;<\/p>\n","protected":false},"author":93,"featured_media":0,"parent":771,"menu_order":0,"comment_status":"closed","ping_status":"closed","template":"","meta":{"_acf_changed":false,"footnotes":""},"class_list":["post-8801","page","type-page","status-publish","hentry"],"acf":[],"yoast_head":"<!-- This site is optimized with the Yoast SEO plugin v27.0 - https:\/\/yoast.com\/product\/yoast-seo-wordpress\/ -->\n<title>Conseils \u00e0 la visite scolaire - Couvent des Jacobins<\/title>\n<meta name=\"description\" content=\"Pr\u00e9parez votre visite du monument et d\u00e9couvrez les d\u00e9tails indispensables pour vivre une exp\u00e9rience en tout s\u00e9r\u00e9nit\u00e9.\" \/>\n<meta name=\"robots\" content=\"index, follow, max-snippet:-1, max-image-preview:large, max-video-preview:-1\" \/>\n<link rel=\"canonical\" href=\"https:\/\/jacobins.toulouse.fr\/fr\/enseignants\/preparer-visite-scolaire\/\" \/>\n<meta property=\"og:locale\" content=\"fr_FR\" \/>\n<meta property=\"og:type\" content=\"article\" \/>\n<meta property=\"og:title\" content=\"Conseils \u00e0 la visite scolaire - Couvent des Jacobins\" \/>\n<meta property=\"og:description\" content=\"Pr\u00e9parez votre visite du monument et d\u00e9couvrez les d\u00e9tails indispensables pour vivre une exp\u00e9rience en tout s\u00e9r\u00e9nit\u00e9.\" \/>\n<meta property=\"og:url\" content=\"https:\/\/jacobins.toulouse.fr\/fr\/enseignants\/preparer-visite-scolaire\/\" \/>\n<meta property=\"og:site_name\" content=\"Couvent des Jacobins\" \/>\n<meta property=\"article:modified_time\" content=\"2026-01-13T09:39:22+00:00\" \/>\n<meta name=\"twitter:card\" content=\"summary_large_image\" \/>\n<meta name=\"twitter:label1\" content=\"Dur\u00e9e de lecture estim\u00e9e\" \/>\n\t<meta name=\"twitter:data1\" content=\"4 minutes\" \/>\n<script type=\"application\/ld+json\" class=\"yoast-schema-graph\">{\"@context\":\"https:\/\/schema.org\",\"@graph\":[{\"@type\":\"WebPage\",\"@id\":\"https:\/\/jacobins.toulouse.fr\/fr\/enseignants\/preparer-visite-scolaire\/\",\"url\":\"https:\/\/jacobins.toulouse.fr\/fr\/enseignants\/preparer-visite-scolaire\/\",\"name\":\"Conseils \u00e0 la visite scolaire - Couvent des Jacobins\",\"isPartOf\":{\"@id\":\"https:\/\/jacobins.toulouse.fr\/fr\/#website\"},\"datePublished\":\"2024-07-24T08:32:35+00:00\",\"dateModified\":\"2026-01-13T09:39:22+00:00\",\"description\":\"Pr\u00e9parez votre visite du monument et d\u00e9couvrez les d\u00e9tails indispensables pour vivre une exp\u00e9rience en tout s\u00e9r\u00e9nit\u00e9.\",\"breadcrumb\":{\"@id\":\"https:\/\/jacobins.toulouse.fr\/fr\/enseignants\/preparer-visite-scolaire\/#breadcrumb\"},\"inLanguage\":\"fr-FR\",\"potentialAction\":[{\"@type\":\"ReadAction\",\"target\":[\"https:\/\/jacobins.toulouse.fr\/fr\/enseignants\/preparer-visite-scolaire\/\"]}]},{\"@type\":\"BreadcrumbList\",\"@id\":\"https:\/\/jacobins.toulouse.fr\/fr\/enseignants\/preparer-visite-scolaire\/#breadcrumb\",\"itemListElement\":[{\"@type\":\"ListItem\",\"position\":1,\"name\":\"Accueil\",\"item\":\"https:\/\/jacobins.toulouse.fr\/fr\/\"},{\"@type\":\"ListItem\",\"position\":2,\"name\":\"Offre p\u00e9dagogique pour les enseignants\",\"item\":\"https:\/\/jacobins.toulouse.fr\/fr\/offre-pedagogique-enseignants\/\"},{\"@type\":\"ListItem\",\"position\":3,\"name\":\"Conseils \u00e0 la visite scolaire\"}]},{\"@type\":\"WebSite\",\"@id\":\"https:\/\/jacobins.toulouse.fr\/fr\/#website\",\"url\":\"https:\/\/jacobins.toulouse.fr\/fr\/\",\"name\":\"Couvent des Jacobins\",\"description\":\"\",\"publisher\":{\"@id\":\"https:\/\/jacobins.toulouse.fr\/fr\/#organization\"},\"potentialAction\":[{\"@type\":\"SearchAction\",\"target\":{\"@type\":\"EntryPoint\",\"urlTemplate\":\"https:\/\/jacobins.toulouse.fr\/fr\/search\/{search_term_string}\"},\"query-input\":{\"@type\":\"PropertyValueSpecification\",\"valueRequired\":true,\"valueName\":\"search_term_string\"}}],\"inLanguage\":\"fr-FR\"},{\"@type\":\"Organization\",\"@id\":\"https:\/\/jacobins.toulouse.fr\/fr\/#organization\",\"name\":\"Couvent des Jacobins\",\"url\":\"https:\/\/jacobins.toulouse.fr\/fr\/\",\"logo\":{\"@type\":\"ImageObject\",\"inLanguage\":\"fr-FR\",\"@id\":\"https:\/\/jacobins.toulouse.fr\/fr\/#\/schema\/logo\/image\/\",\"url\":\"https:\/\/jacobins.toulouse.fr\/wp-content\/uploads\/sites\/12\/2023\/08\/cropped-cropped-Logo-Jacobins.png\",\"contentUrl\":\"https:\/\/jacobins.toulouse.fr\/wp-content\/uploads\/sites\/12\/2023\/08\/cropped-cropped-Logo-Jacobins.png\",\"width\":254,\"height\":150,\"caption\":\"Couvent des Jacobins\"},\"image\":{\"@id\":\"https:\/\/jacobins.toulouse.fr\/fr\/#\/schema\/logo\/image\/\"}}]}<\/script>\n<!-- \/ Yoast SEO plugin. -->","yoast_head_json":{"title":"Conseils \u00e0 la visite scolaire - Couvent des Jacobins","description":"Pr\u00e9parez votre visite du monument et d\u00e9couvrez les d\u00e9tails indispensables pour vivre une exp\u00e9rience en tout s\u00e9r\u00e9nit\u00e9.","robots":{"index":"index","follow":"follow","max-snippet":"max-snippet:-1","max-image-preview":"max-image-preview:large","max-video-preview":"max-video-preview:-1"},"canonical":"https:\/\/jacobins.toulouse.fr\/fr\/enseignants\/preparer-visite-scolaire\/","og_locale":"fr_FR","og_type":"article","og_title":"Conseils \u00e0 la visite scolaire - Couvent des Jacobins","og_description":"Pr\u00e9parez votre visite du monument et d\u00e9couvrez les d\u00e9tails indispensables pour vivre une exp\u00e9rience en tout s\u00e9r\u00e9nit\u00e9.","og_url":"https:\/\/jacobins.toulouse.fr\/fr\/enseignants\/preparer-visite-scolaire\/","og_site_name":"Couvent des Jacobins","article_modified_time":"2026-01-13T09:39:22+00:00","twitter_card":"summary_large_image","twitter_misc":{"Dur\u00e9e de lecture estim\u00e9e":"4 minutes"},"schema":{"@context":"https:\/\/schema.org","@graph":[{"@type":"WebPage","@id":"https:\/\/jacobins.toulouse.fr\/fr\/enseignants\/preparer-visite-scolaire\/","url":"https:\/\/jacobins.toulouse.fr\/fr\/enseignants\/preparer-visite-scolaire\/","name":"Conseils \u00e0 la visite scolaire - Couvent des Jacobins","isPartOf":{"@id":"https:\/\/jacobins.toulouse.fr\/fr\/#website"},"datePublished":"2024-07-24T08:32:35+00:00","dateModified":"2026-01-13T09:39:22+00:00","description":"Pr\u00e9parez votre visite du monument et d\u00e9couvrez les d\u00e9tails indispensables pour vivre une exp\u00e9rience en tout s\u00e9r\u00e9nit\u00e9.","breadcrumb":{"@id":"https:\/\/jacobins.toulouse.fr\/fr\/enseignants\/preparer-visite-scolaire\/#breadcrumb"},"inLanguage":"fr-FR","potentialAction":[{"@type":"ReadAction","target":["https:\/\/jacobins.toulouse.fr\/fr\/enseignants\/preparer-visite-scolaire\/"]}]},{"@type":"BreadcrumbList","@id":"https:\/\/jacobins.toulouse.fr\/fr\/enseignants\/preparer-visite-scolaire\/#breadcrumb","itemListElement":[{"@type":"ListItem","position":1,"name":"Accueil","item":"https:\/\/jacobins.toulouse.fr\/fr\/"},{"@type":"ListItem","position":2,"name":"Offre p\u00e9dagogique pour les enseignants","item":"https:\/\/jacobins.toulouse.fr\/fr\/offre-pedagogique-enseignants\/"},{"@type":"ListItem","position":3,"name":"Conseils \u00e0 la visite scolaire"}]},{"@type":"WebSite","@id":"https:\/\/jacobins.toulouse.fr\/fr\/#website","url":"https:\/\/jacobins.toulouse.fr\/fr\/","name":"Couvent des Jacobins","description":"","publisher":{"@id":"https:\/\/jacobins.toulouse.fr\/fr\/#organization"},"potentialAction":[{"@type":"SearchAction","target":{"@type":"EntryPoint","urlTemplate":"https:\/\/jacobins.toulouse.fr\/fr\/search\/{search_term_string}"},"query-input":{"@type":"PropertyValueSpecification","valueRequired":true,"valueName":"search_term_string"}}],"inLanguage":"fr-FR"},{"@type":"Organization","@id":"https:\/\/jacobins.toulouse.fr\/fr\/#organization","name":"Couvent des Jacobins","url":"https:\/\/jacobins.toulouse.fr\/fr\/","logo":{"@type":"ImageObject","inLanguage":"fr-FR","@id":"https:\/\/jacobins.toulouse.fr\/fr\/#\/schema\/logo\/image\/","url":"https:\/\/jacobins.toulouse.fr\/wp-content\/uploads\/sites\/12\/2023\/08\/cropped-cropped-Logo-Jacobins.png","contentUrl":"https:\/\/jacobins.toulouse.fr\/wp-content\/uploads\/sites\/12\/2023\/08\/cropped-cropped-Logo-Jacobins.png","width":254,"height":150,"caption":"Couvent des Jacobins"},"image":{"@id":"https:\/\/jacobins.toulouse.fr\/fr\/#\/schema\/logo\/image\/"}}]}},"_links":{"self":[{"href":"https:\/\/jacobins.toulouse.fr\/fr\/wp-json\/wp\/v2\/pages\/8801","targetHints":{"allow":["GET"]}}],"collection":[{"href":"https:\/\/jacobins.toulouse.fr\/fr\/wp-json\/wp\/v2\/pages"}],"about":[{"href":"https:\/\/jacobins.toulouse.fr\/fr\/wp-json\/wp\/v2\/types\/page"}],"author":[{"embeddable":true,"href":"https:\/\/jacobins.toulouse.fr\/fr\/wp-json\/wp\/v2\/users\/93"}],"replies":[{"embeddable":true,"href":"https:\/\/jacobins.toulouse.fr\/fr\/wp-json\/wp\/v2\/comments?post=8801"}],"version-history":[{"count":33,"href":"https:\/\/jacobins.toulouse.fr\/fr\/wp-json\/wp\/v2\/pages\/8801\/revisions"}],"predecessor-version":[{"id":10849,"href":"https:\/\/jacobins.toulouse.fr\/fr\/wp-json\/wp\/v2\/pages\/8801\/revisions\/10849"}],"up":[{"embeddable":true,"href":"https:\/\/jacobins.toulouse.fr\/fr\/wp-json\/wp\/v2\/pages\/771"}],"wp:attachment":[{"href":"https:\/\/jacobins.toulouse.fr\/fr\/wp-json\/wp\/v2\/media?parent=8801"}],"curies":[{"name":"wp","href":"https:\/\/api.w.org\/{rel}","templated":true}]}}