{"id":9295,"date":"2024-10-01T11:44:06","date_gmt":"2024-10-01T09:44:06","guid":{"rendered":"https:\/\/jacobins.toulouse.fr\/?page_id=9295"},"modified":"2026-01-14T13:56:44","modified_gmt":"2026-01-14T12:56:44","slug":"reservation","status":"publish","type":"page","link":"https:\/\/jacobins.toulouse.fr\/fr\/reservation\/","title":{"rendered":"R\u00e9servation &amp; questions"},"content":{"rendered":"<section class=\"section-group\"><div class=\"container\"><div class=\"pure-g\">\n<div class=\"wp-block-group is-layout-constrained wp-block-group-is-layout-constrained\">\n<p class=\"has-large-font-size\">Afin de vous accueillir dans les meilleures conditions, envoyez vos <strong>questions relatives \u00e0 nos activit\u00e9s et \u00e9v\u00e8nements<\/strong> ou votre <strong>demande de r\u00e9servation de visite pour les groupes de plus de 10 personnes<\/strong>* via le&nbsp;formulaire de contact ci-dessous.. Un d\u00e9lai de 3 semaines au minimum est \u00e0 observer pour les groupes. Les messages re\u00e7us sont trait\u00e9s par la <strong>personne en charge de la billetterie et des r\u00e9servations<\/strong>.<\/p>\n\n\n\n<p class=\"has-medium-font-size\">Merci de pr\u00e9ciser dans le corps de votre message :<\/p>\n\n\n\n<ul class=\"wp-block-list\">\n<li class=\"has-medium-font-size\">Nom de l\u2019<strong>offre culturelle<\/strong>&nbsp;souhait\u00e9e en objet (ex : groupe en visite libre du monument et\/ou d&rsquo;une l&rsquo;exposition)<\/li>\n\n\n\n<li class=\"has-medium-font-size\"><strong>Date et heure<\/strong>&nbsp;de pr\u00e9f\u00e9rence<\/li>\n\n\n\n<li class=\"has-medium-font-size\">Nombre de&nbsp;<strong>participants<\/strong>&nbsp;(accompagnateurs compris)<\/li>\n\n\n\n<li class=\"has-medium-font-size\">Les \u00e9ventuels\u00a0<strong>besoins sp\u00e9cifiques<\/strong>. <a href=\"https:\/\/jacobins.toulouse.fr\/fr\/accessibilite-handicap\/\">Plus d&rsquo;information sur les conditions d&rsquo;accueil autour de l\u2019accessibilit\u00e9<\/a><\/li>\n<\/ul>\n\n\n\n<div class=\"wp-block-buttons is-content-justification-center is-layout-flex wp-container-core-buttons-is-layout-16018d1d wp-block-buttons-is-layout-flex\">\n<div class=\"wp-block-button\"><a class=\"wp-block-button__link has-medium-font-size has-custom-font-size wp-element-button\" href=\"https:\/\/jacobins.toulouse.fr\/fr\/venir-en-groupe\/visite-groupe\/#contact\">Vous \u00eates en groupe ?<\/a><\/div>\n<\/div>\n\n\n\n<p><em>*Jusqu&rsquo;\u00e0 10 personnes inclues, la r\u00e9servation se fait directement sur la <a href=\"https:\/\/billetterie.couvent-jacobins.toulouse.fr\/content#\" target=\"_blank\" rel=\"noreferrer noopener\">billetterie du Couvent des Jacobins<\/a>.<\/em><\/p>\n<\/div>\n<\/div><\/div><\/section>\n\n\n<hr class=\"wp-block-separator has-alpha-channel-opacity\"\/>\n\n\n<section class=\"section-group\"><div class=\"container\"><div class=\"pure-g\">\n<div class=\"wp-block-group is-layout-constrained wp-block-group-is-layout-constrained\">\n<div class=\"wpcf7 no-js\" id=\"wpcf7-f6753-o1\" lang=\"fr-FR\" dir=\"ltr\" data-wpcf7-id=\"6753\">\n<div class=\"screen-reader-response\"><p role=\"status\" aria-live=\"polite\" aria-atomic=\"true\"><\/p> <ul><\/ul><\/div>\n<form action=\"\/fr\/wp-json\/wp\/v2\/pages\/9295#wpcf7-f6753-o1\" method=\"post\" class=\"wpcf7-form init\" aria-label=\"Formulaire de contact\" novalidate=\"novalidate\" data-status=\"init\">\n<fieldset class=\"hidden-fields-container\"><input type=\"hidden\" name=\"_wpcf7\" value=\"6753\" \/><input type=\"hidden\" name=\"_wpcf7_version\" value=\"6.1.5\" \/><input type=\"hidden\" name=\"_wpcf7_locale\" value=\"fr_FR\" \/><input type=\"hidden\" name=\"_wpcf7_unit_tag\" value=\"wpcf7-f6753-o1\" \/><input type=\"hidden\" name=\"_wpcf7_container_post\" value=\"0\" \/><input type=\"hidden\" name=\"_wpcf7_posted_data_hash\" value=\"\" \/>\n<\/fieldset>\n<input class=\"wpcf7-form-control wpcf7-hidden\" value=\"block_4227f2f06b2b3bc37cea94ea5cb7da47\" type=\"hidden\" name=\"block_id\" \/>\n<input class=\"wpcf7-form-control wpcf7-hidden\" value=\"publics.jacobins@mairie-toulouse.fr\" type=\"hidden\" name=\"dest\" \/>\n\n<div>\n<p class=\"form-group form-group--full mandatory\"><span class=\"mandatory\">*<\/span> Les champs marqu\u00e9s d&rsquo;un ast\u00e9risque sont obligatoires.<\/p>\n<p class=\"form-group form-group--full\"><em>Ne saisissez aucune information personnelle dans ce formulaire qui ne soit pas utile au traitement de votre demande.<\/em><\/p>\n<\/div>\n<div class=\"form-group\">\n    <label for=\"first-name-form6753-1\">Pr\u00e9nom<\/label><span class=\"wpcf7-form-control-wrap\" data-name=\"first_name\"><input size=\"40\" maxlength=\"400\" class=\"wpcf7-form-control wpcf7-text\" id=\"first-name-form6753-1\" aria-invalid=\"false\" placeholder=\"Exemple : Jean\" value=\"\" type=\"text\" name=\"first_name\" \/><\/span>\n<\/div>\n\n<div class=\"form-group\">\n    <label for=\"last-name-form6753-1\">Nom<\/label><span class=\"wpcf7-form-control-wrap\" data-name=\"last_name\"><input size=\"40\" maxlength=\"400\" class=\"wpcf7-form-control wpcf7-text\" id=\"last-name-form6753-1\" aria-invalid=\"false\" placeholder=\"Exemple : Martin\" value=\"\" type=\"text\" name=\"last_name\" \/><\/span>\n<\/div>\n\n<div class=\"form-group\">\n    <label for=\"email-form6753-1\"><span class=\"mandatory\"><\/span>Courriel * <small>Exemple : jean@martin.fr<\/small><\/label><span class=\"wpcf7-form-control-wrap\" data-name=\"email\"><input size=\"40\" maxlength=\"400\" class=\"wpcf7-form-control wpcf7-email wpcf7-validates-as-required wpcf7-text wpcf7-validates-as-email\" id=\"email-form6753-1\" aria-required=\"true\" aria-invalid=\"false\" placeholder=\"Exemple : jean@martin.fr\" value=\"\" type=\"email\" name=\"email\" \/><\/span>\n<\/div>\n\n<div class=\"form-group\">\n    <label for=\"phone-number-form6753-1\">Num\u00e9ro de t\u00e9l\u00e9phone <small>Exemple : 0605040302<\/small><\/label><span class=\"wpcf7-form-control-wrap\" data-name=\"phone_number\"><input size=\"40\" maxlength=\"400\" class=\"wpcf7-form-control wpcf7-tel wpcf7-text wpcf7-validates-as-tel\" id=\"phone-number-form6753-1\" aria-invalid=\"false\" placeholder=\"Exemple : 0605040302\" value=\"\" type=\"tel\" name=\"phone_number\" \/><\/span>\n<\/div>\n\n<div class=\"form-group\">\n    <label for=\"subject-form6753-1\"><span class=\"mandatory\"><\/span> Objet de votre demande *<\/label><span class=\"wpcf7-form-control-wrap\" data-name=\"subject\"><input size=\"40\" maxlength=\"400\" class=\"wpcf7-form-control wpcf7-text wpcf7-validates-as-required\" id=\"subject-form6753-1\" aria-required=\"true\" aria-invalid=\"false\" placeholder=\"Votre demande\" value=\"\" type=\"text\" name=\"subject\" \/><\/span>\n<\/div>\n<div class=\"form-group form-group--full\">\n    <label for=\"message-form6753-1\"><span class=\"mandatory\"><\/span> Message *<\/label><span class=\"wpcf7-form-control-wrap\" data-name=\"message\"><textarea cols=\"40\" rows=\"10\" maxlength=\"2000\" class=\"wpcf7-form-control wpcf7-textarea wpcf7-validates-as-required\" id=\"message-form6753-1\" aria-required=\"true\" aria-invalid=\"false\" placeholder=\"Votre message\" name=\"message\"><\/textarea><\/span>\n<\/div>\n\n<div class=\"form-group form-group--full\">\n    <span class=\"wpcf7-form-control-wrap\" data-name=\"consent\"><span class=\"wpcf7-form-control wpcf7-acceptance\"><span class=\"wpcf7-list-item\"><label><input type=\"checkbox\" name=\"consent\" value=\"1\" aria-invalid=\"false\" \/><span class=\"wpcf7-list-item-label\">En cochant cette case je consens \u00e0 ce que mes donn\u00e9es soient trait\u00e9es par le Couvent des Jacobins. Je suis inform\u00e9(e) du retrait possible de mon consentement, \u00e0 tout moment, en le demandant \u00e0 jacobins@mairie-toulouse.fr *<\/span><\/label><\/span><\/span><\/span>\n<\/div>\n\n<div class=\"form-group form-group--full\">\n    <span class=\"wpcf7-form-control-wrap\" data-name=\"consent\"><span class=\"wpcf7-form-control wpcf7-acceptance\"><span class=\"wpcf7-list-item\"><label><input type=\"checkbox\" name=\"consent\" value=\"1\" aria-invalid=\"false\" \/><span class=\"wpcf7-list-item-label\">En cochant cette case, j&rsquo;atteste avoir 16 ans ou plus.*<\/span><\/label><\/span><\/span><\/span>\n<\/div>\n\n<div class=\"form-group form-group--full\">\n<p>Ce formulaire est un traitement de donn\u00e9es personnelles g\u00e9r\u00e9 par le Couvent des Jacobins. Les informations recueillies \u00e0 partir de ce formulaire sont transmises au service gestionnaire de votre demande. Vous pouvez acc\u00e9der aux donn\u00e9es vous concernant, vous opposer \u00e0 leur traitement, les faire rectifier ou les faire effacer en contactant jacobins@mairie-toulouse.fr<\/p>\n<\/div>\n<div class=\"form-group--full\">\n    <div class=\"wpcf7-form-control wpcf7-captchetat\">\n    <span class=\"wpcf7-form-control-wrap\" data-name=\"captchetat\">\n        <div\n            class=\"tlsm-captchetat\"\n            data-captchetat-endpoint=\"https:\/\/jacobins.toulouse.fr\/fr\/wp-json\/tlsm\/v1\/captcha\"\n            aria-live=\"polite\"\n        >\n            <div class=\"tlsm-captchetat__widget\">\n                <div\n                    class=\"tlsm-captchetat__image\"\n                    role=\"img\"\n                    aria-label=\"Image captcha\"\n                ><\/div>\n\n                <div class=\"tlsm-captchetat__actions\">\n                    <button\n                        type=\"button\"\n                        class=\"tlsm-captchetat__refresh\"\n                        title=\"Recharger le captcha\"\n                        aria-label=\"Recharger le captcha\"\n                    >\n                        <span aria-hidden=\"true\">&#x21bb;<\/span>\n                    <\/button>\n\n                    <button\n                        type=\"button\"\n                        class=\"tlsm-captchetat__audio\"\n                        title=\"\u00c9couter le captcha\"\n                        aria-label=\"\u00c9couter le captcha\"\n                    >\n                        <span aria-hidden=\"true\">&#x1f50a;<\/span>\n                    <\/button>\n                <\/div>\n            <\/div>\n\n            <label class=\"tlsm-captchetat__label\">\n                <span class=\"tlsm-captchetat__label-text\">\n                    Saisissez le code affich\u00e9                <\/span>\n\n                <input\n                    type=\"text\"\n                    name=\"captchetat\"\n                    class=\"tlsm-captchetat__input wpcf7-form-control\"\n                    autocomplete=\"off\"\n                    aria-required=\"true\"\n                    aria-invalid=\"false\"                \/>\n            <\/label>\n\n            <input\n                type=\"hidden\"\n                name=\"captchetat-uuid\"\n                class=\"tlsm-captchetat__uuid\"\n                value=\"\"\n            \/>\n\n                    <\/div>\n    <\/span>\n<\/div>\n\n\n<\/div>\n<div class=\"wpcf7-response-output\"><\/div>\n<div class=\"call\">\n    <input class=\"wpcf7-form-control wpcf7-submit has-spinner btn btn--gold\" type=\"submit\" value=\"Envoyer\" \/>\n<\/div><div class=\"wpcf7-response-output\" aria-hidden=\"true\"><\/div>\n<\/form>\n<\/div>\n<\/div>\n<\/div><\/div><\/section>","protected":false},"excerpt":{"rendered":"<p>Afin de vous accueillir dans les meilleures conditions, envoyez vos questions relatives \u00e0 nos activit\u00e9s et \u00e9v\u00e8nements ou votre demande de r\u00e9servation de visite pour les groupes de plus de 10 personnes* via le&nbsp;formulaire de&hellip;<\/p>\n","protected":false},"author":93,"featured_media":0,"parent":0,"menu_order":0,"comment_status":"closed","ping_status":"closed","template":"","meta":{"_acf_changed":false,"footnotes":""},"class_list":["post-9295","page","type-page","status-publish","hentry"],"acf":[],"yoast_head":"<!-- This site is optimized with the Yoast SEO plugin v27.0 - https:\/\/yoast.com\/product\/yoast-seo-wordpress\/ -->\n<title>R\u00e9servation &amp; questions - Couvent des Jacobins<\/title>\n<meta name=\"description\" content=\"Une question sur nos offres de visites ? Vous souhaitez r\u00e9server pour un groupe ? Contactez-nous facilement en ligne via notre formulaire.\" \/>\n<meta name=\"robots\" content=\"index, follow, max-snippet:-1, max-image-preview:large, max-video-preview:-1\" \/>\n<link rel=\"canonical\" href=\"https:\/\/jacobins.toulouse.fr\/fr\/reservation\/\" \/>\n<meta property=\"og:locale\" content=\"fr_FR\" \/>\n<meta property=\"og:type\" content=\"article\" \/>\n<meta property=\"og:title\" content=\"R\u00e9servation &amp; questions - Couvent des Jacobins\" \/>\n<meta property=\"og:description\" content=\"Une question sur nos offres de visites ? Vous souhaitez r\u00e9server pour un groupe ? Contactez-nous facilement en ligne via notre formulaire.\" \/>\n<meta property=\"og:url\" content=\"https:\/\/jacobins.toulouse.fr\/fr\/reservation\/\" \/>\n<meta property=\"og:site_name\" content=\"Couvent des Jacobins\" \/>\n<meta property=\"article:modified_time\" content=\"2026-01-14T12:56:44+00:00\" \/>\n<meta name=\"twitter:card\" content=\"summary_large_image\" \/>\n<meta name=\"twitter:label1\" content=\"Dur\u00e9e de lecture estim\u00e9e\" \/>\n\t<meta name=\"twitter:data1\" content=\"1 minute\" \/>\n<script type=\"application\/ld+json\" class=\"yoast-schema-graph\">{\"@context\":\"https:\/\/schema.org\",\"@graph\":[{\"@type\":\"WebPage\",\"@id\":\"https:\/\/jacobins.toulouse.fr\/fr\/reservation\/\",\"url\":\"https:\/\/jacobins.toulouse.fr\/fr\/reservation\/\",\"name\":\"R\u00e9servation &amp; questions - Couvent des Jacobins\",\"isPartOf\":{\"@id\":\"https:\/\/jacobins.toulouse.fr\/fr\/#website\"},\"datePublished\":\"2024-10-01T09:44:06+00:00\",\"dateModified\":\"2026-01-14T12:56:44+00:00\",\"description\":\"Une question sur nos offres de visites ? Vous souhaitez r\u00e9server pour un groupe ? Contactez-nous facilement en ligne via notre formulaire.\",\"breadcrumb\":{\"@id\":\"https:\/\/jacobins.toulouse.fr\/fr\/reservation\/#breadcrumb\"},\"inLanguage\":\"fr-FR\",\"potentialAction\":[{\"@type\":\"ReadAction\",\"target\":[\"https:\/\/jacobins.toulouse.fr\/fr\/reservation\/\"]}]},{\"@type\":\"BreadcrumbList\",\"@id\":\"https:\/\/jacobins.toulouse.fr\/fr\/reservation\/#breadcrumb\",\"itemListElement\":[{\"@type\":\"ListItem\",\"position\":1,\"name\":\"Accueil\",\"item\":\"https:\/\/jacobins.toulouse.fr\/fr\/\"},{\"@type\":\"ListItem\",\"position\":2,\"name\":\"R\u00e9servation &amp; questions\"}]},{\"@type\":\"WebSite\",\"@id\":\"https:\/\/jacobins.toulouse.fr\/fr\/#website\",\"url\":\"https:\/\/jacobins.toulouse.fr\/fr\/\",\"name\":\"Couvent des Jacobins\",\"description\":\"\",\"publisher\":{\"@id\":\"https:\/\/jacobins.toulouse.fr\/fr\/#organization\"},\"potentialAction\":[{\"@type\":\"SearchAction\",\"target\":{\"@type\":\"EntryPoint\",\"urlTemplate\":\"https:\/\/jacobins.toulouse.fr\/fr\/search\/{search_term_string}\"},\"query-input\":{\"@type\":\"PropertyValueSpecification\",\"valueRequired\":true,\"valueName\":\"search_term_string\"}}],\"inLanguage\":\"fr-FR\"},{\"@type\":\"Organization\",\"@id\":\"https:\/\/jacobins.toulouse.fr\/fr\/#organization\",\"name\":\"Couvent des Jacobins\",\"url\":\"https:\/\/jacobins.toulouse.fr\/fr\/\",\"logo\":{\"@type\":\"ImageObject\",\"inLanguage\":\"fr-FR\",\"@id\":\"https:\/\/jacobins.toulouse.fr\/fr\/#\/schema\/logo\/image\/\",\"url\":\"https:\/\/jacobins.toulouse.fr\/wp-content\/uploads\/sites\/12\/2023\/08\/cropped-cropped-Logo-Jacobins.png\",\"contentUrl\":\"https:\/\/jacobins.toulouse.fr\/wp-content\/uploads\/sites\/12\/2023\/08\/cropped-cropped-Logo-Jacobins.png\",\"width\":254,\"height\":150,\"caption\":\"Couvent des Jacobins\"},\"image\":{\"@id\":\"https:\/\/jacobins.toulouse.fr\/fr\/#\/schema\/logo\/image\/\"}}]}<\/script>\n<!-- \/ Yoast SEO plugin. -->","yoast_head_json":{"title":"R\u00e9servation &amp; questions - Couvent des Jacobins","description":"Une question sur nos offres de visites ? Vous souhaitez r\u00e9server pour un groupe ? Contactez-nous facilement en ligne via notre formulaire.","robots":{"index":"index","follow":"follow","max-snippet":"max-snippet:-1","max-image-preview":"max-image-preview:large","max-video-preview":"max-video-preview:-1"},"canonical":"https:\/\/jacobins.toulouse.fr\/fr\/reservation\/","og_locale":"fr_FR","og_type":"article","og_title":"R\u00e9servation &amp; questions - Couvent des Jacobins","og_description":"Une question sur nos offres de visites ? Vous souhaitez r\u00e9server pour un groupe ? Contactez-nous facilement en ligne via notre formulaire.","og_url":"https:\/\/jacobins.toulouse.fr\/fr\/reservation\/","og_site_name":"Couvent des Jacobins","article_modified_time":"2026-01-14T12:56:44+00:00","twitter_card":"summary_large_image","twitter_misc":{"Dur\u00e9e de lecture estim\u00e9e":"1 minute"},"schema":{"@context":"https:\/\/schema.org","@graph":[{"@type":"WebPage","@id":"https:\/\/jacobins.toulouse.fr\/fr\/reservation\/","url":"https:\/\/jacobins.toulouse.fr\/fr\/reservation\/","name":"R\u00e9servation &amp; questions - Couvent des Jacobins","isPartOf":{"@id":"https:\/\/jacobins.toulouse.fr\/fr\/#website"},"datePublished":"2024-10-01T09:44:06+00:00","dateModified":"2026-01-14T12:56:44+00:00","description":"Une question sur nos offres de visites ? Vous souhaitez r\u00e9server pour un groupe ? Contactez-nous facilement en ligne via notre formulaire.","breadcrumb":{"@id":"https:\/\/jacobins.toulouse.fr\/fr\/reservation\/#breadcrumb"},"inLanguage":"fr-FR","potentialAction":[{"@type":"ReadAction","target":["https:\/\/jacobins.toulouse.fr\/fr\/reservation\/"]}]},{"@type":"BreadcrumbList","@id":"https:\/\/jacobins.toulouse.fr\/fr\/reservation\/#breadcrumb","itemListElement":[{"@type":"ListItem","position":1,"name":"Accueil","item":"https:\/\/jacobins.toulouse.fr\/fr\/"},{"@type":"ListItem","position":2,"name":"R\u00e9servation &amp; questions"}]},{"@type":"WebSite","@id":"https:\/\/jacobins.toulouse.fr\/fr\/#website","url":"https:\/\/jacobins.toulouse.fr\/fr\/","name":"Couvent des Jacobins","description":"","publisher":{"@id":"https:\/\/jacobins.toulouse.fr\/fr\/#organization"},"potentialAction":[{"@type":"SearchAction","target":{"@type":"EntryPoint","urlTemplate":"https:\/\/jacobins.toulouse.fr\/fr\/search\/{search_term_string}"},"query-input":{"@type":"PropertyValueSpecification","valueRequired":true,"valueName":"search_term_string"}}],"inLanguage":"fr-FR"},{"@type":"Organization","@id":"https:\/\/jacobins.toulouse.fr\/fr\/#organization","name":"Couvent des Jacobins","url":"https:\/\/jacobins.toulouse.fr\/fr\/","logo":{"@type":"ImageObject","inLanguage":"fr-FR","@id":"https:\/\/jacobins.toulouse.fr\/fr\/#\/schema\/logo\/image\/","url":"https:\/\/jacobins.toulouse.fr\/wp-content\/uploads\/sites\/12\/2023\/08\/cropped-cropped-Logo-Jacobins.png","contentUrl":"https:\/\/jacobins.toulouse.fr\/wp-content\/uploads\/sites\/12\/2023\/08\/cropped-cropped-Logo-Jacobins.png","width":254,"height":150,"caption":"Couvent des Jacobins"},"image":{"@id":"https:\/\/jacobins.toulouse.fr\/fr\/#\/schema\/logo\/image\/"}}]}},"_links":{"self":[{"href":"https:\/\/jacobins.toulouse.fr\/fr\/wp-json\/wp\/v2\/pages\/9295","targetHints":{"allow":["GET"]}}],"collection":[{"href":"https:\/\/jacobins.toulouse.fr\/fr\/wp-json\/wp\/v2\/pages"}],"about":[{"href":"https:\/\/jacobins.toulouse.fr\/fr\/wp-json\/wp\/v2\/types\/page"}],"author":[{"embeddable":true,"href":"https:\/\/jacobins.toulouse.fr\/fr\/wp-json\/wp\/v2\/users\/93"}],"replies":[{"embeddable":true,"href":"https:\/\/jacobins.toulouse.fr\/fr\/wp-json\/wp\/v2\/comments?post=9295"}],"version-history":[{"count":14,"href":"https:\/\/jacobins.toulouse.fr\/fr\/wp-json\/wp\/v2\/pages\/9295\/revisions"}],"predecessor-version":[{"id":10858,"href":"https:\/\/jacobins.toulouse.fr\/fr\/wp-json\/wp\/v2\/pages\/9295\/revisions\/10858"}],"wp:attachment":[{"href":"https:\/\/jacobins.toulouse.fr\/fr\/wp-json\/wp\/v2\/media?parent=9295"}],"curies":[{"name":"wp","href":"https:\/\/api.w.org\/{rel}","templated":true}]}}